{"id":3141,"date":"2021-04-07T11:11:08","date_gmt":"2021-04-07T11:11:08","guid":{"rendered":"http:\/\/siesmoraleja.iesafrica.org\/?page_id=3141"},"modified":"2026-03-04T13:30:22","modified_gmt":"2026-03-04T12:30:22","slug":"puertas-abiertas-2","status":"publish","type":"page","link":"https:\/\/site.educa.madrid.org\/ies.becquer.moraleja\/index.php\/puertas-abiertas-2\/","title":{"rendered":"Puertas abiertas 2026"},"content":{"rendered":"\n<div class=\"wp-block-columns is-layout-flex wp-container-core-columns-is-layout-9d6595d7 wp-block-columns-is-layout-flex\">\n<div class=\"wp-block-column is-layout-flow wp-block-column-is-layout-flow\">\n<figure class=\"wp-block-image size-full\"><img loading=\"lazy\" decoding=\"async\" width=\"529\" height=\"812\" src=\"https:\/\/site.educa.madrid.org\/ies.becquer.moraleja\/\/wp-content\/uploads\/ies.becquer.moraleja\/2026\/02\/puertas-sec.png\" alt=\"\" class=\"wp-image-6160\" srcset=\"https:\/\/site.educa.madrid.org\/ies.becquer.moraleja\/\/wp-content\/uploads\/ies.becquer.moraleja\/2026\/02\/puertas-sec.png 529w, https:\/\/site.educa.madrid.org\/ies.becquer.moraleja\/\/wp-content\/uploads\/ies.becquer.moraleja\/2026\/02\/puertas-sec-195x300.png 195w, https:\/\/site.educa.madrid.org\/ies.becquer.moraleja\/\/wp-content\/uploads\/ies.becquer.moraleja\/2026\/02\/puertas-sec-230x353.png 230w, https:\/\/site.educa.madrid.org\/ies.becquer.moraleja\/\/wp-content\/uploads\/ies.becquer.moraleja\/2026\/02\/puertas-sec-350x537.png 350w, https:\/\/site.educa.madrid.org\/ies.becquer.moraleja\/\/wp-content\/uploads\/ies.becquer.moraleja\/2026\/02\/puertas-sec-480x737.png 480w\" sizes=\"auto, (max-width: 529px) 100vw, 529px\" \/><\/figure>\n<\/div>\n\n\n\n<div class=\"wp-block-column is-layout-flow wp-block-column-is-layout-flow\">\n<figure class=\"wp-block-image size-full\"><img loading=\"lazy\" decoding=\"async\" width=\"525\" height=\"807\" src=\"https:\/\/site.educa.madrid.org\/ies.becquer.moraleja\/\/wp-content\/uploads\/ies.becquer.moraleja\/2026\/02\/image-1.png\" alt=\"\" class=\"wp-image-6159\" srcset=\"https:\/\/site.educa.madrid.org\/ies.becquer.moraleja\/\/wp-content\/uploads\/ies.becquer.moraleja\/2026\/02\/image-1.png 525w, https:\/\/site.educa.madrid.org\/ies.becquer.moraleja\/\/wp-content\/uploads\/ies.becquer.moraleja\/2026\/02\/image-1-195x300.png 195w, https:\/\/site.educa.madrid.org\/ies.becquer.moraleja\/\/wp-content\/uploads\/ies.becquer.moraleja\/2026\/02\/image-1-230x354.png 230w, https:\/\/site.educa.madrid.org\/ies.becquer.moraleja\/\/wp-content\/uploads\/ies.becquer.moraleja\/2026\/02\/image-1-350x538.png 350w, https:\/\/site.educa.madrid.org\/ies.becquer.moraleja\/\/wp-content\/uploads\/ies.becquer.moraleja\/2026\/02\/image-1-480x738.png 480w\" sizes=\"auto, (max-width: 525px) 100vw, 525px\" \/><\/figure>\n<\/div>\n<\/div>\n\n\n\n<p>Desde el <strong>11 de marzo comenzar\u00e1 el plazo de admisi\u00f3n, y finalizar\u00e1 el 25 de marzo<\/strong>, ambos inclusive.<\/p>\n\n\n\n<p>Realizaremos unas jornadas de <strong>puertas abiertas presencial<\/strong> en el centro que tendr\u00e1 lugar el pr\u00f3ximo <strong>martes 3 de marzo a las 17 h<\/strong> para alumnos de secundaria, y <strong>mi\u00e9rcoles 4 de marzo a las 17 h<\/strong>. para alumnos de bachillerato.<\/p>\n\n\n\n<p>Para comenzar, nos reuniremos en la Biblioteca donde ofreceremos informaci\u00f3n del centro y con posterioridad visitaremos las diferentes instalaciones del IES<\/p>\n\n\n\n<p>Adem\u00e1s, les invitamos a que visiten nuestra <strong>WEB<\/strong> (<a href=\"https:\/\/site.educa.madrid.org\/ies.becquer.moraleja\/\">https:\/\/site.educa.madrid.org\/ies.becquer.moraleja\/<\/a> ) donde podr\u00e1n encontrar mucha informaci\u00f3n del centro, ense\u00f1anzas, proyectos, una zona de visita virtual, etc.<\/p>\n\n\n\n<div class=\"wp-block-buttons is-layout-flex wp-block-buttons-is-layout-flex\">\n<div class=\"wp-block-button\"><a class=\"wp-block-button__link wp-element-button\" href=\"https:\/\/site.educa.madrid.org\/ies.becquer.moraleja\/wp-admin\/post.php?post=743&amp;action=edit\">VIDEOS PUERTAS ABIERTAS <\/a><\/div>\n\n\n\n<div class=\"wp-block-button\"><a class=\"wp-block-button__link wp-element-button\">enlace admisi\u00f3n cam<\/a><\/div>\n<\/div>\n\n\n\n<div class=\"wp-block-buttons is-layout-flex wp-block-buttons-is-layout-flex\">\n<div class=\"wp-block-button\"><a class=\"wp-block-button__link has-yellow-color has-bright-blue-background-color has-text-color has-background wp-element-button\" href=\"https:\/\/site.educa.madrid.org\/ies.becquer.moraleja\/\/wp-content\/uploads\/ies.becquer.moraleja\/2026\/02\/Carta-puertas-abiertas.26docx.pdf\">Carta enviada a las familias eso<\/a><\/div>\n\n\n\n<div class=\"wp-block-button\"><a class=\"wp-block-button__link has-yellow-color has-bright-blue-background-color has-text-color has-background wp-element-button\" href=\"https:\/\/site.educa.madrid.org\/ies.becquer.moraleja\/\/wp-content\/uploads\/ies.becquer.moraleja\/2026\/02\/Carta-puertas-abiertas.26.bachillerato.pdf\">Carta enviada a las familias bachillerato<\/a><\/div>\n<\/div>\n\n\n\n<div class=\"wp-block-columns is-layout-flex wp-container-core-columns-is-layout-9d6595d7 wp-block-columns-is-layout-flex\">\n<div class=\"wp-block-column is-layout-flow wp-block-column-is-layout-flow\"><\/div>\n<\/div>\n\n\n\n<div data-wp-interactive=\"core\/file\" class=\"wp-block-file\"><object data-wp-bind--hidden=\"!state.hasPdfPreview\" hidden class=\"wp-block-file__embed\" data=\"https:\/\/site.educa.madrid.org\/ies.becquer.moraleja\/\/wp-content\/uploads\/ies.becquer.moraleja\/2026\/03\/Jornada-Puertas-Abiertas-IES_Gustavo_Adolfo_Becquer.pdf\" type=\"application\/pdf\" style=\"width:100%;height:600px\" aria-label=\"Incrustado de Jornada Puertas Abiertas IES_Gustavo_Adolfo_B\u00e9cquer.\"><\/object><a id=\"wp-block-file--media-1d4b0f84-2355-499a-a32e-50d5dbcf358d\" href=\"https:\/\/site.educa.madrid.org\/ies.becquer.moraleja\/\/wp-content\/uploads\/ies.becquer.moraleja\/2026\/03\/Jornada-Puertas-Abiertas-IES_Gustavo_Adolfo_Becquer.pdf\">Jornada Puertas Abiertas IES_Gustavo_Adolfo_B\u00e9cquer<\/a><a href=\"https:\/\/site.educa.madrid.org\/ies.becquer.moraleja\/\/wp-content\/uploads\/ies.becquer.moraleja\/2026\/03\/Jornada-Puertas-Abiertas-IES_Gustavo_Adolfo_Becquer.pdf\" class=\"wp-block-file__button wp-element-button\" download aria-describedby=\"wp-block-file--media-1d4b0f84-2355-499a-a32e-50d5dbcf358d\">Descarga<\/a><\/div>\n\n\n\n<p><\/p>\n","protected":false},"excerpt":{"rendered":"<p>Desde el 11 de marzo comenzar\u00e1 el plazo de admisi\u00f3n, y finalizar\u00e1 el 25 de marzo, ambos inclusive. Realizaremos unas jornadas de [&hellip;]<\/p>\n","protected":false},"author":3,"featured_media":0,"parent":0,"menu_order":0,"comment_status":"closed","ping_status":"closed","template":"","meta":{"footnotes":""},"folder":[],"class_list":["post-3141","page","type-page","status-publish","hentry"],"rttpg_featured_image_url":null,"rttpg_author":{"display_name":"ies.becquer.moraleja","author_link":"https:\/\/site.educa.madrid.org\/ies.becquer.moraleja\/index.php\/author\/cuenta_ies-becquer-moraleja\/"},"rttpg_comment":0,"rttpg_category":false,"rttpg_excerpt":"Desde el 11 de marzo comenzar\u00e1 el plazo de admisi\u00f3n, y finalizar\u00e1 el 25 de marzo, ambos inclusive. Realizaremos unas jornadas de [&hellip;]","post_mailing_queue_ids":[],"_links":{"self":[{"href":"https:\/\/site.educa.madrid.org\/ies.becquer.moraleja\/index.php\/wp-json\/wp\/v2\/pages\/3141","targetHints":{"allow":["GET"]}}],"collection":[{"href":"https:\/\/site.educa.madrid.org\/ies.becquer.moraleja\/index.php\/wp-json\/wp\/v2\/pages"}],"about":[{"href":"https:\/\/site.educa.madrid.org\/ies.becquer.moraleja\/index.php\/wp-json\/wp\/v2\/types\/page"}],"author":[{"embeddable":true,"href":"https:\/\/site.educa.madrid.org\/ies.becquer.moraleja\/index.php\/wp-json\/wp\/v2\/users\/3"}],"replies":[{"embeddable":true,"href":"https:\/\/site.educa.madrid.org\/ies.becquer.moraleja\/index.php\/wp-json\/wp\/v2\/comments?post=3141"}],"version-history":[{"count":11,"href":"https:\/\/site.educa.madrid.org\/ies.becquer.moraleja\/index.php\/wp-json\/wp\/v2\/pages\/3141\/revisions"}],"predecessor-version":[{"id":6225,"href":"https:\/\/site.educa.madrid.org\/ies.becquer.moraleja\/index.php\/wp-json\/wp\/v2\/pages\/3141\/revisions\/6225"}],"wp:attachment":[{"href":"https:\/\/site.educa.madrid.org\/ies.becquer.moraleja\/index.php\/wp-json\/wp\/v2\/media?parent=3141"}],"wp:term":[{"taxonomy":"folder","embeddable":true,"href":"https:\/\/site.educa.madrid.org\/ies.becquer.moraleja\/index.php\/wp-json\/wp\/v2\/folder?post=3141"}],"curies":[{"name":"wp","href":"https:\/\/api.w.org\/{rel}","templated":true}]}}