{"id":3794,"date":"2022-03-29T10:18:55","date_gmt":"2022-03-29T10:18:55","guid":{"rendered":"http:\/\/siesmoraleja.iesafrica.org\/?page_id=3794"},"modified":"2026-04-10T14:31:44","modified_gmt":"2026-04-10T12:31:44","slug":"becas-y-ayudas","status":"publish","type":"page","link":"https:\/\/site.educa.madrid.org\/ies.becquer.moraleja\/index.php\/becas-y-ayudas\/","title":{"rendered":"Becas y Ayudas"},"content":{"rendered":"<h2>\u00a0<\/h2>\n\n<h2><em><strong>BECAS CURSO 2026\/27<\/strong><\/em><\/h2>\n<p>Se ha publicado la convocatoria general de becas del Ministerio de Educaci\u00f3n, Formaci\u00f3n Profesional y Deportes para el pr\u00f3ximo curso acad\u00e9mico 2026\/2027 para alumnos que cursar\u00e1n estudios post-obligatorios (Bachillerato, Grado Medio..).<\/p>\n<p><strong>El plazo para solicitar la beca es del 07 de abril de 2026<\/strong><strong> a las 08:00 al 18 de mayo de 2026 a las 15:00 (horas peninsulares).<\/strong><\/p>\n<p>Para mayor informaci\u00f3n pod\u00e9is consultar la siguiente direcci\u00f3n:<\/p>\n<p><a href=\"https:\/\/www.becaseducacion.gob.es\/becas-y-ayudas\/fp-bachillerato-otros\/tipos-de-becas.html\">https:\/\/www.becaseducacion.gob.es\/becas-y-ayudas\/fp-bachillerato-otros\/tipos-de-becas.html<\/a><\/p>\n<p>Se adjunta el texto \u00edntegro de la convocatoria para conocer con detalle los requisitos econ\u00f3micos y acad\u00e9micos.<\/p>\n<p>Un saludo.<\/p>\n<\/p>\n\n\n<div data-wp-interactive=\"core\/file\" class=\"wp-block-file\"><object data-wp-bind--hidden=\"!state.hasPdfPreview\" hidden class=\"wp-block-file__embed\" data=\"https:\/\/site.educa.madrid.org\/ies.becquer.moraleja\/\/wp-content\/uploads\/ies.becquer.moraleja\/2026\/04\/Convocatoria-General-2026_2027-FIRMADA.pdf\" type=\"application\/pdf\" style=\"width:100%;height:600px\" aria-label=\"Incrustado de Convocatoria General 2026_2027 FIRMADA.\"><\/object><a id=\"wp-block-file--media-e7ea3481-e7b1-47b5-a315-969f5889b2c2\" href=\"https:\/\/site.educa.madrid.org\/ies.becquer.moraleja\/\/wp-content\/uploads\/ies.becquer.moraleja\/2026\/04\/Convocatoria-General-2026_2027-FIRMADA.pdf\">Convocatoria General 2026_2027 FIRMADA<\/a><a href=\"https:\/\/site.educa.madrid.org\/ies.becquer.moraleja\/\/wp-content\/uploads\/ies.becquer.moraleja\/2026\/04\/Convocatoria-General-2026_2027-FIRMADA.pdf\" class=\"wp-block-file__button wp-element-button\" download aria-describedby=\"wp-block-file--media-e7ea3481-e7b1-47b5-a315-969f5889b2c2\">Descarga<\/a><\/div>\n\n\n\n<p><\/p>\n\n\n\n<h2 class=\"wp-block-heading\">Ayudas de alumnos con NEAE<\/h2>\n\n\n\n<p>Son becas del Ministerio de Educaci\u00f3n, Formaci\u00f3n y Deportes. Sus destinarios son alumnos que presentan necesidad espec\u00edfica de apoyo educativo y necesitan por un periodo de su escolarizaci\u00f3n o a lo largo de todo el d\u00eda, determinados apoyos y atenciones educativos derivados de sus necesidades. Tambi\u00e9n podr\u00e1n ser beneficiarios de estas ayudas los alumnos de TEA y TDAH.<\/p>\n\n\n\n<p>La informaci\u00f3n sobre la convocatoria se pondr\u00e1 a disposici\u00f3n de las familias y\/o tutores legales a trav\u00e9s del \u00abTabl\u00f3n de anuncios\u00bb de nuestra web y mediante el aviso en la plataforma Ra\u00edces.<\/p>\n\n\n\n<p><\/p>\n","protected":false},"excerpt":{"rendered":"<p>\u00a0 BECAS CURSO 2026\/27 Se ha publicado la convocatoria general de becas del Ministerio de Educaci\u00f3n, Formaci\u00f3n Profesional y Deportes para el [&hellip;]<\/p>\n","protected":false},"author":3,"featured_media":0,"parent":0,"menu_order":0,"comment_status":"closed","ping_status":"closed","template":"","meta":{"footnotes":""},"folder":[],"class_list":["post-3794","page","type-page","status-publish","hentry"],"rttpg_featured_image_url":null,"rttpg_author":{"display_name":"ies.becquer.moraleja","author_link":"https:\/\/site.educa.madrid.org\/ies.becquer.moraleja\/index.php\/author\/cuenta_ies-becquer-moraleja\/"},"rttpg_comment":0,"rttpg_category":false,"rttpg_excerpt":"\u00a0 BECAS CURSO 2026\/27 Se ha publicado la convocatoria general de becas del Ministerio de Educaci\u00f3n, Formaci\u00f3n Profesional y Deportes para el [&hellip;]","post_mailing_queue_ids":[],"_links":{"self":[{"href":"https:\/\/site.educa.madrid.org\/ies.becquer.moraleja\/index.php\/wp-json\/wp\/v2\/pages\/3794","targetHints":{"allow":["GET"]}}],"collection":[{"href":"https:\/\/site.educa.madrid.org\/ies.becquer.moraleja\/index.php\/wp-json\/wp\/v2\/pages"}],"about":[{"href":"https:\/\/site.educa.madrid.org\/ies.becquer.moraleja\/index.php\/wp-json\/wp\/v2\/types\/page"}],"author":[{"embeddable":true,"href":"https:\/\/site.educa.madrid.org\/ies.becquer.moraleja\/index.php\/wp-json\/wp\/v2\/users\/3"}],"replies":[{"embeddable":true,"href":"https:\/\/site.educa.madrid.org\/ies.becquer.moraleja\/index.php\/wp-json\/wp\/v2\/comments?post=3794"}],"version-history":[{"count":5,"href":"https:\/\/site.educa.madrid.org\/ies.becquer.moraleja\/index.php\/wp-json\/wp\/v2\/pages\/3794\/revisions"}],"predecessor-version":[{"id":6307,"href":"https:\/\/site.educa.madrid.org\/ies.becquer.moraleja\/index.php\/wp-json\/wp\/v2\/pages\/3794\/revisions\/6307"}],"wp:attachment":[{"href":"https:\/\/site.educa.madrid.org\/ies.becquer.moraleja\/index.php\/wp-json\/wp\/v2\/media?parent=3794"}],"wp:term":[{"taxonomy":"folder","embeddable":true,"href":"https:\/\/site.educa.madrid.org\/ies.becquer.moraleja\/index.php\/wp-json\/wp\/v2\/folder?post=3794"}],"curies":[{"name":"wp","href":"https:\/\/api.w.org\/{rel}","templated":true}]}}