{"id":4867,"date":"2024-04-23T11:45:17","date_gmt":"2024-04-23T11:45:17","guid":{"rendered":"http:\/\/siesmoraleja.iesafrica.org\/?page_id=4867"},"modified":"2026-04-14T10:59:13","modified_gmt":"2026-04-14T08:59:13","slug":"solicitudes-recibidas-2","status":"publish","type":"page","link":"https:\/\/site.educa.madrid.org\/ies.becquer.moraleja\/index.php\/solicitudes-recibidas-2\/","title":{"rendered":"SOLICITUDES PRESENTADAS CURSO 26-27"},"content":{"rendered":"\n<p>La relaci\u00f3n de solicitudes presentadas se podr\u00e1n consultar por parte de los interesados en la Secretar\u00eda del Centro.<\/p>\n\n\n\n<p>Moraleja de Enmedio, 14 de abril de 2026<\/p>\n\n\n\n<p>Secretar\u00eda<\/p>\n","protected":false},"excerpt":{"rendered":"<p>La relaci\u00f3n de solicitudes presentadas se podr\u00e1n consultar por parte de los interesados en la Secretar\u00eda del Centro. Moraleja de Enmedio, 14 [&hellip;]<\/p>\n","protected":false},"author":3,"featured_media":0,"parent":0,"menu_order":0,"comment_status":"closed","ping_status":"closed","template":"","meta":{"footnotes":""},"folder":[],"class_list":["post-4867","page","type-page","status-publish","hentry"],"rttpg_featured_image_url":null,"rttpg_author":{"display_name":"ies.becquer.moraleja","author_link":"https:\/\/site.educa.madrid.org\/ies.becquer.moraleja\/index.php\/author\/cuenta_ies-becquer-moraleja\/"},"rttpg_comment":0,"rttpg_category":false,"rttpg_excerpt":"La relaci\u00f3n de solicitudes presentadas se podr\u00e1n consultar por parte de los interesados en la Secretar\u00eda del Centro. Moraleja de Enmedio, 14 [&hellip;]","post_mailing_queue_ids":[],"_links":{"self":[{"href":"https:\/\/site.educa.madrid.org\/ies.becquer.moraleja\/index.php\/wp-json\/wp\/v2\/pages\/4867","targetHints":{"allow":["GET"]}}],"collection":[{"href":"https:\/\/site.educa.madrid.org\/ies.becquer.moraleja\/index.php\/wp-json\/wp\/v2\/pages"}],"about":[{"href":"https:\/\/site.educa.madrid.org\/ies.becquer.moraleja\/index.php\/wp-json\/wp\/v2\/types\/page"}],"author":[{"embeddable":true,"href":"https:\/\/site.educa.madrid.org\/ies.becquer.moraleja\/index.php\/wp-json\/wp\/v2\/users\/3"}],"replies":[{"embeddable":true,"href":"https:\/\/site.educa.madrid.org\/ies.becquer.moraleja\/index.php\/wp-json\/wp\/v2\/comments?post=4867"}],"version-history":[{"count":1,"href":"https:\/\/site.educa.madrid.org\/ies.becquer.moraleja\/index.php\/wp-json\/wp\/v2\/pages\/4867\/revisions"}],"predecessor-version":[{"id":6309,"href":"https:\/\/site.educa.madrid.org\/ies.becquer.moraleja\/index.php\/wp-json\/wp\/v2\/pages\/4867\/revisions\/6309"}],"wp:attachment":[{"href":"https:\/\/site.educa.madrid.org\/ies.becquer.moraleja\/index.php\/wp-json\/wp\/v2\/media?parent=4867"}],"wp:term":[{"taxonomy":"folder","embeddable":true,"href":"https:\/\/site.educa.madrid.org\/ies.becquer.moraleja\/index.php\/wp-json\/wp\/v2\/folder?post=4867"}],"curies":[{"name":"wp","href":"https:\/\/api.w.org\/{rel}","templated":true}]}}