{"id":5016,"date":"2024-07-22T11:47:01","date_gmt":"2024-07-22T11:47:01","guid":{"rendered":"http:\/\/siesmoraleja.iesafrica.org\/?page_id=5016"},"modified":"2026-01-12T21:38:07","modified_gmt":"2026-01-12T20:38:07","slug":"informacion-para-profesores-curso-2024-25","status":"publish","type":"page","link":"https:\/\/site.educa.madrid.org\/ies.becquer.moraleja\/index.php\/informacion-para-profesores-curso-2024-25\/","title":{"rendered":"Profesores Curso 2025-26"},"content":{"rendered":"<p><strong>PLANIFICACI\u00d3N INICIO DE CURSO 2025-26<\/strong><\/p>\n<ul>\n<li><strong>Lunes 1 de septiembre<\/strong>\n<ul>\n<li>8:30 Presentaci\u00f3n nuevos profesores. Coordinaci\u00f3n con sus Departamentos.<\/li>\n<li>Acreditaci\u00f3n nuevos profesores en plataforma Educamadrid.<\/li>\n<li>10:00. Claustro presencial inicio de curso.<\/li>\n<li>Reuniones Departamentos Did\u00e1cticos para reparto de grupos y elaboraci\u00f3n de programaciones.<\/li>\n<\/ul>\n<\/li>\n<\/ul>\n\n\n<p><\/p>\n\n\n\n<p><strong>Lunes 8 y 9 de septiembre, fiestas patronales en Moraleja de Enmedio<\/strong><\/p>\n\n\n\n<p><\/p>\n","protected":false},"excerpt":{"rendered":"<p>PLANIFICACI\u00d3N INICIO DE CURSO 2025-26 Lunes 1 de septiembre 8:30 Presentaci\u00f3n nuevos profesores. Coordinaci\u00f3n con sus Departamentos. Acreditaci\u00f3n nuevos profesores en plataforma [&hellip;]<\/p>\n","protected":false},"author":3,"featured_media":0,"parent":0,"menu_order":0,"comment_status":"closed","ping_status":"closed","template":"","meta":{"footnotes":""},"folder":[],"class_list":["post-5016","page","type-page","status-publish","hentry"],"rttpg_featured_image_url":null,"rttpg_author":{"display_name":"ies.becquer.moraleja","author_link":"https:\/\/site.educa.madrid.org\/ies.becquer.moraleja\/index.php\/author\/cuenta_ies-becquer-moraleja\/"},"rttpg_comment":0,"rttpg_category":false,"rttpg_excerpt":"PLANIFICACI\u00d3N INICIO DE CURSO 2025-26 Lunes 1 de septiembre 8:30 Presentaci\u00f3n nuevos profesores. Coordinaci\u00f3n con sus Departamentos. Acreditaci\u00f3n nuevos profesores en plataforma [&hellip;]","post_mailing_queue_ids":[],"_links":{"self":[{"href":"https:\/\/site.educa.madrid.org\/ies.becquer.moraleja\/index.php\/wp-json\/wp\/v2\/pages\/5016","targetHints":{"allow":["GET"]}}],"collection":[{"href":"https:\/\/site.educa.madrid.org\/ies.becquer.moraleja\/index.php\/wp-json\/wp\/v2\/pages"}],"about":[{"href":"https:\/\/site.educa.madrid.org\/ies.becquer.moraleja\/index.php\/wp-json\/wp\/v2\/types\/page"}],"author":[{"embeddable":true,"href":"https:\/\/site.educa.madrid.org\/ies.becquer.moraleja\/index.php\/wp-json\/wp\/v2\/users\/3"}],"replies":[{"embeddable":true,"href":"https:\/\/site.educa.madrid.org\/ies.becquer.moraleja\/index.php\/wp-json\/wp\/v2\/comments?post=5016"}],"version-history":[{"count":2,"href":"https:\/\/site.educa.madrid.org\/ies.becquer.moraleja\/index.php\/wp-json\/wp\/v2\/pages\/5016\/revisions"}],"predecessor-version":[{"id":5991,"href":"https:\/\/site.educa.madrid.org\/ies.becquer.moraleja\/index.php\/wp-json\/wp\/v2\/pages\/5016\/revisions\/5991"}],"wp:attachment":[{"href":"https:\/\/site.educa.madrid.org\/ies.becquer.moraleja\/index.php\/wp-json\/wp\/v2\/media?parent=5016"}],"wp:term":[{"taxonomy":"folder","embeddable":true,"href":"https:\/\/site.educa.madrid.org\/ies.becquer.moraleja\/index.php\/wp-json\/wp\/v2\/folder?post=5016"}],"curies":[{"name":"wp","href":"https:\/\/api.w.org\/{rel}","templated":true}]}}