{"id":507,"date":"2022-06-29T10:18:16","date_gmt":"2022-06-29T08:18:16","guid":{"rendered":"https:\/\/site.educa.madrid.org\/ies.becquer.moraleja\/?page_id=507"},"modified":"2025-12-02T13:46:41","modified_gmt":"2025-12-02T12:46:41","slug":"matematicas","status":"publish","type":"page","link":"https:\/\/site.educa.madrid.org\/ies.becquer.moraleja\/index.php\/quienes-somos\/equipo-docente\/matematicas\/","title":{"rendered":"Matem\u00e1ticas"},"content":{"rendered":"<p class=\"Textbody\" style=\"text-align: justify;\">Las<span class=\"StrongEmphasis\"> matem\u00e1ticas <\/span>son fundamentales para el desarrollo intelectual de los adolescentes: les ayudan a <b>ser l\u00f3gicos, a razonar ordenadamente y a tener una mente preparada para el pensamiento, la cr\u00edtica y la abstracci\u00f3n.<\/b><\/p>\n<p class=\"Textbody\" style=\"text-align: justify;\">En el \u00e1mbito educativo, las <span class=\"StrongEmphasis\">matem\u00e1ticas<\/span> <b>configuran actitudes y valores<\/b> en los alumnos pues garantizan una solidez en sus fundamentos, seguridad en los procedimientos y confianza en los resultados obtenidos. Todo esto crea en los ni\u00f1os una disposici\u00f3n consciente y favorable para emprender acciones que conducen a la soluci\u00f3n de los problemas a los que se enfrentan cada d\u00eda.<\/p>\n<p class=\"Textbody\" style=\"text-align: justify;\">A su vez, las <span class=\"StrongEmphasis\">matem\u00e1ticas<\/span> contribuyen al desarrollo de un estilo de enfrentarse a la realidad l\u00f3gico y coherente, la b\u00fasqueda de la exactitud en los resultados, una comprensi\u00f3n y expresi\u00f3n clara a trav\u00e9s de la utilizaci\u00f3n de s\u00edmbolos, capacidad de <span class=\"StrongEmphasis\">abstracci\u00f3n<\/span>, <span class=\"StrongEmphasis\">razonamiento <\/span>y generalizaci\u00f3n y la percepci\u00f3n de la creatividad como un valor.<\/p>\n<p class=\"Textbody\"><b><span style=\"font-size: 14.0pt; line-height: 115%;\">Profesores del Departamento\u00a0 2025-26<\/span><\/b><\/p>\n<table width=\"595\">\n<tbody>\n<tr>\n<td width=\"294\">Bufala Loeda, Laura<\/td>\n<td width=\"301\"><a href=\"mailto:lbufalalogoa@educa.madrid.org\">lbufalalogoa@educa.madrid.org<\/a><\/td>\n<\/tr>\n<tr>\n<td>Cubero Escudero, Almudena<\/td>\n<td><a href=\"mailto:almudena.cuberoescudero@educa.madrid.org\">almudena.cuberoescudero@educa.madrid.org<\/a><\/td>\n<\/tr>\n<tr>\n<td>Fraile Palos, Daniel<\/td>\n<td><a href=\"mailto:daniel.frailepalos@educa.madrid.org\">daniel.frailepalos@educa.madrid.org<\/a><\/td>\n<\/tr>\n<tr>\n<td>Martin Gonz\u00e1lez, M.Marta<\/td>\n<td><a href=\"mailto:marta.martingonzalez@educa.madrid.org\">marta.martingonzalez@educa.madrid.org<\/a><\/td>\n<\/tr>\n<tr>\n<td>Plaza Castillo, Francisco Javier<\/td>\n<td><a href=\"mailto:fplazacastillo@educa.madrid.org\">fplazacastillo@educa.madrid.org<\/a><\/td>\n<\/tr>\n<\/tbody>\n<\/table>\n<p class=\"Textbody\"><b><span style=\"font-size: 14.0pt; line-height: 115%;\">Criterios de calificaci\u00f3n 2025-26<\/span><\/b><\/p>\n<p class=\"Textbody\">[Publicar los criterios de calificaci\u00f3n]<\/p>\n\n\n<div data-wp-interactive=\"core\/file\" class=\"wp-block-file\"><object data-wp-bind--hidden=\"!state.hasPdfPreview\" hidden class=\"wp-block-file__embed\" data=\"https:\/\/site.educa.madrid.org\/ies.becquer.moraleja\/\/wp-content\/uploads\/ies.becquer.moraleja\/2025\/12\/CCMatematicas_25_26.pdf\" type=\"application\/pdf\" style=\"width:100%;height:600px\" aria-label=\"Incrustado de CCMatem\u00e1ticas_25_26.\"><\/object><a id=\"wp-block-file--media-b933cba3-b90d-41b0-b6e3-0d871823a7e8\" href=\"https:\/\/site.educa.madrid.org\/ies.becquer.moraleja\/\/wp-content\/uploads\/ies.becquer.moraleja\/2025\/12\/CCMatematicas_25_26.pdf\">CCMatem\u00e1ticas_25_26<\/a><a href=\"https:\/\/site.educa.madrid.org\/ies.becquer.moraleja\/\/wp-content\/uploads\/ies.becquer.moraleja\/2025\/12\/CCMatematicas_25_26.pdf\" class=\"wp-block-file__button wp-element-button\" download aria-describedby=\"wp-block-file--media-b933cba3-b90d-41b0-b6e3-0d871823a7e8\">Descarga<\/a><\/div>\n","protected":false},"excerpt":{"rendered":"<p>Las matem\u00e1ticas son fundamentales para el desarrollo intelectual de los adolescentes: les ayudan a ser l\u00f3gicos, a razonar ordenadamente y a tener [&hellip;]<\/p>\n","protected":false},"author":5,"featured_media":0,"parent":121,"menu_order":1,"comment_status":"closed","ping_status":"closed","template":"","meta":{"footnotes":""},"folder":[],"class_list":["post-507","page","type-page","status-publish","hentry"],"rttpg_featured_image_url":null,"rttpg_author":{"display_name":"Cuenta Admin-educamadrid","author_link":"https:\/\/site.educa.madrid.org\/ies.becquer.moraleja\/index.php\/author\/cuenta_admin-educamadrid\/"},"rttpg_comment":0,"rttpg_category":false,"rttpg_excerpt":"Las matem\u00e1ticas son fundamentales para el desarrollo intelectual de los adolescentes: les ayudan a ser l\u00f3gicos, a razonar ordenadamente y a tener [&hellip;]","post_mailing_queue_ids":[],"_links":{"self":[{"href":"https:\/\/site.educa.madrid.org\/ies.becquer.moraleja\/index.php\/wp-json\/wp\/v2\/pages\/507","targetHints":{"allow":["GET"]}}],"collection":[{"href":"https:\/\/site.educa.madrid.org\/ies.becquer.moraleja\/index.php\/wp-json\/wp\/v2\/pages"}],"about":[{"href":"https:\/\/site.educa.madrid.org\/ies.becquer.moraleja\/index.php\/wp-json\/wp\/v2\/types\/page"}],"author":[{"embeddable":true,"href":"https:\/\/site.educa.madrid.org\/ies.becquer.moraleja\/index.php\/wp-json\/wp\/v2\/users\/5"}],"replies":[{"embeddable":true,"href":"https:\/\/site.educa.madrid.org\/ies.becquer.moraleja\/index.php\/wp-json\/wp\/v2\/comments?post=507"}],"version-history":[{"count":4,"href":"https:\/\/site.educa.madrid.org\/ies.becquer.moraleja\/index.php\/wp-json\/wp\/v2\/pages\/507\/revisions"}],"predecessor-version":[{"id":5715,"href":"https:\/\/site.educa.madrid.org\/ies.becquer.moraleja\/index.php\/wp-json\/wp\/v2\/pages\/507\/revisions\/5715"}],"up":[{"embeddable":true,"href":"https:\/\/site.educa.madrid.org\/ies.becquer.moraleja\/index.php\/wp-json\/wp\/v2\/pages\/121"}],"wp:attachment":[{"href":"https:\/\/site.educa.madrid.org\/ies.becquer.moraleja\/index.php\/wp-json\/wp\/v2\/media?parent=507"}],"wp:term":[{"taxonomy":"folder","embeddable":true,"href":"https:\/\/site.educa.madrid.org\/ies.becquer.moraleja\/index.php\/wp-json\/wp\/v2\/folder?post=507"}],"curies":[{"name":"wp","href":"https:\/\/api.w.org\/{rel}","templated":true}]}}