{"id":509,"date":"2022-06-29T10:19:10","date_gmt":"2022-06-29T08:19:10","guid":{"rendered":"https:\/\/site.educa.madrid.org\/ies.becquer.moraleja\/?page_id=509"},"modified":"2026-01-13T22:47:25","modified_gmt":"2026-01-13T21:47:25","slug":"biologia-y-geologia","status":"publish","type":"page","link":"https:\/\/site.educa.madrid.org\/ies.becquer.moraleja\/index.php\/quienes-somos\/equipo-docente\/biologia-y-geologia\/","title":{"rendered":"Biolog\u00eda y Geolog\u00eda"},"content":{"rendered":"<p>Nuestro Departamento pretende <strong>poner al alcance de los alumnos la cultura cient\u00edfica<\/strong> necesaria para que puedan desenvolverse en una sociedad en la que cada vez tienen m\u00e1s peso los aspectos relacionados con la ciencia y la tecnolog\u00eda.<\/p>\n<p>Pretendemos conseguir <strong>tres grandes finalidades:<\/strong><\/p>\n<ul>\n<li>Que los alumnos conozcan <strong>aspectos generales de los temas cient\u00edficos actuales,<\/strong> analizando noticias o textos cient\u00edficos, buscando informaci\u00f3n mediante las tecnolog\u00edas de la informaci\u00f3n y comunicando los resultados obtenidos al resto de la comunidad educativa.<\/li>\n<li>Que se <strong>familiaricen con la naturaleza y con los procesos<\/strong> que tienen lugar en ella mediante la observaci\u00f3n y la recogida de datos en la propia naturaleza y su posterior estudio en el laboratorio.<\/li>\n<li>Que <strong>adquieran actitudes de curiosidad, tolerancia y de respeto<\/strong> a las personas y al medio ambiente, trabajando en grupo, favoreciendo la escucha de unos a otros y respetando opiniones diferentes.<\/li>\n<\/ul>\n\n\n<p><strong>Profesores del Departamento 2025-26<\/strong><\/p>\n\n\n\n<p>Barbera Luna, Juan Carlos <a href=\"mailto:juancarlos.barberaluna@educa.madrid.org\">juancarlos.barberaluna@educa.madrid.org<\/a> <\/p>\n\n\n\n<p>Pi\u00f1eiro P\u00e9rez, Asier <a href=\"mailto:asier.pineiro@educa.madrid.org\">asier.pineiro@educa.madrid.org<\/a><\/p>\n\n\n\n<p><\/p>\n\n\n\n<p><strong>Criterios de calificaci\u00f3n 2025-26<\/strong><\/p>\n\n\n\n<div data-wp-interactive=\"core\/file\" class=\"wp-block-file\"><object data-wp-bind--hidden=\"!state.hasPdfPreview\" hidden class=\"wp-block-file__embed\" data=\"https:\/\/site.educa.madrid.org\/ies.becquer.moraleja\/\/wp-content\/uploads\/ies.becquer.moraleja\/2026\/01\/CC_BIOLOGIA-Y-GEOLOGIA_25-26.pdf\" type=\"application\/pdf\" style=\"width:100%;height:600px\" aria-label=\"Incrustado de CC_BIOLOG\u00cdA Y GEOLOG\u00cdA_25-26.\"><\/object><a id=\"wp-block-file--media-5beeceec-1756-4289-9708-5158ac63d964\" href=\"https:\/\/site.educa.madrid.org\/ies.becquer.moraleja\/\/wp-content\/uploads\/ies.becquer.moraleja\/2026\/01\/CC_BIOLOGIA-Y-GEOLOGIA_25-26.pdf\">CC_BIOLOG\u00cdA Y GEOLOG\u00cdA_25-26<\/a><a href=\"https:\/\/site.educa.madrid.org\/ies.becquer.moraleja\/\/wp-content\/uploads\/ies.becquer.moraleja\/2026\/01\/CC_BIOLOGIA-Y-GEOLOGIA_25-26.pdf\" class=\"wp-block-file__button wp-element-button\" download aria-describedby=\"wp-block-file--media-5beeceec-1756-4289-9708-5158ac63d964\">Descarga<\/a><\/div>\n\n\n\n<p><\/p>\n","protected":false},"excerpt":{"rendered":"<p>Nuestro Departamento pretende poner al alcance de los alumnos la cultura cient\u00edfica necesaria para que puedan desenvolverse en una sociedad en la [&hellip;]<\/p>\n","protected":false},"author":5,"featured_media":0,"parent":121,"menu_order":7,"comment_status":"closed","ping_status":"closed","template":"","meta":{"footnotes":""},"folder":[],"class_list":["post-509","page","type-page","status-publish","hentry"],"rttpg_featured_image_url":null,"rttpg_author":{"display_name":"Cuenta Admin-educamadrid","author_link":"https:\/\/site.educa.madrid.org\/ies.becquer.moraleja\/index.php\/author\/cuenta_admin-educamadrid\/"},"rttpg_comment":0,"rttpg_category":false,"rttpg_excerpt":"Nuestro Departamento pretende poner al alcance de los alumnos la cultura cient\u00edfica necesaria para que puedan desenvolverse en una sociedad en la [&hellip;]","post_mailing_queue_ids":[],"_links":{"self":[{"href":"https:\/\/site.educa.madrid.org\/ies.becquer.moraleja\/index.php\/wp-json\/wp\/v2\/pages\/509","targetHints":{"allow":["GET"]}}],"collection":[{"href":"https:\/\/site.educa.madrid.org\/ies.becquer.moraleja\/index.php\/wp-json\/wp\/v2\/pages"}],"about":[{"href":"https:\/\/site.educa.madrid.org\/ies.becquer.moraleja\/index.php\/wp-json\/wp\/v2\/types\/page"}],"author":[{"embeddable":true,"href":"https:\/\/site.educa.madrid.org\/ies.becquer.moraleja\/index.php\/wp-json\/wp\/v2\/users\/5"}],"replies":[{"embeddable":true,"href":"https:\/\/site.educa.madrid.org\/ies.becquer.moraleja\/index.php\/wp-json\/wp\/v2\/comments?post=509"}],"version-history":[{"count":7,"href":"https:\/\/site.educa.madrid.org\/ies.becquer.moraleja\/index.php\/wp-json\/wp\/v2\/pages\/509\/revisions"}],"predecessor-version":[{"id":6006,"href":"https:\/\/site.educa.madrid.org\/ies.becquer.moraleja\/index.php\/wp-json\/wp\/v2\/pages\/509\/revisions\/6006"}],"up":[{"embeddable":true,"href":"https:\/\/site.educa.madrid.org\/ies.becquer.moraleja\/index.php\/wp-json\/wp\/v2\/pages\/121"}],"wp:attachment":[{"href":"https:\/\/site.educa.madrid.org\/ies.becquer.moraleja\/index.php\/wp-json\/wp\/v2\/media?parent=509"}],"wp:term":[{"taxonomy":"folder","embeddable":true,"href":"https:\/\/site.educa.madrid.org\/ies.becquer.moraleja\/index.php\/wp-json\/wp\/v2\/folder?post=509"}],"curies":[{"name":"wp","href":"https:\/\/api.w.org\/{rel}","templated":true}]}}