{"id":511,"date":"2022-06-29T10:20:09","date_gmt":"2022-06-29T08:20:09","guid":{"rendered":"https:\/\/site.educa.madrid.org\/ies.becquer.moraleja\/?page_id=511"},"modified":"2026-01-13T22:52:35","modified_gmt":"2026-01-13T21:52:35","slug":"educacion-fisica","status":"publish","type":"page","link":"https:\/\/site.educa.madrid.org\/ies.becquer.moraleja\/index.php\/quienes-somos\/equipo-docente\/educacion-fisica\/","title":{"rendered":"Educaci\u00f3n F\u00edsica"},"content":{"rendered":"<p class=\"Textbody\">La materia de Educaci\u00f3n f\u00edsica tiene como finalidad no s\u00f3lo desarrollar las capacidades instrumentales y generar <strong><span class=\"StrongEmphasis\">h\u00e1bitos de pr\u00e1ctica continuada de la actividad f\u00edsica<\/span><\/strong>, sino que, adem\u00e1s, educar en los alumnos una <strong><span class=\"StrongEmphasis\">escala de valores, actitudes y normas<\/span><\/strong>, y concienciarlos sobre los<strong> <span class=\"StrongEmphasis\">efectos que tiene sobre el desarrollo personal<\/span>,<\/strong> contribuyendo de esta forma al logro de los objetivos generales de la etapa.<\/p>\n<p class=\"Textbody\">Este Departamento enfoca la actividad f\u00edsica de manera que contribuya a la <strong><span class=\"StrongEmphasis\">conservaci\u00f3n y mejora de la salud y el estado f\u00edsico<\/span>, a la <span class=\"StrongEmphasis\">prevenci\u00f3n de determinadas enfermedades y disfunciones<\/span> y al <span class=\"StrongEmphasis\">equilibrio ps\u00edquico.<\/span> <\/strong>Todo ello resulta incluso m\u00e1s necesario dado el papel del deporte para compensar las restricciones del medio y el sedentarismo habitual de la sociedad actual. La materia de Educaci\u00f3n f\u00edsica act\u00faa en este sentido como factor de prevenci\u00f3n de primer orden.<\/p>\n<p class=\"Textbody\"><b><span style=\"font-size: 14.0pt; line-height: 115%;\">Profesores del Departamento 2025-26<\/span><\/b><\/p>\n<table width=\"595\">\n<tbody>\n<tr>\n<td width=\"294\">Antoranz L\u00f3pez, Diego<\/td>\n<td width=\"301\"><a href=\"mailto:diego.antoranzlopez@educa.madrid.org\">diego.antoranzlopez@educa.madrid.org<\/a><\/td>\n<\/tr>\n<tr>\n<td>Mi\u00f1ano Rubio, Alberto<\/td>\n<td><a href=\"mailto:amr622@educa.madrid.org\">amr622@educa.madrid.org<\/a><\/td>\n<\/tr>\n<tr>\n<td>Soda Garijo, Alfredo<\/td>\n<td><a href=\"mailto:asg1941@educa.madrid.org\">asg1941@educa.madrid.org<\/a><\/td>\n<\/tr>\n<\/tbody>\n<\/table>\n<p class=\"Textbody\"><b><span style=\"font-size: 14.0pt; line-height: 115%;\">Criterios de calificaci\u00f3n 2025-26<\/span><\/b><\/p>\n\n\n<div data-wp-interactive=\"core\/file\" class=\"wp-block-file\"><object data-wp-bind--hidden=\"!state.hasPdfPreview\" hidden class=\"wp-block-file__embed\" data=\"https:\/\/site.educa.madrid.org\/ies.becquer.moraleja\/\/wp-content\/uploads\/ies.becquer.moraleja\/2026\/01\/Criterios-de-Evaluacion-E.F-y-DEP.pdf\" type=\"application\/pdf\" style=\"width:100%;height:600px\" aria-label=\"Incrustado de Criterios de Evaluaci\u00f3n E.F y DEP.\"><\/object><a id=\"wp-block-file--media-6a29307c-9be3-4071-852e-96703efe9dac\" href=\"https:\/\/site.educa.madrid.org\/ies.becquer.moraleja\/\/wp-content\/uploads\/ies.becquer.moraleja\/2026\/01\/Criterios-de-Evaluacion-E.F-y-DEP.pdf\">Criterios de Evaluaci\u00f3n E.F y DEP<\/a><a href=\"https:\/\/site.educa.madrid.org\/ies.becquer.moraleja\/\/wp-content\/uploads\/ies.becquer.moraleja\/2026\/01\/Criterios-de-Evaluacion-E.F-y-DEP.pdf\" class=\"wp-block-file__button wp-element-button\" download aria-describedby=\"wp-block-file--media-6a29307c-9be3-4071-852e-96703efe9dac\">Descarga<\/a><\/div>\n","protected":false},"excerpt":{"rendered":"<p>La materia de Educaci\u00f3n f\u00edsica tiene como finalidad no s\u00f3lo desarrollar las capacidades instrumentales y generar h\u00e1bitos de pr\u00e1ctica continuada de la [&hellip;]<\/p>\n","protected":false},"author":5,"featured_media":0,"parent":121,"menu_order":4,"comment_status":"closed","ping_status":"closed","template":"","meta":{"footnotes":""},"folder":[],"class_list":["post-511","page","type-page","status-publish","hentry"],"rttpg_featured_image_url":null,"rttpg_author":{"display_name":"Cuenta Admin-educamadrid","author_link":"https:\/\/site.educa.madrid.org\/ies.becquer.moraleja\/index.php\/author\/cuenta_admin-educamadrid\/"},"rttpg_comment":0,"rttpg_category":false,"rttpg_excerpt":"La materia de Educaci\u00f3n f\u00edsica tiene como finalidad no s\u00f3lo desarrollar las capacidades instrumentales y generar h\u00e1bitos de pr\u00e1ctica continuada de la [&hellip;]","post_mailing_queue_ids":[],"_links":{"self":[{"href":"https:\/\/site.educa.madrid.org\/ies.becquer.moraleja\/index.php\/wp-json\/wp\/v2\/pages\/511","targetHints":{"allow":["GET"]}}],"collection":[{"href":"https:\/\/site.educa.madrid.org\/ies.becquer.moraleja\/index.php\/wp-json\/wp\/v2\/pages"}],"about":[{"href":"https:\/\/site.educa.madrid.org\/ies.becquer.moraleja\/index.php\/wp-json\/wp\/v2\/types\/page"}],"author":[{"embeddable":true,"href":"https:\/\/site.educa.madrid.org\/ies.becquer.moraleja\/index.php\/wp-json\/wp\/v2\/users\/5"}],"replies":[{"embeddable":true,"href":"https:\/\/site.educa.madrid.org\/ies.becquer.moraleja\/index.php\/wp-json\/wp\/v2\/comments?post=511"}],"version-history":[{"count":8,"href":"https:\/\/site.educa.madrid.org\/ies.becquer.moraleja\/index.php\/wp-json\/wp\/v2\/pages\/511\/revisions"}],"predecessor-version":[{"id":6013,"href":"https:\/\/site.educa.madrid.org\/ies.becquer.moraleja\/index.php\/wp-json\/wp\/v2\/pages\/511\/revisions\/6013"}],"up":[{"embeddable":true,"href":"https:\/\/site.educa.madrid.org\/ies.becquer.moraleja\/index.php\/wp-json\/wp\/v2\/pages\/121"}],"wp:attachment":[{"href":"https:\/\/site.educa.madrid.org\/ies.becquer.moraleja\/index.php\/wp-json\/wp\/v2\/media?parent=511"}],"wp:term":[{"taxonomy":"folder","embeddable":true,"href":"https:\/\/site.educa.madrid.org\/ies.becquer.moraleja\/index.php\/wp-json\/wp\/v2\/folder?post=511"}],"curies":[{"name":"wp","href":"https:\/\/api.w.org\/{rel}","templated":true}]}}