{"id":527,"date":"2022-06-29T10:24:58","date_gmt":"2022-06-29T08:24:58","guid":{"rendered":"https:\/\/site.educa.madrid.org\/ies.becquer.moraleja\/?page_id=527"},"modified":"2025-12-03T09:11:18","modified_gmt":"2025-12-03T08:11:18","slug":"lengua-castellana-y-literatura","status":"publish","type":"page","link":"https:\/\/site.educa.madrid.org\/ies.becquer.moraleja\/index.php\/quienes-somos\/equipo-docente\/lengua-castellana-y-literatura\/","title":{"rendered":"Lengua castellana y Literatura"},"content":{"rendered":"<h4 style=\"text-align: center;\">El encuentro con un cl\u00e1sico puede cambiar la vida<\/h4>\n<p>\u201c[\u2026] No es posible concebir ninguna forma de ense\u00f1anza sin los cl\u00e1sicos. El encuentro entre el docente y el alumno presupone siempre un \u201ctexto\u201d del que partir. Sin este contacto directo, los estudiantes tendr\u00e1n dificultades para amar la filosof\u00eda o la literatura y, a su vez, los profesores perder\u00e1n la oportunidad de aprovechar al m\u00e1ximo sus cualidades para despertar pasi\u00f3n y entusiasmo en los alumnos.\u201d<\/p>\n<p style=\"text-align: right;\"><strong>Nuccio Ordine<\/strong>, <em>La utilidad de lo in\u00fatil<\/em>. Ed. Acantilado<\/p>\n<p>La<strong> finalidad b\u00e1sica<\/strong> de la materia de <em>Lengua castellana y Literatura <\/em>en la Educaci\u00f3n Secundaria Obligatoria es que los alumnos <strong>enriquezcan el lenguaje, tanto oral como escrito,<\/strong> en el doble proceso de <strong>comprensi\u00f3n<\/strong> y de <strong>expresi\u00f3n<\/strong>, y que avancen en la educaci\u00f3n literaria. Al mismo tiempo, ha de ponerse especial inter\u00e9s en la <strong>expresi\u00f3n escrita<\/strong>, cuyo dominio a\u00fan es limitado, y continuar la reflexi\u00f3n sistem\u00e1tica acerca de la lengua y la literatura iniciada en la etapa anterior. De esta manera se pretende adecuar el discurso y los comportamientos al texto; dotar de coherencia y cohesi\u00f3n la expresi\u00f3n; y enunciar textos con correcci\u00f3n gramatical.<\/p>\n<p>El uso de la lengua es indispensable para el aprendizaje de todas las materias, ya que act\u00faa como elemento did\u00e1ctico. A su vez, las dem\u00e1s materias deber\u00e1n colaborar en la utilizaci\u00f3n correcta de la lengua como instrumento de conocimiento y representaci\u00f3n. El<strong> desarrollo de la competencia ling\u00fc\u00edstica,<\/strong> no s\u00f3lo en esta materia, propiciar\u00e1 la comunicaci\u00f3n entre todos los alumnos y actualizar\u00e1 todas sus funciones y dimensiones.<\/p>\n<p><strong>Profesores del Departamento 2025-26<\/strong><\/p>\n<table width=\"595\">\n<tbody>\n<tr>\n<td width=\"294\">Alarc\u00f3n Carretero, Tania<\/td>\n<td width=\"301\"><a href=\"mailto:tania.alarcon@educa.madrid.org\">tania.alarcon@educa.madrid.org<\/a><\/td>\n<\/tr>\n<tr>\n<td>Garc\u00eda Carrasco, Clara<\/td>\n<td><a href=\"mailto:clara.garcia108@educa.madrid.org\">clara.garcia108@educa.madrid.org<\/a><\/td>\n<\/tr>\n<tr>\n<td>Lopez\u00a0 Gamez, Cristina<\/td>\n<td><a href=\"mailto:clg326@educa.madrid.org\">clg326@educa.madrid.org<\/a><\/td>\n<\/tr>\n<tr>\n<td>L\u00f3pez Serrano, Isabel<\/td>\n<td><a href=\"mailto:ilopez12@educa.madrid.org\">ilopez12@educa.madrid.org<\/a><\/td>\n<\/tr>\n<tr>\n<td>S\u00e1nchez Herv\u00e1s, Mercedes<\/td>\n<td><a href=\"mailto:mmsh76@educa.madrid.org\">mmsh76@educa.madrid.org<\/a><\/td>\n<\/tr>\n<\/tbody>\n<\/table>\n<p><strong>Criterios de calificaci\u00f3n 2025-26 (incluido ASL de 4\u00ba ESO)<\/strong><\/p>\n<p>\u00a0<\/p>\n\n\n<div data-wp-interactive=\"core\/file\" class=\"wp-block-file\"><object data-wp-bind--hidden=\"!state.hasPdfPreview\" hidden class=\"wp-block-file__embed\" data=\"https:\/\/site.educa.madrid.org\/ies.becquer.moraleja\/\/wp-content\/uploads\/ies.becquer.moraleja\/2025\/12\/ilovepdf_merged.pdf\" type=\"application\/pdf\" style=\"width:100%;height:600px\" aria-label=\"Incrustado de ilovepdf_merged.\"><\/object><a id=\"wp-block-file--media-691d65a2-f99f-43dd-b08e-662cbbc78ebe\" href=\"https:\/\/site.educa.madrid.org\/ies.becquer.moraleja\/\/wp-content\/uploads\/ies.becquer.moraleja\/2025\/12\/ilovepdf_merged.pdf\">ilovepdf_merged<\/a><a href=\"https:\/\/site.educa.madrid.org\/ies.becquer.moraleja\/\/wp-content\/uploads\/ies.becquer.moraleja\/2025\/12\/ilovepdf_merged.pdf\" class=\"wp-block-file__button wp-element-button\" download aria-describedby=\"wp-block-file--media-691d65a2-f99f-43dd-b08e-662cbbc78ebe\">Descarga<\/a><\/div>\n\n\n\n<div data-wp-interactive=\"core\/file\" class=\"wp-block-file\"><object data-wp-bind--hidden=\"!state.hasPdfPreview\" hidden class=\"wp-block-file__embed\" data=\"https:\/\/site.educa.madrid.org\/ies.becquer.moraleja\/\/wp-content\/uploads\/ies.becquer.moraleja\/2025\/12\/4o-DIVER-ASL.-Hoja-informativa-inicial-2024-25-copia-1.pdf\" type=\"application\/pdf\" style=\"width:100%;height:600px\" aria-label=\"Incrustado de 4\u00ba DIVER ASL. Hoja informativa inicial 2024-25  copia (1).\"><\/object><a id=\"wp-block-file--media-362f55a1-8d9b-48ec-b291-ad6165fdc7d0\" href=\"https:\/\/site.educa.madrid.org\/ies.becquer.moraleja\/\/wp-content\/uploads\/ies.becquer.moraleja\/2025\/12\/4o-DIVER-ASL.-Hoja-informativa-inicial-2024-25-copia-1.pdf\">4\u00ba DIVER ASL. Hoja informativa inicial 2024-25  copia (1)<\/a><a href=\"https:\/\/site.educa.madrid.org\/ies.becquer.moraleja\/\/wp-content\/uploads\/ies.becquer.moraleja\/2025\/12\/4o-DIVER-ASL.-Hoja-informativa-inicial-2024-25-copia-1.pdf\" class=\"wp-block-file__button wp-element-button\" download aria-describedby=\"wp-block-file--media-362f55a1-8d9b-48ec-b291-ad6165fdc7d0\">Descarga<\/a><\/div>\n","protected":false},"excerpt":{"rendered":"<p>El encuentro con un cl\u00e1sico puede cambiar la vida \u201c[\u2026] No es posible concebir ninguna forma de ense\u00f1anza sin los cl\u00e1sicos. El [&hellip;]<\/p>\n","protected":false},"author":5,"featured_media":0,"parent":121,"menu_order":11,"comment_status":"closed","ping_status":"closed","template":"","meta":{"footnotes":""},"folder":[],"class_list":["post-527","page","type-page","status-publish","hentry"],"rttpg_featured_image_url":null,"rttpg_author":{"display_name":"Cuenta Admin-educamadrid","author_link":"https:\/\/site.educa.madrid.org\/ies.becquer.moraleja\/index.php\/author\/cuenta_admin-educamadrid\/"},"rttpg_comment":0,"rttpg_category":false,"rttpg_excerpt":"El encuentro con un cl\u00e1sico puede cambiar la vida \u201c[\u2026] No es posible concebir ninguna forma de ense\u00f1anza sin los cl\u00e1sicos. El [&hellip;]","post_mailing_queue_ids":[],"_links":{"self":[{"href":"https:\/\/site.educa.madrid.org\/ies.becquer.moraleja\/index.php\/wp-json\/wp\/v2\/pages\/527","targetHints":{"allow":["GET"]}}],"collection":[{"href":"https:\/\/site.educa.madrid.org\/ies.becquer.moraleja\/index.php\/wp-json\/wp\/v2\/pages"}],"about":[{"href":"https:\/\/site.educa.madrid.org\/ies.becquer.moraleja\/index.php\/wp-json\/wp\/v2\/types\/page"}],"author":[{"embeddable":true,"href":"https:\/\/site.educa.madrid.org\/ies.becquer.moraleja\/index.php\/wp-json\/wp\/v2\/users\/5"}],"replies":[{"embeddable":true,"href":"https:\/\/site.educa.madrid.org\/ies.becquer.moraleja\/index.php\/wp-json\/wp\/v2\/comments?post=527"}],"version-history":[{"count":7,"href":"https:\/\/site.educa.madrid.org\/ies.becquer.moraleja\/index.php\/wp-json\/wp\/v2\/pages\/527\/revisions"}],"predecessor-version":[{"id":5732,"href":"https:\/\/site.educa.madrid.org\/ies.becquer.moraleja\/index.php\/wp-json\/wp\/v2\/pages\/527\/revisions\/5732"}],"up":[{"embeddable":true,"href":"https:\/\/site.educa.madrid.org\/ies.becquer.moraleja\/index.php\/wp-json\/wp\/v2\/pages\/121"}],"wp:attachment":[{"href":"https:\/\/site.educa.madrid.org\/ies.becquer.moraleja\/index.php\/wp-json\/wp\/v2\/media?parent=527"}],"wp:term":[{"taxonomy":"folder","embeddable":true,"href":"https:\/\/site.educa.madrid.org\/ies.becquer.moraleja\/index.php\/wp-json\/wp\/v2\/folder?post=527"}],"curies":[{"name":"wp","href":"https:\/\/api.w.org\/{rel}","templated":true}]}}