{"id":531,"date":"2022-06-29T10:26:45","date_gmt":"2022-06-29T08:26:45","guid":{"rendered":"https:\/\/site.educa.madrid.org\/ies.becquer.moraleja\/?page_id=531"},"modified":"2026-01-23T18:34:53","modified_gmt":"2026-01-23T17:34:53","slug":"musica","status":"publish","type":"page","link":"https:\/\/site.educa.madrid.org\/ies.becquer.moraleja\/index.php\/quienes-somos\/equipo-docente\/musica\/","title":{"rendered":"M\u00fasica"},"content":{"rendered":"<p class=\"Textbody\">El Departamento de M\u00fasica entiende su \u00e1rea de manera eminentemente <strong><span class=\"StrongEmphasis\">pr\u00e1ctica<\/span><\/strong>, por lo que nos gusta hacer las clases participativas. As\u00ed, aparte de los aspectos te\u00f3ricos, trabajamos con distintos instrumentos, <strong><span class=\"StrongEmphasis\">con escucha activa y con nuevas tecnolog\u00edas<\/span>.<\/strong> Incluso intentamos organizar y montar <strong><span class=\"StrongEmphasis\">conciertos<\/span> <\/strong>con los alumnos y sacar la clase fuera de la clase: conferencias, aula abierta, salidas\u2026<\/p>\n<p class=\"Textbody\"><b><span style=\"font-size: 14.0pt; line-height: 115%;\">Profesores del Departamento 2025-26<\/span><\/b><\/p>\n<table width=\"595\">\n<tbody>\n<tr>\n<td width=\"294\">Ruiz Almagro, Manuel<\/td>\n<td width=\"301\"><a href=\"mailto:mra406@educa.madrid.org\">mra406@educa.madrid.org<\/a><\/td>\n<\/tr>\n<\/tbody>\n<\/table>\n<p class=\"Textbody\"><b><span style=\"font-size: 14.0pt; line-height: 115%;\">Criterios de calificaci\u00f3n de la materias<\/span><\/b><\/p>\n<p class=\"Textbody\">\u00a0<\/p>\n\n\n<div data-wp-interactive=\"core\/file\" class=\"wp-block-file\"><object data-wp-bind--hidden=\"!state.hasPdfPreview\" hidden class=\"wp-block-file__embed\" data=\"https:\/\/site.educa.madrid.org\/ies.becquer.moraleja\/\/wp-content\/uploads\/ies.becquer.moraleja\/2026\/01\/CRITERIOS-DE-CALIFICACION-2.pdf\" type=\"application\/pdf\" style=\"width:100%;height:600px\" aria-label=\"Incrustado de CRITERIOS DE CALIFICACI\u00d3N (2).\"><\/object><a id=\"wp-block-file--media-399dbace-78aa-4dd4-bf9b-06738a3e155d\" href=\"https:\/\/site.educa.madrid.org\/ies.becquer.moraleja\/\/wp-content\/uploads\/ies.becquer.moraleja\/2026\/01\/CRITERIOS-DE-CALIFICACION-2.pdf\">CRITERIOS DE CALIFICACI\u00d3N (2)<\/a><a href=\"https:\/\/site.educa.madrid.org\/ies.becquer.moraleja\/\/wp-content\/uploads\/ies.becquer.moraleja\/2026\/01\/CRITERIOS-DE-CALIFICACION-2.pdf\" class=\"wp-block-file__button wp-element-button\" download aria-describedby=\"wp-block-file--media-399dbace-78aa-4dd4-bf9b-06738a3e155d\">Descarga<\/a><\/div>\n","protected":false},"excerpt":{"rendered":"<p>El Departamento de M\u00fasica entiende su \u00e1rea de manera eminentemente pr\u00e1ctica, por lo que nos gusta hacer las clases participativas. As\u00ed, aparte [&hellip;]<\/p>\n","protected":false},"author":5,"featured_media":0,"parent":121,"menu_order":8,"comment_status":"closed","ping_status":"closed","template":"","meta":{"footnotes":""},"folder":[],"class_list":["post-531","page","type-page","status-publish","hentry"],"rttpg_featured_image_url":null,"rttpg_author":{"display_name":"Cuenta Admin-educamadrid","author_link":"https:\/\/site.educa.madrid.org\/ies.becquer.moraleja\/index.php\/author\/cuenta_admin-educamadrid\/"},"rttpg_comment":0,"rttpg_category":false,"rttpg_excerpt":"El Departamento de M\u00fasica entiende su \u00e1rea de manera eminentemente pr\u00e1ctica, por lo que nos gusta hacer las clases participativas. As\u00ed, aparte [&hellip;]","post_mailing_queue_ids":[],"_links":{"self":[{"href":"https:\/\/site.educa.madrid.org\/ies.becquer.moraleja\/index.php\/wp-json\/wp\/v2\/pages\/531","targetHints":{"allow":["GET"]}}],"collection":[{"href":"https:\/\/site.educa.madrid.org\/ies.becquer.moraleja\/index.php\/wp-json\/wp\/v2\/pages"}],"about":[{"href":"https:\/\/site.educa.madrid.org\/ies.becquer.moraleja\/index.php\/wp-json\/wp\/v2\/types\/page"}],"author":[{"embeddable":true,"href":"https:\/\/site.educa.madrid.org\/ies.becquer.moraleja\/index.php\/wp-json\/wp\/v2\/users\/5"}],"replies":[{"embeddable":true,"href":"https:\/\/site.educa.madrid.org\/ies.becquer.moraleja\/index.php\/wp-json\/wp\/v2\/comments?post=531"}],"version-history":[{"count":3,"href":"https:\/\/site.educa.madrid.org\/ies.becquer.moraleja\/index.php\/wp-json\/wp\/v2\/pages\/531\/revisions"}],"predecessor-version":[{"id":6143,"href":"https:\/\/site.educa.madrid.org\/ies.becquer.moraleja\/index.php\/wp-json\/wp\/v2\/pages\/531\/revisions\/6143"}],"up":[{"embeddable":true,"href":"https:\/\/site.educa.madrid.org\/ies.becquer.moraleja\/index.php\/wp-json\/wp\/v2\/pages\/121"}],"wp:attachment":[{"href":"https:\/\/site.educa.madrid.org\/ies.becquer.moraleja\/index.php\/wp-json\/wp\/v2\/media?parent=531"}],"wp:term":[{"taxonomy":"folder","embeddable":true,"href":"https:\/\/site.educa.madrid.org\/ies.becquer.moraleja\/index.php\/wp-json\/wp\/v2\/folder?post=531"}],"curies":[{"name":"wp","href":"https:\/\/api.w.org\/{rel}","templated":true}]}}