{"id":533,"date":"2022-06-29T10:27:18","date_gmt":"2022-06-29T08:27:18","guid":{"rendered":"https:\/\/site.educa.madrid.org\/ies.becquer.moraleja\/?page_id=533"},"modified":"2026-01-16T09:25:52","modified_gmt":"2026-01-16T08:25:52","slug":"religion","status":"publish","type":"page","link":"https:\/\/site.educa.madrid.org\/ies.becquer.moraleja\/index.php\/quienes-somos\/equipo-docente\/religion\/","title":{"rendered":"Religi\u00f3n"},"content":{"rendered":"\n<p>La asignatura de Religi\u00f3n pretende <b>colaborar en la formaci\u00f3n de la dimensi\u00f3n natural<\/b> que nace del asombro ante lo real y nos empuja a preguntas \u00faltimas sobre el sentido. Observar es m\u00e1s que ver y requiere de un entrenamiento en disposiciones espec\u00edficas que no reh\u00fayan las dimensiones espirituales de lo real.<\/p>\n\n\n\n<p>La asignatura de la Religi\u00f3n ayudar\u00e1 a los estudiantes a <b>ensanchar los espacios de la racionalidad y adoptar una actitud de apertura<\/b> al sentido religioso de la vida, sea cual sea su manifestaci\u00f3n concreta.<\/p>\n\n\n\n<p><b>Profesores del Departamento  2025-26<\/b><\/p>\n\n\n\n<p>Ballesteros Mart\u00edn, Sara                  <a href=\"mailto:sballesterosmartin@educa.madrid.org\">sballesterosmartin@educa.madrid.org<\/a><\/p>\n\n\n\n<p><span><span style=\"font-weight: bold; font-size: 14pt; line-height: 115%;\">Criterios de calificaci\u00f3n 2025-26<\/span><\/span><\/p>\n\n\n\n<div data-wp-interactive=\"core\/file\" class=\"wp-block-file\"><object data-wp-bind--hidden=\"!state.hasPdfPreview\" hidden class=\"wp-block-file__embed\" data=\"https:\/\/site.educa.madrid.org\/ies.becquer.moraleja\/\/wp-content\/uploads\/ies.becquer.moraleja\/2026\/01\/Criterios-de-evaluacion-.pdf\" type=\"application\/pdf\" style=\"width:100%;height:600px\" aria-label=\"Incrustado de Criterios de evaluaci\u00f3n.\"><\/object><a id=\"wp-block-file--media-15f2f4f5-b069-4385-b86b-c990310b5eb8\" href=\"https:\/\/site.educa.madrid.org\/ies.becquer.moraleja\/\/wp-content\/uploads\/ies.becquer.moraleja\/2026\/01\/Criterios-de-evaluacion-.pdf\">Criterios de evaluaci\u00f3n<\/a><a href=\"https:\/\/site.educa.madrid.org\/ies.becquer.moraleja\/\/wp-content\/uploads\/ies.becquer.moraleja\/2026\/01\/Criterios-de-evaluacion-.pdf\" class=\"wp-block-file__button wp-element-button\" download aria-describedby=\"wp-block-file--media-15f2f4f5-b069-4385-b86b-c990310b5eb8\">Descarga<\/a><\/div>\n","protected":false},"excerpt":{"rendered":"<p>La asignatura de Religi\u00f3n pretende colaborar en la formaci\u00f3n de la dimensi\u00f3n natural que nace del asombro ante lo real y nos [&hellip;]<\/p>\n","protected":false},"author":5,"featured_media":0,"parent":121,"menu_order":14,"comment_status":"closed","ping_status":"closed","template":"","meta":{"footnotes":""},"folder":[],"class_list":["post-533","page","type-page","status-publish","hentry"],"rttpg_featured_image_url":null,"rttpg_author":{"display_name":"Cuenta Admin-educamadrid","author_link":"https:\/\/site.educa.madrid.org\/ies.becquer.moraleja\/index.php\/author\/cuenta_admin-educamadrid\/"},"rttpg_comment":0,"rttpg_category":false,"rttpg_excerpt":"La asignatura de Religi\u00f3n pretende colaborar en la formaci\u00f3n de la dimensi\u00f3n natural que nace del asombro ante lo real y nos [&hellip;]","post_mailing_queue_ids":[],"_links":{"self":[{"href":"https:\/\/site.educa.madrid.org\/ies.becquer.moraleja\/index.php\/wp-json\/wp\/v2\/pages\/533","targetHints":{"allow":["GET"]}}],"collection":[{"href":"https:\/\/site.educa.madrid.org\/ies.becquer.moraleja\/index.php\/wp-json\/wp\/v2\/pages"}],"about":[{"href":"https:\/\/site.educa.madrid.org\/ies.becquer.moraleja\/index.php\/wp-json\/wp\/v2\/types\/page"}],"author":[{"embeddable":true,"href":"https:\/\/site.educa.madrid.org\/ies.becquer.moraleja\/index.php\/wp-json\/wp\/v2\/users\/5"}],"replies":[{"embeddable":true,"href":"https:\/\/site.educa.madrid.org\/ies.becquer.moraleja\/index.php\/wp-json\/wp\/v2\/comments?post=533"}],"version-history":[{"count":4,"href":"https:\/\/site.educa.madrid.org\/ies.becquer.moraleja\/index.php\/wp-json\/wp\/v2\/pages\/533\/revisions"}],"predecessor-version":[{"id":6081,"href":"https:\/\/site.educa.madrid.org\/ies.becquer.moraleja\/index.php\/wp-json\/wp\/v2\/pages\/533\/revisions\/6081"}],"up":[{"embeddable":true,"href":"https:\/\/site.educa.madrid.org\/ies.becquer.moraleja\/index.php\/wp-json\/wp\/v2\/pages\/121"}],"wp:attachment":[{"href":"https:\/\/site.educa.madrid.org\/ies.becquer.moraleja\/index.php\/wp-json\/wp\/v2\/media?parent=533"}],"wp:term":[{"taxonomy":"folder","embeddable":true,"href":"https:\/\/site.educa.madrid.org\/ies.becquer.moraleja\/index.php\/wp-json\/wp\/v2\/folder?post=533"}],"curies":[{"name":"wp","href":"https:\/\/api.w.org\/{rel}","templated":true}]}}