{"id":535,"date":"2022-06-29T10:28:06","date_gmt":"2022-06-29T08:28:06","guid":{"rendered":"https:\/\/site.educa.madrid.org\/ies.becquer.moraleja\/?page_id=535"},"modified":"2025-12-02T13:48:12","modified_gmt":"2025-12-02T12:48:12","slug":"tecnologia","status":"publish","type":"page","link":"https:\/\/site.educa.madrid.org\/ies.becquer.moraleja\/index.php\/quienes-somos\/equipo-docente\/tecnologia\/","title":{"rendered":"Tecnolog\u00eda"},"content":{"rendered":"<p>El Departamento de Tecnolog\u00eda tiene como <strong>objetivo principal<\/strong> introducir a los alumnos en el mundo de la tecnolog\u00eda con el objeto de:<\/p>\n<ul>\n<li>Conocer los<strong> fundamentos te\u00f3ricos<\/strong> b\u00e1sicos de la tecnolog\u00eda, como uno de los pilares de la sociedad actual, en la que todos estamos inmersos, incluyendo los fundamentos cient\u00edficos en los que esta basada.<\/li>\n<li>Introducir a los alumnos en la<strong> aplicaci\u00f3n pr\u00e1ctica<\/strong> de dichos conocimientos.<\/li>\n<li>Despertar en los mismos el <strong>inter\u00e9s por la tecnolog\u00eda,<\/strong> como base de una formaci\u00f3n m\u00e1s profunda, a adquirir en estudios posteriores.<\/li>\n<\/ul>\n<p><strong>Profesores del Departamento 2025-26<\/strong><\/p>\n<table width=\"595\">\n<tbody>\n<tr>\n<td width=\"294\">Mart\u00ednez Gonz\u00e1lez, Erica<\/td>\n<td width=\"301\"><a href=\"mailto:emg049@educa.madrid.org\">emg049@educa.madrid.org<\/a><\/td>\n<\/tr>\n<tr>\n<td>Tena Casillas, Antonio<\/td>\n<td><a href=\"mailto:antonio.tena@educa.madrid.org\">antonio.tena@educa.madrid.org<\/a><\/td>\n<\/tr>\n<\/tbody>\n<\/table>\n<p><strong>Criterios de calificaci\u00f3n de la materias<\/strong><\/p>\n<p>[Publicar los criterios de calificaci\u00f3n]<\/p>\n\n\n<div data-wp-interactive=\"core\/file\" class=\"wp-block-file\"><object data-wp-bind--hidden=\"!state.hasPdfPreview\" hidden class=\"wp-block-file__embed\" data=\"https:\/\/site.educa.madrid.org\/ies.becquer.moraleja\/\/wp-content\/uploads\/ies.becquer.moraleja\/2025\/12\/cc_tecnologia.pdf\" type=\"application\/pdf\" style=\"width:100%;height:600px\" aria-label=\"Incrustado de cc_tecnologia.\"><\/object><a id=\"wp-block-file--media-a33e8125-201d-473e-851d-7cb7113c6c4f\" href=\"https:\/\/site.educa.madrid.org\/ies.becquer.moraleja\/\/wp-content\/uploads\/ies.becquer.moraleja\/2025\/12\/cc_tecnologia.pdf\">cc_tecnologia<\/a><a href=\"https:\/\/site.educa.madrid.org\/ies.becquer.moraleja\/\/wp-content\/uploads\/ies.becquer.moraleja\/2025\/12\/cc_tecnologia.pdf\" class=\"wp-block-file__button wp-element-button\" download aria-describedby=\"wp-block-file--media-a33e8125-201d-473e-851d-7cb7113c6c4f\">Descarga<\/a><\/div>\n","protected":false},"excerpt":{"rendered":"<p>El Departamento de Tecnolog\u00eda tiene como objetivo principal introducir a los alumnos en el mundo de la tecnolog\u00eda con el objeto de: [&hellip;]<\/p>\n","protected":false},"author":5,"featured_media":0,"parent":121,"menu_order":13,"comment_status":"closed","ping_status":"closed","template":"","meta":{"footnotes":""},"folder":[],"class_list":["post-535","page","type-page","status-publish","hentry"],"rttpg_featured_image_url":null,"rttpg_author":{"display_name":"Cuenta Admin-educamadrid","author_link":"https:\/\/site.educa.madrid.org\/ies.becquer.moraleja\/index.php\/author\/cuenta_admin-educamadrid\/"},"rttpg_comment":0,"rttpg_category":false,"rttpg_excerpt":"El Departamento de Tecnolog\u00eda tiene como objetivo principal introducir a los alumnos en el mundo de la tecnolog\u00eda con el objeto de: [&hellip;]","post_mailing_queue_ids":[],"_links":{"self":[{"href":"https:\/\/site.educa.madrid.org\/ies.becquer.moraleja\/index.php\/wp-json\/wp\/v2\/pages\/535","targetHints":{"allow":["GET"]}}],"collection":[{"href":"https:\/\/site.educa.madrid.org\/ies.becquer.moraleja\/index.php\/wp-json\/wp\/v2\/pages"}],"about":[{"href":"https:\/\/site.educa.madrid.org\/ies.becquer.moraleja\/index.php\/wp-json\/wp\/v2\/types\/page"}],"author":[{"embeddable":true,"href":"https:\/\/site.educa.madrid.org\/ies.becquer.moraleja\/index.php\/wp-json\/wp\/v2\/users\/5"}],"replies":[{"embeddable":true,"href":"https:\/\/site.educa.madrid.org\/ies.becquer.moraleja\/index.php\/wp-json\/wp\/v2\/comments?post=535"}],"version-history":[{"count":3,"href":"https:\/\/site.educa.madrid.org\/ies.becquer.moraleja\/index.php\/wp-json\/wp\/v2\/pages\/535\/revisions"}],"predecessor-version":[{"id":5719,"href":"https:\/\/site.educa.madrid.org\/ies.becquer.moraleja\/index.php\/wp-json\/wp\/v2\/pages\/535\/revisions\/5719"}],"up":[{"embeddable":true,"href":"https:\/\/site.educa.madrid.org\/ies.becquer.moraleja\/index.php\/wp-json\/wp\/v2\/pages\/121"}],"wp:attachment":[{"href":"https:\/\/site.educa.madrid.org\/ies.becquer.moraleja\/index.php\/wp-json\/wp\/v2\/media?parent=535"}],"wp:term":[{"taxonomy":"folder","embeddable":true,"href":"https:\/\/site.educa.madrid.org\/ies.becquer.moraleja\/index.php\/wp-json\/wp\/v2\/folder?post=535"}],"curies":[{"name":"wp","href":"https:\/\/api.w.org\/{rel}","templated":true}]}}