{"id":537,"date":"2022-06-29T10:28:37","date_gmt":"2022-06-29T08:28:37","guid":{"rendered":"https:\/\/site.educa.madrid.org\/ies.becquer.moraleja\/?page_id=537"},"modified":"2026-01-14T09:03:32","modified_gmt":"2026-01-14T08:03:32","slug":"orientacion","status":"publish","type":"page","link":"https:\/\/site.educa.madrid.org\/ies.becquer.moraleja\/index.php\/quienes-somos\/equipo-docente\/orientacion\/","title":{"rendered":"Orientaci\u00f3n"},"content":{"rendered":"<p>En el Departamento de Orientaci\u00f3n intentamos <strong>coordinar la ayuda para los alumnos y alumnas del instituto<\/strong> que por diferentes razones tienen algunos problemas, dificultades o dudas con sus estudios.<\/p>\n<p>Esta ayuda se realiza a trav\u00e9s de planes de actuaci\u00f3n con los tutores (Plan de Acci\u00f3n Tutorial &#8211; PAT, Plan de Atenci\u00f3n a la Diversidad &#8211; PAD, Plan de Orientaci\u00f3n Acad\u00e9mica y Profesional &#8211; POAP), con todos los profesores (juntas de evaluaci\u00f3n), con las familias y con los alumnos (programas de Integraci\u00f3n, Compensatoria y PMAR).<\/p>\n<p>El trabajo del Departamento tiene como <strong>objetivos<\/strong>:<\/p>\n<ul>\n<li><strong>Colaborar con los Departamentos did\u00e1cticos <\/strong>facilitando estrategias de valoraci\u00f3n de las necesidades educativas y asesorando en la elaboraci\u00f3n de adaptaciones curriculares.<\/li>\n<li><strong>Promover la cooperaci\u00f3n entre la familia y el centro<\/strong>, asesorando y colaborando con el equipo directivo y los equipos docentes.<\/li>\n<li>Colaborar en la <strong>identificaci\u00f3n de las barreras de aprendizaje y en valoraci\u00f3n de las necesidades educativas especiales<\/strong>. La <em>evaluaci\u00f3n psicopedag\u00f3gica<\/em>, como proceso de recogida, an\u00e1lisis y valoraci\u00f3n de informaci\u00f3n relevante referida al alumno y a su contexto familiar y escolar, permite adoptar decisiones respecto a la mejor opci\u00f3n de escolarizaci\u00f3n. A tal fin, el Departamento de Orientaci\u00f3n se sirve de procedimientos, t\u00e9cnicas e instrumentos de observaci\u00f3n y evaluaci\u00f3n que les permita conocer al alumno y a la interacci\u00f3n que establece con su entorno escolar y familiar.<\/li>\n<li><strong>Apoyar a los equipos docentes<\/strong> en el desarrollo del Plan de Acci\u00f3n Tutorial del centro.<\/li>\n<\/ul>\n<p><strong>Profesores del\u00a0 Departamento 2025-26<\/strong><\/p>\n<table width=\"747\">\n<tbody>\n<tr>\n<td width=\"294\">Su\u00e1rez Alonso, Teresa<\/td>\n<td width=\"301\"><a href=\"_wp_link_placeholder\" data-wplink-edit=\"true\">teresa.suarez4@educa.madrid.org<\/a><\/td>\n<td width=\"152\">Orientaci\u00f3n<\/td>\n<\/tr>\n<tr>\n<td>Garc\u00eda Rodr\u00edguez, Adri\u00e1n<\/td>\n<td><a href=\"mailto:agr059@educa.madrid.org\">agr059@educa.madrid.org<\/a><\/td>\n<td>PT<\/td>\n<\/tr>\n<tr>\n<td>Camacho Alonso, Pilar\u00a0<\/td>\n<td><a href=\"mailto:pilar.camacho1@educa.madrid.org\">pilar.camacho1@educa.madrid.org<\/a><\/td>\n<td>PT<\/td>\n<\/tr>\n<tr>\n<td>S\u00e1nchez Lorenzo, Laura<\/td>\n<td><a href=\"mailto:lsanchezlorenzo@educa.madrid.org\">lsanchezlorenzo@educa.madrid.org<\/a><\/td>\n<td>PT<\/td>\n<\/tr>\n<\/tbody>\n<\/table>\n<p><strong>Criterios de calificaci\u00f3n 2025-26<\/strong><\/p>\n\n\n<ul class=\"wp-block-list\">\n<li><\/li>\n<\/ul>\n\n\n\n<div data-wp-interactive=\"core\/file\" class=\"wp-block-file\"><object data-wp-bind--hidden=\"!state.hasPdfPreview\" hidden class=\"wp-block-file__embed\" data=\"https:\/\/site.educa.madrid.org\/ies.becquer.moraleja\/\/wp-content\/uploads\/ies.becquer.moraleja\/2025\/12\/CC_FOPP_2526.pdf\" type=\"application\/pdf\" style=\"width:100%;height:600px\" aria-label=\"Incrustado de CC_FOPP_2526.\"><\/object><a id=\"wp-block-file--media-5f4c6116-6438-46d3-9520-798b43020aae\" href=\"https:\/\/site.educa.madrid.org\/ies.becquer.moraleja\/\/wp-content\/uploads\/ies.becquer.moraleja\/2025\/12\/CC_FOPP_2526.pdf\">CC_FOPP_2526<\/a><a href=\"https:\/\/site.educa.madrid.org\/ies.becquer.moraleja\/\/wp-content\/uploads\/ies.becquer.moraleja\/2025\/12\/CC_FOPP_2526.pdf\" class=\"wp-block-file__button wp-element-button\" download aria-describedby=\"wp-block-file--media-5f4c6116-6438-46d3-9520-798b43020aae\">Descarga<\/a><\/div>\n","protected":false},"excerpt":{"rendered":"<p>En el Departamento de Orientaci\u00f3n intentamos coordinar la ayuda para los alumnos y alumnas del instituto que por diferentes razones tienen algunos [&hellip;]<\/p>\n","protected":false},"author":5,"featured_media":0,"parent":121,"menu_order":16,"comment_status":"closed","ping_status":"closed","template":"","meta":{"footnotes":""},"folder":[],"class_list":["post-537","page","type-page","status-publish","hentry"],"rttpg_featured_image_url":null,"rttpg_author":{"display_name":"Cuenta Admin-educamadrid","author_link":"https:\/\/site.educa.madrid.org\/ies.becquer.moraleja\/index.php\/author\/cuenta_admin-educamadrid\/"},"rttpg_comment":0,"rttpg_category":false,"rttpg_excerpt":"En el Departamento de Orientaci\u00f3n intentamos coordinar la ayuda para los alumnos y alumnas del instituto que por diferentes razones tienen algunos [&hellip;]","post_mailing_queue_ids":[],"_links":{"self":[{"href":"https:\/\/site.educa.madrid.org\/ies.becquer.moraleja\/index.php\/wp-json\/wp\/v2\/pages\/537","targetHints":{"allow":["GET"]}}],"collection":[{"href":"https:\/\/site.educa.madrid.org\/ies.becquer.moraleja\/index.php\/wp-json\/wp\/v2\/pages"}],"about":[{"href":"https:\/\/site.educa.madrid.org\/ies.becquer.moraleja\/index.php\/wp-json\/wp\/v2\/types\/page"}],"author":[{"embeddable":true,"href":"https:\/\/site.educa.madrid.org\/ies.becquer.moraleja\/index.php\/wp-json\/wp\/v2\/users\/5"}],"replies":[{"embeddable":true,"href":"https:\/\/site.educa.madrid.org\/ies.becquer.moraleja\/index.php\/wp-json\/wp\/v2\/comments?post=537"}],"version-history":[{"count":7,"href":"https:\/\/site.educa.madrid.org\/ies.becquer.moraleja\/index.php\/wp-json\/wp\/v2\/pages\/537\/revisions"}],"predecessor-version":[{"id":6022,"href":"https:\/\/site.educa.madrid.org\/ies.becquer.moraleja\/index.php\/wp-json\/wp\/v2\/pages\/537\/revisions\/6022"}],"up":[{"embeddable":true,"href":"https:\/\/site.educa.madrid.org\/ies.becquer.moraleja\/index.php\/wp-json\/wp\/v2\/pages\/121"}],"wp:attachment":[{"href":"https:\/\/site.educa.madrid.org\/ies.becquer.moraleja\/index.php\/wp-json\/wp\/v2\/media?parent=537"}],"wp:term":[{"taxonomy":"folder","embeddable":true,"href":"https:\/\/site.educa.madrid.org\/ies.becquer.moraleja\/index.php\/wp-json\/wp\/v2\/folder?post=537"}],"curies":[{"name":"wp","href":"https:\/\/api.w.org\/{rel}","templated":true}]}}