{"id":5553,"date":"2025-11-24T23:48:08","date_gmt":"2025-11-24T22:48:08","guid":{"rendered":"https:\/\/site.educa.madrid.org\/ies.becquer.moraleja\/?page_id=5553"},"modified":"2026-04-24T10:19:13","modified_gmt":"2026-04-24T08:19:13","slug":"donde-estamos-2","status":"publish","type":"page","link":"https:\/\/site.educa.madrid.org\/ies.becquer.moraleja\/index.php\/donde-estamos-2\/","title":{"rendered":"Inicio"},"content":{"rendered":"<div id=\"pl-5553\"  class=\"panel-layout\" ><div id=\"pg-5553-0\"  class=\"panel-grid panel-has-style\" ><div style=\"padding: 100px 0; \" data-overlay=\"true\" class=\"panel-row-style panel-row-style-for-5553-0\" ><div id=\"pgc-5553-0-0\"  class=\"panel-grid-cell\" ><div id=\"panel-5553-0-0-0\" class=\"so-panel widget widget_sow-image panel-first-child\" data-index=\"0\" ><div style=\"text-align: left;\" data-title-color=\"#443f3f\" data-headings-color=\"#443f3f\" class=\"panel-widget-style panel-widget-style-for-5553-0-0-0\" ><div\n\t\t\t\n\t\t\tclass=\"so-widget-sow-image so-widget-sow-image-default-8b5b6f678277-5553\"\n\t\t\t\n\t\t>\n\n<div class=\"sow-image-container\">\n\t\t<img loading=\"lazy\" decoding=\"async\" src=\"https:\/\/site.educa.madrid.org\/ies.becquer.moraleja\/\/wp-content\/uploads\/ies.becquer.moraleja\/2026\/02\/puertas-abiertas-los-dos.png\" width=\"497\" height=\"387\" srcset=\"https:\/\/site.educa.madrid.org\/ies.becquer.moraleja\/\/wp-content\/uploads\/ies.becquer.moraleja\/2026\/02\/puertas-abiertas-los-dos.png 497w, https:\/\/site.educa.madrid.org\/ies.becquer.moraleja\/\/wp-content\/uploads\/ies.becquer.moraleja\/2026\/02\/puertas-abiertas-los-dos-300x234.png 300w, https:\/\/site.educa.madrid.org\/ies.becquer.moraleja\/\/wp-content\/uploads\/ies.becquer.moraleja\/2026\/02\/puertas-abiertas-los-dos-230x179.png 230w, https:\/\/site.educa.madrid.org\/ies.becquer.moraleja\/\/wp-content\/uploads\/ies.becquer.moraleja\/2026\/02\/puertas-abiertas-los-dos-350x273.png 350w, https:\/\/site.educa.madrid.org\/ies.becquer.moraleja\/\/wp-content\/uploads\/ies.becquer.moraleja\/2026\/02\/puertas-abiertas-los-dos-480x374.png 480w\" sizes=\"auto, (max-width: 497px) 100vw, 497px\" title=\"puertas abiertas-los dos\" alt=\"\" \t\tclass=\"so-widget-image\"\/>\n\t<\/div>\n\n<\/div><\/div><\/div><div id=\"panel-5553-0-0-1\" class=\"so-panel widget widget_text panel-last-child\" data-index=\"1\" ><div style=\"text-align: left;\" data-title-color=\"#443f3f\" data-headings-color=\"#443f3f\" class=\"panel-widget-style panel-widget-style-for-5553-0-0-1\" >\t\t\t<div class=\"textwidget\"><p><!-- wp:paragraph --><\/p>\n<p>Desde el <strong>11 de marzo comenzar\u00e1 el plazo de admisi\u00f3n, y finalizar\u00e1 el 25 de marzo<\/strong>, ambos inclusive.<\/p>\n<p><!-- \/wp:paragraph --> <!-- wp:paragraph --><\/p>\n<p>Realizaremos unas jornadas de <strong>puertas abiertas presencial<\/strong> en el centro que tendr\u00e1 lugar el pr\u00f3ximo <strong>martes 3 de marzo a las 17 h<\/strong> para alumnos de secundaria, y <strong>mi\u00e9rcoles 4 de marzo a las 17 h<\/strong>. para alumnos de bachillerato.<\/p>\n<p><!-- \/wp:paragraph --> <!-- wp:paragraph --><\/p>\n<p>Para comenzar, nos reuniremos en la Biblioteca donde ofreceremos informaci\u00f3n del centro y con posterioridad visitaremos las diferentes instalaciones del IES<\/p>\n<p><!-- \/wp:paragraph --> <!-- wp:paragraph --><\/p>\n<p>Adem\u00e1s, les invitamos a que visiten nuestra <strong>WEB<\/strong> (<a href=\"https:\/\/site.educa.madrid.org\/ies.becquer.moraleja\/\">https:\/\/site.educa.madrid.org\/ies.becquer.moraleja\/<\/a> ) donde podr\u00e1n encontrar mucha informaci\u00f3n del centro, ense\u00f1anzas, proyectos, una zona de visita virtual, etc.<\/p>\n<p><!-- \/wp:paragraph -->Para m\u00e1s informaci\u00f3n pincha aqu\u00ed<\/p>\n<\/div>\n\t\t<\/div><\/div><\/div><div id=\"pgc-5553-0-1\"  class=\"panel-grid-cell\" ><div id=\"panel-5553-0-1-0\" class=\"so-panel widget widget_sow-image panel-first-child\" data-index=\"2\" ><div style=\"text-align: left;\" data-title-color=\"#443f3f\" data-headings-color=\"#443f3f\" class=\"panel-widget-style panel-widget-style-for-5553-0-1-0\" ><div\n\t\t\t\n\t\t\tclass=\"so-widget-sow-image so-widget-sow-image-default-8b5b6f678277-5553\"\n\t\t\t\n\t\t>\n\n<div class=\"sow-image-container\">\n\t\t\t<a href=\"https:\/\/www.comunidad.madrid\/servicios\/educacion\/solicita-tu-admision-educacion-infantil-obligatoria-bachillerato\"\n\t\t\t\t\t>\n\t\t\t<img loading=\"lazy\" decoding=\"async\" src=\"https:\/\/site.educa.madrid.org\/ies.becquer.moraleja\/\/wp-content\/uploads\/ies.becquer.moraleja\/2026\/02\/proceso-admision-1.jpg\" width=\"432\" height=\"183\" srcset=\"https:\/\/site.educa.madrid.org\/ies.becquer.moraleja\/\/wp-content\/uploads\/ies.becquer.moraleja\/2026\/02\/proceso-admision-1.jpg 432w, https:\/\/site.educa.madrid.org\/ies.becquer.moraleja\/\/wp-content\/uploads\/ies.becquer.moraleja\/2026\/02\/proceso-admision-1-300x127.jpg 300w, https:\/\/site.educa.madrid.org\/ies.becquer.moraleja\/\/wp-content\/uploads\/ies.becquer.moraleja\/2026\/02\/proceso-admision-1-230x97.jpg 230w, https:\/\/site.educa.madrid.org\/ies.becquer.moraleja\/\/wp-content\/uploads\/ies.becquer.moraleja\/2026\/02\/proceso-admision-1-350x148.jpg 350w\" sizes=\"auto, (max-width: 432px) 100vw, 432px\" title=\"proceso admision\" alt=\"\" \t\tclass=\"so-widget-image\"\/>\n\t<\/a><\/div>\n\n<\/div><\/div><\/div><div id=\"panel-5553-0-1-1\" class=\"so-panel widget widget_text panel-last-child\" data-index=\"3\" ><div style=\"text-align: left;\" data-title-color=\"#443f3f\" data-headings-color=\"#443f3f\" class=\"panel-widget-style panel-widget-style-for-5553-0-1-1\" >\t\t\t<div class=\"textwidget\"><p><a href=\"https:\/\/www.comunidad.madrid\/servicios\/educacion\/solicita-tu-admision-educacion-infantil-obligatoria-bachillerato\"><b>Enlace Comunidad de Madrid.<\/b><\/a><\/p>\n<p>&nbsp;<\/p>\n<\/div>\n\t\t<\/div><\/div><\/div><\/div><\/div><div id=\"pg-5553-1\"  class=\"panel-grid panel-has-style\" ><div style=\"padding: 100px 0; \" data-overlay=\"true\" class=\"panel-row-style panel-row-style-for-5553-1\" ><div id=\"pgc-5553-1-0\"  class=\"panel-grid-cell\" ><div id=\"panel-5553-1-0-0\" class=\"so-panel widget widget_sow-image panel-first-child\" data-index=\"4\" ><div style=\"text-align: left;\" data-title-color=\"#443f3f\" data-headings-color=\"#443f3f\" class=\"panel-widget-style panel-widget-style-for-5553-1-0-0\" ><div\n\t\t\t\n\t\t\tclass=\"so-widget-sow-image so-widget-sow-image-default-8b5b6f678277-5553\"\n\t\t\t\n\t\t>\n\n<div class=\"sow-image-container\">\n\t\t<img loading=\"lazy\" decoding=\"async\" src=\"https:\/\/site.educa.madrid.org\/ies.becquer.moraleja\/\/wp-content\/uploads\/ies.becquer.moraleja\/2026\/02\/IMG_0701-1024x768.jpeg\" width=\"1024\" height=\"768\" srcset=\"https:\/\/site.educa.madrid.org\/ies.becquer.moraleja\/\/wp-content\/uploads\/ies.becquer.moraleja\/2026\/02\/IMG_0701-1024x768.jpeg 1024w, https:\/\/site.educa.madrid.org\/ies.becquer.moraleja\/\/wp-content\/uploads\/ies.becquer.moraleja\/2026\/02\/IMG_0701-300x225.jpeg 300w, https:\/\/site.educa.madrid.org\/ies.becquer.moraleja\/\/wp-content\/uploads\/ies.becquer.moraleja\/2026\/02\/IMG_0701-768x576.jpeg 768w, https:\/\/site.educa.madrid.org\/ies.becquer.moraleja\/\/wp-content\/uploads\/ies.becquer.moraleja\/2026\/02\/IMG_0701-1536x1152.jpeg 1536w, https:\/\/site.educa.madrid.org\/ies.becquer.moraleja\/\/wp-content\/uploads\/ies.becquer.moraleja\/2026\/02\/IMG_0701-1000x750.jpeg 1000w, https:\/\/site.educa.madrid.org\/ies.becquer.moraleja\/\/wp-content\/uploads\/ies.becquer.moraleja\/2026\/02\/IMG_0701-230x173.jpeg 230w, https:\/\/site.educa.madrid.org\/ies.becquer.moraleja\/\/wp-content\/uploads\/ies.becquer.moraleja\/2026\/02\/IMG_0701-350x263.jpeg 350w, https:\/\/site.educa.madrid.org\/ies.becquer.moraleja\/\/wp-content\/uploads\/ies.becquer.moraleja\/2026\/02\/IMG_0701-480x360.jpeg 480w, https:\/\/site.educa.madrid.org\/ies.becquer.moraleja\/\/wp-content\/uploads\/ies.becquer.moraleja\/2026\/02\/IMG_0701.jpeg 2048w\" sizes=\"auto, (max-width: 1024px) 100vw, 1024px\" alt=\"\" \t\tclass=\"so-widget-image\"\/>\n\t<\/div>\n\n<\/div><\/div><\/div><div id=\"panel-5553-1-0-1\" class=\"so-panel widget widget_text panel-last-child\" data-index=\"5\" ><div style=\"text-align: left;\" data-title-color=\"#443f3f\" data-headings-color=\"#443f3f\" class=\"panel-widget-style panel-widget-style-for-5553-1-0-1\" >\t\t\t<div class=\"textwidget\"><p>El pasado viernes, 30 de enero, el grupo de 1\u00b0 de Bachillerato particip\u00f3 en una actividad extraescolar consistente en la visita a las instalaciones de la Universidad Rey Juan Carlos, en su campus de Fuenlabrada.<\/p>\n<p>Durante la jornada, el alumnado pudo conocer de primera mano los espacios universitarios, informarse sobre la oferta acad\u00e9mica y acercarse al funcionamiento cotidiano de la universidad. La actividad result\u00f3 una experiencia muy enriquecedora, especialmente valiosa en este momento de toma de decisiones acad\u00e9micas.<\/p>\n<\/div>\n\t\t<\/div><\/div><\/div><div id=\"pgc-5553-1-1\"  class=\"panel-grid-cell\" ><div id=\"panel-5553-1-1-0\" class=\"so-panel widget widget_sow-image panel-first-child\" data-index=\"6\" ><div style=\"text-align: left;\" data-title-color=\"#443f3f\" data-headings-color=\"#443f3f\" class=\"panel-widget-style panel-widget-style-for-5553-1-1-0\" ><div\n\t\t\t\n\t\t\tclass=\"so-widget-sow-image so-widget-sow-image-default-8b5b6f678277-5553\"\n\t\t\t\n\t\t>\n\n<div class=\"sow-image-container\">\n\t\t<img loading=\"lazy\" decoding=\"async\" src=\"https:\/\/site.educa.madrid.org\/ies.becquer.moraleja\/\/wp-content\/uploads\/ies.becquer.moraleja\/2026\/02\/IMG-20260123-WA0004-1024x771.jpg\" width=\"1024\" height=\"771\" srcset=\"https:\/\/site.educa.madrid.org\/ies.becquer.moraleja\/\/wp-content\/uploads\/ies.becquer.moraleja\/2026\/02\/IMG-20260123-WA0004-1024x771.jpg 1024w, https:\/\/site.educa.madrid.org\/ies.becquer.moraleja\/\/wp-content\/uploads\/ies.becquer.moraleja\/2026\/02\/IMG-20260123-WA0004-300x226.jpg 300w, https:\/\/site.educa.madrid.org\/ies.becquer.moraleja\/\/wp-content\/uploads\/ies.becquer.moraleja\/2026\/02\/IMG-20260123-WA0004-768x578.jpg 768w, https:\/\/site.educa.madrid.org\/ies.becquer.moraleja\/\/wp-content\/uploads\/ies.becquer.moraleja\/2026\/02\/IMG-20260123-WA0004-1536x1157.jpg 1536w, https:\/\/site.educa.madrid.org\/ies.becquer.moraleja\/\/wp-content\/uploads\/ies.becquer.moraleja\/2026\/02\/IMG-20260123-WA0004-1000x753.jpg 1000w, https:\/\/site.educa.madrid.org\/ies.becquer.moraleja\/\/wp-content\/uploads\/ies.becquer.moraleja\/2026\/02\/IMG-20260123-WA0004-230x173.jpg 230w, https:\/\/site.educa.madrid.org\/ies.becquer.moraleja\/\/wp-content\/uploads\/ies.becquer.moraleja\/2026\/02\/IMG-20260123-WA0004-350x264.jpg 350w, https:\/\/site.educa.madrid.org\/ies.becquer.moraleja\/\/wp-content\/uploads\/ies.becquer.moraleja\/2026\/02\/IMG-20260123-WA0004-480x361.jpg 480w, https:\/\/site.educa.madrid.org\/ies.becquer.moraleja\/\/wp-content\/uploads\/ies.becquer.moraleja\/2026\/02\/IMG-20260123-WA0004.jpg 2040w\" sizes=\"auto, (max-width: 1024px) 100vw, 1024px\" alt=\"\" \t\tclass=\"so-widget-image\"\/>\n\t<\/div>\n\n<\/div><\/div><\/div><div id=\"panel-5553-1-1-1\" class=\"so-panel widget widget_text panel-last-child\" data-index=\"7\" ><div style=\"text-align: left;\" data-title-color=\"#443f3f\" data-headings-color=\"#443f3f\" class=\"panel-widget-style panel-widget-style-for-5553-1-1-1\" >\t\t\t<div class=\"textwidget\"><p><b>El viernes 6 de febrero nuestros alumnos de 2\u00ba ESO, y gracias al Dpto. de F\u00edsica y Qu\u00edmica, pudieron disfrutar de unos Talleres sobre la calidad del agua y su contaminaci\u00f3n, por personal\u00a0 t\u00e9cnico del Canal de Isabel II.<\/b><\/p>\n<p>\u00a1 Felicitar a nuestros alumnos, que manifestaron un inter\u00e9s y comportamiento ejemplar!<\/p>\n<\/div>\n\t\t<\/div><\/div><\/div><\/div><\/div><div id=\"pg-5553-2\"  class=\"panel-grid panel-has-style\" ><div style=\"padding: 100px 0; \" data-overlay=\"true\" class=\"panel-row-style panel-row-style-for-5553-2\" ><div id=\"pgc-5553-2-0\"  class=\"panel-grid-cell\" ><div id=\"panel-5553-2-0-0\" class=\"so-panel widget widget_sow-image panel-first-child\" data-index=\"8\" ><div style=\"text-align: left;\" data-title-color=\"#443f3f\" data-headings-color=\"#443f3f\" class=\"panel-widget-style panel-widget-style-for-5553-2-0-0\" ><div\n\t\t\t\n\t\t\tclass=\"so-widget-sow-image so-widget-sow-image-default-8b5b6f678277-5553\"\n\t\t\t\n\t\t>\n\n<div class=\"sow-image-container\">\n\t\t<img loading=\"lazy\" decoding=\"async\" src=\"https:\/\/site.educa.madrid.org\/ies.becquer.moraleja\/\/wp-content\/uploads\/ies.becquer.moraleja\/2026\/01\/LEUC.png\" width=\"797\" height=\"491\" srcset=\"https:\/\/site.educa.madrid.org\/ies.becquer.moraleja\/\/wp-content\/uploads\/ies.becquer.moraleja\/2026\/01\/LEUC.png 797w, https:\/\/site.educa.madrid.org\/ies.becquer.moraleja\/\/wp-content\/uploads\/ies.becquer.moraleja\/2026\/01\/LEUC-300x185.png 300w, https:\/\/site.educa.madrid.org\/ies.becquer.moraleja\/\/wp-content\/uploads\/ies.becquer.moraleja\/2026\/01\/LEUC-768x473.png 768w, https:\/\/site.educa.madrid.org\/ies.becquer.moraleja\/\/wp-content\/uploads\/ies.becquer.moraleja\/2026\/01\/LEUC-230x142.png 230w, https:\/\/site.educa.madrid.org\/ies.becquer.moraleja\/\/wp-content\/uploads\/ies.becquer.moraleja\/2026\/01\/LEUC-350x216.png 350w, https:\/\/site.educa.madrid.org\/ies.becquer.moraleja\/\/wp-content\/uploads\/ies.becquer.moraleja\/2026\/01\/LEUC-480x296.png 480w\" sizes=\"auto, (max-width: 797px) 100vw, 797px\" alt=\"\" \t\tclass=\"so-widget-image\"\/>\n\t<\/div>\n\n<\/div><\/div><\/div><div id=\"panel-5553-2-0-1\" class=\"so-panel widget widget_text panel-last-child\" data-index=\"9\" ><div style=\"text-align: left;\" data-title-color=\"#443f3f\" data-headings-color=\"#443f3f\" class=\"panel-widget-style panel-widget-style-for-5553-2-0-1\" >\t\t\t<div class=\"textwidget\"><p><b>En diciembre\u00a0 nuestros alumnos participaron en una carrera solidaria contra la leucemia infantil. En ella recaudamos un total de 583,83 euros.<\/b><\/p>\n<\/div>\n\t\t<\/div><\/div><\/div><div id=\"pgc-5553-2-1\"  class=\"panel-grid-cell\" ><div id=\"panel-5553-2-1-0\" class=\"so-panel widget widget_sow-image panel-first-child\" data-index=\"10\" ><div style=\"text-align: left;\" data-title-color=\"#443f3f\" data-headings-color=\"#443f3f\" class=\"panel-widget-style panel-widget-style-for-5553-2-1-0\" ><div\n\t\t\t\n\t\t\tclass=\"so-widget-sow-image so-widget-sow-image-default-8b5b6f678277-5553\"\n\t\t\t\n\t\t>\n\n<div class=\"sow-image-container\">\n\t\t<img loading=\"lazy\" decoding=\"async\" src=\"https:\/\/site.educa.madrid.org\/ies.becquer.moraleja\/\/wp-content\/uploads\/ies.becquer.moraleja\/2026\/01\/PLANETARIO-EDU.png\" width=\"458\" height=\"326\" srcset=\"https:\/\/site.educa.madrid.org\/ies.becquer.moraleja\/\/wp-content\/uploads\/ies.becquer.moraleja\/2026\/01\/PLANETARIO-EDU.png 458w, https:\/\/site.educa.madrid.org\/ies.becquer.moraleja\/\/wp-content\/uploads\/ies.becquer.moraleja\/2026\/01\/PLANETARIO-EDU-300x214.png 300w, https:\/\/site.educa.madrid.org\/ies.becquer.moraleja\/\/wp-content\/uploads\/ies.becquer.moraleja\/2026\/01\/PLANETARIO-EDU-230x164.png 230w, https:\/\/site.educa.madrid.org\/ies.becquer.moraleja\/\/wp-content\/uploads\/ies.becquer.moraleja\/2026\/01\/PLANETARIO-EDU-350x249.png 350w\" sizes=\"auto, (max-width: 458px) 100vw, 458px\" title=\"PLANETARIO EDU\" alt=\"\" \t\tclass=\"so-widget-image\"\/>\n\t<\/div>\n\n<\/div><\/div><\/div><div id=\"panel-5553-2-1-1\" class=\"so-panel widget widget_text panel-last-child\" data-index=\"11\" ><div style=\"text-align: left;\" data-title-color=\"#443f3f\" data-headings-color=\"#443f3f\" class=\"panel-widget-style panel-widget-style-for-5553-2-1-1\" >\t\t\t<div class=\"textwidget\"><p><b>El mi\u00e9rcoles 15 de Enero los alumnos de 1\u00ba Bachillerato y 4\u00ba ESO visitaron el Planetario de Madrid.<\/b><\/p>\n<\/div>\n\t\t<\/div><\/div><\/div><\/div><\/div><div id=\"pg-5553-3\"  class=\"panel-grid panel-has-style\" ><div style=\"padding: 100px 0; \" data-overlay=\"true\" class=\"panel-row-style panel-row-style-for-5553-3\" ><div id=\"pgc-5553-3-0\"  class=\"panel-grid-cell\" ><div id=\"panel-5553-3-0-0\" class=\"so-panel widget widget_media_image panel-first-child\" data-index=\"12\" ><div style=\"text-align: left;\" data-title-color=\"#443f3f\" data-headings-color=\"#443f3f\" class=\"panel-widget-style panel-widget-style-for-5553-3-0-0\" ><img loading=\"lazy\" decoding=\"async\" width=\"490\" height=\"267\" src=\"https:\/\/site.educa.madrid.org\/ies.becquer.moraleja\/\/wp-content\/uploads\/ies.becquer.moraleja\/2026\/01\/PLANETARIO-2.png\" class=\"image wp-image-6139  attachment-full size-full\" alt=\"\" style=\"max-width: 100%; height: auto;\" srcset=\"https:\/\/site.educa.madrid.org\/ies.becquer.moraleja\/\/wp-content\/uploads\/ies.becquer.moraleja\/2026\/01\/PLANETARIO-2.png 490w, https:\/\/site.educa.madrid.org\/ies.becquer.moraleja\/\/wp-content\/uploads\/ies.becquer.moraleja\/2026\/01\/PLANETARIO-2-300x163.png 300w, https:\/\/site.educa.madrid.org\/ies.becquer.moraleja\/\/wp-content\/uploads\/ies.becquer.moraleja\/2026\/01\/PLANETARIO-2-230x125.png 230w, https:\/\/site.educa.madrid.org\/ies.becquer.moraleja\/\/wp-content\/uploads\/ies.becquer.moraleja\/2026\/01\/PLANETARIO-2-350x191.png 350w, https:\/\/site.educa.madrid.org\/ies.becquer.moraleja\/\/wp-content\/uploads\/ies.becquer.moraleja\/2026\/01\/PLANETARIO-2-480x262.png 480w\" sizes=\"auto, (max-width: 490px) 100vw, 490px\" \/><\/div><\/div><div id=\"panel-5553-3-0-1\" class=\"so-panel widget widget_text panel-last-child\" data-index=\"13\" ><div style=\"text-align: left;\" data-title-color=\"#443f3f\" data-headings-color=\"#443f3f\" class=\"panel-widget-style panel-widget-style-for-5553-3-0-1\" >\t\t\t<div class=\"textwidget\"><p><b>El d\u00eda 17 de diciembre los alumnos de 2\u00ba Eso visitaron el Planetario de Madrid<\/b><\/p>\n<\/div>\n\t\t<\/div><\/div><\/div><div id=\"pgc-5553-3-1\"  class=\"panel-grid-cell\" ><div id=\"panel-5553-3-1-0\" class=\"so-panel widget widget_sow-image panel-first-child\" data-index=\"14\" ><div style=\"text-align: left;\" data-title-color=\"#443f3f\" data-headings-color=\"#443f3f\" class=\"panel-widget-style panel-widget-style-for-5553-3-1-0\" ><div\n\t\t\t\n\t\t\tclass=\"so-widget-sow-image so-widget-sow-image-default-8b5b6f678277-5553\"\n\t\t\t\n\t\t>\n\n<div class=\"sow-image-container\">\n\t\t<img loading=\"lazy\" decoding=\"async\" src=\"https:\/\/site.educa.madrid.org\/ies.becquer.moraleja\/\/wp-content\/uploads\/ies.becquer.moraleja\/2025\/12\/CHRISTMAS.jpg\" width=\"566\" height=\"374\" srcset=\"https:\/\/site.educa.madrid.org\/ies.becquer.moraleja\/\/wp-content\/uploads\/ies.becquer.moraleja\/2025\/12\/CHRISTMAS.jpg 566w, https:\/\/site.educa.madrid.org\/ies.becquer.moraleja\/\/wp-content\/uploads\/ies.becquer.moraleja\/2025\/12\/CHRISTMAS-300x198.jpg 300w, https:\/\/site.educa.madrid.org\/ies.becquer.moraleja\/\/wp-content\/uploads\/ies.becquer.moraleja\/2025\/12\/CHRISTMAS-230x152.jpg 230w, https:\/\/site.educa.madrid.org\/ies.becquer.moraleja\/\/wp-content\/uploads\/ies.becquer.moraleja\/2025\/12\/CHRISTMAS-350x231.jpg 350w, https:\/\/site.educa.madrid.org\/ies.becquer.moraleja\/\/wp-content\/uploads\/ies.becquer.moraleja\/2025\/12\/CHRISTMAS-480x317.jpg 480w\" sizes=\"auto, (max-width: 566px) 100vw, 566px\" alt=\"\" \t\tclass=\"so-widget-image\"\/>\n\t<\/div>\n\n<\/div><\/div><\/div><div id=\"panel-5553-3-1-1\" class=\"so-panel widget widget_text panel-last-child\" data-index=\"15\" ><div style=\"text-align: left;\" data-title-color=\"#443f3f\" data-headings-color=\"#443f3f\" class=\"panel-widget-style panel-widget-style-for-5553-3-1-1\" >\t\t\t<div class=\"textwidget\"><p><b>Durante las navidades pasadas, nuestros alumnos dise\u00f1aron postales navide\u00f1as, con el resultado de una gran colecci\u00f3n de ellas y un ganador, cuya obra podemos observar.<\/b><\/p>\n<p>Felices Navidades.<\/p>\n<\/div>\n\t\t<\/div><\/div><\/div><\/div><\/div><\/div>","protected":false},"excerpt":{"rendered":"<p>Desde el 11 de marzo comenzar\u00e1 el plazo de admisi\u00f3n, y finalizar\u00e1 el 25 de marzo, ambos inclusive. Realizaremos unas jornadas de [&hellip;]<\/p>\n","protected":false},"author":3,"featured_media":0,"parent":0,"menu_order":0,"comment_status":"closed","ping_status":"closed","template":"","meta":{"footnotes":""},"folder":[],"class_list":["post-5553","page","type-page","status-publish","hentry"],"rttpg_featured_image_url":null,"rttpg_author":{"display_name":"ies.becquer.moraleja","author_link":"https:\/\/site.educa.madrid.org\/ies.becquer.moraleja\/index.php\/author\/cuenta_ies-becquer-moraleja\/"},"rttpg_comment":0,"rttpg_category":false,"rttpg_excerpt":"Desde el 11 de marzo comenzar\u00e1 el plazo de admisi\u00f3n, y finalizar\u00e1 el 25 de marzo, ambos inclusive. Realizaremos unas jornadas de [&hellip;]","post_mailing_queue_ids":[],"_links":{"self":[{"href":"https:\/\/site.educa.madrid.org\/ies.becquer.moraleja\/index.php\/wp-json\/wp\/v2\/pages\/5553","targetHints":{"allow":["GET"]}}],"collection":[{"href":"https:\/\/site.educa.madrid.org\/ies.becquer.moraleja\/index.php\/wp-json\/wp\/v2\/pages"}],"about":[{"href":"https:\/\/site.educa.madrid.org\/ies.becquer.moraleja\/index.php\/wp-json\/wp\/v2\/types\/page"}],"author":[{"embeddable":true,"href":"https:\/\/site.educa.madrid.org\/ies.becquer.moraleja\/index.php\/wp-json\/wp\/v2\/users\/3"}],"replies":[{"embeddable":true,"href":"https:\/\/site.educa.madrid.org\/ies.becquer.moraleja\/index.php\/wp-json\/wp\/v2\/comments?post=5553"}],"version-history":[{"count":16,"href":"https:\/\/site.educa.madrid.org\/ies.becquer.moraleja\/index.php\/wp-json\/wp\/v2\/pages\/5553\/revisions"}],"predecessor-version":[{"id":6336,"href":"https:\/\/site.educa.madrid.org\/ies.becquer.moraleja\/index.php\/wp-json\/wp\/v2\/pages\/5553\/revisions\/6336"}],"wp:attachment":[{"href":"https:\/\/site.educa.madrid.org\/ies.becquer.moraleja\/index.php\/wp-json\/wp\/v2\/media?parent=5553"}],"wp:term":[{"taxonomy":"folder","embeddable":true,"href":"https:\/\/site.educa.madrid.org\/ies.becquer.moraleja\/index.php\/wp-json\/wp\/v2\/folder?post=5553"}],"curies":[{"name":"wp","href":"https:\/\/api.w.org\/{rel}","templated":true}]}}