{"id":5907,"date":"2025-12-14T20:09:22","date_gmt":"2025-12-14T19:09:22","guid":{"rendered":"https:\/\/site.educa.madrid.org\/ies.becquer.moraleja\/?page_id=5907"},"modified":"2025-12-14T20:20:24","modified_gmt":"2025-12-14T19:20:24","slug":"plan-regional-contra-las-drogas-2","status":"publish","type":"page","link":"https:\/\/site.educa.madrid.org\/ies.becquer.moraleja\/index.php\/plan-regional-contra-las-drogas-2\/","title":{"rendered":"PLAN REGIONAL CONTRA LAS DROGAS"},"content":{"rendered":"<p>El consumo de drogas es un grave problema con repercusiones tanto en la persona que las consume, como en el conjunto de la sociedad. El gobierno regional afronta el desaf\u00edo de realizar una labor de car\u00e1cter social y preventiva, con la finalidad de eliminar o modificar los factores de protecci\u00f3n frente a consumo de drogas. Es por ello que, se ha aprobado el <a href=\"https:\/\/urldefense.com\/v3\/__https:\/\/www.educa2.madrid.org\/web\/educamadrid\/principal\/files\/164f47b2-e030-45cb-bcea-09d649a84937\/241104*20PlanDrogas_Relacio**An*20de*20medidas.pdf?t=1730795466163__;JcyBJSU!!D9dNQwwGXtA!R07-9paEwvzFE7W3S81OzMjdbYlUZI1H52cytZZVvVQuQ9cKuPfBilqjAJ4BNMFeprMm-TmC2GnR09jfGLT1St6jbxaLVF58k2YU-A$\">Plan Regional contra las drogas de la Comunidad de Madrid<\/a> y desde la Consejer\u00eda competente en materia de Educaci\u00f3n de la Comunidad de Madrid, se han desarrollado actuaciones unificadas y coordinadas para frenar y erradicar actitudes en relaci\u00f3n con el consumo de drogas.<\/p>\n<p>A continuaci\u00f3n se incluye el Plan Regional 2024-27 ( al final de la p\u00e1gina), enlaces para materiales <a href=\"https:\/\/www.educa2.madrid.org\/web\/convivencia\/material-adicciones-con-sustancias\">PINCHA AQUI<\/a> y un buz\u00f3n de denuncias a trav\u00e9s del c\u00f3digo QR siguiente:<\/p>\n<p><img loading=\"lazy\" decoding=\"async\" class=\"alignnone size-medium wp-image-5906\" src=\"https:\/\/site.educa.madrid.org\/ies.becquer.moraleja\/\/wp-content\/uploads\/ies.becquer.moraleja\/2025\/12\/buzon-235x300.jpg\" alt=\"\" width=\"235\" height=\"300\" srcset=\"https:\/\/site.educa.madrid.org\/ies.becquer.moraleja\/\/wp-content\/uploads\/ies.becquer.moraleja\/2025\/12\/buzon-235x300.jpg 235w, https:\/\/site.educa.madrid.org\/ies.becquer.moraleja\/\/wp-content\/uploads\/ies.becquer.moraleja\/2025\/12\/buzon-230x293.jpg 230w, https:\/\/site.educa.madrid.org\/ies.becquer.moraleja\/\/wp-content\/uploads\/ies.becquer.moraleja\/2025\/12\/buzon-350x446.jpg 350w, https:\/\/site.educa.madrid.org\/ies.becquer.moraleja\/\/wp-content\/uploads\/ies.becquer.moraleja\/2025\/12\/buzon.jpg 415w\" sizes=\"auto, (max-width: 235px) 100vw, 235px\" \/><\/p>\n<p>\u00a0<\/p>\n<p>\u00a0<\/p>\n\n\n<div data-wp-interactive=\"core\/file\" class=\"wp-block-file\"><object data-wp-bind--hidden=\"!state.hasPdfPreview\" hidden class=\"wp-block-file__embed\" data=\"https:\/\/site.educa.madrid.org\/ies.becquer.moraleja\/\/wp-content\/uploads\/ies.becquer.moraleja\/2025\/12\/241104-PlanDrogas_Relacion-de-medidas.pdf\" type=\"application\/pdf\" style=\"width:100%;height:600px\" aria-label=\"Incrustado de 241104 PlanDrogas_Relaci\u00f3n de medidas.\"><\/object><a id=\"wp-block-file--media-10496867-2a41-4a2c-9779-790d443ccd12\" href=\"https:\/\/site.educa.madrid.org\/ies.becquer.moraleja\/\/wp-content\/uploads\/ies.becquer.moraleja\/2025\/12\/241104-PlanDrogas_Relacion-de-medidas.pdf\">241104 PlanDrogas_Relaci\u00f3n de medidas<\/a><a href=\"https:\/\/site.educa.madrid.org\/ies.becquer.moraleja\/\/wp-content\/uploads\/ies.becquer.moraleja\/2025\/12\/241104-PlanDrogas_Relacion-de-medidas.pdf\" class=\"wp-block-file__button wp-element-button\" download aria-describedby=\"wp-block-file--media-10496867-2a41-4a2c-9779-790d443ccd12\">Descarga<\/a><\/div>\n","protected":false},"excerpt":{"rendered":"<p>El consumo de drogas es un grave problema con repercusiones tanto en la persona que las consume, como en el conjunto de [&hellip;]<\/p>\n","protected":false},"author":3,"featured_media":0,"parent":0,"menu_order":0,"comment_status":"closed","ping_status":"closed","template":"","meta":{"footnotes":""},"folder":[],"class_list":["post-5907","page","type-page","status-publish","hentry"],"rttpg_featured_image_url":null,"rttpg_author":{"display_name":"ies.becquer.moraleja","author_link":"https:\/\/site.educa.madrid.org\/ies.becquer.moraleja\/index.php\/author\/cuenta_ies-becquer-moraleja\/"},"rttpg_comment":0,"rttpg_category":false,"rttpg_excerpt":"El consumo de drogas es un grave problema con repercusiones tanto en la persona que las consume, como en el conjunto de [&hellip;]","post_mailing_queue_ids":[],"_links":{"self":[{"href":"https:\/\/site.educa.madrid.org\/ies.becquer.moraleja\/index.php\/wp-json\/wp\/v2\/pages\/5907","targetHints":{"allow":["GET"]}}],"collection":[{"href":"https:\/\/site.educa.madrid.org\/ies.becquer.moraleja\/index.php\/wp-json\/wp\/v2\/pages"}],"about":[{"href":"https:\/\/site.educa.madrid.org\/ies.becquer.moraleja\/index.php\/wp-json\/wp\/v2\/types\/page"}],"author":[{"embeddable":true,"href":"https:\/\/site.educa.madrid.org\/ies.becquer.moraleja\/index.php\/wp-json\/wp\/v2\/users\/3"}],"replies":[{"embeddable":true,"href":"https:\/\/site.educa.madrid.org\/ies.becquer.moraleja\/index.php\/wp-json\/wp\/v2\/comments?post=5907"}],"version-history":[{"count":2,"href":"https:\/\/site.educa.madrid.org\/ies.becquer.moraleja\/index.php\/wp-json\/wp\/v2\/pages\/5907\/revisions"}],"predecessor-version":[{"id":5911,"href":"https:\/\/site.educa.madrid.org\/ies.becquer.moraleja\/index.php\/wp-json\/wp\/v2\/pages\/5907\/revisions\/5911"}],"wp:attachment":[{"href":"https:\/\/site.educa.madrid.org\/ies.becquer.moraleja\/index.php\/wp-json\/wp\/v2\/media?parent=5907"}],"wp:term":[{"taxonomy":"folder","embeddable":true,"href":"https:\/\/site.educa.madrid.org\/ies.becquer.moraleja\/index.php\/wp-json\/wp\/v2\/folder?post=5907"}],"curies":[{"name":"wp","href":"https:\/\/api.w.org\/{rel}","templated":true}]}}