{"id":650,"date":"2022-11-30T11:09:33","date_gmt":"2022-11-30T10:09:33","guid":{"rendered":"https:\/\/site.educa.madrid.org\/ies.becquer.moraleja\/?page_id=650"},"modified":"2026-03-15T22:10:27","modified_gmt":"2026-03-15T21:10:27","slug":"informacion-a-familias-3","status":"publish","type":"page","link":"https:\/\/site.educa.madrid.org\/ies.becquer.moraleja\/index.php\/informacion-a-familias-3\/","title":{"rendered":"Informaci\u00f3n a familias"},"content":{"rendered":"\n<p>\u2022<\/p>\n\n\n\n<p><a href=\"https:\/\/site.educa.madrid.org\/ies.becquer.moraleja\/index.php\/contacto\/\">Contacto y correos electr\u00f3nicos<\/a>.<\/p>\n\n\n\n<p><a href=\"https:\/\/view.genially.com\/6268e9da4b52b000113da64d\/interactive-content-oferta-educadita-2023-24\">Oferta educativa: ense\u00f1anzas, etapas e itinerarios formativos<\/a>.<\/p>\n\n\n\n<p><a href=\"https:\/\/site.educa.madrid.org\/ies.becquer.moraleja\/index.php\/admision-2\/\">Proceso de Admisi\u00f3n<\/a><\/p>\n\n\n\n<p><a href=\"https:\/\/site.educa.madrid.org\/ies.becquer.moraleja\/index.php\/becas-y-ayudas\/\">Becas y ayudas<\/a><\/p>\n\n\n\n<p><a href=\"https:\/\/site.educa.madrid.org\/ies.becquer.moraleja\/index.php\/lineas-basicas-del-proyecto-educativo\/\">L\u00edneas B\u00e1sicas del Proyecto Educativo.<\/a><\/p>\n\n\n\n<p><a href=\"https:\/\/site.educa.madrid.org\/ies.becquer.moraleja\/index.php\/proyectos-y-planes\/\">Proyectos y programas<\/a>.<\/p>\n\n\n\n<p><a href=\"https:\/\/site.educa.madrid.org\/ies.becquer.moraleja\/index.php\/documentos-oficiales\/\">Documentos Institucionales.<\/a><\/p>\n\n\n\n<p><a href=\"https:\/\/site.educa.madrid.org\/ies.becquer.moraleja\/index.php\/relacion-actividades-complementarias-y-extraescolares\/\">Listado actividades complementarlas, extraescolares <\/a>.<br><br><a href=\"https:\/\/site.educa.madrid.org\/ies.becquer.moraleja\/index.php\/resultados-pruebas-diagnosticas\/\">Resultados pruebas generales educativas<\/a>.<\/p>\n\n\n\n<p><a href=\"https:\/\/site.educa.madrid.org\/ies.becquer.moraleja\/index.php\/servicios-complementarios\/\">Servicios complementarios<\/a><\/p>\n\n\n\n<p><\/p>\n","protected":false},"excerpt":{"rendered":"<p>\u2022 Contacto y correos electr\u00f3nicos. Oferta educativa: ense\u00f1anzas, etapas e itinerarios formativos. Proceso de Admisi\u00f3n Becas y ayudas L\u00edneas B\u00e1sicas del Proyecto [&hellip;]<\/p>\n","protected":false},"author":5,"featured_media":0,"parent":0,"menu_order":0,"comment_status":"closed","ping_status":"closed","template":"","meta":{"footnotes":""},"folder":[],"class_list":["post-650","page","type-page","status-publish","hentry"],"rttpg_featured_image_url":null,"rttpg_author":{"display_name":"Cuenta Admin-educamadrid","author_link":"https:\/\/site.educa.madrid.org\/ies.becquer.moraleja\/index.php\/author\/cuenta_admin-educamadrid\/"},"rttpg_comment":0,"rttpg_category":false,"rttpg_excerpt":"\u2022 Contacto y correos electr\u00f3nicos. Oferta educativa: ense\u00f1anzas, etapas e itinerarios formativos. Proceso de Admisi\u00f3n Becas y ayudas L\u00edneas B\u00e1sicas del Proyecto [&hellip;]","post_mailing_queue_ids":[],"_links":{"self":[{"href":"https:\/\/site.educa.madrid.org\/ies.becquer.moraleja\/index.php\/wp-json\/wp\/v2\/pages\/650","targetHints":{"allow":["GET"]}}],"collection":[{"href":"https:\/\/site.educa.madrid.org\/ies.becquer.moraleja\/index.php\/wp-json\/wp\/v2\/pages"}],"about":[{"href":"https:\/\/site.educa.madrid.org\/ies.becquer.moraleja\/index.php\/wp-json\/wp\/v2\/types\/page"}],"author":[{"embeddable":true,"href":"https:\/\/site.educa.madrid.org\/ies.becquer.moraleja\/index.php\/wp-json\/wp\/v2\/users\/5"}],"replies":[{"embeddable":true,"href":"https:\/\/site.educa.madrid.org\/ies.becquer.moraleja\/index.php\/wp-json\/wp\/v2\/comments?post=650"}],"version-history":[{"count":20,"href":"https:\/\/site.educa.madrid.org\/ies.becquer.moraleja\/index.php\/wp-json\/wp\/v2\/pages\/650\/revisions"}],"predecessor-version":[{"id":6274,"href":"https:\/\/site.educa.madrid.org\/ies.becquer.moraleja\/index.php\/wp-json\/wp\/v2\/pages\/650\/revisions\/6274"}],"wp:attachment":[{"href":"https:\/\/site.educa.madrid.org\/ies.becquer.moraleja\/index.php\/wp-json\/wp\/v2\/media?parent=650"}],"wp:term":[{"taxonomy":"folder","embeddable":true,"href":"https:\/\/site.educa.madrid.org\/ies.becquer.moraleja\/index.php\/wp-json\/wp\/v2\/folder?post=650"}],"curies":[{"name":"wp","href":"https:\/\/api.w.org\/{rel}","templated":true}]}}