{"id":10266,"date":"2025-01-15T23:09:40","date_gmt":"2025-01-15T22:09:40","guid":{"rendered":"https:\/\/site.educa.madrid.org\/ies.benjaminrua.mostoles\/?page_id=10266"},"modified":"2026-04-29T10:18:09","modified_gmt":"2026-04-29T08:18:09","slug":"tolerancia","status":"publish","type":"page","link":"https:\/\/site.educa.madrid.org\/ies.benjaminrua.mostoles\/index.php\/tolerancia\/","title":{"rendered":"Tolerancia"},"content":{"rendered":"\n<div class=\"wp-block-columns is-layout-flex wp-container-core-columns-is-layout-9d6595d7 wp-block-columns-is-layout-flex\">\n<div class=\"wp-block-column is-layout-flow wp-block-column-is-layout-flow\" style=\"flex-basis:100%\">\n<div class=\"wp-block-columns are-vertically-aligned-center is-layout-flex wp-container-core-columns-is-layout-9d6595d7 wp-block-columns-is-layout-flex\">\n<div class=\"wp-block-column is-vertically-aligned-center is-layout-flow wp-block-column-is-layout-flow\"><\/div>\n\n\n\n<div class=\"wp-block-column is-vertically-aligned-center is-layout-flow wp-block-column-is-layout-flow\"><\/div>\n<\/div>\n<\/div>\n<\/div>\n\n\n<div id=\"pl-gb10266-6a03945fb4943\"  class=\"panel-layout panel-layout\" ><div id=\"pg-gb10266-6a03945fb4943-0\"  class=\"panel-grid panel-no-style\"  data-style=\"{&quot;background_image_attachment&quot;:false,&quot;background_display&quot;:&quot;tile&quot;,&quot;background_image_size&quot;:&quot;full&quot;,&quot;background_image_opacity&quot;:&quot;100&quot;,&quot;border_thickness&quot;:&quot;1px&quot;,&quot;full_height&quot;:&quot;&quot;,&quot;cell_alignment&quot;:&quot;flex-start&quot;,&quot;link_overlay_new_window&quot;:&quot;&quot;}\" ><div id=\"pgc-gb10266-6a03945fb4943-0-0\"  class=\"panel-grid-cell\"  data-weight=\"1\" ><div id=\"panel-gb10266-6a03945fb4943-0-0-0\" class=\"so-panel widget widget_siteorigin-panels-builder panel-first-child panel-last-child\" data-index=\"0\" data-style=\"{&quot;background_image_attachment&quot;:false,&quot;background_display&quot;:&quot;tile&quot;,&quot;background_image_size&quot;:&quot;full&quot;,&quot;background_image_opacity&quot;:&quot;100&quot;,&quot;border_thickness&quot;:&quot;1px&quot;,&quot;link_overlay_new_window&quot;:&quot;&quot;}\" ><div id=\"pl-w69f1bebae4a77\"  class=\"panel-layout panel-layout\" ><div id=\"pg-w69f1bebae4a77-0\"  class=\"panel-grid panel-no-style\"  data-style=\"{&quot;background_image_attachment&quot;:false,&quot;background_display&quot;:&quot;tile&quot;,&quot;background_image_size&quot;:&quot;full&quot;,&quot;background_image_opacity&quot;:&quot;100&quot;,&quot;border_thickness&quot;:&quot;1px&quot;,&quot;full_height&quot;:&quot;&quot;,&quot;cell_alignment&quot;:&quot;flex-start&quot;,&quot;link_overlay_new_window&quot;:&quot;&quot;}\" ><div id=\"pgc-w69f1bebae4a77-0-0\"  class=\"panel-grid-cell\"  data-weight=\"0.6021978021978\" ><div id=\"panel-w69f1bebae4a77-0-0-0\" class=\"so-panel widget widget_siteorigin-panels-builder panel-first-child panel-last-child\" data-index=\"0\" data-style=\"{&quot;background_image_attachment&quot;:false,&quot;background_display&quot;:&quot;tile&quot;,&quot;background_image_size&quot;:&quot;full&quot;,&quot;background_image_opacity&quot;:&quot;100&quot;,&quot;border_thickness&quot;:&quot;1px&quot;,&quot;link_overlay_new_window&quot;:&quot;&quot;}\" ><div id=\"pl-w69f1bebae4a89\"  class=\"panel-layout panel-layout\" ><div id=\"pg-w69f1bebae4a89-0\"  class=\"panel-grid panel-no-style\" ><div id=\"pgc-w69f1bebae4a89-0-0\"  class=\"panel-grid-cell\"  data-weight=\"1\" ><div id=\"panel-w69f1bebae4a89-0-0-0\" class=\"so-panel widget widget_sow-headline panel-first-child panel-last-child\" data-index=\"0\" data-style=\"{&quot;background_image_attachment&quot;:false,&quot;background_display&quot;:&quot;tile&quot;,&quot;background_image_size&quot;:&quot;full&quot;,&quot;background_image_opacity&quot;:&quot;100&quot;,&quot;border_thickness&quot;:&quot;1px&quot;,&quot;link_overlay_new_window&quot;:&quot;&quot;}\" ><div\n\t\t\t\n\t\t\tclass=\"so-widget-sow-headline so-widget-sow-headline-default-3397590671dc so-widget-fittext-wrapper\"\n\t\t\t data-fit-text-compressor=\"0.85\"\n\t\t><div class=\"sow-headline-container \">\n\t\t\t\t\t\t\t<h2 class=\"sow-headline\">\n\t\t\t\t\t\tIES Benjam\u00edn R\u00faa\t\t\t\t\t\t<\/h2>\n\t\t\t\t\t\t\t\t\t\t\t<div class=\"decoration\">\n\t\t\t\t\t\t<div class=\"decoration-inside\"><\/div>\n\t\t\t\t\t<\/div>\n\t\t\t\t\t\t\t\t\t\t\t<h3 class=\"sow-sub-headline\">\n\t\t\t\t\t\t\t\t\t\t\t\t\t<a href=\"https:\/\/site.educa.madrid.org\/ies.benjaminrua.mostoles\/\/wp-content\/uploads\/ies.benjaminrua.mostoles\/2026\/02\/CertificadoTCE-2025-0001_ES_2025-09-30.pdf\" target=\"_blank\" rel=\"noopener noreferrer\">\n\t\t\t\t\t\t\t\tCertificado por AENOR como Centro Educativo Tolerante seg\u00fan la Especificaci\u00f3n UNE 0071:2021 GESTI\u00d3N DE LA TOLERANCIA EN CENTROS EDUCATIVOS<\/a>\t\t\t\t\t\t<\/h3>\n\t\t\t\t\t\t<\/div>\n<\/div><\/div><\/div><\/div><div id=\"pg-w69f1bebae4a89-1\"  class=\"panel-grid panel-no-style\"  data-style=\"{&quot;background_image_attachment&quot;:false,&quot;background_display&quot;:&quot;tile&quot;,&quot;background_image_size&quot;:&quot;full&quot;,&quot;background_image_opacity&quot;:&quot;100&quot;,&quot;border_thickness&quot;:&quot;1px&quot;,&quot;full_height&quot;:&quot;&quot;,&quot;cell_alignment&quot;:&quot;flex-start&quot;,&quot;link_overlay_new_window&quot;:&quot;&quot;}\" ><div id=\"pgc-w69f1bebae4a89-1-0\"  class=\"panel-grid-cell panel-grid-cell-empty\"  data-weight=\"1\" ><\/div><\/div><div id=\"pg-w69f1bebae4a89-2\"  class=\"panel-grid panel-no-style\"  data-style=\"{&quot;background_image_attachment&quot;:false,&quot;background_display&quot;:&quot;tile&quot;,&quot;background_image_size&quot;:&quot;full&quot;,&quot;background_image_opacity&quot;:&quot;100&quot;,&quot;border_thickness&quot;:&quot;1px&quot;,&quot;full_height&quot;:&quot;&quot;,&quot;cell_alignment&quot;:&quot;flex-start&quot;,&quot;link_overlay_new_window&quot;:&quot;&quot;}\" ><div id=\"pgc-w69f1bebae4a89-2-0\"  class=\"panel-grid-cell\"  data-style=\"{&quot;background_image_attachment&quot;:false,&quot;background_display&quot;:&quot;tile&quot;,&quot;background_image_size&quot;:&quot;full&quot;,&quot;background_image_opacity&quot;:&quot;100&quot;,&quot;border_thickness&quot;:&quot;1px&quot;,&quot;vertical_alignment&quot;:&quot;auto&quot;,&quot;link_overlay_new_window&quot;:&quot;&quot;}\"  data-weight=\"0.35311355311355\" ><div id=\"panel-w69f1bebae4a89-2-0-0\" class=\"so-panel widget widget_sow-button panel-first-child panel-last-child\" data-index=\"1\" data-style=\"{&quot;background_image_attachment&quot;:false,&quot;background_display&quot;:&quot;tile&quot;,&quot;background_image_size&quot;:&quot;full&quot;,&quot;background_image_opacity&quot;:&quot;100&quot;,&quot;border_thickness&quot;:&quot;1px&quot;,&quot;link_overlay_new_window&quot;:&quot;&quot;}\" ><div\n\t\t\t\n\t\t\tclass=\"so-widget-sow-button so-widget-sow-button-wire-9a6fe970704a\"\n\t\t\t\n\t\t><div class=\"ow-button-base ow-button-align-left\">\n\t<a\n\thref=\"https:\/\/site.educa.madrid.org\/ies.benjaminrua.mostoles\/\/wp-content\/uploads\/ies.benjaminrua.mostoles\/2025\/01\/POLITICA-DE-TOLERANCIA-IES-BENJAMIN-RUA.pdf\"\n\t\tclass=\"ow-icon-placement-left ow-button-hover\" target=\"_blank\" rel=\"noopener noreferrer\" \t>\n\t\t<span>\n\t\t\t\n\t\t\tPol\u00edtica de Tolerancia\t\t<\/span>\n\t<\/a>\n<\/div>\n<\/div><\/div><\/div><div id=\"pgc-w69f1bebae4a89-2-1\"  class=\"panel-grid-cell\"  data-weight=\"0.33992673992674\" ><div id=\"panel-w69f1bebae4a89-2-1-0\" class=\"so-panel widget widget_sow-button panel-first-child panel-last-child\" data-index=\"2\" data-style=\"{&quot;background_image_attachment&quot;:false,&quot;background_display&quot;:&quot;tile&quot;,&quot;background_image_size&quot;:&quot;full&quot;,&quot;background_image_opacity&quot;:&quot;100&quot;,&quot;border_thickness&quot;:&quot;1px&quot;,&quot;link_overlay_new_window&quot;:&quot;&quot;}\" ><div\n\t\t\t\n\t\t\tclass=\"so-widget-sow-button so-widget-sow-button-wire-d602b5accbcf\"\n\t\t\t\n\t\t><div class=\"ow-button-base ow-button-align-left\">\n\t<a\n\thref=\"https:\/\/site.educa.madrid.org\/ies.benjaminrua.mostoles\/\/wp-content\/uploads\/ies.benjaminrua.mostoles\/2026\/02\/OBJETIVOS-TOLERANCIA-PARA-LA-WEB-2.pdf\"\n\t\tclass=\"ow-icon-placement-left ow-button-hover\" target=\"_blank\" rel=\"noopener noreferrer\" \t>\n\t\t<span>\n\t\t\t\n\t\t\tObjetivos 2025\/2026\t\t<\/span>\n\t<\/a>\n<\/div>\n<\/div><\/div><\/div><div id=\"pgc-w69f1bebae4a89-2-2\"  class=\"panel-grid-cell\"  data-weight=\"0.30695970695971\" ><div id=\"panel-w69f1bebae4a89-2-2-0\" class=\"so-panel widget widget_sow-button panel-first-child panel-last-child\" data-index=\"3\" data-style=\"{&quot;background_image_attachment&quot;:false,&quot;background_display&quot;:&quot;tile&quot;,&quot;background_image_size&quot;:&quot;full&quot;,&quot;background_image_opacity&quot;:&quot;100&quot;,&quot;border_thickness&quot;:&quot;1px&quot;,&quot;link_overlay_new_window&quot;:&quot;&quot;}\" ><div\n\t\t\t\n\t\t\tclass=\"so-widget-sow-button so-widget-sow-button-wire-d602b5accbcf\"\n\t\t\t\n\t\t><div class=\"ow-button-base ow-button-align-left\">\n\t<a\n\thref=\"#\"\n\t\tclass=\"ow-icon-placement-left ow-button-hover\" target=\"_blank\" rel=\"noopener noreferrer\" \t>\n\t\t<span>\n\t\t\t\n\t\t\tProtocolos\t\t<\/span>\n\t<\/a>\n<\/div>\n<\/div><\/div><\/div><\/div><div id=\"pg-w69f1bebae4a89-3\"  class=\"panel-grid panel-no-style\"  data-style=\"{&quot;background_image_attachment&quot;:false,&quot;background_display&quot;:&quot;tile&quot;,&quot;background_image_size&quot;:&quot;full&quot;,&quot;background_image_opacity&quot;:&quot;100&quot;,&quot;border_thickness&quot;:&quot;1px&quot;,&quot;full_height&quot;:&quot;&quot;,&quot;cell_alignment&quot;:&quot;flex-start&quot;,&quot;link_overlay_new_window&quot;:&quot;&quot;}\" ><div id=\"pgc-w69f1bebae4a89-3-0\"  class=\"panel-grid-cell panel-grid-cell-empty\"  data-style=\"{&quot;background_image_attachment&quot;:false,&quot;background_display&quot;:&quot;tile&quot;,&quot;background_image_size&quot;:&quot;full&quot;,&quot;background_image_opacity&quot;:&quot;100&quot;,&quot;border_thickness&quot;:&quot;1px&quot;,&quot;vertical_alignment&quot;:&quot;auto&quot;,&quot;link_overlay_new_window&quot;:&quot;&quot;}\"  data-weight=\"0.34368172933195\" ><\/div><div id=\"pgc-w69f1bebae4a89-3-1\"  class=\"panel-grid-cell panel-grid-cell-mobile-last\"  data-weight=\"0.35144302633092\" ><div id=\"panel-w69f1bebae4a89-3-1-0\" class=\"so-panel widget widget_sow-button panel-first-child panel-last-child\" data-index=\"4\" data-style=\"{&quot;background_image_attachment&quot;:false,&quot;background_display&quot;:&quot;tile&quot;,&quot;background_image_size&quot;:&quot;full&quot;,&quot;background_image_opacity&quot;:&quot;100&quot;,&quot;border_thickness&quot;:&quot;1px&quot;,&quot;link_overlay_new_window&quot;:&quot;&quot;}\" ><div\n\t\t\t\n\t\t\tclass=\"so-widget-sow-button so-widget-sow-button-wire-9fefd0d017fa\"\n\t\t\t\n\t\t><div class=\"ow-button-base ow-button-align-center\">\n\t<a\n\thref=\"https:\/\/site.educa.madrid.org\/ies.benjaminrua.mostoles\/index.php\/__trashed\/\"\n\t\tclass=\"ow-icon-placement-left ow-button-hover\" target=\"_blank\" rel=\"noopener noreferrer\" \t>\n\t\t<span>\n\t\t\t\n\t\t\tComit\u00e9 de convivencia\t\t<\/span>\n\t<\/a>\n<\/div>\n<\/div><\/div><\/div><div id=\"pgc-w69f1bebae4a89-3-2\"  class=\"panel-grid-cell panel-grid-cell-empty\"  data-weight=\"0.30487524433713\" ><\/div><\/div><\/div><\/div><\/div><div id=\"pgc-w69f1bebae4a77-0-1\"  class=\"panel-grid-cell\"  data-weight=\"0.3978021978022\" ><div id=\"panel-w69f1bebae4a77-0-1-0\" class=\"so-panel widget widget_media_image panel-first-child panel-last-child\" data-index=\"1\" data-style=\"{&quot;background_image_attachment&quot;:false,&quot;background_display&quot;:&quot;tile&quot;,&quot;background_image_size&quot;:&quot;full&quot;,&quot;background_image_opacity&quot;:&quot;100&quot;,&quot;border_thickness&quot;:&quot;1px&quot;,&quot;border_radius&quot;:&quot;2px 2px 2px 2px&quot;,&quot;link_overlay_new_window&quot;:&quot;&quot;}\" ><div class=\"so-rounded panel-widget-style panel-widget-style-for-w69f1bebae4a77-0-1-0\" ><img loading=\"lazy\" decoding=\"async\" width=\"2560\" height=\"1707\" src=\"https:\/\/site.educa.madrid.org\/ies.benjaminrua.mostoles\/\/wp-content\/uploads\/ies.benjaminrua.mostoles\/2026\/04\/SI-VES-ALGO-scaled.jpg\" class=\"image wp-image-12798  attachment-full size-full\" alt=\"\" style=\"max-width: 100%; height: auto;\" srcset=\"https:\/\/site.educa.madrid.org\/ies.benjaminrua.mostoles\/\/wp-content\/uploads\/ies.benjaminrua.mostoles\/2026\/04\/SI-VES-ALGO-scaled.jpg 2560w, https:\/\/site.educa.madrid.org\/ies.benjaminrua.mostoles\/\/wp-content\/uploads\/ies.benjaminrua.mostoles\/2026\/04\/SI-VES-ALGO-300x200.jpg 300w, https:\/\/site.educa.madrid.org\/ies.benjaminrua.mostoles\/\/wp-content\/uploads\/ies.benjaminrua.mostoles\/2026\/04\/SI-VES-ALGO-1024x683.jpg 1024w, https:\/\/site.educa.madrid.org\/ies.benjaminrua.mostoles\/\/wp-content\/uploads\/ies.benjaminrua.mostoles\/2026\/04\/SI-VES-ALGO-768x512.jpg 768w, https:\/\/site.educa.madrid.org\/ies.benjaminrua.mostoles\/\/wp-content\/uploads\/ies.benjaminrua.mostoles\/2026\/04\/SI-VES-ALGO-391x260.jpg 391w, https:\/\/site.educa.madrid.org\/ies.benjaminrua.mostoles\/\/wp-content\/uploads\/ies.benjaminrua.mostoles\/2026\/04\/SI-VES-ALGO-1536x1024.jpg 1536w, https:\/\/site.educa.madrid.org\/ies.benjaminrua.mostoles\/\/wp-content\/uploads\/ies.benjaminrua.mostoles\/2026\/04\/SI-VES-ALGO-2048x1365.jpg 2048w, https:\/\/site.educa.madrid.org\/ies.benjaminrua.mostoles\/\/wp-content\/uploads\/ies.benjaminrua.mostoles\/2026\/04\/SI-VES-ALGO-272x182.jpg 272w, https:\/\/site.educa.madrid.org\/ies.benjaminrua.mostoles\/\/wp-content\/uploads\/ies.benjaminrua.mostoles\/2026\/04\/SI-VES-ALGO-360x240.jpg 360w\" sizes=\"auto, (max-width: 2560px) 100vw, 2560px\" \/><\/div><\/div><\/div><\/div><\/div><\/div><\/div><\/div><\/div>\n\n<div id=\"pl-gb10266-6a03945fb56c2\"  class=\"panel-layout panel-layout\" ><div id=\"pg-gb10266-6a03945fb56c2-0\"  class=\"panel-grid panel-no-style\" ><div id=\"pgc-gb10266-6a03945fb56c2-0-0\"  class=\"panel-grid-cell\"  data-weight=\"1\" ><div id=\"panel-gb10266-6a03945fb56c2-0-0-0\" class=\"so-panel widget widget_sow-icon panel-first-child panel-last-child\" data-index=\"0\" data-style=\"{&quot;background_image_attachment&quot;:false,&quot;background_display&quot;:&quot;tile&quot;,&quot;background_image_size&quot;:&quot;full&quot;,&quot;background_image_opacity&quot;:&quot;100&quot;,&quot;border_thickness&quot;:&quot;1px&quot;,&quot;link_overlay_new_window&quot;:&quot;&quot;}\" ><div\n\t\t\t\n\t\t\tclass=\"so-widget-sow-icon so-widget-sow-icon-default-ef3e143a7a32\"\n\t\t\t\n\t\t>\n<div class=\"sow-icon-container sow-icon\">\n\t\t\t<span class=\"sow-icon-fontawesome sow-far\" data-sow-icon=\"&#xf2d1;\"\n\t\t \n\t\taria-hidden=\"true\"><\/span>\t<\/div>\n<\/div><\/div><\/div><\/div><\/div>\n\n\n<p><\/p>\n","protected":false},"excerpt":{"rendered":"","protected":false},"author":2,"featured_media":0,"parent":0,"menu_order":0,"comment_status":"closed","ping_status":"closed","template":"","meta":{"footnotes":""},"folder":[],"class_list":["post-10266","page","type-page","status-publish","hentry"],"rttpg_featured_image_url":null,"rttpg_author":{"display_name":"Tic ies benjaminrua mostoles","author_link":"https:\/\/site.educa.madrid.org\/ies.benjaminrua.mostoles\/index.php\/author\/cuenta_tic-ies-benjaminrua-mostoles\/"},"rttpg_comment":0,"rttpg_category":false,"rttpg_excerpt":null,"post_mailing_queue_ids":[],"_links":{"self":[{"href":"https:\/\/site.educa.madrid.org\/ies.benjaminrua.mostoles\/index.php\/wp-json\/wp\/v2\/pages\/10266","targetHints":{"allow":["GET"]}}],"collection":[{"href":"https:\/\/site.educa.madrid.org\/ies.benjaminrua.mostoles\/index.php\/wp-json\/wp\/v2\/pages"}],"about":[{"href":"https:\/\/site.educa.madrid.org\/ies.benjaminrua.mostoles\/index.php\/wp-json\/wp\/v2\/types\/page"}],"author":[{"embeddable":true,"href":"https:\/\/site.educa.madrid.org\/ies.benjaminrua.mostoles\/index.php\/wp-json\/wp\/v2\/users\/2"}],"replies":[{"embeddable":true,"href":"https:\/\/site.educa.madrid.org\/ies.benjaminrua.mostoles\/index.php\/wp-json\/wp\/v2\/comments?post=10266"}],"version-history":[{"count":50,"href":"https:\/\/site.educa.madrid.org\/ies.benjaminrua.mostoles\/index.php\/wp-json\/wp\/v2\/pages\/10266\/revisions"}],"predecessor-version":[{"id":12815,"href":"https:\/\/site.educa.madrid.org\/ies.benjaminrua.mostoles\/index.php\/wp-json\/wp\/v2\/pages\/10266\/revisions\/12815"}],"wp:attachment":[{"href":"https:\/\/site.educa.madrid.org\/ies.benjaminrua.mostoles\/index.php\/wp-json\/wp\/v2\/media?parent=10266"}],"wp:term":[{"taxonomy":"folder","embeddable":true,"href":"https:\/\/site.educa.madrid.org\/ies.benjaminrua.mostoles\/index.php\/wp-json\/wp\/v2\/folder?post=10266"}],"curies":[{"name":"wp","href":"https:\/\/api.w.org\/{rel}","templated":true}]}}