{"id":10732,"date":"2025-05-27T12:08:18","date_gmt":"2025-05-27T10:08:18","guid":{"rendered":"https:\/\/site.educa.madrid.org\/ies.benjaminrua.mostoles\/?page_id=10732"},"modified":"2025-11-07T13:47:47","modified_gmt":"2025-11-07T12:47:47","slug":"ka121-vet-25-26-3","status":"publish","type":"page","link":"https:\/\/site.educa.madrid.org\/ies.benjaminrua.mostoles\/index.php\/ka121-vet-25-26-3\/","title":{"rendered":"KA121-VET 25-26"},"content":{"rendered":"\n<div class=\"wp-block-group alignfull has-background\" style=\"background-color:#e4f5ff;padding-top:6vw;padding-right:6vw;padding-bottom:6vw;padding-left:6vw\"><div class=\"wp-block-group__inner-container is-layout-flow wp-block-group-is-layout-flow\">\n<div class=\"wp-block-group is-vertical is-nowrap is-layout-flex wp-container-core-group-is-layout-287ef9cb wp-block-group-is-layout-flex\" style=\"padding-right:0;padding-left:0\">\n<h6 class=\"wp-block-heading has-text-color\" id=\"ecosystem\" style=\"color:#000000;font-size:21px\"><mark style=\"background-color:rgba(0, 0, 0, 0);color:#1007ae\" class=\"has-inline-color\">ERASMUS+ CICLOS FORMATIVOS DE GRADO MEDIO<\/mark><\/h6>\n\n\n\n<p class=\"has-text-align-center has-text-color\" style=\"color:#000000;font-size:54px;font-style:normal;font-weight:700;letter-spacing:1px;line-height:0.9;text-decoration:none;text-transform:none\"><mark style=\"background-color:rgba(0, 0, 0, 0);color:#1007ae\" class=\"has-inline-color\">Proyecto KA121-VET 2025-2026<\/mark><\/p>\n\n\n\n<hr class=\"wp-block-separator has-alpha-channel-opacity is-style-wide wp-container-content-9cfa9a5a\"\/>\n<\/div>\n\n\n\n<div style=\"height:20px\" aria-hidden=\"true\" class=\"wp-block-spacer\"><\/div>\n\n\n\n<hr class=\"wp-block-separator has-text-color has-black-color has-alpha-channel-opacity has-black-background-color has-background is-style-default\"\/>\n\n\n<div class=\"wp-block-image\">\n<figure class=\"aligncenter size-full is-resized\"><a href=\"https:\/\/site.educa.madrid.org\/ies.benjaminrua.mostoles\/\/wp-content\/uploads\/ies.benjaminrua.mostoles\/2025\/11\/Seleccionados-GM-25-26_DNI.pdf\"><img loading=\"lazy\" decoding=\"async\" width=\"720\" height=\"405\" src=\"https:\/\/site.educa.madrid.org\/ies.benjaminrua.mostoles\/\/wp-content\/uploads\/ies.benjaminrua.mostoles\/2025\/05\/Seleccionados-KA121_2025.jpg\" alt=\"\" class=\"wp-image-10735\" style=\"width:524px;height:295px\" srcset=\"https:\/\/site.educa.madrid.org\/ies.benjaminrua.mostoles\/\/wp-content\/uploads\/ies.benjaminrua.mostoles\/2025\/05\/Seleccionados-KA121_2025.jpg 720w, https:\/\/site.educa.madrid.org\/ies.benjaminrua.mostoles\/\/wp-content\/uploads\/ies.benjaminrua.mostoles\/2025\/05\/Seleccionados-KA121_2025-300x169.jpg 300w\" sizes=\"auto, (max-width: 720px) 100vw, 720px\" \/><\/a><\/figure>\n<\/div>\n\n\n<div style=\"height:50px\" aria-hidden=\"true\" class=\"wp-block-spacer\"><\/div>\n\n\n\n<div class=\"wp-block-group alignwide\" style=\"padding-top:0;padding-right:0;padding-bottom:0;padding-left:0\"><div class=\"wp-block-group__inner-container is-layout-constrained wp-container-core-group-is-layout-2e61eaf5 wp-block-group-is-layout-constrained\">\n<div class=\"wp-block-columns alignwide is-layout-flex wp-container-core-columns-is-layout-2656d967 wp-block-columns-is-layout-flex\">\n<div class=\"wp-block-column is-layout-flow wp-block-column-is-layout-flow\" style=\"flex-basis:40%\">\n<figure class=\"wp-block-image size-full\"><img loading=\"lazy\" decoding=\"async\" width=\"456\" height=\"110\" src=\"https:\/\/site.educa.madrid.org\/ies.benjaminrua.mostoles\/\/wp-content\/uploads\/ies.benjaminrua.mostoles\/2025\/05\/Cofinanciado.png\" alt=\"\" class=\"wp-image-10744\" srcset=\"https:\/\/site.educa.madrid.org\/ies.benjaminrua.mostoles\/\/wp-content\/uploads\/ies.benjaminrua.mostoles\/2025\/05\/Cofinanciado.png 456w, https:\/\/site.educa.madrid.org\/ies.benjaminrua.mostoles\/\/wp-content\/uploads\/ies.benjaminrua.mostoles\/2025\/05\/Cofinanciado-300x72.png 300w\" sizes=\"auto, (max-width: 456px) 100vw, 456px\" \/><\/figure>\n\n\n\n<p style=\"font-size:22px\">Accede, en esta p\u00e1gina, a toda la infromaci\u00f3n sobre el <mark style=\"background-color:rgba(0, 0, 0, 0);color:#110d94\" class=\"has-inline-color\"><strong>Programa Erasmus+<\/strong><\/mark> para el curso 2025-2026.<\/p>\n\n\n\n<p style=\"font-size:22px\">Prepara tus documentos para que puedas disfrutar de una de las <strong><mark style=\"background-color:rgba(0, 0, 0, 0);color:#250a93\" class=\"has-inline-color\">movilidades<\/mark><\/strong> que ofertamos para el pr\u00f3ximo curso.<\/p>\n\n\n\n<div style=\"height:50px\" aria-hidden=\"true\" class=\"wp-block-spacer\"><\/div>\n\n\n\n<div style=\"height:20px\" aria-hidden=\"true\" class=\"wp-block-spacer\"><\/div>\n<\/div>\n\n\n\n<div class=\"wp-block-column is-layout-flow wp-block-column-is-layout-flow\" style=\"flex-basis:40%\">\n<div style=\"height:2vw\" aria-hidden=\"true\" class=\"wp-block-spacer\"><\/div>\n\n\n\n<figure class=\"wp-block-image alignfull size-large\"><img loading=\"lazy\" decoding=\"async\" width=\"768\" height=\"1024\" src=\"https:\/\/site.educa.madrid.org\/ies.benjaminrua.mostoles\/\/wp-content\/uploads\/ies.benjaminrua.mostoles\/2025\/05\/WhatsApp-Image-2025-03-24-at-16.07.14-768x1024.jpeg\" alt=\"\" class=\"wp-image-10648\" srcset=\"https:\/\/site.educa.madrid.org\/ies.benjaminrua.mostoles\/\/wp-content\/uploads\/ies.benjaminrua.mostoles\/2025\/05\/WhatsApp-Image-2025-03-24-at-16.07.14-768x1024.jpeg 768w, https:\/\/site.educa.madrid.org\/ies.benjaminrua.mostoles\/\/wp-content\/uploads\/ies.benjaminrua.mostoles\/2025\/05\/WhatsApp-Image-2025-03-24-at-16.07.14-225x300.jpeg 225w, https:\/\/site.educa.madrid.org\/ies.benjaminrua.mostoles\/\/wp-content\/uploads\/ies.benjaminrua.mostoles\/2025\/05\/WhatsApp-Image-2025-03-24-at-16.07.14-300x400.jpeg 300w, https:\/\/site.educa.madrid.org\/ies.benjaminrua.mostoles\/\/wp-content\/uploads\/ies.benjaminrua.mostoles\/2025\/05\/WhatsApp-Image-2025-03-24-at-16.07.14-1152x1536.jpeg 1152w, https:\/\/site.educa.madrid.org\/ies.benjaminrua.mostoles\/\/wp-content\/uploads\/ies.benjaminrua.mostoles\/2025\/05\/WhatsApp-Image-2025-03-24-at-16.07.14.jpeg 1536w\" sizes=\"auto, (max-width: 768px) 100vw, 768px\" \/><\/figure>\n<\/div>\n\n\n\n<div class=\"wp-block-column is-vertically-aligned-stretch is-layout-flow wp-block-column-is-layout-flow\" style=\"flex-basis:40%\">\n<figure class=\"wp-block-image size-large\"><img loading=\"lazy\" decoding=\"async\" width=\"1024\" height=\"768\" src=\"https:\/\/site.educa.madrid.org\/ies.benjaminrua.mostoles\/\/wp-content\/uploads\/ies.benjaminrua.mostoles\/2025\/05\/WhatsApp-Image-2025-03-24-at-13.36.41-1024x768.jpeg\" alt=\"\" class=\"wp-image-10637\" srcset=\"https:\/\/site.educa.madrid.org\/ies.benjaminrua.mostoles\/\/wp-content\/uploads\/ies.benjaminrua.mostoles\/2025\/05\/WhatsApp-Image-2025-03-24-at-13.36.41-1024x768.jpeg 1024w, https:\/\/site.educa.madrid.org\/ies.benjaminrua.mostoles\/\/wp-content\/uploads\/ies.benjaminrua.mostoles\/2025\/05\/WhatsApp-Image-2025-03-24-at-13.36.41-300x225.jpeg 300w, https:\/\/site.educa.madrid.org\/ies.benjaminrua.mostoles\/\/wp-content\/uploads\/ies.benjaminrua.mostoles\/2025\/05\/WhatsApp-Image-2025-03-24-at-13.36.41-768x576.jpeg 768w, https:\/\/site.educa.madrid.org\/ies.benjaminrua.mostoles\/\/wp-content\/uploads\/ies.benjaminrua.mostoles\/2025\/05\/WhatsApp-Image-2025-03-24-at-13.36.41-1536x1152.jpeg 1536w, https:\/\/site.educa.madrid.org\/ies.benjaminrua.mostoles\/\/wp-content\/uploads\/ies.benjaminrua.mostoles\/2025\/05\/WhatsApp-Image-2025-03-24-at-13.36.41.jpeg 2048w\" sizes=\"auto, (max-width: 1024px) 100vw, 1024px\" \/><\/figure>\n\n\n\n<div style=\"height:10px\" aria-hidden=\"true\" class=\"wp-block-spacer\"><\/div>\n\n\n<div class=\"wp-block-image\">\n<figure class=\"aligncenter size-large\"><img loading=\"lazy\" decoding=\"async\" width=\"1024\" height=\"768\" src=\"https:\/\/site.educa.madrid.org\/ies.benjaminrua.mostoles\/\/wp-content\/uploads\/ies.benjaminrua.mostoles\/2025\/05\/WhatsApp-Image-2025-03-20-at-13.30.18-3-1024x768.jpeg\" alt=\"\" class=\"wp-image-10643\" srcset=\"https:\/\/site.educa.madrid.org\/ies.benjaminrua.mostoles\/\/wp-content\/uploads\/ies.benjaminrua.mostoles\/2025\/05\/WhatsApp-Image-2025-03-20-at-13.30.18-3-1024x768.jpeg 1024w, https:\/\/site.educa.madrid.org\/ies.benjaminrua.mostoles\/\/wp-content\/uploads\/ies.benjaminrua.mostoles\/2025\/05\/WhatsApp-Image-2025-03-20-at-13.30.18-3-300x225.jpeg 300w, https:\/\/site.educa.madrid.org\/ies.benjaminrua.mostoles\/\/wp-content\/uploads\/ies.benjaminrua.mostoles\/2025\/05\/WhatsApp-Image-2025-03-20-at-13.30.18-3-768x576.jpeg 768w, https:\/\/site.educa.madrid.org\/ies.benjaminrua.mostoles\/\/wp-content\/uploads\/ies.benjaminrua.mostoles\/2025\/05\/WhatsApp-Image-2025-03-20-at-13.30.18-3-1536x1152.jpeg 1536w, https:\/\/site.educa.madrid.org\/ies.benjaminrua.mostoles\/\/wp-content\/uploads\/ies.benjaminrua.mostoles\/2025\/05\/WhatsApp-Image-2025-03-20-at-13.30.18-3.jpeg 1600w\" sizes=\"auto, (max-width: 1024px) 100vw, 1024px\" \/><\/figure>\n<\/div><\/div>\n<\/div>\n\n\n\n<div class=\"wp-block-columns alignwide is-layout-flex wp-container-core-columns-is-layout-724a882f wp-block-columns-is-layout-flex\">\n<div class=\"wp-block-column is-vertically-aligned-center is-layout-flow wp-block-column-is-layout-flow\" style=\"flex-basis:50%\"><div class=\"wp-block-image\">\n<figure class=\"aligncenter size-full\"><img loading=\"lazy\" decoding=\"async\" width=\"1600\" height=\"1204\" src=\"https:\/\/site.educa.madrid.org\/ies.benjaminrua.mostoles\/\/wp-content\/uploads\/ies.benjaminrua.mostoles\/2025\/05\/WhatsApp-Image-2025-03-20-at-13.30.18-4.jpeg\" alt=\"\" class=\"wp-image-10644\" srcset=\"https:\/\/site.educa.madrid.org\/ies.benjaminrua.mostoles\/\/wp-content\/uploads\/ies.benjaminrua.mostoles\/2025\/05\/WhatsApp-Image-2025-03-20-at-13.30.18-4.jpeg 1600w, https:\/\/site.educa.madrid.org\/ies.benjaminrua.mostoles\/\/wp-content\/uploads\/ies.benjaminrua.mostoles\/2025\/05\/WhatsApp-Image-2025-03-20-at-13.30.18-4-300x226.jpeg 300w, https:\/\/site.educa.madrid.org\/ies.benjaminrua.mostoles\/\/wp-content\/uploads\/ies.benjaminrua.mostoles\/2025\/05\/WhatsApp-Image-2025-03-20-at-13.30.18-4-1024x771.jpeg 1024w, https:\/\/site.educa.madrid.org\/ies.benjaminrua.mostoles\/\/wp-content\/uploads\/ies.benjaminrua.mostoles\/2025\/05\/WhatsApp-Image-2025-03-20-at-13.30.18-4-768x578.jpeg 768w, https:\/\/site.educa.madrid.org\/ies.benjaminrua.mostoles\/\/wp-content\/uploads\/ies.benjaminrua.mostoles\/2025\/05\/WhatsApp-Image-2025-03-20-at-13.30.18-4-1536x1156.jpeg 1536w\" sizes=\"auto, (max-width: 1600px) 100vw, 1600px\" \/><\/figure>\n<\/div>\n\n\n<div style=\"height:100px\" aria-hidden=\"true\" class=\"wp-block-spacer\"><\/div>\n\n\n\n<h3 class=\"wp-block-heading has-text-align-center has-text-color\" style=\"color:#110d94;font-size:30px\"><strong>\u00abMU\u00c9VETE POR EUROPA CON LA FP\u00bb<\/strong><\/h3>\n\n\n\n<hr class=\"wp-block-separator alignfull has-text-color has-alpha-channel-opacity has-background is-style-dots\" style=\"background-color:#110d94;color:#110d94\"\/>\n\n\n<div class=\"wp-block-image\">\n<figure class=\"aligncenter size-full is-resized\"><img loading=\"lazy\" decoding=\"async\" width=\"340\" height=\"270\" src=\"https:\/\/site.educa.madrid.org\/ies.benjaminrua.mostoles\/\/wp-content\/uploads\/ies.benjaminrua.mostoles\/2025\/05\/bandera-UE.jpg\" alt=\"\" class=\"wp-image-10664\" style=\"width:383px;height:auto\" srcset=\"https:\/\/site.educa.madrid.org\/ies.benjaminrua.mostoles\/\/wp-content\/uploads\/ies.benjaminrua.mostoles\/2025\/05\/bandera-UE.jpg 340w, https:\/\/site.educa.madrid.org\/ies.benjaminrua.mostoles\/\/wp-content\/uploads\/ies.benjaminrua.mostoles\/2025\/05\/bandera-UE-300x238.jpg 300w\" sizes=\"auto, (max-width: 340px) 100vw, 340px\" \/><\/figure>\n<\/div><\/div>\n\n\n\n<div class=\"wp-block-column is-layout-flow wp-block-column-is-layout-flow\" style=\"flex-basis:60%\">\n<figure class=\"wp-block-image size-large\"><img loading=\"lazy\" decoding=\"async\" width=\"1024\" height=\"768\" src=\"https:\/\/site.educa.madrid.org\/ies.benjaminrua.mostoles\/\/wp-content\/uploads\/ies.benjaminrua.mostoles\/2025\/05\/WhatsApp-Image-2025-03-24-at-12.16.46-1024x768.jpeg\" alt=\"\" class=\"wp-image-10634\" srcset=\"https:\/\/site.educa.madrid.org\/ies.benjaminrua.mostoles\/\/wp-content\/uploads\/ies.benjaminrua.mostoles\/2025\/05\/WhatsApp-Image-2025-03-24-at-12.16.46-1024x768.jpeg 1024w, https:\/\/site.educa.madrid.org\/ies.benjaminrua.mostoles\/\/wp-content\/uploads\/ies.benjaminrua.mostoles\/2025\/05\/WhatsApp-Image-2025-03-24-at-12.16.46-300x225.jpeg 300w, https:\/\/site.educa.madrid.org\/ies.benjaminrua.mostoles\/\/wp-content\/uploads\/ies.benjaminrua.mostoles\/2025\/05\/WhatsApp-Image-2025-03-24-at-12.16.46-768x576.jpeg 768w, https:\/\/site.educa.madrid.org\/ies.benjaminrua.mostoles\/\/wp-content\/uploads\/ies.benjaminrua.mostoles\/2025\/05\/WhatsApp-Image-2025-03-24-at-12.16.46-1536x1152.jpeg 1536w, https:\/\/site.educa.madrid.org\/ies.benjaminrua.mostoles\/\/wp-content\/uploads\/ies.benjaminrua.mostoles\/2025\/05\/WhatsApp-Image-2025-03-24-at-12.16.46-2048x1536.jpeg 2048w\" sizes=\"auto, (max-width: 1024px) 100vw, 1024px\" \/><\/figure>\n\n\n\n<div style=\"height:30px\" aria-hidden=\"true\" class=\"wp-block-spacer\"><\/div>\n\n\n<div class=\"wp-block-image\">\n<figure class=\"aligncenter size-large is-resized\"><img loading=\"lazy\" decoding=\"async\" width=\"819\" height=\"1024\" src=\"https:\/\/site.educa.madrid.org\/ies.benjaminrua.mostoles\/\/wp-content\/uploads\/ies.benjaminrua.mostoles\/2023\/07\/CB514C58-025F-4148-9E2B-FB79FE7B09B4-819x1024.jpg\" alt=\"\" class=\"wp-image-7513\" style=\"aspect-ratio:0.8029197080291971;width:395px;height:auto\" srcset=\"https:\/\/site.educa.madrid.org\/ies.benjaminrua.mostoles\/\/wp-content\/uploads\/ies.benjaminrua.mostoles\/2023\/07\/CB514C58-025F-4148-9E2B-FB79FE7B09B4-819x1024.jpg 819w, https:\/\/site.educa.madrid.org\/ies.benjaminrua.mostoles\/\/wp-content\/uploads\/ies.benjaminrua.mostoles\/2023\/07\/CB514C58-025F-4148-9E2B-FB79FE7B09B4-240x300.jpg 240w, https:\/\/site.educa.madrid.org\/ies.benjaminrua.mostoles\/\/wp-content\/uploads\/ies.benjaminrua.mostoles\/2023\/07\/CB514C58-025F-4148-9E2B-FB79FE7B09B4-768x960.jpg 768w, https:\/\/site.educa.madrid.org\/ies.benjaminrua.mostoles\/\/wp-content\/uploads\/ies.benjaminrua.mostoles\/2023\/07\/CB514C58-025F-4148-9E2B-FB79FE7B09B4-1229x1536.jpg 1229w, https:\/\/site.educa.madrid.org\/ies.benjaminrua.mostoles\/\/wp-content\/uploads\/ies.benjaminrua.mostoles\/2023\/07\/CB514C58-025F-4148-9E2B-FB79FE7B09B4.jpg 1280w\" sizes=\"auto, (max-width: 819px) 100vw, 819px\" \/><\/figure>\n<\/div><\/div>\n<\/div>\n<\/div><\/div>\n\n\n\n<div class=\"wp-block-columns is-layout-flex wp-container-core-columns-is-layout-9d6595d7 wp-block-columns-is-layout-flex\">\n<div class=\"wp-block-column is-layout-flow wp-block-column-is-layout-flow\" style=\"flex-basis:100%\">\n<p class=\"has-text-color has-large-font-size\" style=\"color:#2b3f7e\"><strong>PARTICIPA<\/strong><\/p>\n\n\n\n<p class=\"has-text-color\" style=\"color:#272985;font-size:24px\"><span style=\"color: #000080;\">\u221a <a href=\"https:\/\/site.educa.madrid.org\/ies.benjaminrua.mostoles\/\/wp-content\/uploads\/ies.benjaminrua.mostoles\/2025\/05\/Erasmus-hibrido-25-26.pdf\"><mark style=\"background-color:rgba(0, 0, 0, 0);color:#272985\" class=\"has-inline-color\">\u00bfEn qu\u00e9 consiste el Proyecto Eurom\u00f3vilR\u00fa@?<\/mark><\/a><\/span><\/p>\n\n\n\n<p style=\"font-size:24px\"><span style=\"color: #000080;\">\u221a<\/span> <a href=\"https:\/\/www.youtube.com\/watch?v=xRV0AlB4aHM\"><mark style=\"background-color:rgba(0, 0, 0, 0);color:#110b71\" class=\"has-inline-color\">Video de la Jornada Erasmus celebrada en mayo de 2025<\/mark><\/a><\/p>\n\n\n\n<p class=\"has-text-color has-link-color wp-elements-a42089f1097985d9a4907ab017b4b5df\" style=\"color:#151778;font-size:24px\"><span style=\"color: #000080;\">\u221a <mark style=\"background-color:rgba(0, 0, 0, 0);color:#0f0c6f\" class=\"has-inline-color\"><a href=\"https:\/\/formularios.educa.madrid.org\/index.php\/666617?lang=es\">Solicitud de participaci\u00f3n<\/a><\/mark><\/span><\/p>\n\n\n\n<p class=\"has-text-color\" style=\"color:#272985;font-size:24px\"><span style=\"color: #000080;\">\u221a <a href=\"https:\/\/europa.eu\/europass\/es\/create-europass-cv\"><mark style=\"background-color:rgba(0, 0, 0, 0);color:#1d0c76\" class=\"has-inline-color\">CV Europass y carta de presentaci\u00f3n<\/mark><\/a><\/span><\/p>\n\n\n\n<p style=\"font-size:24px\"><span style=\"color: #000080;\">\u221a <a href=\"https:\/\/site.educa.madrid.org\/ies.benjaminrua.mostoles\/\/wp-content\/uploads\/ies.benjaminrua.mostoles\/2025\/05\/PDP_KA121_2025.pdf\"><mark style=\"background-color:rgba(0, 0, 0, 0);color:#272985\" class=\"has-inline-color\">Documento de Protecci\u00f3n de Datos Personales<\/mark><\/a><\/span><\/p>\n\n\n\n<p class=\"has-text-color\" style=\"color:#272985;font-size:24px\"><span style=\"color: #000080;\">\u221a <a href=\"https:\/\/site.educa.madrid.org\/ies.benjaminrua.mostoles\/\/wp-content\/uploads\/ies.benjaminrua.mostoles\/2025\/05\/Baremo_KA121_25-26-1.pdf\"><mark style=\"background-color:rgba(0, 0, 0, 0);color:#1d0c76\" class=\"has-inline-color\">Criterios de baremaci\u00f3n<\/mark><\/a><\/span><\/p>\n\n\n\n<p style=\"font-size:24px\"><span style=\"color: #000080;\">\u221a <a href=\"https:\/\/site.educa.madrid.org\/ies.benjaminrua.mostoles\/\/wp-content\/uploads\/ies.benjaminrua.mostoles\/2025\/10\/Calendario-entrevistas_KA121_25-26.pdf\"><mark style=\"background-color:rgba(0, 0, 0, 0);color:#1c0c6e\" class=\"has-inline-color\">Calendario de actuaciones para participantes<\/mark><\/a><\/span><\/p>\n<\/div>\n<\/div>\n\n\n\n<p class=\"has-text-align-center has-text-color\" style=\"color:#1b1d8a;font-size:33px\"><strong>El plazo de presentaci\u00f3n de solicitudes ser\u00e1 del 22 al 29 de septiembre de 2025<\/strong><\/p>\n<\/div><\/div>\n\n\n\n<p><\/p>\n","protected":false},"excerpt":{"rendered":"<p>ERASMUS+ CICLOS FORMATIVOS DE GRADO MEDIO Proyecto KA121-VET 2025-2026 Accede, en esta p\u00e1gina, a toda la infromaci\u00f3n sobre el Programa Erasmus+ para el curso 2025-2026. Prepara tus documentos para que &#8230;<\/p>\n","protected":false},"author":7,"featured_media":0,"parent":0,"menu_order":0,"comment_status":"closed","ping_status":"closed","template":"","meta":{"footnotes":""},"folder":[],"class_list":["post-10732","page","type-page","status-publish","hentry"],"rttpg_featured_image_url":null,"rttpg_author":{"display_name":"Miriam Reyes Padron","author_link":"https:\/\/site.educa.madrid.org\/ies.benjaminrua.mostoles\/index.php\/author\/miriam_reyes-padrn\/"},"rttpg_comment":0,"rttpg_category":false,"rttpg_excerpt":"ERASMUS+ CICLOS FORMATIVOS DE GRADO MEDIO Proyecto KA121-VET 2025-2026 Accede, en esta p\u00e1gina, a toda la infromaci\u00f3n sobre el Programa Erasmus+ para el curso 2025-2026. Prepara tus documentos para que ...","post_mailing_queue_ids":[],"_links":{"self":[{"href":"https:\/\/site.educa.madrid.org\/ies.benjaminrua.mostoles\/index.php\/wp-json\/wp\/v2\/pages\/10732","targetHints":{"allow":["GET"]}}],"collection":[{"href":"https:\/\/site.educa.madrid.org\/ies.benjaminrua.mostoles\/index.php\/wp-json\/wp\/v2\/pages"}],"about":[{"href":"https:\/\/site.educa.madrid.org\/ies.benjaminrua.mostoles\/index.php\/wp-json\/wp\/v2\/types\/page"}],"author":[{"embeddable":true,"href":"https:\/\/site.educa.madrid.org\/ies.benjaminrua.mostoles\/index.php\/wp-json\/wp\/v2\/users\/7"}],"replies":[{"embeddable":true,"href":"https:\/\/site.educa.madrid.org\/ies.benjaminrua.mostoles\/index.php\/wp-json\/wp\/v2\/comments?post=10732"}],"version-history":[{"count":15,"href":"https:\/\/site.educa.madrid.org\/ies.benjaminrua.mostoles\/index.php\/wp-json\/wp\/v2\/pages\/10732\/revisions"}],"predecessor-version":[{"id":12251,"href":"https:\/\/site.educa.madrid.org\/ies.benjaminrua.mostoles\/index.php\/wp-json\/wp\/v2\/pages\/10732\/revisions\/12251"}],"wp:attachment":[{"href":"https:\/\/site.educa.madrid.org\/ies.benjaminrua.mostoles\/index.php\/wp-json\/wp\/v2\/media?parent=10732"}],"wp:term":[{"taxonomy":"folder","embeddable":true,"href":"https:\/\/site.educa.madrid.org\/ies.benjaminrua.mostoles\/index.php\/wp-json\/wp\/v2\/folder?post=10732"}],"curies":[{"name":"wp","href":"https:\/\/api.w.org\/{rel}","templated":true}]}}