{"id":12803,"date":"2026-04-28T20:18:57","date_gmt":"2026-04-28T18:18:57","guid":{"rendered":"https:\/\/site.educa.madrid.org\/ies.benjaminrua.mostoles\/?page_id=12803"},"modified":"2026-04-29T10:20:05","modified_gmt":"2026-04-29T08:20:05","slug":"__trashed","status":"publish","type":"page","link":"https:\/\/site.educa.madrid.org\/ies.benjaminrua.mostoles\/index.php\/__trashed\/","title":{"rendered":"Comit\u00e9 de Convivencia"},"content":{"rendered":"\n<p>El <strong>comit\u00e9 de convivencia<\/strong> es una iniciativa que nace de la necesidad de dar el m\u00e1ximo protagonismo a los estudiantes de nuestro centro en la construcci\u00f3n de un entorno educativo basado en la tolerancia y el respeto mutuo.<\/p>\n\n\n<div class=\"wp-block-image\">\n<figure class=\"alignright is-resized\"><img loading=\"lazy\" decoding=\"async\" width=\"300\" height=\"200\" src=\"https:\/\/site.educa.madrid.org\/ies.benjaminrua.mostoles\/\/wp-content\/uploads\/ies.benjaminrua.mostoles\/2026\/04\/comite-convivencia-300x200.jpg\" alt=\"\" class=\"wp-image-12807\" style=\"width:339px;height:auto\" srcset=\"https:\/\/site.educa.madrid.org\/ies.benjaminrua.mostoles\/\/wp-content\/uploads\/ies.benjaminrua.mostoles\/2026\/04\/comite-convivencia-300x200.jpg 300w, https:\/\/site.educa.madrid.org\/ies.benjaminrua.mostoles\/\/wp-content\/uploads\/ies.benjaminrua.mostoles\/2026\/04\/comite-convivencia-1024x683.jpg 1024w, https:\/\/site.educa.madrid.org\/ies.benjaminrua.mostoles\/\/wp-content\/uploads\/ies.benjaminrua.mostoles\/2026\/04\/comite-convivencia-768x512.jpg 768w, https:\/\/site.educa.madrid.org\/ies.benjaminrua.mostoles\/\/wp-content\/uploads\/ies.benjaminrua.mostoles\/2026\/04\/comite-convivencia-391x260.jpg 391w, https:\/\/site.educa.madrid.org\/ies.benjaminrua.mostoles\/\/wp-content\/uploads\/ies.benjaminrua.mostoles\/2026\/04\/comite-convivencia-1536x1024.jpg 1536w, https:\/\/site.educa.madrid.org\/ies.benjaminrua.mostoles\/\/wp-content\/uploads\/ies.benjaminrua.mostoles\/2026\/04\/comite-convivencia-272x182.jpg 272w, https:\/\/site.educa.madrid.org\/ies.benjaminrua.mostoles\/\/wp-content\/uploads\/ies.benjaminrua.mostoles\/2026\/04\/comite-convivencia-360x240.jpg 360w, https:\/\/site.educa.madrid.org\/ies.benjaminrua.mostoles\/\/wp-content\/uploads\/ies.benjaminrua.mostoles\/2026\/04\/comite-convivencia.jpg 1920w\" sizes=\"auto, (max-width: 300px) 100vw, 300px\" \/><\/figure>\n<\/div>\n\n\n<p>El comit\u00e9 de convivencia est\u00e1 <strong>integrado por estudiantes<\/strong> de diferentes cursos, que trabajan juntos con dos objetivos:<\/p>\n\n\n\n<ol class=\"wp-block-list\">\n<li>Desarrollar propuestas que favorezcan el adecuado clima de convivencia en el centro&nbsp;<\/li>\n\n\n\n<li>Ser punto de encuentro de los estudiantes de cualquier ciclo o curso para canalizar las necesidades en materia de convivencia detectadas en el entorno escolar<\/li>\n<\/ol>\n\n\n\n<p>Si quieres formar parte activa de este Comit\u00e9 de Convivencia, rellena y env\u00eda el\u00a0 siguiente <a href=\"https:\/\/site.educa.madrid.org\/ies.benjaminrua.mostoles\/index.php\/formulario-contacto-comite-de-convivencia\/\"><strong>FORMULARIO<\/strong><\/a> y contactaremos contigo para empezar a trabajar juntos<\/p>\n\n\n\n<p>&nbsp;<\/p>\n\n\n\n<p><\/p>\n","protected":false},"excerpt":{"rendered":"<p>El comit\u00e9 de convivencia es una iniciativa que nace de la necesidad de dar el m\u00e1ximo protagonismo a los estudiantes de nuestro centro en la construcci\u00f3n de un entorno educativo &#8230;<\/p>\n","protected":false},"author":3,"featured_media":0,"parent":0,"menu_order":0,"comment_status":"closed","ping_status":"closed","template":"","meta":{"footnotes":""},"folder":[],"class_list":["post-12803","page","type-page","status-publish","hentry"],"rttpg_featured_image_url":null,"rttpg_author":{"display_name":"ies.benjaminrua.mostoles","author_link":"https:\/\/site.educa.madrid.org\/ies.benjaminrua.mostoles\/index.php\/author\/cuenta_ies-benjaminrua-mostoles\/"},"rttpg_comment":0,"rttpg_category":false,"rttpg_excerpt":"El comit\u00e9 de convivencia es una iniciativa que nace de la necesidad de dar el m\u00e1ximo protagonismo a los estudiantes de nuestro centro en la construcci\u00f3n de un entorno educativo ...","post_mailing_queue_ids":[],"_links":{"self":[{"href":"https:\/\/site.educa.madrid.org\/ies.benjaminrua.mostoles\/index.php\/wp-json\/wp\/v2\/pages\/12803","targetHints":{"allow":["GET"]}}],"collection":[{"href":"https:\/\/site.educa.madrid.org\/ies.benjaminrua.mostoles\/index.php\/wp-json\/wp\/v2\/pages"}],"about":[{"href":"https:\/\/site.educa.madrid.org\/ies.benjaminrua.mostoles\/index.php\/wp-json\/wp\/v2\/types\/page"}],"author":[{"embeddable":true,"href":"https:\/\/site.educa.madrid.org\/ies.benjaminrua.mostoles\/index.php\/wp-json\/wp\/v2\/users\/3"}],"replies":[{"embeddable":true,"href":"https:\/\/site.educa.madrid.org\/ies.benjaminrua.mostoles\/index.php\/wp-json\/wp\/v2\/comments?post=12803"}],"version-history":[{"count":4,"href":"https:\/\/site.educa.madrid.org\/ies.benjaminrua.mostoles\/index.php\/wp-json\/wp\/v2\/pages\/12803\/revisions"}],"predecessor-version":[{"id":12816,"href":"https:\/\/site.educa.madrid.org\/ies.benjaminrua.mostoles\/index.php\/wp-json\/wp\/v2\/pages\/12803\/revisions\/12816"}],"wp:attachment":[{"href":"https:\/\/site.educa.madrid.org\/ies.benjaminrua.mostoles\/index.php\/wp-json\/wp\/v2\/media?parent=12803"}],"wp:term":[{"taxonomy":"folder","embeddable":true,"href":"https:\/\/site.educa.madrid.org\/ies.benjaminrua.mostoles\/index.php\/wp-json\/wp\/v2\/folder?post=12803"}],"curies":[{"name":"wp","href":"https:\/\/api.w.org\/{rel}","templated":true}]}}