{"id":12805,"date":"2026-04-29T09:40:13","date_gmt":"2026-04-29T07:40:13","guid":{"rendered":"https:\/\/site.educa.madrid.org\/ies.benjaminrua.mostoles\/?page_id=12805"},"modified":"2026-05-12T16:11:18","modified_gmt":"2026-05-12T14:11:18","slug":"formulario-contacto-comite-de-convivencia","status":"publish","type":"page","link":"https:\/\/site.educa.madrid.org\/ies.benjaminrua.mostoles\/index.php\/formulario-contacto-comite-de-convivencia\/","title":{"rendered":"Formulario contacto &#8211;                    Comit\u00e9 de convivencia"},"content":{"rendered":"\n<p>El&nbsp;<strong>comit\u00e9 de convivencia<\/strong>&nbsp;es una iniciativa que nace de la necesidad de dar el m\u00e1ximo protagonismo a los estudiantes de nuestro centro en la construcci\u00f3n de un entorno educativo basado en la tolerancia y el respeto mutuo.<\/p>\n\n\n\n<figure class=\"wp-block-image\"><img loading=\"lazy\" decoding=\"async\" width=\"300\" height=\"200\" src=\"https:\/\/site.educa.madrid.org\/ies.benjaminrua.mostoles\/\/wp-content\/uploads\/ies.benjaminrua.mostoles\/2026\/04\/comite-convivencia-300x200.jpg\" alt=\"\" class=\"wp-image-12807\" srcset=\"https:\/\/site.educa.madrid.org\/ies.benjaminrua.mostoles\/\/wp-content\/uploads\/ies.benjaminrua.mostoles\/2026\/04\/comite-convivencia-300x200.jpg 300w, https:\/\/site.educa.madrid.org\/ies.benjaminrua.mostoles\/\/wp-content\/uploads\/ies.benjaminrua.mostoles\/2026\/04\/comite-convivencia-1024x683.jpg 1024w, https:\/\/site.educa.madrid.org\/ies.benjaminrua.mostoles\/\/wp-content\/uploads\/ies.benjaminrua.mostoles\/2026\/04\/comite-convivencia-768x512.jpg 768w, https:\/\/site.educa.madrid.org\/ies.benjaminrua.mostoles\/\/wp-content\/uploads\/ies.benjaminrua.mostoles\/2026\/04\/comite-convivencia-391x260.jpg 391w, https:\/\/site.educa.madrid.org\/ies.benjaminrua.mostoles\/\/wp-content\/uploads\/ies.benjaminrua.mostoles\/2026\/04\/comite-convivencia-1536x1024.jpg 1536w, https:\/\/site.educa.madrid.org\/ies.benjaminrua.mostoles\/\/wp-content\/uploads\/ies.benjaminrua.mostoles\/2026\/04\/comite-convivencia-272x182.jpg 272w, https:\/\/site.educa.madrid.org\/ies.benjaminrua.mostoles\/\/wp-content\/uploads\/ies.benjaminrua.mostoles\/2026\/04\/comite-convivencia-360x240.jpg 360w, https:\/\/site.educa.madrid.org\/ies.benjaminrua.mostoles\/\/wp-content\/uploads\/ies.benjaminrua.mostoles\/2026\/04\/comite-convivencia.jpg 1920w\" sizes=\"auto, (max-width: 300px) 100vw, 300px\" \/><\/figure>\n\n\n\n<p>El comit\u00e9 de convivencia est\u00e1&nbsp;<strong>integrado por estudiantes<\/strong>&nbsp;de diferentes cursos, que trabajan juntos con dos objetivos:<\/p>\n\n\n\n<ol class=\"wp-block-list\">\n<li>Desarrollar propuestas que favorezcan el adecuado clima de convivencia en el centro\u00a0<\/li>\n\n\n\n<li>Ser punto de encuentro de los estudiantes de cualquier ciclo o curso para canalizar las necesidades en materia de convivencia detectadas en el entorno escolar<\/li>\n<\/ol>\n\n\n\n<p>Si quieres formar parte activa de este Comit\u00e9 de Convivencia, rellena y env\u00eda el\u00a0 siguiente formulario<\/p>\n\n\n<div id=\"pl-gb12805-6a0394a560935\"  class=\"panel-layout panel-layout\" ><div id=\"pg-gb12805-6a0394a560935-0\"  class=\"panel-grid panel-no-style\" ><div id=\"pgc-gb12805-6a0394a560935-0-0\"  class=\"panel-grid-cell\"  data-weight=\"1\" ><div id=\"panel-gb12805-6a0394a560935-0-0-0\" class=\"so-panel widget widget_sow-contact-form panel-first-child panel-last-child\" data-index=\"0\" data-style=\"{&quot;background_image_attachment&quot;:false,&quot;background_display&quot;:&quot;tile&quot;,&quot;background_image_size&quot;:&quot;full&quot;,&quot;background_image_opacity&quot;:&quot;100&quot;,&quot;border_thickness&quot;:&quot;1px&quot;,&quot;link_overlay_new_window&quot;:&quot;&quot;}\" ><div\n\t\t\t\n\t\t\tclass=\"so-widget-sow-contact-form so-widget-sow-contact-form-default-1135b78c9488\"\n\t\t\t\n\t\t><h3 class=\"widget-title\">Formulario de contacto - Comit\u00e9 de Convivencia<\/h3>\t<form\n\t\taction=\"\/ies.benjaminrua.mostoles\/index.php\/wp-json\/wp\/v2\/pages\/12805\"\n\t\tmethod=\"POST\"\n\t\tclass=\"sow-contact-form\"\n\t\tid=\"contact-form-a4df\"\n\t>\n\n\t\t\n\t\t            <p><em>Los campos marcados con * son obligatorios<\/em><\/p>\n\t\t\t\t\t\t<div class=\"sow-form-field sow-form-field-name\">\n\t\t\t\t<label class=\"sow-form-field-label-above\" for=\"sow-contact-form-field-tu-nombre-20687337346996efac341a8219287942\">\n\t\t\t\t<strong>\n\t\t\t\t\tTu nombre\t\t\t\t\t\t\t\t\t\t\t<span class=\"sow-form-field-required\">*<\/span>\n\t\t\t\t\t\t\t\t\t<\/strong>\n\t\t\t<\/label>\n\t\t\t\t\t\t\t<span class=\"sow-field-container\">\n\t\t\t\t\t\t\t<input\n\t\t\ttype=\"text\"\n\t\t\tname=\"tu-nombre-20687337346996efac341a8219287942\"\n\t\t\tid=\"sow-contact-form-field-tu-nombre-20687337346996efac341a8219287942\"\n\t\t\tvalue=\"\"\n\t\t\tclass=\"sow-text-field\"\n\t\t\t\t\t\/>\n\t\t\t\t\t\t<\/span>\n\t\t\t\t\t\t\t<\/div>\n\t\t\t\t\t\t<div class=\"sow-form-field sow-form-field-name\">\n\t\t\t\t<label class=\"sow-form-field-label-above\" for=\"sow-contact-form-field-tu-grupo-o-curso-20687337346996efac341a8219287942\">\n\t\t\t\t<strong>\n\t\t\t\t\tTu grupo o curso\t\t\t\t\t\t\t\t\t\t\t<span class=\"sow-form-field-required\">*<\/span>\n\t\t\t\t\t\t\t\t\t<\/strong>\n\t\t\t<\/label>\n\t\t\t\t\t\t\t<span class=\"sow-field-container\">\n\t\t\t\t\t\t\t<input\n\t\t\ttype=\"text\"\n\t\t\tname=\"tu-grupo-o-curso-20687337346996efac341a8219287942\"\n\t\t\tid=\"sow-contact-form-field-tu-grupo-o-curso-20687337346996efac341a8219287942\"\n\t\t\tvalue=\"\"\n\t\t\tclass=\"sow-text-field\"\n\t\t\t\t\t\/>\n\t\t\t\t\t\t<\/span>\n\t\t\t\t\t\t\t<\/div>\n\t\t\t\t\t\t<div class=\"sow-form-field sow-form-field-email\">\n\t\t\t\t<label class=\"sow-form-field-label-above\" for=\"sow-contact-form-field-tu-correo-electrnico-20687337346996efac341a8219287942\">\n\t\t\t\t<strong>\n\t\t\t\t\tTu correo electr\u00f3nico\t\t\t\t\t\t\t\t\t<\/strong>\n\t\t\t<\/label>\n\t\t\t\t\t\t\t<span class=\"sow-field-container\">\n\t\t\t\t\t\t\t<input\n\t\t\ttype=\"email\"\n\t\t\tname=\"tu-correo-electrnico-20687337346996efac341a8219287942\"\n\t\t\tid=\"sow-contact-form-field-tu-correo-electrnico-20687337346996efac341a8219287942\"\n\t\t\tvalue=\"\"\n\t\t\tclass=\"sow-text-field\"\t\t\t\t\t\t\t\t\/>\n\t\t\t\t\t\t<\/span>\n\t\t\t\t\t\t\t<\/div>\n\t\t\t\t\t\t<div class=\"sow-form-field sow-form-field-tel\">\n\t\t\t\t<label class=\"sow-form-field-label-above\" for=\"sow-contact-form-field-tu-nmero-de-telfono-20687337346996efac341a8219287942\">\n\t\t\t\t<strong>\n\t\t\t\t\tTu n\u00famero de tel\u00e9fono\t\t\t\t\t\t\t\t\t<\/strong>\n\t\t\t<\/label>\n\t\t\t\t\t\t\t<span class=\"sow-field-container\">\n\t\t\t\t\t\t\t<input\n\t\t\ttype=\"tel\"\n\t\t\tname=\"tu-nmero-de-telfono-20687337346996efac341a8219287942\"\n\t\t\tid=\"sow-contact-form-field-tu-nmero-de-telfono-20687337346996efac341a8219287942\"\n\t\t\tvalue=\"\"\n\t\t\tclass=\"sow-text-field\"\t\t\t\t\t\t\t\t\/>\n\t\t\t\t\t\t<\/span>\n\t\t\t\t\t\t\t<\/div>\n\t\t\t\t\t\t<input type=\"text\" name=\"sow-20687337346996efac341a8219287942\" class=\"sow-text-field\" style=\"display: none !important; visibility: hidden !important;\" autocomplete=\"off\" aria-hidden=\"true\">\n\t\t\n\t\t\n\t\t<div class=\"sow-submit-wrapper sow-submit-styled\">\n\n\t\t\t<!----------- EducaMadrid captcha------------------------->\n\n                        <!----------- Educa Madrid FIN captcha------------------------->\n\n\t\t\t<button class=\"sow-submit\"\n\t\t\t\t\t\t\t>\n\t\t\t\tEnviar\t\t\t<\/button>\n\t\t<\/div>\n\t\t<input type=\"hidden\" name=\"instance_hash\" value=\"a4df80e6545fbb79bacbae403d8f250b\" \/>\n\t\t<input type=\"hidden\" id=\"_wpnonce\" name=\"_wpnonce\" value=\"ae9ee7f202\" \/><input type=\"hidden\" name=\"_wp_http_referer\" value=\"\/ies.benjaminrua.mostoles\/index.php\/wp-json\/wp\/v2\/pages\/12805\" \/>\t<\/form>\n\t<\/div><\/div><\/div><\/div><\/div>\n\n\n<p><\/p>\n","protected":false},"excerpt":{"rendered":"<p>El&nbsp;comit\u00e9 de convivencia&nbsp;es una iniciativa que nace de la necesidad de dar el m\u00e1ximo protagonismo a los estudiantes de nuestro centro en la construcci\u00f3n de un entorno educativo basado en &#8230;<\/p>\n","protected":false},"author":3,"featured_media":0,"parent":0,"menu_order":0,"comment_status":"closed","ping_status":"closed","template":"","meta":{"footnotes":""},"folder":[],"class_list":["post-12805","page","type-page","status-publish","hentry"],"rttpg_featured_image_url":null,"rttpg_author":{"display_name":"ies.benjaminrua.mostoles","author_link":"https:\/\/site.educa.madrid.org\/ies.benjaminrua.mostoles\/index.php\/author\/cuenta_ies-benjaminrua-mostoles\/"},"rttpg_comment":0,"rttpg_category":false,"rttpg_excerpt":"El&nbsp;comit\u00e9 de convivencia&nbsp;es una iniciativa que nace de la necesidad de dar el m\u00e1ximo protagonismo a los estudiantes de nuestro centro en la construcci\u00f3n de un entorno educativo basado en ...","post_mailing_queue_ids":[],"_links":{"self":[{"href":"https:\/\/site.educa.madrid.org\/ies.benjaminrua.mostoles\/index.php\/wp-json\/wp\/v2\/pages\/12805","targetHints":{"allow":["GET"]}}],"collection":[{"href":"https:\/\/site.educa.madrid.org\/ies.benjaminrua.mostoles\/index.php\/wp-json\/wp\/v2\/pages"}],"about":[{"href":"https:\/\/site.educa.madrid.org\/ies.benjaminrua.mostoles\/index.php\/wp-json\/wp\/v2\/types\/page"}],"author":[{"embeddable":true,"href":"https:\/\/site.educa.madrid.org\/ies.benjaminrua.mostoles\/index.php\/wp-json\/wp\/v2\/users\/3"}],"replies":[{"embeddable":true,"href":"https:\/\/site.educa.madrid.org\/ies.benjaminrua.mostoles\/index.php\/wp-json\/wp\/v2\/comments?post=12805"}],"version-history":[{"count":7,"href":"https:\/\/site.educa.madrid.org\/ies.benjaminrua.mostoles\/index.php\/wp-json\/wp\/v2\/pages\/12805\/revisions"}],"predecessor-version":[{"id":12837,"href":"https:\/\/site.educa.madrid.org\/ies.benjaminrua.mostoles\/index.php\/wp-json\/wp\/v2\/pages\/12805\/revisions\/12837"}],"wp:attachment":[{"href":"https:\/\/site.educa.madrid.org\/ies.benjaminrua.mostoles\/index.php\/wp-json\/wp\/v2\/media?parent=12805"}],"wp:term":[{"taxonomy":"folder","embeddable":true,"href":"https:\/\/site.educa.madrid.org\/ies.benjaminrua.mostoles\/index.php\/wp-json\/wp\/v2\/folder?post=12805"}],"curies":[{"name":"wp","href":"https:\/\/api.w.org\/{rel}","templated":true}]}}