{"id":187,"date":"2021-02-03T08:15:21","date_gmt":"2021-02-03T07:15:21","guid":{"rendered":"https:\/\/site.educa.madrid.org\/ies.benjaminrua.mostoles\/?page_id=187"},"modified":"2024-05-28T13:46:39","modified_gmt":"2024-05-28T11:46:39","slug":"secretaria","status":"publish","type":"page","link":"https:\/\/site.educa.madrid.org\/ies.benjaminrua.mostoles\/index.php\/secretaria\/","title":{"rendered":"Secretar\u00eda (anterior)"},"content":{"rendered":"\n<p><strong>HORARIOS DE ATENCI\u00d3N AL P\u00daBLICO<\/strong><\/p>\n\n\n\n<p><strong>De lunes a viernes de 10:00 a 13:00 horas y mi\u00e9rcoles&nbsp; de 17:00 a 18:00 horas (s\u00f3lo en periodo lectivo). El horario de tarde no est\u00e1 habilitado para realizar tr\u00e1mites relacionados con procesos de admisi\u00f3n.<\/strong><\/p>\n\n\n\n<hr class=\"wp-block-separator has-css-opacity\"\/>\n\n\n\n<p><em><strong><mark style=\"background-color:#7bdcb5\" class=\"has-inline-color has-black-color\">MATR\u00cdCULA CURSO 24-25. ALUMNOS DEL CENTRO.<\/mark><\/strong><\/em><\/p>\n\n\n\n<p class=\"has-text-align-left\"><strong><mark style=\"background-color:rgba(0, 0, 0, 0)\" class=\"has-inline-color has-luminous-vivid-orange-color\">CICLOS FORMATIVOS DE GRADO MEDIO.<\/mark><\/strong> Los estudiantes de primero y los de segundo que no titulen en junio, deber\u00e1n matricularse para el curso 24-25 a partir del 22 de mayo, seg\u00fan calendario informado por el tutor\/a. La documentaci\u00f3n para la matr\u00edcula puede encontrarse a continuaci\u00f3n, as\u00ed como las instrucciones para su formalizaci\u00f3n, que deber\u00e1 realizarse presencialmente en la secretar\u00eda del centro.<\/p>\n\n\n\n<p><a href=\"https:\/\/site.educa.madrid.org\/ies.benjaminrua.mostoles\/\/wp-content\/uploads\/ies.benjaminrua.mostoles\/2024\/05\/IMPRESO-MATRICULA_CFGM_alumnos_centro.pdf\" data-type=\"URL\">Impreso de matr\u00edcula <\/a><\/p>\n\n\n\n<p><a href=\"https:\/\/site.educa.madrid.org\/ies.benjaminrua.mostoles\/\/wp-content\/uploads\/ies.benjaminrua.mostoles\/2024\/05\/CONSENTIMIENTO-INFORMADO-MAYORES-DE-EDAD-2021-V11.pdf\">Consentimiento informado para el tratamiento de datos de car\u00e1cter personal<\/a><\/p>\n\n\n\n<p><a href=\"https:\/\/site.educa.madrid.org\/ies.benjaminrua.mostoles\/\/wp-content\/uploads\/ies.benjaminrua.mostoles\/2024\/05\/DECLARACION-RESPONSABLE-MENORES-DE-EDAD.pdf\">Declaraci\u00f3n responsable menores de edad <\/a><\/p>\n\n\n\n<p><strong><mark style=\"background-color:rgba(0, 0, 0, 0)\" class=\"has-inline-color has-luminous-vivid-orange-color\">CURSO DE ESPECIALIZACI\u00d3N EN CULTIVOS CELULARES.<\/mark><\/strong> Los estudiantes que no hayan superado todos los m\u00f3dulos profesionales, deber\u00e1n matricularse para el curso 24-25 a partir del 22 de mayo, seg\u00fan calendario informado por el tutor\/a. La documentaci\u00f3n para la matr\u00edcula puede encontrarse a continuaci\u00f3n, as\u00ed como las instrucciones para su formalizaci\u00f3n, que deber\u00e1 realizarse presencialmente en la secretar\u00eda del centro.<\/p>\n\n\n\n<p><a href=\"https:\/\/site.educa.madrid.org\/ies.benjaminrua.mostoles\/\/wp-content\/uploads\/ies.benjaminrua.mostoles\/2024\/05\/IMPRESO-MATRICULA_CULTIVOS_CELULARES_ALUMNOS-DEL-CENTRO.pdf\">Impreso de matr\u00edcula <\/a><\/p>\n\n\n\n<p><a href=\"https:\/\/site.educa.madrid.org\/ies.benjaminrua.mostoles\/\/wp-content\/uploads\/ies.benjaminrua.mostoles\/2024\/05\/CONSENTIMIENTO-INFORMADO-MAYORES-DE-EDAD-2021-V11.pdf\">Consentimiento informado para el tratamiento de datos de car\u00e1cter personal<\/a><\/p>\n\n\n\n<p><strong><mark style=\"background-color:rgba(0, 0, 0, 0)\" class=\"has-inline-color has-luminous-vivid-orange-color\">CICLOS FORMATIVOS DE GRADO SUPERIOR.<\/mark><\/strong> <strong>S\u00f3lo los estudiantes que  hayan superado todos los m\u00f3dulos profesionales de 1\u00ba en la convocatoria ordinaria de junio <\/strong>deber\u00e1n matricularse para el curso 24-25 a partir del 13 de junio, seg\u00fan calendario informado por el tutor\/a. La documentaci\u00f3n para la matr\u00edcula puede encontrarse a continuaci\u00f3n, as\u00ed como las instrucciones para su formalizaci\u00f3n, que deber\u00e1 realizarse presencialmente en la secretar\u00eda del centro<\/p>\n\n\n\n<p><a href=\"https:\/\/site.educa.madrid.org\/ies.benjaminrua.mostoles\/\/wp-content\/uploads\/ies.benjaminrua.mostoles\/2024\/05\/IMPRESO-MATRICULA_CFGS_ORDINARIA_alumnos_centro.pdf\">Impreso de matr\u00edcula<\/a><\/p>\n\n\n\n<p><a href=\"https:\/\/site.educa.madrid.org\/ies.benjaminrua.mostoles\/\/wp-content\/uploads\/ies.benjaminrua.mostoles\/2024\/05\/CONSENTIMIENTO-INFORMADO-MAYORES-DE-EDAD-2021-V11.pdf\">Consentimiento informado para el tratamiento de datos de car\u00e1cter personal<\/a><\/p>\n\n\n\n<p><strong><mark style=\"background-color:rgba(0, 0, 0, 0)\" class=\"has-inline-color has-luminous-vivid-orange-color\">CICLOS FORMATIVOS A DISTANCIA.<\/mark><\/strong> <strong>S\u00f3lo los estudiantes que  hayan superado todos los m\u00f3dulos profesionales  en la convocatoria ordinaria de mayo o hayan renunciado a la convocatoria extraordinaria, <\/strong>deber\u00e1n matricularse para el curso 24-25 a partir del 7 de junio, seg\u00fan calendario informado por el tutor\/a. La documentaci\u00f3n para la matr\u00edcula puede encontrarse a continuaci\u00f3n, as\u00ed como las instrucciones para su formalizaci\u00f3n.<\/p>\n\n\n\n<p><a href=\"https:\/\/site.educa.madrid.org\/ies.benjaminrua.mostoles\/\/wp-content\/uploads\/ies.benjaminrua.mostoles\/2024\/05\/Anatomia-patologica_24-1.pdf\">Impreso de matr\u00edcula Anatom\u00eda Patol\u00f3gica<\/a><\/p>\n\n\n\n<p><a href=\"https:\/\/site.educa.madrid.org\/ies.benjaminrua.mostoles\/\/wp-content\/uploads\/ies.benjaminrua.mostoles\/2024\/05\/Audiologia-protesica.pdf\">Impreso de matr\u00edcula Audiolog\u00eda Prot\u00e9sica<\/a> <\/p>\n\n\n\n<p><a href=\"https:\/\/site.educa.madrid.org\/ies.benjaminrua.mostoles\/\/wp-content\/uploads\/ies.benjaminrua.mostoles\/2024\/05\/LCB.pdf\">Impreso de matr\u00edcula Laboratorio Cl\u00ednico y Biom\u00e9dico<\/a> <\/p>\n\n\n\n<p><a href=\"https:\/\/site.educa.madrid.org\/ies.benjaminrua.mostoles\/\/wp-content\/uploads\/ies.benjaminrua.mostoles\/2024\/05\/PRP.pdf\">Impreso de matr\u00edcula Prevenci\u00f3n de Riesgos Profesionales<\/a><\/p>\n\n\n\n<p><em><strong><mark style=\"background-color:#7bdcb5\" class=\"has-inline-color\">SOLICITUD DE CERTIFICADOS<\/mark><\/strong><\/em><\/p>\n\n\n\n<p>Los CERTIFICADOS de todo tipo ( notas, estudios realizados, ense\u00f1anzas en las que se est\u00e1 matriculado, etc&#8230;) han de solicitarse con tres d\u00edas de antelaci\u00f3n. Pinche <a href=\"https:\/\/site.educa.madrid.org\/ies.benjaminrua.mostoles\/index.php\/formulario-de-solicitud-de-titulo\/\" data-type=\"page\" data-id=\"8349\">aqu\u00ed<\/a> y acceda a la solicitud de certificado.&nbsp;Acompa\u00f1e copia del DNI.<\/p>\n\n\n\n<p>Para recoger cualquier documento que no sea personal, hace falta autorizaci\u00f3n y fotocopia del D.N.I. de la persona interesada y original del D.N.I. de la persona autorizada.&nbsp; No es necesario para hijos menores de edad.<\/p>\n\n\n\n<hr class=\"wp-block-separator has-css-opacity\"\/>\n\n\n\n<p><em><strong><mark style=\"background-color:#7bdcb5\" class=\"has-inline-color has-black-color\">SOLICITUD DE T\u00cdTULOS<\/mark><\/strong><\/em><\/p>\n\n\n\n<ul class=\"wp-block-list\">\n<li><strong>T\u00edtulos de T\u00e9cnico y T\u00e9cnico Superior:<\/strong><\/li>\n<\/ul>\n\n\n\n<p>Para el pago del T\u00edtulo los alumnos deber\u00e1n utilizar el impreso 030 que se puede obtener:<\/p>\n\n\n\n<p>&#8211; Mediante la aplicaci\u00f3n APP \u201cTASAS\u201d, disponible de forma gratuita en GOOGLE PLAY y en APP STORE.<\/p>\n\n\n\n<p>&#8211; Mediante la p\u00e1gina web de la Comunidad de Madrid en la siguiente direcci\u00f3n:<\/p>\n\n\n\n<p><strong><a href=\"https:\/\/www.madrid.org\/suin_m030\">https:\/\/www.madrid.org<\/a><\/strong><strong>.<\/strong> Servicios e informaci\u00f3n &#8212; PAG Administraci\u00f3n Electr\u00f3nica &#8212; Pagos de tasas y precios p\u00fablicos \u201cACCEDER\u201d &#8212; INICIAR &#8212; Aceptar condiciones de uso y pol\u00edtica de privacidad &#8212; Pagar Tasa o Precio P\u00fablico &#8212; B\u00fasqueda por QR \u201c3811\u201d &#8212; EXPEDICI\u00d3N DE T\u00cdTULOS O CERTIFICADOS-IES BENJAM\u00cdN R\u00daA. T\u00edtulos de bachiller, de T\u00e9cnico y de T\u00e9cnico Superior &#8212; Deducciones Familias Numerosas (marcar en su caso) &#8212; LOS DATOS DEL TITULAR\/BENEFICIARIO DE LA TASA Y LOS DATOS DEL PAGADOR son los del alumno en el caso de seleccionar el pago presencial, si se opta por pagar con tarjeta o cargo en cuenta habr\u00e1 que especificar los datos del pagador en el caso de que sean distintos al del titular\/beneficiario &#8212; \u201cCONTINUAR\u201d &#8212; Tasas-Tipo de pago \u201cseleccionar el deseado\u201d (El pago presencial es para abonar las tasas en el Banco) &#8212; Generar PDF. Se imprimir\u00e1 el modelo 030 y se pagar\u00e1 en cualquiera de las siguientes entidades bancarias: BANCO POPULAR, BANCO SABADELL, BANCO SANTANDER, BANKIA, BBVA, CAIXABANK y CAJAMAR.<\/p>\n\n\n\n<p>Una vez abonada la Tasa, deber\u00e1 presentarse justificante del pago en la Secretar\u00eda del Centro, junto con los siguientes documentos:<\/p>\n\n\n\n<p>1.-<strong> <a href=\"https:\/\/site.educa.madrid.org\/ies.benjaminrua.mostoles\/\/wp-content\/uploads\/ies.benjaminrua.mostoles\/2023\/05\/Modelo-solicitud-titulo.pdf\">Solicitud de expedici\u00f3n de t\u00edtulo<\/a><\/strong><\/p>\n\n\n\n<p>2.- Fotocopia del D.N.I.<\/p>\n\n\n\n<p>3.- Original y fotocopia del T\u00edtulo de Familia Numerosa en su caso<\/p>\n\n\n\n<ul class=\"wp-block-list\">\n<li><strong>Duplicado de t\u00edtulos:<\/strong><\/li>\n<\/ul>\n\n\n\n<p>Para el pago del duplicado del T\u00edtulo los alumnos deber\u00e1n utilizar el impreso 030 que se puede obtener:<\/p>\n\n\n\n<p>&#8211; Mediante la aplicaci\u00f3n APP \u201cTASAS\u201d, disponible de forma gratuita en GOOGLE PLAY y en APP STORE.<\/p>\n\n\n\n<p>&#8211; Mediante la p\u00e1gina web de la Comunidad de Madrid en la siguiente direcci\u00f3n:<\/p>\n\n\n\n<p><strong><a href=\"https:\/\/www.madrid.org\/suin_m030\">https:\/\/www.madrid.org<\/a><\/strong><strong>.<\/strong> Servicios e informaci\u00f3n &#8212; PAG Administraci\u00f3n Electr\u00f3nica &#8212; Pagos de tasas y precios p\u00fablicos \u201cACCEDER\u201d &#8212; INICIAR &#8212; Aceptar condiciones de uso y pol\u00edtica de privacidad &#8212; Pagar Tasa o Precio P\u00fablico &#8212; B\u00fasqueda por QR \u201c4286\u201d &#8212; EXPEDICI\u00d3N DE DUPLICADOS DE T\u00cdTULOS O CERTIFICADOS-IES BENJAM\u00cdN R\u00daA. Expedici\u00f3n de Duplicados de t\u00edtulos o certificados (unidad) &#8212; Deducciones Familias Numerosas (marcar en su caso) &#8212; LOS DATOS DEL TITULAR\/BENEFICIARIO DE LA TASA Y LOS DATOS DEL PAGADOR son los del alumno en el caso de seleccionar el pago presencial, si se opta por pagar con tarjeta o cargo en cuenta habr\u00e1 que especificar los datos del pagador en el caso de que sean distintos al del titular\/beneficiario &#8212; \u201cCONTINUAR\u201d &#8212; Tasas-Tipo de pago \u201cseleccionar el deseado\u201d (El pago presencial es para abonar las tasas en el Banco) &#8212; Generar PDF. Se imprimir\u00e1 el modelo 030 y se pagar\u00e1 en cualquiera de las siguientes entidades bancarias: BANCO POPULAR, BANCO SABADELL, BANCO SANTANDER, BANKIA, BBVA, CAIXABANK y CAJAMAR.<\/p>\n\n\n\n<p>Una vez abonada la Tasa, deber\u00e1 presentarse justificante del pago en la Secretar\u00eda del Centro, junto con los siguientes documentos:<\/p>\n\n\n\n<p>1.- <strong><a href=\"https:\/\/site.educa.madrid.org\/ies.benjaminrua.mostoles\/\/wp-content\/uploads\/ies.benjaminrua.mostoles\/2023\/05\/Modelo-solicitud-duplicado-titulo.pdf\">Solicitud de duplicado de t\u00edtulo<\/a><\/strong><\/p>\n\n\n\n<p>2.- Fotocopia del D.N.I.<\/p>\n\n\n\n<p>3.- Original y fotocopia del T\u00edtulo de Familia Numerosa en su caso<\/p>\n\n\n\n<ul class=\"wp-block-list\">\n<li><strong>T\u00edtulos extinguidos:<\/strong><\/li>\n<\/ul>\n\n\n\n<p>Solicitud de T\u00edtulos Extinguidos: Bachiller (BUP), T\u00e9cnico Auxiliar (FPI) y T\u00e9cnico Especialista (FPII)<\/p>\n\n\n\n<p>Se tramitar\u00e1 una solicitud v\u00eda telem\u00e1tica, buscando el modelo 790 (Tasa 059) en google.Se imprimir\u00e1 el documento modelo 790, y se abonar\u00e1 en una entidad financiera.Se acompa\u00f1ar\u00e1n los siguientes documentos:<\/p>\n\n\n\n<p>1.-<strong> <a href=\"https:\/\/site.educa.madrid.org\/ies.benjaminrua.mostoles\/\/wp-content\/uploads\/ies.benjaminrua.mostoles\/2023\/05\/Modelo-solicitud-titulo.pdf\">&nbsp;Solicitud de expedici\u00f3n de t\u00edtulo<\/a><\/strong><\/p>\n\n\n\n<p>2.- Fotocopia del D.N.I.<\/p>\n\n\n\n<p>3.- Original y fotocopia del T\u00edtulo de Familia Numerosa en su caso<\/p>\n\n\n\n<hr class=\"wp-block-separator has-css-opacity\"\/>\n\n\n\n<p><strong><em><mark style=\"background-color:#7bdcb5\" class=\"has-inline-color has-black-color\">CONVALIDACI\u00d3N DE M\u00d3DULOS PROFESIONALES.<\/mark><\/em><\/strong><\/p>\n\n\n\n<p>Para acceder a la informaci\u00f3n completa sobre convalidaciones pinche <a href=\"https:\/\/site.educa.madrid.org\/ies.benjaminrua.mostoles\/\/wp-content\/uploads\/ies.benjaminrua.mostoles\/2023\/07\/Info_convalidaciones_web-2.pdf\"><strong>aqu\u00ed<\/strong><\/a><\/p>\n\n\n\n<hr class=\"wp-block-separator has-css-opacity\"\/>\n\n\n\n<p><em><strong>DOCUMENTOS DE INTER\u00c9S.<\/strong><\/em><\/p>\n\n\n\n<p><strong><a href=\"https:\/\/site.educa.madrid.org\/ies.benjaminrua.mostoles\/index.php\/formulario-de-solicitud-de-titulo-2\/\" data-type=\"page\" data-id=\"8360\">Solicitud de cancelaci\u00f3n de matr\u00edcula. <\/a><\/strong>Antes del transcurso de 1 mes desde el inicio de actividades lectivas.<\/p>\n\n\n\n<p><strong><a href=\"https:\/\/site.educa.madrid.org\/ies.benjaminrua.mostoles\/\/wp-content\/uploads\/ies.benjaminrua.mostoles\/2023\/05\/Anexo-III_Renuncia-a-convocatorias-_-editable.pdf\">Solicitud de renuncia a convocatoria\/s de m\u00f3dulos. &nbsp;<\/a><\/strong>Al menos 1 mes antes de la convocatoria ordinaria o extraordinaria (dependiendo de a la que se renuncie), excepto en el caso del m\u00f3dulo de FCT que se podr\u00e1 renunciar en cualquier momento antes de la finalizaci\u00f3n del mismo.<\/p>\n\n\n\n<p><strong><a href=\"https:\/\/site.educa.madrid.org\/ies.benjaminrua.mostoles\/\/wp-content\/uploads\/ies.benjaminrua.mostoles\/2023\/05\/ANEXO-XIII_Editable.pdf\">Solicitud de exenci\u00f3n del m\u00f3dulo de FCT<\/a>. <\/strong>&nbsp;Al menos 2 meses antes de la promoci\u00f3n del alumno al m\u00f3dulo de FCT.<\/p>\n\n\n\n<p><strong><a href=\"https:\/\/site.educa.madrid.org\/ies.benjaminrua.mostoles\/\/wp-content\/uploads\/ies.benjaminrua.mostoles\/2023\/05\/Anexo-IV_Aplazamiento-FCT_editable.pdf\">Solicitud de aplazamiento de la calificaci\u00f3n del m\u00f3dulo de FCT <\/a>. <\/strong>Al menos 10 d\u00edas antes del comienzo del m\u00f3dulo de FCT.<\/p>\n\n\n\n<p><strong><a href=\"https:\/\/site.educa.madrid.org\/ies.benjaminrua.mostoles\/\/wp-content\/uploads\/ies.benjaminrua.mostoles\/2023\/05\/Anexo-V_Convalidacion-ministerio-NUEVO-_editable.pdf\">Solicitud de convalidaci\u00f3n de m\u00f3dulos profesionales.<\/a>&nbsp;<\/strong>Si se trata de convalidaciones de m\u00f3dulos entre ciclos formativos cuya competencia es de la Direcci\u00f3n del centro: el plazo se extiende desde la formalizaci\u00f3n de la matr\u00edcula hasta transcurridos los primeros 15 d\u00edas lectivos. Si la matriculaci\u00f3n es posterior al inicio de actividades lectivas, el plazo se reduce a 10 d\u00edas.<\/p>\n\n\n\n<p>Si la convalidaci\u00f3n fuese competencia del Ministerio de Educaci\u00f3n y Formaci\u00f3n Profesional (convalidaciones de m\u00f3dulos con estudios universitarios oficiales, t\u00edtulos de T\u00e9cnico Auxiliar y T\u00e9cnico Especialista, etc&#8230;), el plazo se extiende a todo el curso acad\u00e9mico, pero se recomienza realizar la solicitud lo antes posible desde la formalizaci\u00f3n de la matr\u00edcula.<\/p>\n\n\n\n<p><strong><a href=\"https:\/\/site.educa.madrid.org\/ies.benjaminrua.mostoles\/\/wp-content\/uploads\/ies.benjaminrua.mostoles\/2023\/05\/ANEXO-1_Editable-NUEVO_Solicitud-convalidacion-Modulos-Profesionales-propios-de-la-Comunidad-de-Madrid.pdf\">Solicitud de convalidaci\u00f3n del m\u00f3dulo de ingl\u00e9s<\/a>. <\/strong>El&nbsp;plazo se extiende desde la formalizaci\u00f3n de la matr\u00edcula hasta transcurridos los primeros 15 d\u00edas lectivos. Si la matriculaci\u00f3n es posterior al inicio de actividades lectivas, el plazo se reduce a 10 d\u00edas.<\/p>\n","protected":false},"excerpt":{"rendered":"<p>HORARIOS DE ATENCI\u00d3N AL P\u00daBLICO De lunes a viernes de 10:00 a 13:00 horas y mi\u00e9rcoles&nbsp; de 17:00 a 18:00 horas (s\u00f3lo en periodo lectivo). El horario de tarde no &#8230;<\/p>\n","protected":false},"author":5,"featured_media":0,"parent":0,"menu_order":0,"comment_status":"closed","ping_status":"closed","template":"","meta":{"footnotes":""},"folder":[],"class_list":["post-187","page","type-page","status-publish","hentry"],"rttpg_featured_image_url":null,"rttpg_author":{"display_name":"Francisco Javier Braojos Benito","author_link":"https:\/\/site.educa.madrid.org\/ies.benjaminrua.mostoles\/index.php\/author\/francisco-javier_braojos-benito\/"},"rttpg_comment":0,"rttpg_category":false,"rttpg_excerpt":"HORARIOS DE ATENCI\u00d3N AL P\u00daBLICO De lunes a viernes de 10:00 a 13:00 horas y mi\u00e9rcoles&nbsp; de 17:00 a 18:00 horas (s\u00f3lo en periodo lectivo). El horario de tarde no ...","post_mailing_queue_ids":[],"_links":{"self":[{"href":"https:\/\/site.educa.madrid.org\/ies.benjaminrua.mostoles\/index.php\/wp-json\/wp\/v2\/pages\/187","targetHints":{"allow":["GET"]}}],"collection":[{"href":"https:\/\/site.educa.madrid.org\/ies.benjaminrua.mostoles\/index.php\/wp-json\/wp\/v2\/pages"}],"about":[{"href":"https:\/\/site.educa.madrid.org\/ies.benjaminrua.mostoles\/index.php\/wp-json\/wp\/v2\/types\/page"}],"author":[{"embeddable":true,"href":"https:\/\/site.educa.madrid.org\/ies.benjaminrua.mostoles\/index.php\/wp-json\/wp\/v2\/users\/5"}],"replies":[{"embeddable":true,"href":"https:\/\/site.educa.madrid.org\/ies.benjaminrua.mostoles\/index.php\/wp-json\/wp\/v2\/comments?post=187"}],"version-history":[{"count":34,"href":"https:\/\/site.educa.madrid.org\/ies.benjaminrua.mostoles\/index.php\/wp-json\/wp\/v2\/pages\/187\/revisions"}],"predecessor-version":[{"id":8957,"href":"https:\/\/site.educa.madrid.org\/ies.benjaminrua.mostoles\/index.php\/wp-json\/wp\/v2\/pages\/187\/revisions\/8957"}],"wp:attachment":[{"href":"https:\/\/site.educa.madrid.org\/ies.benjaminrua.mostoles\/index.php\/wp-json\/wp\/v2\/media?parent=187"}],"wp:term":[{"taxonomy":"folder","embeddable":true,"href":"https:\/\/site.educa.madrid.org\/ies.benjaminrua.mostoles\/index.php\/wp-json\/wp\/v2\/folder?post=187"}],"curies":[{"name":"wp","href":"https:\/\/api.w.org\/{rel}","templated":true}]}}