{"id":241,"date":"2021-02-07T20:41:23","date_gmt":"2021-02-07T20:41:23","guid":{"rendered":"https:\/\/site.educa.madrid.org\/ies.benjaminrua.mostoles\/?page_id=241"},"modified":"2021-03-03T07:56:17","modified_gmt":"2021-03-03T07:56:17","slug":"servicios-y-actividades","status":"publish","type":"page","link":"https:\/\/site.educa.madrid.org\/ies.benjaminrua.mostoles\/index.php\/servicios-y-actividades\/","title":{"rendered":"Servicios y actividades"},"content":{"rendered":"\n<div class=\"wp-block-columns alignwide is-layout-flex wp-container-core-columns-is-layout-9d6595d7 wp-block-columns-is-layout-flex\">\n<div class=\"wp-block-column is-layout-flow wp-block-column-is-layout-flow\" style=\"flex-basis:60%\">\n<p class=\"has-text-color has-background has-very-dark-gray-color has-very-light-gray-background-color\">Nuestro centro comenz\u00f3 su andadura en el curso 1988-89 como centro de Formaci\u00f3n Profesional de las familias profesionales: Sanidad, Servicios a la Comunidad y Electr\u00f3nica.<\/p>\n\n\n\n<p class=\"has-text-color has-background has-very-dark-gray-color has-very-light-gray-background-color\">La familia de Servicios a la Comunidad nos acompa\u00f1\u00f3 hasta su \u00faltimo curso 1997-98.<\/p>\n\n\n\n<p class=\"has-text-color has-background has-very-dark-gray-color has-very-light-gray-background-color\">Un a\u00f1o antes, curso 1999-2000, la familia de Electr\u00f3nica se traslad\u00f3 al edificio del antiguo colegio Reina Sof\u00eda.<\/p>\n\n\n\n<p class=\"has-text-color has-background has-very-dark-gray-color has-very-light-gray-background-color\">El centro debe su nombre a un ilustre maestro de M\u00f3stoles. Benjam\u00edn R\u00faa Fern\u00e1ndez, que naci\u00f3 en Villaviciosa de Od\u00f3n el 6 de julio de 1861. &nbsp;En&nbsp;1882 comienza a ejercer el profesorado siendo maestro titular de las Escuelas P\u00fablicas de M\u00f3stoles.&nbsp;Fu\u00e9 Alcalde liberal en los a\u00f1os 1910-1911 y 1920-1921 y juez municipal en el per\u00edodo 1916-1919.<\/p>\n\n\n\n<p class=\"has-text-color has-background has-very-dark-gray-color has-light-green-cyan-background-color\">Entre los servicios ofrecidos por el Centro cabe destacar:<\/p>\n\n\n\n<ul class=\"wp-block-list\"><li><a href=\"https:\/\/site.educa.madrid.org\/ies.benjaminrua.mostoles\/index.php\/erasmus\/\">Proyecto erasmus<\/a><\/li><li><a href=\"https:\/\/www.educa2.madrid.org\/web\/emruaprende\">Aula de emprendimiento<\/a><\/li><\/ul>\n\n\n\n<hr class=\"wp-block-separator\"\/>\n\n\n\n<p class=\"has-medium-font-size\"><strong>Direcciones:<\/strong><\/p>\n\n\n\n<div class=\"wp-block-columns is-layout-flex wp-container-core-columns-is-layout-9d6595d7 wp-block-columns-is-layout-flex\">\n<div class=\"wp-block-column is-layout-flow wp-block-column-is-layout-flow\">\n<p><strong>Edificio Principal<\/strong><\/p>\n\n\n\n<p>C\/Tulipan, 1, 28933, M\u00f3stoles<\/p>\n<\/div>\n\n\n\n<div class=\"wp-block-column is-layout-flow wp-block-column-is-layout-flow\">\n<p><strong>Edificio Reina Sof\u00eda<\/strong><\/p>\n\n\n\n<p>C\/ Alcalde de M\u00f3stoles, 62, 28933 M\u00f3stoles<\/p>\n<\/div>\n<\/div>\n<\/div>\n\n\n\n<div class=\"wp-block-column is-layout-flow wp-block-column-is-layout-flow\" style=\"flex-basis:40%\">\n<iframe loading=\"lazy\" src=\"https:\/\/www.google.com\/maps\/embed?pb=!1m18!1m12!1m3!1d3041.3001149671327!2d-3.8749228490283922!3d40.33568797927338!2m3!1f0!2f0!3f0!3m2!1i1024!2i768!4f13.1!3m3!1m2!1s0xd418e7b37b34d49%3A0xf435ec3341c13c74!2zSUVTIEJlbmphbcOtbiBSw7ph!5e0!3m2!1ses!2ses!4v1613323778773!5m2!1ses!2ses\" width=\"400\" height=\"300\" frameborder=\"0\" style=\"border:0;\" allowfullscreen=\"\" aria-hidden=\"false\" tabindex=\"0\"><\/iframe>\n\n\n\n<p><\/p>\n<\/div>\n<\/div>\n\n\n\n<p><\/p>\n","protected":false},"excerpt":{"rendered":"<p>Nuestro centro comenz\u00f3 su andadura en el curso 1988-89 como centro de Formaci\u00f3n Profesional de las familias profesionales: Sanidad, Servicios a la Comunidad y Electr\u00f3nica. La familia de Servicios a &#8230;<\/p>\n","protected":false},"author":4,"featured_media":0,"parent":0,"menu_order":0,"comment_status":"closed","ping_status":"closed","template":"template-fullwidth.php","meta":{"footnotes":""},"folder":[],"class_list":["post-241","page","type-page","status-publish","hentry"],"rttpg_featured_image_url":null,"rttpg_author":{"display_name":"Jos\u00e9 Ram\u00f3n L\u00f3pez Fern\u00e1ndez","author_link":"https:\/\/site.educa.madrid.org\/ies.benjaminrua.mostoles\/index.php\/author\/jos-ramn_lpez-fernndez\/"},"rttpg_comment":0,"rttpg_category":false,"rttpg_excerpt":"Nuestro centro comenz\u00f3 su andadura en el curso 1988-89 como centro de Formaci\u00f3n Profesional de las familias profesionales: Sanidad, Servicios a la Comunidad y Electr\u00f3nica. La familia de Servicios a ...","post_mailing_queue_ids":[],"_links":{"self":[{"href":"https:\/\/site.educa.madrid.org\/ies.benjaminrua.mostoles\/index.php\/wp-json\/wp\/v2\/pages\/241","targetHints":{"allow":["GET"]}}],"collection":[{"href":"https:\/\/site.educa.madrid.org\/ies.benjaminrua.mostoles\/index.php\/wp-json\/wp\/v2\/pages"}],"about":[{"href":"https:\/\/site.educa.madrid.org\/ies.benjaminrua.mostoles\/index.php\/wp-json\/wp\/v2\/types\/page"}],"author":[{"embeddable":true,"href":"https:\/\/site.educa.madrid.org\/ies.benjaminrua.mostoles\/index.php\/wp-json\/wp\/v2\/users\/4"}],"replies":[{"embeddable":true,"href":"https:\/\/site.educa.madrid.org\/ies.benjaminrua.mostoles\/index.php\/wp-json\/wp\/v2\/comments?post=241"}],"version-history":[{"count":13,"href":"https:\/\/site.educa.madrid.org\/ies.benjaminrua.mostoles\/index.php\/wp-json\/wp\/v2\/pages\/241\/revisions"}],"predecessor-version":[{"id":429,"href":"https:\/\/site.educa.madrid.org\/ies.benjaminrua.mostoles\/index.php\/wp-json\/wp\/v2\/pages\/241\/revisions\/429"}],"wp:attachment":[{"href":"https:\/\/site.educa.madrid.org\/ies.benjaminrua.mostoles\/index.php\/wp-json\/wp\/v2\/media?parent=241"}],"wp:term":[{"taxonomy":"folder","embeddable":true,"href":"https:\/\/site.educa.madrid.org\/ies.benjaminrua.mostoles\/index.php\/wp-json\/wp\/v2\/folder?post=241"}],"curies":[{"name":"wp","href":"https:\/\/api.w.org\/{rel}","templated":true}]}}