{"id":243,"date":"2021-02-07T20:41:52","date_gmt":"2021-02-07T20:41:52","guid":{"rendered":"https:\/\/site.educa.madrid.org\/ies.benjaminrua.mostoles\/?page_id=243"},"modified":"2021-02-24T10:22:45","modified_gmt":"2021-02-24T10:22:45","slug":"tablon-de-anuncios","status":"publish","type":"page","link":"https:\/\/site.educa.madrid.org\/ies.benjaminrua.mostoles\/index.php\/tablon-de-anuncios\/","title":{"rendered":"Tabl\u00f3n de anuncios"},"content":{"rendered":"\n<div class=\"wp-block-columns is-layout-flex wp-container-core-columns-is-layout-9d6595d7 wp-block-columns-is-layout-flex\">\n<div class=\"wp-block-column is-layout-flow wp-block-column-is-layout-flow\" style=\"flex-basis:75%\">\n<p class=\"has-large-font-size\"><strong>\u00daltimas noticias<\/strong><\/p>\n\n\n<style type='text\/css' media='all'>#rt-tpg-container-2005031367 .rt-holder .rt-woo-info .price{color:#000000;}body .rt-tpg-container .rt-tpg-isotope-buttons .selected,\n\t\t\t\t\t#rt-tpg-container-2005031367 .layout12 .rt-holder:hover .rt-detail,\n\t\t\t\t\t#rt-tpg-container-2005031367 .isotope8 .rt-holder:hover .rt-detail,\n\t\t\t\t\t#rt-tpg-container-2005031367 .carousel8 .rt-holder:hover .rt-detail,\n\t\t\t\t\t#rt-tpg-container-2005031367 .layout13 .rt-holder .overlay .post-info,\n\t\t\t\t\t#rt-tpg-container-2005031367 .isotope9 .rt-holder .overlay .post-info,\n\t\t\t\t\t#rt-tpg-container-2005031367.rt-tpg-container .layout4 .rt-holder .rt-detail,\n\t\t\t\t\t.rt-modal-2005031367 .md-content,\n\t\t\t\t\t.rt-modal-2005031367 .md-content > .rt-md-content-holder .rt-md-content,\n\t\t\t\t\t.rt-popup-wrap-2005031367.rt-popup-wrap .rt-popup-navigation-wrap,\n\t\t\t\t\t#rt-tpg-container-2005031367 .carousel9 .rt-holder .overlay .post-info{background-color:#000000;}#rt-tpg-container-2005031367 .layout5 .rt-holder .overlay, #rt-tpg-container-2005031367 .isotope2 .rt-holder .overlay, #rt-tpg-container-2005031367 .carousel2 .rt-holder .overlay,#rt-tpg-container-2005031367 .layout15 .rt-holder h3, #rt-tpg-container-2005031367 .isotope11 .rt-holder h3, #rt-tpg-container-2005031367 .carousel11 .rt-holder h3, #rt-tpg-container-2005031367 .layout16 .rt-holder h3,\n\t\t\t\t\t#rt-tpg-container-2005031367 .isotope12 .rt-holder h3, #rt-tpg-container-2005031367 .carousel12 .rt-holder h3 {background-color:rgba(0,0,0,0.8);}#rt-tpg-container-2005031367 .pagination-list li a,\n\t\t\t\t\trt-tpg-container-2005031367 .pagination-list li span,\n\t\t\t\t\trt-tpg-container-2005031367 .pagination li a,\n\t\t\t\t\t#rt-tpg-container-2005031367 .rt-tpg-isotope-buttons button,\n\t\t\t\t\t#rt-tpg-container-2005031367 .rt-tpg-utility .rt-tpg-load-more button,\n\t\t\t\t\t#rt-tpg-container-2005031367.rt-tpg-container .swiper-navigation .slider-btn,\n\t\t\t\t\t#rt-tpg-container-2005031367.rt-tpg-container .swiper-pagination-bullet,\n\t\t\t\t\t#rt-tpg-container-2005031367 .wc1 .rt-holder .rt-img-holder .overlay .product-more ul li a,\n\t\t\t\t\t#rt-tpg-container-2005031367 .wc2 .rt-detail .rt-wc-add-to-cart,\n\t\t\t\t\t#rt-tpg-container-2005031367 .wc3 .rt-detail .rt-wc-add-to-cart,\n\t\t\t\t\t#rt-tpg-container-2005031367 .wc4 .rt-detail .rt-wc-add-to-cart,\n\t\t\t\t\t#rt-tpg-container-2005031367 .wc-carousel2 .rt-detail .rt-wc-add-to-cart,\n\t\t\t\t\t#rt-tpg-container-2005031367 .wc-isotope2 .rt-detail .rt-wc-add-to-cart,\n\t\t\t\t\t#rt-tpg-container-2005031367 .rt-layout-filter-container .rt-filter-wrap .rt-filter-item-wrap.rt-filter-dropdown-wrap .rt-filter-dropdown,\n\t\t\t\t\t#rt-tpg-container-2005031367 .rt-layout-filter-container .rt-filter-sub-tax.sub-button-group .rt-filter-button-item,\n\t\t\t\t\t#rt-tpg-container-2005031367.rt-tpg-container .rt-pagination-wrap .rt-page-numbers .paginationjs .paginationjs-pages ul li>a,\n\t\t\t\t\t#rt-tpg-container-2005031367 .rt-filter-item-wrap.rt-filter-button-wrap span.rt-filter-button-item,\n\t\t\t\t\t#rt-tpg-container-2005031367.rt-tpg-container .rt-pagination-wrap  .rt-loadmore-btn,\n\t\t\t\t\t#rt-tpg-container-2005031367.rt-tpg-container .rt-pagination-wrap .rt-cb-page-prev-next > *,\n\t\t\t\t\t#rt-tpg-container-2005031367 .rt-read-more,\n\t\t\t\t\t#rt-tooltip-2005031367, #rt-tooltip-2005031367 .rt-tooltip-bottom:after{background-color:#1e73be;}#rt-tpg-container-2005031367 .rt-filter-item-wrap.rt-filter-button-wrap span.rt-filter-button-item,\n\t\t\t\t\t#rt-tpg-container-2005031367 .rt-layout-filter-container .rt-filter-sub-tax.sub-button-group .rt-filter-button-item{border-color:#1e73be;}#rt-tpg-container-2005031367.rt-tpg-container .layout17 .rt-holder .overlay a.tpg-zoom .fa{color:#1e73be;}#rt-tpg-container-2005031367 .rt-holder .read-more a {background-color:#1e73be;padding: 8px 15px;}#rt-tpg-container-2005031367 .pagination-list li a:hover,\n\t\t\t\t\t#rt-tpg-container-2005031367 .pagination li a:hover,\n\t\t\t\t\t#rt-tpg-container-2005031367 .rt-tpg-isotope-buttons button:hover,\n\t\t\t\t\t#rt-tpg-container-2005031367 .rt-holder .read-more a:hover,\n\t\t\t\t\t#rt-tpg-container-2005031367 .rt-tpg-utility .rt-tpg-load-more button:hover,\n\t\t\t\t\t#rt-tpg-container-2005031367.rt-tpg-container .swiper-pagination-bullet:hover,\n\t\t\t\t\t#rt-tpg-container-2005031367.rt-tpg-container .swiper-navigation .slider-btn:hover,\n\t\t\t\t\t#rt-tpg-container-2005031367 .wc1 .rt-holder .rt-img-holder .overlay .product-more ul li a:hover,\n\t\t\t\t\t#rt-tpg-container-2005031367 .wc2 .rt-detail .rt-wc-add-to-cart:hover,\n\t\t\t\t\t#rt-tpg-container-2005031367 .wc3 .rt-detail .rt-wc-add-to-cart:hover,\n\t\t\t\t\t#rt-tpg-container-2005031367 .wc4 .rt-detail .rt-wc-add-to-cart:hover,\n\t\t\t\t\t#rt-tpg-container-2005031367 .wc-carousel2 .rt-detail .rt-wc-add-to-cart:hover,\n\t\t\t\t\t#rt-tpg-container-2005031367 .wc-isotope2 .rt-detail .rt-wc-add-to-cart:hover,\n\t\t\t\t\t#rt-tpg-container-2005031367 .rt-layout-filter-container .rt-filter-wrap .rt-filter-item-wrap.rt-filter-dropdown-wrap .rt-filter-dropdown .rt-filter-dropdown-item:hover,\n\t\t\t\t\t#rt-tpg-container-2005031367 .rt-layout-filter-container .rt-filter-wrap .rt-filter-item-wrap.rt-filter-dropdown-wrap .rt-filter-dropdown .rt-filter-dropdown-item.selected,\n\t\t\t\t\t#rt-tpg-container-2005031367 .rt-filter-item-wrap.rt-filter-button-wrap span.rt-filter-button-item:hover,\n\t\t\t\t\t#rt-tpg-container-2005031367 .rt-layout-filter-container .rt-filter-sub-tax.sub-button-group .rt-filter-button-item:hover,\n\t\t\t\t\t#rt-tpg-container-2005031367.rt-tpg-container .rt-pagination-wrap .rt-page-numbers .paginationjs .paginationjs-pages ul li>a:hover,\n\t\t\t\t\t#rt-tpg-container-2005031367.rt-tpg-container .rt-pagination-wrap .rt-cb-page-prev-next > *:hover,\n\t\t\t\t\t#rt-tpg-container-2005031367.rt-tpg-container .rt-pagination-wrap  .rt-loadmore-btn:hover,\n\t\t\t\t\t#rt-tpg-container-2005031367 .rt-read-more:hover,\n\t\t\t\t\t#rt-tpg-container-2005031367 .rt-tpg-utility .rt-tpg-load-more button:hover{background-color:#81d742;}#rt-tpg-container-2005031367 .rt-filter-item-wrap.rt-filter-button-wrap span.rt-filter-button-item:hover,\n\t\t\t\t\t\t#rt-tpg-container-2005031367 .rt-layout-filter-container .rt-filter-sub-tax.sub-button-group .rt-filter-button-item:hover,\n\t\t\t\t\t\t#rt-tpg-container-2005031367.rt-tpg-container .swiper-navigation .slider-btn:hover,\n\t\t\t\t\t\t#rt-tpg-container-2005031367.rt-tpg-container .rt-pagination-wrap .rt-page-numbers .paginationjs .paginationjs-pages ul li>a:hover{border-color:#81d742;}#rt-tpg-container-2005031367.rt-tpg-container .layout17 .rt-holder .overlay a.tpg-zoom:hover .fa{color:#81d742;}#rt-tpg-container-2005031367 .read-more a{border-radius:px;}#rt-tpg-container-2005031367 .rt-img-holder img.rt-img-responsive,#rt-tpg-container-2005031367 .rt-img-holder,\n\t\t\t\t\t#rt-tpg-container-2005031367 .rt-post-overlay .post-img,\n\t\t\t\t\t#rt-tpg-container-2005031367 .post-sm .post-img,\n\t\t\t\t\t#rt-tpg-container-2005031367 .rt-post-grid .post-img,\n\t\t\t\t\t#rt-tpg-container-2005031367 .post-img img {border-radius:px;}#rt-tpg-container-2005031367 .layout1 .rt-holder h2.entry-title,\n\t\t\t\t\t#rt-tpg-container-2005031367 .layout1 .rt-holder h3.entry-title,\n\t\t\t\t\t#rt-tpg-container-2005031367 .layout1 .rt-holder h4.entry-title,\n\t\t\t\t\t#rt-tpg-container-2005031367 .layout1 .rt-holder h2.entry-title a,\n\t\t\t\t\t#rt-tpg-container-2005031367 .layout1 .rt-holder h3.entry-title a,\n\t\t\t\t\t#rt-tpg-container-2005031367 .layout1 .rt-holder h4.entry-title a,\n\t\t\t\t\t#rt-tpg-container-2005031367 .rt-holder .rt-woo-info h2 a,\n\t\t\t\t\t#rt-tpg-container-2005031367 .rt-holder .rt-woo-info h3 a,\n\t\t\t\t\t#rt-tpg-container-2005031367 .rt-holder .rt-woo-info h4 a,\n\t\t\t\t\t#rt-tpg-container-2005031367 .post-content .post-title,\n\t\t\t\t\t#rt-tpg-container-2005031367 .rt-post-grid .post-title,\n\t\t\t\t\t#rt-tpg-container-2005031367 .rt-post-grid .post-title a,\n\t\t\t\t\t#rt-tpg-container-2005031367 .post-content .post-title a,\n\t\t\t\t\t#rt-tpg-container-2005031367 .rt-holder .rt-woo-info h2,\n\t\t\t\t\t#rt-tpg-container-2005031367 .rt-holder .rt-woo-info h3,\n\t\t\t\t\t#rt-tpg-container-2005031367 .rt-holder .rt-woo-info h4{color:#000000;}#rt-tpg-container-2005031367 .layout1 .rt-holder h2.entry-title:hover,\n\t\t\t\t\t#rt-tpg-container-2005031367 .layout1 .rt-holder h3.entry-title:hover,\n\t\t\t\t\t#rt-tpg-container-2005031367 .layout1 .rt-holder h4.entry-title:hover,\n\t\t\t\t\t#rt-tpg-container-2005031367 .layout1 .rt-holder h2.entry-title a:hover,\n\t\t\t\t\t#rt-tpg-container-2005031367 .layout1 .rt-holder h3.entry-title a:hover,\n\t\t\t\t\t#rt-tpg-container-2005031367 .layout1 .rt-holder h4.entry-title a:hover,\n\t\t\t\t\t#rt-tpg-container-2005031367 .post-content .post-title a:hover,\n\t\t\t\t\t#rt-tpg-container-2005031367 .rt-post-grid .post-title a:hover,\n\t\t\t\t\t#rt-tpg-container-2005031367 .rt-holder .rt-woo-info h2 a:hover,\n\t\t\t\t\t#rt-tpg-container-2005031367 .rt-holder .rt-woo-info h3 a:hover,\n\t\t\t\t\t#rt-tpg-container-2005031367 .rt-holder .rt-woo-info h4 a:hover,\n\t\t\t\t\t#rt-tpg-container-2005031367 .rt-holder .rt-woo-info h2:hover,\n\t\t\t\t\t#rt-tpg-container-2005031367 .rt-holder .rt-woo-info h3:hover,\n\t\t\t\t\t#rt-tpg-container-2005031367 .rt-holder .rt-woo-info h4:hover{color:#1e73be !important;}<\/style><div class='rt-container-fluid rt-tpg-container tpg-shortcode-main-wrapper ' id='rt-tpg-container-2005031367'   data-layout='layout1' data-grid-style='even' data-desktop-col='2'  data-tab-col='2'  data-mobile-col='1' data-sc-id='165'><div data-title='Loading ...' class='rt-row rt-content-loader   layout1 tpg-even '><div class=\"rt-col-md-6 rt-col-sm-6 rt-col-xs-12 even-grid-item rt-grid-item\" data-id=\"12829\"><div class=\"rt-holder\"><div class='rt-detail'><h2 class=\"entry-title\"><a data-id=\"12829\" class=\"\" href=\"https:\/\/site.educa.madrid.org\/ies.benjaminrua.mostoles\/index.php\/2026\/05\/11\/calendario-de-examenes-de-la-convocatoria-ordinaria\/\">CALENDARIO DE EX\u00c1MENES DE LA CONVOCATORIA ORDINARIA<\/a><\/h2><div class='post-meta-user  '><span class='date'><i class='far fa-calendar-alt '><\/i>11 mayo, 2026<\/span><span class='categories-links'><i class='fas fa-folder-open '><\/i><a class=\"portada\" href=\"https:\/\/site.educa.madrid.org\/ies.benjaminrua.mostoles\/index.php\/category\/portada\/\" rel=\"tag\">Portada<\/a><\/span><\/div><div class='tpg-excerpt'>En los siguientes archivos se encuentran los calendarios de los ex\u00e1menes de la Convocatoria Ordinaria de: 1\u00ba y\u00a02\u00ba CURSO DE INFORM\u00c1TICA Y COMUNICACIONES Y DE ELECTR\u00d3NICA VESPERTINO. CALENDARIO DE EX\u00c1MENES&#8230;<\/div><div class='post-meta '><span class='read-more'><a data-id='12829' class='' href='https:\/\/site.educa.madrid.org\/ies.benjaminrua.mostoles\/index.php\/2026\/05\/11\/calendario-de-examenes-de-la-convocatoria-ordinaria\/'>Leer m\u00e1s<\/a><\/span><\/div><\/div><\/div><\/div><div class=\"rt-col-md-6 rt-col-sm-6 rt-col-xs-12 even-grid-item rt-grid-item\" data-id=\"12784\"><div class=\"rt-holder\"><div class=\"rt-img-holder\"><a data-id=\"12784\" class=\"\" href=\"https:\/\/site.educa.madrid.org\/ies.benjaminrua.mostoles\/index.php\/2026\/04\/24\/seleccion-del-puesto-de-direccion-de-centros-educativos-publicos-no-universitarios-de-la-comunidad-de-madrid-citacion-para-la-exposicion-y-defensa-del-proyecto-de-direccion\/\"><img loading=\"lazy\" decoding=\"async\" class=\"rt-img-responsive \" src=\"https:\/\/site.educa.madrid.org\/ies.benjaminrua.mostoles\/\/wp-content\/uploads\/ies.benjaminrua.mostoles\/2026\/04\/5E0985E7-8519-45C7-879F-56854BF5457E.png\" width=\"626\" height=\"872\" alt=\"SELECCI\u00d3N DEL PUESTO DE DIRECCI\u00d3N DE CENTROS EDUCATIVOS P\u00daBLICOS NO UNIVERSITARIOS DE LA COMUNIDAD DE MADRID: CITACI\u00d3N PARA LA EXPOSICI\u00d3N Y DEFENSA DEL PROYECTO DE DIRECCI\u00d3N\" \/><\/a><\/div><div class='rt-detail'><h2 class=\"entry-title\"><a data-id=\"12784\" class=\"\" href=\"https:\/\/site.educa.madrid.org\/ies.benjaminrua.mostoles\/index.php\/2026\/04\/24\/seleccion-del-puesto-de-direccion-de-centros-educativos-publicos-no-universitarios-de-la-comunidad-de-madrid-citacion-para-la-exposicion-y-defensa-del-proyecto-de-direccion\/\">SELECCI\u00d3N DEL PUESTO DE DIRECCI\u00d3N DE CENTROS EDUCATIVOS P\u00daBLICOS NO UNIVERSITARIOS DE LA COMUNIDAD DE MADRID: CITACI\u00d3N PARA LA EXPOSICI\u00d3N Y DEFENSA DEL PROYECTO DE DIRECCI\u00d3N<\/a><\/h2><div class='post-meta-user  '><span class='date'><i class='far fa-calendar-alt '><\/i>24 abril, 2026<\/span><span class='categories-links'><i class='fas fa-folder-open '><\/i><a class=\"portada\" href=\"https:\/\/site.educa.madrid.org\/ies.benjaminrua.mostoles\/index.php\/category\/portada\/\" rel=\"tag\">Portada<\/a><\/span><\/div><div class='tpg-excerpt'>&#8230;<\/div><div class='post-meta '><span class='read-more'><a data-id='12784' class='' href='https:\/\/site.educa.madrid.org\/ies.benjaminrua.mostoles\/index.php\/2026\/04\/24\/seleccion-del-puesto-de-direccion-de-centros-educativos-publicos-no-universitarios-de-la-comunidad-de-madrid-citacion-para-la-exposicion-y-defensa-del-proyecto-de-direccion\/'>Leer m\u00e1s<\/a><\/span><\/div><\/div><\/div><\/div><div class=\"rt-col-md-6 rt-col-sm-6 rt-col-xs-12 even-grid-item rt-grid-item\" data-id=\"11820\"><div class=\"rt-holder\"><div class='rt-detail'><h2 class=\"entry-title\"><a data-id=\"11820\" class=\"\" href=\"https:\/\/site.educa.madrid.org\/ies.benjaminrua.mostoles\/index.php\/2025\/09\/03\/comienzo-del-curso-2025-2026-para-los-grupos-del-curso-de-especializacion-turnos-diurno-y-vespertino\/\">COMIENZO DEL CURSO 2025-2026 PARA LOS GRUPOS DEL CURSO DE ESPECIALIZACI\u00d3N. TURNOS DIURNO Y VESPERTINO<\/a><\/h2><div class='post-meta-user  '><span class='date'><i class='far fa-calendar-alt '><\/i>3 septiembre, 2025<\/span><span class='categories-links'><i class='fas fa-folder-open '><\/i><a class=\"novedades\" href=\"https:\/\/site.educa.madrid.org\/ies.benjaminrua.mostoles\/index.php\/category\/ensenanza-a-distancia\/novedades\/\" rel=\"tag\">Novedades<\/a><span class=\"rt-separator\">,<\/span><a class=\"portada\" href=\"https:\/\/site.educa.madrid.org\/ies.benjaminrua.mostoles\/index.php\/category\/portada\/\" rel=\"tag\">Portada<\/a><\/span><\/div><div class='tpg-excerpt'>El calendario de presentaciones del curso de especializaci\u00f3n\u00a0 para los grupos de diurno y vespertino se encuentra en el siguiente archivo: INICIO DE CURSO. PRESENTACI\u00d3N PARA LOS GRUPOS DEL CURSO&#8230;<\/div><div class='post-meta '><span class='read-more'><a data-id='11820' class='' href='https:\/\/site.educa.madrid.org\/ies.benjaminrua.mostoles\/index.php\/2025\/09\/03\/comienzo-del-curso-2025-2026-para-los-grupos-del-curso-de-especializacion-turnos-diurno-y-vespertino\/'>Leer m\u00e1s<\/a><\/span><\/div><\/div><\/div><\/div><div class=\"rt-col-md-6 rt-col-sm-6 rt-col-xs-12 even-grid-item rt-grid-item\" data-id=\"11817\"><div class=\"rt-holder\"><div class='rt-detail'><h2 class=\"entry-title\"><a data-id=\"11817\" class=\"\" href=\"https:\/\/site.educa.madrid.org\/ies.benjaminrua.mostoles\/index.php\/2025\/09\/03\/comienzo-del-curso-2025-2026-para-los-grupos-de-segundo-curso-de-grado-medio-y-de-grado-superior-turnos-diurno-y-vespertino\/\">COMIENZO DEL CURSO 2025-2026 PARA LOS GRUPOS DE SEGUNDO Y TERCER CURSO DE GRADO MEDIO Y DE GRADO SUPERIOR. TURNOS DIURNO Y VESPERTINO<\/a><\/h2><div class='post-meta-user  '><span class='date'><i class='far fa-calendar-alt '><\/i>3 septiembre, 2025<\/span><span class='categories-links'><i class='fas fa-folder-open '><\/i><a class=\"novedades\" href=\"https:\/\/site.educa.madrid.org\/ies.benjaminrua.mostoles\/index.php\/category\/ensenanza-a-distancia\/novedades\/\" rel=\"tag\">Novedades<\/a><span class=\"rt-separator\">,<\/span><a class=\"portada\" href=\"https:\/\/site.educa.madrid.org\/ies.benjaminrua.mostoles\/index.php\/category\/portada\/\" rel=\"tag\">Portada<\/a><\/span><\/div><div class='tpg-excerpt'>El calendario de las presentaciones para los alumnos de los grupos de 2\u00ba curso de Grado Medio y de Grado Superior del instituto INICIO DE CURSO PRESENTACI\u00d3N PARA LOS GRUPOS&#8230;<\/div><div class='post-meta '><span class='read-more'><a data-id='11817' class='' href='https:\/\/site.educa.madrid.org\/ies.benjaminrua.mostoles\/index.php\/2025\/09\/03\/comienzo-del-curso-2025-2026-para-los-grupos-de-segundo-curso-de-grado-medio-y-de-grado-superior-turnos-diurno-y-vespertino\/'>Leer m\u00e1s<\/a><\/span><\/div><\/div><\/div><\/div><div class=\"rt-col-md-6 rt-col-sm-6 rt-col-xs-12 even-grid-item rt-grid-item\" data-id=\"11814\"><div class=\"rt-holder\"><div class='rt-detail'><h2 class=\"entry-title\"><a data-id=\"11814\" class=\"\" href=\"https:\/\/site.educa.madrid.org\/ies.benjaminrua.mostoles\/index.php\/2025\/09\/03\/comienzo-del-curso-2025-2026-para-los-grupos-de-primer-curso-de-grado-medio-y-de-grado-superior-turnos-diurno-y-vespertino\/\">COMIENZO DEL CURSO 2025-2026 PARA LOS GRUPOS DE PRIMER CURSO DE GRADO MEDIO Y DE GRADO SUPERIOR. TURNOS DIURNO Y VESPERTINO<\/a><\/h2><div class='post-meta-user  '><span class='date'><i class='far fa-calendar-alt '><\/i>3 septiembre, 2025<\/span><span class='categories-links'><i class='fas fa-folder-open '><\/i><a class=\"novedades\" href=\"https:\/\/site.educa.madrid.org\/ies.benjaminrua.mostoles\/index.php\/category\/ensenanza-a-distancia\/novedades\/\" rel=\"tag\">Novedades<\/a><span class=\"rt-separator\">,<\/span><a class=\"portada\" href=\"https:\/\/site.educa.madrid.org\/ies.benjaminrua.mostoles\/index.php\/category\/portada\/\" rel=\"tag\">Portada<\/a><\/span><\/div><div class='tpg-excerpt'>En el siguiente archivo se encuentra el calendario de presentaciones para los alumnos matriculados en el primer curso de alguno de los Ciclos Formativos de Grado Medio y de Grado&#8230;<\/div><div class='post-meta '><span class='read-more'><a data-id='11814' class='' href='https:\/\/site.educa.madrid.org\/ies.benjaminrua.mostoles\/index.php\/2025\/09\/03\/comienzo-del-curso-2025-2026-para-los-grupos-de-primer-curso-de-grado-medio-y-de-grado-superior-turnos-diurno-y-vespertino\/'>Leer m\u00e1s<\/a><\/span><\/div><\/div><\/div><\/div><\/div><\/div>\n\n\n<p class=\"has-large-font-size\"><strong>Pr\u00f3ximos eventos<\/strong><\/p>\n\n\n\n<div class=\"mec-wrap mec-skin-carousel-container  \" id=\"mec_skin_97\">\r\n        <div class=\"mec-skin-carousel-events-container\" id=\"mec_skin_events_97\">\r\n        \u00a1No hay eventos!    <\/div>\r\n        <\/div>\n\n\n\n<p><\/p>\n<\/div>\n\n\n\n<div class=\"wp-block-column is-layout-flow wp-block-column-is-layout-flow\" style=\"flex-basis:25%\">\n<p><strong>Categor\u00edas<\/strong><\/p>\n\n\n<ul class=\"wp-block-categories-list wp-block-categories\">\t<li class=\"cat-item cat-item-5\"><a href=\"https:\/\/site.educa.madrid.org\/ies.benjaminrua.mostoles\/index.php\/category\/bolsa-de-trabajo\/\">Bolsa de Trabajo<\/a>\n<\/li>\n\t<li class=\"cat-item cat-item-44\"><a href=\"https:\/\/site.educa.madrid.org\/ies.benjaminrua.mostoles\/index.php\/category\/ensenanza-a-distancia\/\">Ense\u00f1anza a Distancia<\/a>\n<\/li>\n\t<li class=\"cat-item cat-item-45\"><a href=\"https:\/\/site.educa.madrid.org\/ies.benjaminrua.mostoles\/index.php\/category\/ensenanza-a-distancia\/novedades\/\">Novedades<\/a>\n<\/li>\n\t<li class=\"cat-item cat-item-49\"><a href=\"https:\/\/site.educa.madrid.org\/ies.benjaminrua.mostoles\/index.php\/category\/ensenanza-a-distancia\/novedades\/novedades-fp-virtual\/\">Novedades-fp virtual<\/a>\n<\/li>\n\t<li class=\"cat-item cat-item-31\"><a href=\"https:\/\/site.educa.madrid.org\/ies.benjaminrua.mostoles\/index.php\/category\/opo-est-2023\/\">Oposiciones estabilizaci\u00f3n 2023<\/a>\n<\/li>\n\t<li class=\"cat-item cat-item-4\"><a href=\"https:\/\/site.educa.madrid.org\/ies.benjaminrua.mostoles\/index.php\/category\/portada\/\">Portada<\/a>\n<\/li>\n\t<li class=\"cat-item cat-item-27\"><a href=\"https:\/\/site.educa.madrid.org\/ies.benjaminrua.mostoles\/index.php\/category\/pruebas-libres\/\">Pruebas libres<\/a>\n<\/li>\n\t<li class=\"cat-item cat-item-1\"><a href=\"https:\/\/site.educa.madrid.org\/ies.benjaminrua.mostoles\/index.php\/category\/sin-categoria\/\">Sin categor\u00eda<\/a>\n<\/li>\n<\/ul>\n\n\n<hr class=\"wp-block-separator\"\/>\n\n\n\n<p><strong>Archivo<\/strong><\/p>\n\n\n<ul class=\"wp-block-archives-list wp-block-archives\">\t<li><a href='https:\/\/site.educa.madrid.org\/ies.benjaminrua.mostoles\/index.php\/2026\/05\/'>mayo 2026<\/a><\/li>\n\t<li><a href='https:\/\/site.educa.madrid.org\/ies.benjaminrua.mostoles\/index.php\/2026\/04\/'>abril 2026<\/a><\/li>\n\t<li><a href='https:\/\/site.educa.madrid.org\/ies.benjaminrua.mostoles\/index.php\/2026\/03\/'>marzo 2026<\/a><\/li>\n\t<li><a href='https:\/\/site.educa.madrid.org\/ies.benjaminrua.mostoles\/index.php\/2026\/02\/'>febrero 2026<\/a><\/li>\n\t<li><a href='https:\/\/site.educa.madrid.org\/ies.benjaminrua.mostoles\/index.php\/2026\/01\/'>enero 2026<\/a><\/li>\n\t<li><a href='https:\/\/site.educa.madrid.org\/ies.benjaminrua.mostoles\/index.php\/2025\/12\/'>diciembre 2025<\/a><\/li>\n\t<li><a href='https:\/\/site.educa.madrid.org\/ies.benjaminrua.mostoles\/index.php\/2025\/11\/'>noviembre 2025<\/a><\/li>\n\t<li><a href='https:\/\/site.educa.madrid.org\/ies.benjaminrua.mostoles\/index.php\/2025\/10\/'>octubre 2025<\/a><\/li>\n\t<li><a href='https:\/\/site.educa.madrid.org\/ies.benjaminrua.mostoles\/index.php\/2025\/09\/'>septiembre 2025<\/a><\/li>\n\t<li><a href='https:\/\/site.educa.madrid.org\/ies.benjaminrua.mostoles\/index.php\/2025\/08\/'>agosto 2025<\/a><\/li>\n\t<li><a href='https:\/\/site.educa.madrid.org\/ies.benjaminrua.mostoles\/index.php\/2025\/07\/'>julio 2025<\/a><\/li>\n\t<li><a href='https:\/\/site.educa.madrid.org\/ies.benjaminrua.mostoles\/index.php\/2025\/06\/'>junio 2025<\/a><\/li>\n\t<li><a href='https:\/\/site.educa.madrid.org\/ies.benjaminrua.mostoles\/index.php\/2025\/05\/'>mayo 2025<\/a><\/li>\n\t<li><a href='https:\/\/site.educa.madrid.org\/ies.benjaminrua.mostoles\/index.php\/2025\/04\/'>abril 2025<\/a><\/li>\n\t<li><a href='https:\/\/site.educa.madrid.org\/ies.benjaminrua.mostoles\/index.php\/2025\/03\/'>marzo 2025<\/a><\/li>\n\t<li><a href='https:\/\/site.educa.madrid.org\/ies.benjaminrua.mostoles\/index.php\/2025\/02\/'>febrero 2025<\/a><\/li>\n\t<li><a href='https:\/\/site.educa.madrid.org\/ies.benjaminrua.mostoles\/index.php\/2025\/01\/'>enero 2025<\/a><\/li>\n\t<li><a href='https:\/\/site.educa.madrid.org\/ies.benjaminrua.mostoles\/index.php\/2024\/12\/'>diciembre 2024<\/a><\/li>\n\t<li><a href='https:\/\/site.educa.madrid.org\/ies.benjaminrua.mostoles\/index.php\/2024\/11\/'>noviembre 2024<\/a><\/li>\n\t<li><a href='https:\/\/site.educa.madrid.org\/ies.benjaminrua.mostoles\/index.php\/2024\/10\/'>octubre 2024<\/a><\/li>\n\t<li><a href='https:\/\/site.educa.madrid.org\/ies.benjaminrua.mostoles\/index.php\/2024\/09\/'>septiembre 2024<\/a><\/li>\n\t<li><a href='https:\/\/site.educa.madrid.org\/ies.benjaminrua.mostoles\/index.php\/2024\/08\/'>agosto 2024<\/a><\/li>\n\t<li><a href='https:\/\/site.educa.madrid.org\/ies.benjaminrua.mostoles\/index.php\/2024\/07\/'>julio 2024<\/a><\/li>\n\t<li><a href='https:\/\/site.educa.madrid.org\/ies.benjaminrua.mostoles\/index.php\/2024\/06\/'>junio 2024<\/a><\/li>\n\t<li><a href='https:\/\/site.educa.madrid.org\/ies.benjaminrua.mostoles\/index.php\/2024\/05\/'>mayo 2024<\/a><\/li>\n\t<li><a href='https:\/\/site.educa.madrid.org\/ies.benjaminrua.mostoles\/index.php\/2024\/04\/'>abril 2024<\/a><\/li>\n\t<li><a href='https:\/\/site.educa.madrid.org\/ies.benjaminrua.mostoles\/index.php\/2024\/03\/'>marzo 2024<\/a><\/li>\n\t<li><a href='https:\/\/site.educa.madrid.org\/ies.benjaminrua.mostoles\/index.php\/2024\/02\/'>febrero 2024<\/a><\/li>\n\t<li><a href='https:\/\/site.educa.madrid.org\/ies.benjaminrua.mostoles\/index.php\/2024\/01\/'>enero 2024<\/a><\/li>\n\t<li><a href='https:\/\/site.educa.madrid.org\/ies.benjaminrua.mostoles\/index.php\/2023\/12\/'>diciembre 2023<\/a><\/li>\n\t<li><a href='https:\/\/site.educa.madrid.org\/ies.benjaminrua.mostoles\/index.php\/2023\/11\/'>noviembre 2023<\/a><\/li>\n\t<li><a href='https:\/\/site.educa.madrid.org\/ies.benjaminrua.mostoles\/index.php\/2023\/10\/'>octubre 2023<\/a><\/li>\n\t<li><a href='https:\/\/site.educa.madrid.org\/ies.benjaminrua.mostoles\/index.php\/2023\/09\/'>septiembre 2023<\/a><\/li>\n\t<li><a href='https:\/\/site.educa.madrid.org\/ies.benjaminrua.mostoles\/index.php\/2023\/08\/'>agosto 2023<\/a><\/li>\n\t<li><a href='https:\/\/site.educa.madrid.org\/ies.benjaminrua.mostoles\/index.php\/2023\/07\/'>julio 2023<\/a><\/li>\n\t<li><a href='https:\/\/site.educa.madrid.org\/ies.benjaminrua.mostoles\/index.php\/2023\/06\/'>junio 2023<\/a><\/li>\n\t<li><a href='https:\/\/site.educa.madrid.org\/ies.benjaminrua.mostoles\/index.php\/2023\/05\/'>mayo 2023<\/a><\/li>\n<\/ul><\/div>\n<\/div>\n","protected":false},"excerpt":{"rendered":"<p>\u00daltimas noticias Pr\u00f3ximos eventos Categor\u00edas Archivo<\/p>\n","protected":false},"author":4,"featured_media":0,"parent":0,"menu_order":0,"comment_status":"closed","ping_status":"closed","template":"template-fullwidth.php","meta":{"footnotes":""},"folder":[],"class_list":["post-243","page","type-page","status-publish","hentry"],"rttpg_featured_image_url":null,"rttpg_author":{"display_name":"Jos\u00e9 Ram\u00f3n L\u00f3pez Fern\u00e1ndez","author_link":"https:\/\/site.educa.madrid.org\/ies.benjaminrua.mostoles\/index.php\/author\/jos-ramn_lpez-fernndez\/"},"rttpg_comment":0,"rttpg_category":false,"rttpg_excerpt":"\u00daltimas noticias Pr\u00f3ximos eventos Categor\u00edas Archivo","post_mailing_queue_ids":[],"_links":{"self":[{"href":"https:\/\/site.educa.madrid.org\/ies.benjaminrua.mostoles\/index.php\/wp-json\/wp\/v2\/pages\/243","targetHints":{"allow":["GET"]}}],"collection":[{"href":"https:\/\/site.educa.madrid.org\/ies.benjaminrua.mostoles\/index.php\/wp-json\/wp\/v2\/pages"}],"about":[{"href":"https:\/\/site.educa.madrid.org\/ies.benjaminrua.mostoles\/index.php\/wp-json\/wp\/v2\/types\/page"}],"author":[{"embeddable":true,"href":"https:\/\/site.educa.madrid.org\/ies.benjaminrua.mostoles\/index.php\/wp-json\/wp\/v2\/users\/4"}],"replies":[{"embeddable":true,"href":"https:\/\/site.educa.madrid.org\/ies.benjaminrua.mostoles\/index.php\/wp-json\/wp\/v2\/comments?post=243"}],"version-history":[{"count":14,"href":"https:\/\/site.educa.madrid.org\/ies.benjaminrua.mostoles\/index.php\/wp-json\/wp\/v2\/pages\/243\/revisions"}],"predecessor-version":[{"id":421,"href":"https:\/\/site.educa.madrid.org\/ies.benjaminrua.mostoles\/index.php\/wp-json\/wp\/v2\/pages\/243\/revisions\/421"}],"wp:attachment":[{"href":"https:\/\/site.educa.madrid.org\/ies.benjaminrua.mostoles\/index.php\/wp-json\/wp\/v2\/media?parent=243"}],"wp:term":[{"taxonomy":"folder","embeddable":true,"href":"https:\/\/site.educa.madrid.org\/ies.benjaminrua.mostoles\/index.php\/wp-json\/wp\/v2\/folder?post=243"}],"curies":[{"name":"wp","href":"https:\/\/api.w.org\/{rel}","templated":true}]}}