{"id":584,"date":"2022-06-16T09:56:07","date_gmt":"2022-06-16T07:56:07","guid":{"rendered":"https:\/\/site.educa.madrid.org\/ies.benjaminrua.mostoles\/?page_id=584"},"modified":"2024-06-20T13:48:26","modified_gmt":"2024-06-20T11:48:26","slug":"bolsa-de-empleo","status":"publish","type":"page","link":"https:\/\/site.educa.madrid.org\/ies.benjaminrua.mostoles\/index.php\/bolsa-de-empleo\/","title":{"rendered":"Bolsa de empleo"},"content":{"rendered":"<div\n\t\t\t\n\t\t\tclass=\"so-widget-sow-accordion so-widget-sow-accordion-default-eaa556cdf432\"\n\t\t\t data-max-open-panels=\"0\" data-initial-scroll-panel=\"0\"\n\t\t><div>\n\t<div class=\"sow-accordion\">\n\t\t\t<div class=\"sow-accordion-panel\"\n\t\t\t data-anchor=\"ofertas\">\n\t\t\t\t<div class=\"sow-accordion-panel-header-container\" role=\"heading\" aria-level=\"2\">\n\t\t\t\t\t<div class=\"sow-accordion-panel-header\" tabindex=\"0\" role=\"button\" id=\"accordion-label-ofertas\" aria-controls=\"accordion-content-ofertas\" aria-expanded=\"false\">\n\t\t\t\t\t\t<div class=\"sow-accordion-title sow-accordion-title-icon-left\">\n\t\t\t\t\t\t\t\t\t\t\t\t\t\tOfertas\t\t\t\t\t\t\t\t\t\t\t\t\t<\/div>\n\t\t\t\t\t\t<div class=\"sow-accordion-open-close-button\">\n\t\t\t\t\t\t\t<div class=\"sow-accordion-open-button\">\n\t\t\t\t\t\t\t\t<span class=\"sow-icon-fontawesome sow-fas\" data-sow-icon=\"&#x2b;\"\n\t\t \n\t\taria-hidden=\"true\"><\/span>\t\t\t\t\t\t\t<\/div>\n\t\t\t\t\t\t\t<div class=\"sow-accordion-close-button\">\n\t\t\t\t\t\t\t\t<span class=\"sow-icon-fontawesome sow-fas\" data-sow-icon=\"&#xf068;\"\n\t\t \n\t\taria-hidden=\"true\"><\/span>\t\t\t\t\t\t\t<\/div>\n\t\t\t\t\t\t<\/div>\n\t\t\t\t\t<\/div>\n\t\t\t\t<\/div>\n\n\t\t\t<div\n\t\t\t\tclass=\"sow-accordion-panel-content\"\n\t\t\t\trole=\"region\"\n\t\t\t\taria-labelledby=\"accordion-label-ofertas\"\n\t\t\t\tid=\"accordion-content-ofertas\"\n\t\t\t\tstyle=\"display: none;\"\t\t\t>\n\t\t\t\t<div class=\"sow-accordion-panel-border\">\n\t\t\t\t\t<style type='text\/css' media='all'>#rt-tpg-container-3620302099 .rt-holder .rt-woo-info .price{color:#0367bf;}body .rt-tpg-container .rt-tpg-isotope-buttons .selected,\n\t\t\t\t\t#rt-tpg-container-3620302099 .layout12 .rt-holder:hover .rt-detail,\n\t\t\t\t\t#rt-tpg-container-3620302099 .isotope8 .rt-holder:hover .rt-detail,\n\t\t\t\t\t#rt-tpg-container-3620302099 .carousel8 .rt-holder:hover .rt-detail,\n\t\t\t\t\t#rt-tpg-container-3620302099 .layout13 .rt-holder .overlay .post-info,\n\t\t\t\t\t#rt-tpg-container-3620302099 .isotope9 .rt-holder .overlay .post-info,\n\t\t\t\t\t#rt-tpg-container-3620302099.rt-tpg-container .layout4 .rt-holder .rt-detail,\n\t\t\t\t\t.rt-modal-3620302099 .md-content,\n\t\t\t\t\t.rt-modal-3620302099 .md-content > .rt-md-content-holder .rt-md-content,\n\t\t\t\t\t.rt-popup-wrap-3620302099.rt-popup-wrap .rt-popup-navigation-wrap,\n\t\t\t\t\t#rt-tpg-container-3620302099 .carousel9 .rt-holder .overlay .post-info{background-color:#0367bf;}#rt-tpg-container-3620302099 .layout5 .rt-holder .overlay, #rt-tpg-container-3620302099 .isotope2 .rt-holder .overlay, #rt-tpg-container-3620302099 .carousel2 .rt-holder .overlay,#rt-tpg-container-3620302099 .layout15 .rt-holder h3, #rt-tpg-container-3620302099 .isotope11 .rt-holder h3, #rt-tpg-container-3620302099 .carousel11 .rt-holder h3, #rt-tpg-container-3620302099 .layout16 .rt-holder h3,\n\t\t\t\t\t#rt-tpg-container-3620302099 .isotope12 .rt-holder h3, #rt-tpg-container-3620302099 .carousel12 .rt-holder h3 {background-color:rgba(3,103,191,0.8);}#rt-tpg-container-3620302099 .read-more a{border-radius:px;}#rt-tpg-container-3620302099 .rt-img-holder img.rt-img-responsive,#rt-tpg-container-3620302099 .rt-img-holder,\n\t\t\t\t\t#rt-tpg-container-3620302099 .rt-post-overlay .post-img,\n\t\t\t\t\t#rt-tpg-container-3620302099 .post-sm .post-img,\n\t\t\t\t\t#rt-tpg-container-3620302099 .rt-post-grid .post-img,\n\t\t\t\t\t#rt-tpg-container-3620302099 .post-img img {border-radius:px;}<\/style><div class='rt-container-fluid rt-tpg-container tpg-shortcode-main-wrapper ' id='rt-tpg-container-3620302099'   data-layout='layout2' data-grid-style='even' data-desktop-col='1'  data-tab-col='2'  data-mobile-col='1' data-sc-id='6399'><div class=\"tpg-widget-heading-wrapper heading-style1 \"><span class=\"tpg-widget-heading-line line-left\"><\/span><h2 class=\"tpg-widget-heading\">Bolsa de trabajo<\/h2><span class=\"tpg-widget-heading-line\"><\/span><\/div><div data-title='Loading ...' class='rt-row rt-content-loader   layout2 tpg-even '><div class=\"rt-col-md-12 rt-col-sm-6 rt-col-xs-12 even-grid-item rt-grid-item\" data-id=\"12822\"><div class=\"rt-holder\"><div class=\"rt-row\"><div class='rt-col-xs-12'><div class='rt-detail'><h3 class=\"entry-title\"><a data-id=\"12822\" class=\"\" href=\"https:\/\/site.educa.madrid.org\/ies.benjaminrua.mostoles\/index.php\/2026\/05\/07\/oferta-de-empleo-para-tecnico-de-prl-07-05-2026\/\">OFERTA DE EMPLEO PARA T\u00c9CNICO DE PRL (07\/05\/2026)<\/a><\/h3><div class='post-meta-user '><span class='date-meta'><i class='far fa-calendar-alt '><\/i>7 mayo, 2026<\/span><\/div><div class='tpg-excerpt'>GRUPOLAE busca T\u00e9cnicos de PRL para incorporarse al equipo que lleven a cabo la Prevenci\u00f3n...<\/div><span class='read-more '><a data-id='12822' class='' href='https:\/\/site.educa.madrid.org\/ies.benjaminrua.mostoles\/index.php\/2026\/05\/07\/oferta-de-empleo-para-tecnico-de-prl-07-05-2026\/'>Leer m\u00e1s<\/a><\/span><\/div><\/div><\/div><\/div><\/div><div class=\"rt-col-md-12 rt-col-sm-6 rt-col-xs-12 even-grid-item rt-grid-item\" data-id=\"12817\"><div class=\"rt-holder\"><div class=\"rt-row\"><div class='rt-col-xs-12'><div class='rt-detail'><h3 class=\"entry-title\"><a data-id=\"12817\" class=\"\" href=\"https:\/\/site.educa.madrid.org\/ies.benjaminrua.mostoles\/index.php\/2026\/05\/01\/oferta-de-empleo-para-tecnico-de-mantenimiento-28-04-2026\/\">OFERTA DE EMPLEO PARA T\u00c9CNICO DE MANTENIMIENTO (28\/04\/2026)<\/a><\/h3><div class='post-meta-user '><span class='date-meta'><i class='far fa-calendar-alt '><\/i>1 mayo, 2026<\/span><\/div><div class='tpg-excerpt'>TCM S.A. , Buscamos profesionales que hayan finalizado recientemente sus estudios de FP de Grado...<\/div><span class='read-more '><a data-id='12817' class='' href='https:\/\/site.educa.madrid.org\/ies.benjaminrua.mostoles\/index.php\/2026\/05\/01\/oferta-de-empleo-para-tecnico-de-mantenimiento-28-04-2026\/'>Leer m\u00e1s<\/a><\/span><\/div><\/div><\/div><\/div><\/div><div class=\"rt-col-md-12 rt-col-sm-6 rt-col-xs-12 even-grid-item rt-grid-item\" data-id=\"12761\"><div class=\"rt-holder\"><div class=\"rt-row\"><div class='rt-col-xs-12'><div class='rt-detail'><h3 class=\"entry-title\"><a data-id=\"12761\" class=\"\" href=\"https:\/\/site.educa.madrid.org\/ies.benjaminrua.mostoles\/index.php\/2026\/04\/12\/oferta-de-empleo-vacante-laboratorio-agroalimentario-03-02-2026\/\">OFERTA DE EMPLEO: VACANTE LABORATORIO AGROALIMENTARIO (09\/04\/2026)<\/a><\/h3><div class='post-meta-user '><span class='date-meta'><i class='far fa-calendar-alt '><\/i>12 abril, 2026<\/span><\/div><div class='tpg-excerpt'>Desde\u00a0ALS Madrid se busca un\/a\u00a0Auxiliar de Laboratorio Alimentario para incorporarse a nuestro laboratorio acreditado por...<\/div><span class='read-more '><a data-id='12761' class='' href='https:\/\/site.educa.madrid.org\/ies.benjaminrua.mostoles\/index.php\/2026\/04\/12\/oferta-de-empleo-vacante-laboratorio-agroalimentario-03-02-2026\/'>Leer m\u00e1s<\/a><\/span><\/div><\/div><\/div><\/div><\/div><div class=\"rt-col-md-12 rt-col-sm-6 rt-col-xs-12 even-grid-item rt-grid-item\" data-id=\"12752\"><div class=\"rt-holder\"><div class=\"rt-row\"><div class='rt-col-xs-12'><div class='rt-detail'><h3 class=\"entry-title\"><a data-id=\"12752\" class=\"\" href=\"https:\/\/site.educa.madrid.org\/ies.benjaminrua.mostoles\/index.php\/2026\/04\/10\/oferta-de-empleo-para-ayudante-a-electricidad-07-04-2026\/\">OFERTA DE EMPLEO PARA AYUDANTE\/A ELECTRICIDAD (07\/04\/2026)<\/a><\/h3><div class='post-meta-user '><span class='date-meta'><i class='far fa-calendar-alt '><\/i>10 abril, 2026<\/span><\/div><div class='tpg-excerpt'>KARYO Electric , precisa ayudante\/a de electricidad: Funciones: Instalaci\u00f3n, mantenimiento y reparaci\u00f3n el\u00e9ctrica en obras...<\/div><span class='read-more '><a data-id='12752' class='' href='https:\/\/site.educa.madrid.org\/ies.benjaminrua.mostoles\/index.php\/2026\/04\/10\/oferta-de-empleo-para-ayudante-a-electricidad-07-04-2026\/'>Leer m\u00e1s<\/a><\/span><\/div><\/div><\/div><\/div><\/div><div class=\"rt-col-md-12 rt-col-sm-6 rt-col-xs-12 even-grid-item rt-grid-item\" data-id=\"12725\"><div class=\"rt-holder\"><div class=\"rt-row\"><div class='rt-col-xs-12'><div class='rt-detail'><h3 class=\"entry-title\"><a data-id=\"12725\" class=\"\" href=\"https:\/\/site.educa.madrid.org\/ies.benjaminrua.mostoles\/index.php\/2026\/03\/24\/oferta-de-empleo-para-tecnico-electronico-23-03-2026\/\">OFERTA DE EMPLEO PARA T\u00c9CNICO ELECTR\u00d3NICO (23\/03\/2026)<\/a><\/h3><div class='post-meta-user '><span class='date-meta'><i class='far fa-calendar-alt '><\/i>24 marzo, 2026<\/span><\/div><div class='tpg-excerpt'>Descripci\u00f3n de la empresa: Hispano Radio Mar\u00edtima es una empresa de radiotelecomunicaciones mar\u00edtimas y ayuda...<\/div><span class='read-more '><a data-id='12725' class='' href='https:\/\/site.educa.madrid.org\/ies.benjaminrua.mostoles\/index.php\/2026\/03\/24\/oferta-de-empleo-para-tecnico-electronico-23-03-2026\/'>Leer m\u00e1s<\/a><\/span><\/div><\/div><\/div><\/div><\/div><\/div><\/div>\n\t\t\t\t<\/div>\n\t\t\t<\/div>\n\t\t<\/div>\n\t\t\t<div class=\"sow-accordion-panel\"\n\t\t\t data-anchor=\"empresas\">\n\t\t\t\t<div class=\"sow-accordion-panel-header-container\" role=\"heading\" aria-level=\"2\">\n\t\t\t\t\t<div class=\"sow-accordion-panel-header\" tabindex=\"0\" role=\"button\" id=\"accordion-label-empresas\" aria-controls=\"accordion-content-empresas\" aria-expanded=\"false\">\n\t\t\t\t\t\t<div class=\"sow-accordion-title sow-accordion-title-icon-left\">\n\t\t\t\t\t\t\t\t\t\t\t\t\t\tEmpresas\t\t\t\t\t\t\t\t\t\t\t\t\t<\/div>\n\t\t\t\t\t\t<div class=\"sow-accordion-open-close-button\">\n\t\t\t\t\t\t\t<div class=\"sow-accordion-open-button\">\n\t\t\t\t\t\t\t\t<span class=\"sow-icon-fontawesome sow-fas\" data-sow-icon=\"&#x2b;\"\n\t\t \n\t\taria-hidden=\"true\"><\/span>\t\t\t\t\t\t\t<\/div>\n\t\t\t\t\t\t\t<div class=\"sow-accordion-close-button\">\n\t\t\t\t\t\t\t\t<span class=\"sow-icon-fontawesome sow-fas\" data-sow-icon=\"&#xf068;\"\n\t\t \n\t\taria-hidden=\"true\"><\/span>\t\t\t\t\t\t\t<\/div>\n\t\t\t\t\t\t<\/div>\n\t\t\t\t\t<\/div>\n\t\t\t\t<\/div>\n\n\t\t\t<div\n\t\t\t\tclass=\"sow-accordion-panel-content\"\n\t\t\t\trole=\"region\"\n\t\t\t\taria-labelledby=\"accordion-label-empresas\"\n\t\t\t\tid=\"accordion-content-empresas\"\n\t\t\t\tstyle=\"display: none;\"\t\t\t>\n\t\t\t\t<div class=\"sow-accordion-panel-border\">\n\t\t\t\t\t<p>El IES Benjam\u00edn R\u00faa pone a disposici\u00f3n de todas las empresas interesadas en<br \/>\ncontactar con alumnos de nuestro centro, la posibilidad de dejar sus ofertas de empleo<br \/>\nrellenando el formulario correspondiente.<\/p>\n<ul>\n<li>Si la oferta est\u00e1 relacionada con cualquiera de los perfiles de los ciclos formativos que<br \/>\nimpartimos de la\u00a0familia profesional de Electricidad y Electr\u00f3nica, acceda a este<br \/>\n<a href=\"https:\/\/site.educa.madrid.org\/ies.benjaminrua.mostoles\/index.php\/formulario-de-ofertas-de-electronica\/\">formulario<\/a>.<\/li>\n<li>Si la oferta est\u00e1 relacionada con cualquiera de los perfiles de los ciclos formativos que<br \/>\nimpartimos de la\u00a0familia profesional de Sanidad, acceda a este\u00a0<a href=\"https:\/\/site.educa.madrid.org\/ies.benjaminrua.mostoles\/index.php\/formulario-de-ofertas-de-sanidad\/\">formulario<\/a>.<\/li>\n<li>Si la oferta est\u00e1 relacionada con el\u00a0ciclo de Prevenci\u00f3n de Riesgos Profesionales,<br \/>\nacceda a este\u00a0<a href=\"https:\/\/site.educa.madrid.org\/ies.benjaminrua.mostoles\/index.php\/formulario-de-ofertas-de-prp\/\">formulario<\/a>.<\/li>\n<\/ul>\n<p>Las ofertas ser\u00e1n gestionadas por los coordinadores correspondientes y comunicadas<br \/>\na los alumnos coincidentes con el perfil solicitado.<\/p>\n\t\t\t\t<\/div>\n\t\t\t<\/div>\n\t\t<\/div>\n\t\t<\/div>\n<\/div>\n<\/div>","protected":false},"excerpt":{"rendered":"","protected":false},"author":2,"featured_media":0,"parent":0,"menu_order":0,"comment_status":"closed","ping_status":"closed","template":"template-fullwidth.php","meta":{"footnotes":""},"folder":[],"class_list":["post-584","page","type-page","status-publish","hentry"],"rttpg_featured_image_url":null,"rttpg_author":{"display_name":"Tic ies benjaminrua mostoles","author_link":"https:\/\/site.educa.madrid.org\/ies.benjaminrua.mostoles\/index.php\/author\/cuenta_tic-ies-benjaminrua-mostoles\/"},"rttpg_comment":0,"rttpg_category":"","rttpg_excerpt":null,"post_mailing_queue_ids":[],"_links":{"self":[{"href":"https:\/\/site.educa.madrid.org\/ies.benjaminrua.mostoles\/index.php\/wp-json\/wp\/v2\/pages\/584","targetHints":{"allow":["GET"]}}],"collection":[{"href":"https:\/\/site.educa.madrid.org\/ies.benjaminrua.mostoles\/index.php\/wp-json\/wp\/v2\/pages"}],"about":[{"href":"https:\/\/site.educa.madrid.org\/ies.benjaminrua.mostoles\/index.php\/wp-json\/wp\/v2\/types\/page"}],"author":[{"embeddable":true,"href":"https:\/\/site.educa.madrid.org\/ies.benjaminrua.mostoles\/index.php\/wp-json\/wp\/v2\/users\/2"}],"replies":[{"embeddable":true,"href":"https:\/\/site.educa.madrid.org\/ies.benjaminrua.mostoles\/index.php\/wp-json\/wp\/v2\/comments?post=584"}],"version-history":[{"count":21,"href":"https:\/\/site.educa.madrid.org\/ies.benjaminrua.mostoles\/index.php\/wp-json\/wp\/v2\/pages\/584\/revisions"}],"predecessor-version":[{"id":12760,"href":"https:\/\/site.educa.madrid.org\/ies.benjaminrua.mostoles\/index.php\/wp-json\/wp\/v2\/pages\/584\/revisions\/12760"}],"wp:attachment":[{"href":"https:\/\/site.educa.madrid.org\/ies.benjaminrua.mostoles\/index.php\/wp-json\/wp\/v2\/media?parent=584"}],"wp:term":[{"taxonomy":"folder","embeddable":true,"href":"https:\/\/site.educa.madrid.org\/ies.benjaminrua.mostoles\/index.php\/wp-json\/wp\/v2\/folder?post=584"}],"curies":[{"name":"wp","href":"https:\/\/api.w.org\/{rel}","templated":true}]}}