{"id":6019,"date":"2022-06-27T13:32:24","date_gmt":"2022-06-27T11:32:24","guid":{"rendered":"https:\/\/site.educa.madrid.org\/ies.benjaminrua.mostoles\/?page_id=6019"},"modified":"2022-06-27T13:36:59","modified_gmt":"2022-06-27T11:36:59","slug":"pruebas-libres","status":"publish","type":"page","link":"https:\/\/site.educa.madrid.org\/ies.benjaminrua.mostoles\/index.php\/pruebas-libres\/","title":{"rendered":"Pruebas libres"},"content":{"rendered":"<style type='text\/css' media='all'>#rt-tpg-container-3794051870 .rt-holder .rt-woo-info .price{color:#0367bf;}body .rt-tpg-container .rt-tpg-isotope-buttons .selected,\n\t\t\t\t\t#rt-tpg-container-3794051870 .layout12 .rt-holder:hover .rt-detail,\n\t\t\t\t\t#rt-tpg-container-3794051870 .isotope8 .rt-holder:hover .rt-detail,\n\t\t\t\t\t#rt-tpg-container-3794051870 .carousel8 .rt-holder:hover .rt-detail,\n\t\t\t\t\t#rt-tpg-container-3794051870 .layout13 .rt-holder .overlay .post-info,\n\t\t\t\t\t#rt-tpg-container-3794051870 .isotope9 .rt-holder .overlay .post-info,\n\t\t\t\t\t#rt-tpg-container-3794051870.rt-tpg-container .layout4 .rt-holder .rt-detail,\n\t\t\t\t\t.rt-modal-3794051870 .md-content,\n\t\t\t\t\t.rt-modal-3794051870 .md-content > .rt-md-content-holder .rt-md-content,\n\t\t\t\t\t.rt-popup-wrap-3794051870.rt-popup-wrap .rt-popup-navigation-wrap,\n\t\t\t\t\t#rt-tpg-container-3794051870 .carousel9 .rt-holder .overlay .post-info{background-color:#0367bf;}#rt-tpg-container-3794051870 .layout5 .rt-holder .overlay, #rt-tpg-container-3794051870 .isotope2 .rt-holder .overlay, #rt-tpg-container-3794051870 .carousel2 .rt-holder .overlay,#rt-tpg-container-3794051870 .layout15 .rt-holder h3, #rt-tpg-container-3794051870 .isotope11 .rt-holder h3, #rt-tpg-container-3794051870 .carousel11 .rt-holder h3, #rt-tpg-container-3794051870 .layout16 .rt-holder h3,\n\t\t\t\t\t#rt-tpg-container-3794051870 .isotope12 .rt-holder h3, #rt-tpg-container-3794051870 .carousel12 .rt-holder h3 {background-color:rgba(3,103,191,0.8);}#rt-tpg-container-3794051870 .read-more a{border-radius:px;}#rt-tpg-container-3794051870 .rt-img-holder img.rt-img-responsive,#rt-tpg-container-3794051870 .rt-img-holder,\n\t\t\t\t\t#rt-tpg-container-3794051870 .rt-post-overlay .post-img,\n\t\t\t\t\t#rt-tpg-container-3794051870 .post-sm .post-img,\n\t\t\t\t\t#rt-tpg-container-3794051870 .rt-post-grid .post-img,\n\t\t\t\t\t#rt-tpg-container-3794051870 .post-img img {border-radius:px;}<\/style><div class='rt-container-fluid rt-tpg-container tpg-shortcode-main-wrapper ' id='rt-tpg-container-3794051870'   data-layout='layout1' data-grid-style='even' data-desktop-col='3'  data-tab-col='2'  data-mobile-col='1' data-sc-id='6018'><div data-title='Loading ...' class='rt-row rt-content-loader   layout1 tpg-even '><div class=\"rt-col-md-4 rt-col-sm-6 rt-col-xs-12 even-grid-item rt-grid-item\" data-id=\"12765\"><div class=\"rt-holder\"><div class='rt-detail'><h3 class=\"entry-title\"><a data-id=\"12765\" class=\"\" href=\"https:\/\/site.educa.madrid.org\/ies.benjaminrua.mostoles\/index.php\/2026\/04\/15\/pot-del-cf-prevencion-de-riesgos-profesionales-calendario-de-las-pruebas-informacion-de-cada-modulo-profesional-y-orientaciones-para-las-pruebas\/\">POT DEL CF PREVENCI\u00d3N DE RIESGOS PROFESIONALES. CALENDARIO DE LAS PRUEBAS, INFORMACI\u00d3N DE CADA M\u00d3DULO PROFESIONAL Y ORIENTACIONES PARA LAS PRUEBAS.<\/a><\/h3><div class='post-meta-user  '><span class='date'><i class='far fa-calendar-alt '><\/i>15 abril, 2026<\/span><\/div><div class='tpg-excerpt'>Em el siguiente archivo se encuentra el calendario de las Pruebas para el t\u00edtulo de...<\/div><div class='post-meta '><span class='read-more'><a data-id='12765' class='' href='https:\/\/site.educa.madrid.org\/ies.benjaminrua.mostoles\/index.php\/2026\/04\/15\/pot-del-cf-prevencion-de-riesgos-profesionales-calendario-de-las-pruebas-informacion-de-cada-modulo-profesional-y-orientaciones-para-las-pruebas\/'>Leer m\u00e1s<\/a><\/span><\/div><\/div><\/div><\/div><div class=\"rt-col-md-4 rt-col-sm-6 rt-col-xs-12 even-grid-item rt-grid-item\" data-id=\"12416\"><div class=\"rt-holder\"><div class='rt-detail'><h3 class=\"entry-title\"><a data-id=\"12416\" class=\"\" href=\"https:\/\/site.educa.madrid.org\/ies.benjaminrua.mostoles\/index.php\/2026\/01\/14\/ciclos-formativos-no-convocados-solicitud-de-matricula-excepcional\/\">CICLOS FORMATIVOS NO CONVOCADOS. SOLICITUD DE MATR\u00cdCULA EXCEPCIONAL<\/a><\/h3><div class='post-meta-user  '><span class='date'><i class='far fa-calendar-alt '><\/i>14 enero, 2026<\/span><\/div><div class='tpg-excerpt'>Cuando un Ciclo Formativo forme parte de la oferta educativa de la Comunidad de Madrid...<\/div><div class='post-meta '><span class='read-more'><a data-id='12416' class='' href='https:\/\/site.educa.madrid.org\/ies.benjaminrua.mostoles\/index.php\/2026\/01\/14\/ciclos-formativos-no-convocados-solicitud-de-matricula-excepcional\/'>Leer m\u00e1s<\/a><\/span><\/div><\/div><\/div><\/div><div class=\"rt-col-md-4 rt-col-sm-6 rt-col-xs-12 even-grid-item rt-grid-item\" data-id=\"12404\"><div class=\"rt-holder\"><div class='rt-detail'><h3 class=\"entry-title\"><a data-id=\"12404\" class=\"\" href=\"https:\/\/site.educa.madrid.org\/ies.benjaminrua.mostoles\/index.php\/2026\/01\/14\/pruebas-para-obtencion-de-titulos-de-tecnico-y-tecnico-superior-prevencion-de-riesgos-profesionales\/\">PRUEBAS PARA OBTENCI\u00d3N DE T\u00cdTULOS DE T\u00c9CNICO Y T\u00c9CNICO SUPERIOR 2026. PREVENCI\u00d3N DE RIESGOS PROFESIONALES (MSP304).<\/a><\/h3><div class='post-meta-user  '><span class='date'><i class='far fa-calendar-alt '><\/i>14 enero, 2026<\/span><\/div><div class='tpg-excerpt'>El IES Benjam\u00edn R\u00faa es centro examinador de las pruebas para la obtenci\u00f3n del T\u00edtulo...<\/div><div class='post-meta '><span class='read-more'><a data-id='12404' class='' href='https:\/\/site.educa.madrid.org\/ies.benjaminrua.mostoles\/index.php\/2026\/01\/14\/pruebas-para-obtencion-de-titulos-de-tecnico-y-tecnico-superior-prevencion-de-riesgos-profesionales\/'>Leer m\u00e1s<\/a><\/span><\/div><\/div><\/div><\/div><div class=\"rt-col-md-4 rt-col-sm-6 rt-col-xs-12 even-grid-item rt-grid-item\" data-id=\"10897\"><div class=\"rt-holder\"><div class='rt-detail'><h3 class=\"entry-title\"><a data-id=\"10897\" class=\"\" href=\"https:\/\/site.educa.madrid.org\/ies.benjaminrua.mostoles\/index.php\/2025\/06\/12\/pot-prevencion-de-riesgos-profesionales-reclamacion-a-calificaciones-finales\/\">POT PREVENCI\u00d3N DE RIESGOS PROFESIONALES. RECLAMACI\u00d3N A CALIFICACIONES FINALES<\/a><\/h3><div class='post-meta-user  '><span class='date'><i class='far fa-calendar-alt '><\/i>12 junio, 2025<\/span><\/div><div class='tpg-excerpt'>Este es el documento para realizar la reclamaci\u00f3n a calificaciones finales que est\u00e1 a disposici\u00f3n...<\/div><div class='post-meta '><span class='read-more'><a data-id='10897' class='' href='https:\/\/site.educa.madrid.org\/ies.benjaminrua.mostoles\/index.php\/2025\/06\/12\/pot-prevencion-de-riesgos-profesionales-reclamacion-a-calificaciones-finales\/'>Leer m\u00e1s<\/a><\/span><\/div><\/div><\/div><\/div><div class=\"rt-col-md-4 rt-col-sm-6 rt-col-xs-12 even-grid-item rt-grid-item\" data-id=\"10514\"><div class=\"rt-holder\"><div class='rt-detail'><h3 class=\"entry-title\"><a data-id=\"10514\" class=\"\" href=\"https:\/\/site.educa.madrid.org\/ies.benjaminrua.mostoles\/index.php\/2025\/05\/08\/pot-modulos-profesionales-con-parte-1-eliminatoria-consulta-de-la-calificacion-solicitud-de-revision-de-la-calificacion\/\">POT. M\u00f3dulos profesionales con Parte 1, eliminatoria. Consulta de la calificaci\u00f3n. Solicitud de revisi\u00f3n de la calificaci\u00f3n<\/a><\/h3><div class='post-meta-user  '><span class='date'><i class='far fa-calendar-alt '><\/i>8 mayo, 2025<\/span><\/div><div class='tpg-excerpt'>M\u00f3dulos Profesionales con Parte 1, eliminatoria. En los siguientes enlaces se pueden descargar las plantillas...<\/div><div class='post-meta '><span class='read-more'><a data-id='10514' class='' href='https:\/\/site.educa.madrid.org\/ies.benjaminrua.mostoles\/index.php\/2025\/05\/08\/pot-modulos-profesionales-con-parte-1-eliminatoria-consulta-de-la-calificacion-solicitud-de-revision-de-la-calificacion\/'>Leer m\u00e1s<\/a><\/span><\/div><\/div><\/div><\/div><\/div><\/div>\n\n\n\n<p><\/p>\n","protected":false},"excerpt":{"rendered":"","protected":false},"author":2,"featured_media":0,"parent":0,"menu_order":0,"comment_status":"closed","ping_status":"closed","template":"","meta":{"footnotes":""},"folder":[],"class_list":["post-6019","page","type-page","status-publish","hentry"],"rttpg_featured_image_url":null,"rttpg_author":{"display_name":"Tic ies benjaminrua mostoles","author_link":"https:\/\/site.educa.madrid.org\/ies.benjaminrua.mostoles\/index.php\/author\/cuenta_tic-ies-benjaminrua-mostoles\/"},"rttpg_comment":0,"rttpg_category":"","rttpg_excerpt":null,"post_mailing_queue_ids":[],"_links":{"self":[{"href":"https:\/\/site.educa.madrid.org\/ies.benjaminrua.mostoles\/index.php\/wp-json\/wp\/v2\/pages\/6019","targetHints":{"allow":["GET"]}}],"collection":[{"href":"https:\/\/site.educa.madrid.org\/ies.benjaminrua.mostoles\/index.php\/wp-json\/wp\/v2\/pages"}],"about":[{"href":"https:\/\/site.educa.madrid.org\/ies.benjaminrua.mostoles\/index.php\/wp-json\/wp\/v2\/types\/page"}],"author":[{"embeddable":true,"href":"https:\/\/site.educa.madrid.org\/ies.benjaminrua.mostoles\/index.php\/wp-json\/wp\/v2\/users\/2"}],"replies":[{"embeddable":true,"href":"https:\/\/site.educa.madrid.org\/ies.benjaminrua.mostoles\/index.php\/wp-json\/wp\/v2\/comments?post=6019"}],"version-history":[{"count":3,"href":"https:\/\/site.educa.madrid.org\/ies.benjaminrua.mostoles\/index.php\/wp-json\/wp\/v2\/pages\/6019\/revisions"}],"predecessor-version":[{"id":8375,"href":"https:\/\/site.educa.madrid.org\/ies.benjaminrua.mostoles\/index.php\/wp-json\/wp\/v2\/pages\/6019\/revisions\/8375"}],"wp:attachment":[{"href":"https:\/\/site.educa.madrid.org\/ies.benjaminrua.mostoles\/index.php\/wp-json\/wp\/v2\/media?parent=6019"}],"wp:term":[{"taxonomy":"folder","embeddable":true,"href":"https:\/\/site.educa.madrid.org\/ies.benjaminrua.mostoles\/index.php\/wp-json\/wp\/v2\/folder?post=6019"}],"curies":[{"name":"wp","href":"https:\/\/api.w.org\/{rel}","templated":true}]}}