{"id":6276,"date":"2023-03-29T19:58:34","date_gmt":"2023-03-29T17:58:34","guid":{"rendered":"https:\/\/site.educa.madrid.org\/ies.benjaminrua.mostoles\/?page_id=6276"},"modified":"2023-12-13T10:49:54","modified_gmt":"2023-12-13T09:49:54","slug":"popup","status":"publish","type":"page","link":"https:\/\/site.educa.madrid.org\/ies.benjaminrua.mostoles\/index.php\/popup\/","title":{"rendered":"POPUP"},"content":{"rendered":"\n<p>Los pr\u00f3ximos 19 y 20 de Abril tendr\u00e1n lugar las JORNADAS DE PUERTAS ABIERTAS, del IES Benjam\u00edn R\u00faa con el objetivo de mostrar las ense\u00f1anzas que se imparten en nuestro centro:<\/p>\n\n\n\n<ul class=\"wp-block-list\">\n<li>Familias y particulares: 21 de Abril a las 18h<\/li>\n\n\n\n<li>Centros (Grado Medio y formaci\u00f3n profesional b\u00e1sica): 19 de Abril de 9 a 14h<\/li>\n\n\n\n<li>Centros (Grado superior): 20&nbsp;de Abril de 9 a 14h<\/li>\n<\/ul>\n\n\n\n<p>Para inscribirse en las jornadas de puertas abiertas del Centro utilice los siguientes formularios:<\/p>\n\n\n\n<ul class=\"wp-block-list\">\n<li><strong><a href=\"http:\/\/formularios.educa.madrid.org\/index.php\/429695?lang=es\">Familias y particulares<\/a><\/strong><\/li>\n\n\n\n<li><strong><a href=\"http:\/\/formularios.educa.madrid.org\/index.php\/692321?lang=es\">Centros (Grado Medio y formaci\u00f3n profesional b\u00e1sica)<\/a><\/strong><\/li>\n\n\n\n<li><strong><a href=\"http:\/\/formularios.educa.madrid.org\/index.php\/156115?lang=es\">Centros (Grado Superior)<\/a><\/strong><\/li>\n<\/ul>\n","protected":false},"excerpt":{"rendered":"<p>Los pr\u00f3ximos 19 y 20 de Abril tendr\u00e1n lugar las JORNADAS DE PUERTAS ABIERTAS, del IES Benjam\u00edn R\u00faa con el objetivo de mostrar las ense\u00f1anzas que se imparten en nuestro &#8230;<\/p>\n","protected":false},"author":2,"featured_media":0,"parent":0,"menu_order":0,"comment_status":"closed","ping_status":"closed","template":"","meta":{"footnotes":""},"folder":[],"class_list":["post-6276","page","type-page","status-publish","hentry"],"rttpg_featured_image_url":null,"rttpg_author":{"display_name":"Tic ies benjaminrua mostoles","author_link":"https:\/\/site.educa.madrid.org\/ies.benjaminrua.mostoles\/index.php\/author\/cuenta_tic-ies-benjaminrua-mostoles\/"},"rttpg_comment":0,"rttpg_category":false,"rttpg_excerpt":"Los pr\u00f3ximos 19 y 20 de Abril tendr\u00e1n lugar las JORNADAS DE PUERTAS ABIERTAS, del IES Benjam\u00edn R\u00faa con el objetivo de mostrar las ense\u00f1anzas que se imparten en nuestro ...","post_mailing_queue_ids":[],"_links":{"self":[{"href":"https:\/\/site.educa.madrid.org\/ies.benjaminrua.mostoles\/index.php\/wp-json\/wp\/v2\/pages\/6276","targetHints":{"allow":["GET"]}}],"collection":[{"href":"https:\/\/site.educa.madrid.org\/ies.benjaminrua.mostoles\/index.php\/wp-json\/wp\/v2\/pages"}],"about":[{"href":"https:\/\/site.educa.madrid.org\/ies.benjaminrua.mostoles\/index.php\/wp-json\/wp\/v2\/types\/page"}],"author":[{"embeddable":true,"href":"https:\/\/site.educa.madrid.org\/ies.benjaminrua.mostoles\/index.php\/wp-json\/wp\/v2\/users\/2"}],"replies":[{"embeddable":true,"href":"https:\/\/site.educa.madrid.org\/ies.benjaminrua.mostoles\/index.php\/wp-json\/wp\/v2\/comments?post=6276"}],"version-history":[{"count":5,"href":"https:\/\/site.educa.madrid.org\/ies.benjaminrua.mostoles\/index.php\/wp-json\/wp\/v2\/pages\/6276\/revisions"}],"predecessor-version":[{"id":8348,"href":"https:\/\/site.educa.madrid.org\/ies.benjaminrua.mostoles\/index.php\/wp-json\/wp\/v2\/pages\/6276\/revisions\/8348"}],"wp:attachment":[{"href":"https:\/\/site.educa.madrid.org\/ies.benjaminrua.mostoles\/index.php\/wp-json\/wp\/v2\/media?parent=6276"}],"wp:term":[{"taxonomy":"folder","embeddable":true,"href":"https:\/\/site.educa.madrid.org\/ies.benjaminrua.mostoles\/index.php\/wp-json\/wp\/v2\/folder?post=6276"}],"curies":[{"name":"wp","href":"https:\/\/api.w.org\/{rel}","templated":true}]}}