{"id":6848,"date":"2023-06-12T21:08:44","date_gmt":"2023-06-12T19:08:44","guid":{"rendered":"https:\/\/site.educa.madrid.org\/ies.benjaminrua.mostoles\/?page_id=6848"},"modified":"2025-05-27T13:02:28","modified_gmt":"2025-05-27T11:02:28","slug":"erasmus-grado-medio","status":"publish","type":"page","link":"https:\/\/site.educa.madrid.org\/ies.benjaminrua.mostoles\/index.php\/erasmus-grado-medio\/","title":{"rendered":"Erasmus Grado Medio"},"content":{"rendered":"\n<div class=\"wp-block-cover alignfull has-parallax\" style=\"min-height:282px;aspect-ratio:unset;\"><span aria-hidden=\"true\" class=\"wp-block-cover__background has-background-dim-10 has-background-dim\"><\/span><div class=\"wp-block-cover__image-background wp-image-6854 has-parallax\" style=\"background-position:50% 50%;background-image:url(https:\/\/site.educa.madrid.org\/ies.benjaminrua.mostoles\/\/wp-content\/uploads\/ies.benjaminrua.mostoles\/2023\/06\/image1-copia.jpg)\"><\/div><div class=\"wp-block-cover__inner-container is-layout-flow wp-block-cover-is-layout-flow\">\n<p class=\"has-text-align-center has-white-color has-text-color has-x-large-font-size\">ERASMUS Benjam\u00edn R\u00faa<\/p>\n\n\n\n<p class=\"has-text-align-center has-white-color has-text-color has-small-font-size\">_______________________________________________________________________________________________<\/p>\n<\/div><\/div>\n\n\n\n<div style=\"height:41px\" aria-hidden=\"true\" class=\"wp-block-spacer\"><\/div>\n\n\n\n<div class=\"wp-block-columns is-layout-flex wp-container-core-columns-is-layout-9d6595d7 wp-block-columns-is-layout-flex\">\n<div class=\"wp-block-column is-layout-flow wp-block-column-is-layout-flow\" style=\"flex-basis:50px\"><\/div>\n\n\n\n<div class=\"wp-block-column is-layout-flow wp-block-column-is-layout-flow\">\n<figure class=\"wp-block-image size-large is-resized\"><img loading=\"lazy\" decoding=\"async\" width=\"1024\" height=\"249\" src=\"https:\/\/site.educa.madrid.org\/ies.benjaminrua.mostoles\/\/wp-content\/uploads\/ies.benjaminrua.mostoles\/2023\/06\/cofinanciado-1024x249.png\" alt=\"\" class=\"wp-image-6645\" style=\"width:369px;height:89px\" srcset=\"https:\/\/site.educa.madrid.org\/ies.benjaminrua.mostoles\/\/wp-content\/uploads\/ies.benjaminrua.mostoles\/2023\/06\/cofinanciado-1024x249.png 1024w, https:\/\/site.educa.madrid.org\/ies.benjaminrua.mostoles\/\/wp-content\/uploads\/ies.benjaminrua.mostoles\/2023\/06\/cofinanciado-300x73.png 300w, https:\/\/site.educa.madrid.org\/ies.benjaminrua.mostoles\/\/wp-content\/uploads\/ies.benjaminrua.mostoles\/2023\/06\/cofinanciado-768x187.png 768w, https:\/\/site.educa.madrid.org\/ies.benjaminrua.mostoles\/\/wp-content\/uploads\/ies.benjaminrua.mostoles\/2023\/06\/cofinanciado-1536x373.png 1536w, https:\/\/site.educa.madrid.org\/ies.benjaminrua.mostoles\/\/wp-content\/uploads\/ies.benjaminrua.mostoles\/2023\/06\/cofinanciado.png 1659w\" sizes=\"auto, (max-width: 1024px) 100vw, 1024px\" \/><\/figure>\n<\/div>\n\n\n\n<div class=\"wp-block-column is-layout-flow wp-block-column-is-layout-flow\" style=\"flex-basis:400px\"><\/div>\n\n\n\n<div class=\"wp-block-column is-layout-flow wp-block-column-is-layout-flow\">\n<figure class=\"wp-block-image size-full is-resized\"><a href=\"http:\/\/sepie.es\/\"><img loading=\"lazy\" decoding=\"async\" width=\"400\" height=\"148\" src=\"https:\/\/site.educa.madrid.org\/ies.benjaminrua.mostoles\/\/wp-content\/uploads\/ies.benjaminrua.mostoles\/2023\/06\/SEPIE_erasmus_plus.gif\" alt=\"\" class=\"wp-image-6646\" style=\"width:297px;height:109px\"\/><\/a><\/figure>\n<\/div>\n\n\n\n<div class=\"wp-block-column is-layout-flow wp-block-column-is-layout-flow\" style=\"flex-basis:20px\"><\/div>\n<\/div>\n\n\n\n<div style=\"height:75px\" aria-hidden=\"true\" class=\"wp-block-spacer\"><\/div>\n\n\n\n<div class=\"wp-block-columns is-layout-flex wp-container-core-columns-is-layout-9d6595d7 wp-block-columns-is-layout-flex\">\n<div class=\"wp-block-column is-vertically-aligned-top has-small-font-size is-layout-flow wp-block-column-is-layout-flow\" style=\"flex-basis:45%\"><div id=\"pl-gb6848-6a039574404d0\"  class=\"panel-layout panel-layout\" ><div id=\"pg-gb6848-6a039574404d0-0\"  class=\"panel-grid panel-no-style\"  data-style=\"{&quot;background_image_attachment&quot;:false,&quot;background_display&quot;:&quot;tile&quot;,&quot;background_image_size&quot;:&quot;full&quot;,&quot;border_thickness&quot;:&quot;1px&quot;,&quot;full_height&quot;:&quot;&quot;,&quot;cell_alignment&quot;:&quot;center&quot;,&quot;link_overlay_new_window&quot;:&quot;&quot;}\" ><div id=\"pgc-gb6848-6a039574404d0-0-0\"  class=\"panel-grid-cell\"  data-weight=\"1\" ><div id=\"panel-gb6848-6a039574404d0-0-0-0\" class=\"so-panel widget widget_sow-social-media-buttons panel-first-child panel-last-child\" data-index=\"0\" data-style=\"{&quot;background_image_attachment&quot;:false,&quot;background_display&quot;:&quot;tile&quot;,&quot;link_overlay_new_window&quot;:&quot;&quot;}\" ><div\n\t\t\t\n\t\t\tclass=\"so-widget-sow-social-media-buttons so-widget-sow-social-media-buttons-flat-f1291fb28d0d\"\n\t\t\t\n\t\t>\n\n<div class=\"social-media-button-container\">\n\t\n\t\t<a class=\"ow-button-hover sow-social-media-button-facebook-0 sow-social-media-button\" title=\"IES Benjam\u00edn R\u00faa en Facebook\" aria-label=\"IES Benjam\u00edn R\u00faa en Facebook\" target=\"_blank\" rel=\"noopener noreferrer\" href=\"https:\/\/www.facebook.com\/\" >\n\t\t\t<span>\n\t\t\t\t\t\t\t\t<span class=\"sow-icon-fontawesome sow-fab\" data-sow-icon=\"&#xf39e;\"\n\t\t \n\t\taria-hidden=\"true\"><\/span>\t\t\t\t\t\t\t<\/span>\n\t\t<\/a>\n\t\n\t\t<a class=\"ow-button-hover sow-social-media-button-x-twitter-0 sow-social-media-button\" title=\"IES Benjam\u00edn R\u00faa en X Twitter\" aria-label=\"IES Benjam\u00edn R\u00faa en X Twitter\" target=\"_blank\" rel=\"noopener noreferrer\" href=\"https:\/\/twitter.com\/\" >\n\t\t\t<span>\n\t\t\t\t\t\t\t\t<span class=\"sow-icon-fontawesome sow-fab\" data-sow-icon=\"&#xe61b;\"\n\t\t \n\t\taria-hidden=\"true\"><\/span>\t\t\t\t\t\t\t<\/span>\n\t\t<\/a>\n\t\n\t\t<a class=\"ow-button-hover sow-social-media-button-instagram-0 sow-social-media-button\" title=\"IES Benjam\u00edn R\u00faa en Instagram\" aria-label=\"IES Benjam\u00edn R\u00faa en Instagram\" target=\"_blank\" rel=\"noopener noreferrer\" href=\"https:\/\/instagram.com\/\" >\n\t\t\t<span>\n\t\t\t\t\t\t\t\t<span class=\"sow-icon-fontawesome sow-fab\" data-sow-icon=\"&#xf16d;\"\n\t\t \n\t\taria-hidden=\"true\"><\/span>\t\t\t\t\t\t\t<\/span>\n\t\t<\/a>\n\t<\/div>\n<\/div><\/div><\/div><\/div><\/div>\n\n\n<div style=\"height:70px\" aria-hidden=\"true\" class=\"wp-block-spacer\"><\/div>\n\n\n<div class=\"wp-block-image\">\n<figure class=\"aligncenter size-full\"><a href=\"https:\/\/site.educa.madrid.org\/ies.benjaminrua.mostoles\/\/wp-content\/uploads\/ies.benjaminrua.mostoles\/2023\/08\/folleto_ka120.pdf\"><img loading=\"lazy\" decoding=\"async\" width=\"720\" height=\"540\" src=\"https:\/\/site.educa.madrid.org\/ies.benjaminrua.mostoles\/\/wp-content\/uploads\/ies.benjaminrua.mostoles\/2023\/08\/KA120.jpg\" alt=\"\" class=\"wp-image-7740\" srcset=\"https:\/\/site.educa.madrid.org\/ies.benjaminrua.mostoles\/\/wp-content\/uploads\/ies.benjaminrua.mostoles\/2023\/08\/KA120.jpg 720w, https:\/\/site.educa.madrid.org\/ies.benjaminrua.mostoles\/\/wp-content\/uploads\/ies.benjaminrua.mostoles\/2023\/08\/KA120-300x225.jpg 300w\" sizes=\"auto, (max-width: 720px) 100vw, 720px\" \/><\/a><\/figure>\n<\/div>\n\n\n<div style=\"height:65px\" aria-hidden=\"true\" class=\"wp-block-spacer\"><\/div>\n\n\n\n<div class=\"wp-block-group\"><div class=\"wp-block-group__inner-container is-layout-constrained wp-block-group-is-layout-constrained\">\n<div class=\"wp-block-buttons is-content-justification-center is-layout-flex wp-container-core-buttons-is-layout-16018d1d wp-block-buttons-is-layout-flex\">\n<div class=\"wp-block-button has-custom-width wp-block-button__width-100 has-custom-font-size has-medium-font-size\"><a class=\"wp-block-button__link has-white-color has-text-color has-background wp-element-button\" href=\"https:\/\/site.educa.madrid.org\/ies.benjaminrua.mostoles\/index.php\/ka121-vet-25-26-3\/\" style=\"background-color:#19177c\"><strong>Curso 2025-2026<\/strong><\/a><\/div>\n\n\n\n<div class=\"wp-block-button has-custom-width wp-block-button__width-100 has-custom-font-size has-medium-font-size\"><a class=\"wp-block-button__link has-white-color has-text-color has-background wp-element-button\" href=\"https:\/\/site.educa.madrid.org\/ies.benjaminrua.mostoles\/index.php\/ka121-vet-23-24-2\/\" style=\"background-color:#19177c\"><strong>Curso 2024-2025<\/strong><\/a><\/div>\n\n\n\n<div class=\"wp-block-button has-custom-width wp-block-button__width-100 has-custom-font-size has-medium-font-size\"><a class=\"wp-block-button__link has-white-color has-text-color has-background wp-element-button\" href=\"https:\/\/site.educa.madrid.org\/ies.benjaminrua.mostoles\/index.php\/ka121-vet-23-24\/\" style=\"background-color:#19177c\"><strong>Curso 2023-2024<\/strong><\/a><\/div>\n<\/div>\n<\/div><\/div>\n<\/div>\n\n\n\n<div class=\"wp-block-column is-layout-flow wp-block-column-is-layout-flow\" style=\"flex-basis:95%\">\n<h1 class=\"wp-block-heading has-vivid-cyan-blue-color has-text-color\"><strong>PROGRAMA ERASMUS+<\/strong><\/h1>\n\n\n\n<h1 class=\"wp-block-heading has-vivid-cyan-blue-color has-text-color\"><strong>PROYECTO DE MOVILIDAD KA121-VET<\/strong><\/h1>\n\n\n\n<h2 class=\"wp-block-heading\"><strong>Ciclos Formativos de Grado Medio y FPB<\/strong><\/h2>\n\n\n\n<p>La finalidad de las actividades de movilidad financiadas por Erasmus+ es brindar oportunidades de aprendizaje a las personas y apoyar la internacionalizaci\u00f3n y el desarrollo institucional de los centros de FP y otras organizaciones en el \u00e1mbito de la formaci\u00f3n y educaci\u00f3n profesionales. Concretamente, los objetivos de esta acci\u00f3n son:<\/p>\n\n\n\n<ul class=\"wp-block-list\">\n<li>Mejorar la calidad de la educaci\u00f3n y la formaci\u00f3n profesionales iniciales y continuas en Europa<\/li>\n<\/ul>\n\n\n\n<ul class=\"wp-block-list\">\n<li>Reforzar la dimensi\u00f3n europea de la ense\u00f1anza y el aprendizaje:<\/li>\n<\/ul>\n\n\n\n<p>El objetivo de nuestro Proyecto es subvencionar la movilidad de alumnos de Ciclos Formativos de Grado Medio para que puedan realizar la Fase de Formaci\u00f3n en Empresa (FFE) en un pa\u00eds de la Uni\u00f3n Europea. De este modo queremos contribuir a:<\/p>\n\n\n\n<ul class=\"wp-block-list\">\n<li>Mejorar las competencias profesionales y personales.<\/li>\n\n\n\n<li>Ampliar las posibilidades de empleabilidad.<\/li>\n\n\n\n<li>Reforzar las competencias ling\u00fc\u00edsticas.<\/li>\n\n\n\n<li>Fomentar la movilidad geogr\u00e1fica.<\/li>\n\n\n\n<li>Conocer la realidad laboral de otros pa\u00edses del entorno europeo.<\/li>\n\n\n\n<li>Aproximar al alumno a otras culturas.<\/li>\n<\/ul>\n<\/div>\n<\/div>\n","protected":false},"excerpt":{"rendered":"<p>PROGRAMA ERASMUS+ PROYECTO DE MOVILIDAD KA121-VET Ciclos Formativos de Grado Medio y FPB La finalidad de las actividades de movilidad financiadas por Erasmus+ es brindar oportunidades de aprendizaje a las &#8230;<\/p>\n","protected":false},"author":2,"featured_media":0,"parent":0,"menu_order":0,"comment_status":"closed","ping_status":"closed","template":"template-fullwidth.php","meta":{"footnotes":""},"folder":[],"class_list":["post-6848","page","type-page","status-publish","hentry"],"rttpg_featured_image_url":null,"rttpg_author":{"display_name":"Tic ies benjaminrua mostoles","author_link":"https:\/\/site.educa.madrid.org\/ies.benjaminrua.mostoles\/index.php\/author\/cuenta_tic-ies-benjaminrua-mostoles\/"},"rttpg_comment":0,"rttpg_category":false,"rttpg_excerpt":"PROGRAMA ERASMUS+ PROYECTO DE MOVILIDAD KA121-VET Ciclos Formativos de Grado Medio y FPB La finalidad de las actividades de movilidad financiadas por Erasmus+ es brindar oportunidades de aprendizaje a las ...","post_mailing_queue_ids":[],"_links":{"self":[{"href":"https:\/\/site.educa.madrid.org\/ies.benjaminrua.mostoles\/index.php\/wp-json\/wp\/v2\/pages\/6848","targetHints":{"allow":["GET"]}}],"collection":[{"href":"https:\/\/site.educa.madrid.org\/ies.benjaminrua.mostoles\/index.php\/wp-json\/wp\/v2\/pages"}],"about":[{"href":"https:\/\/site.educa.madrid.org\/ies.benjaminrua.mostoles\/index.php\/wp-json\/wp\/v2\/types\/page"}],"author":[{"embeddable":true,"href":"https:\/\/site.educa.madrid.org\/ies.benjaminrua.mostoles\/index.php\/wp-json\/wp\/v2\/users\/2"}],"replies":[{"embeddable":true,"href":"https:\/\/site.educa.madrid.org\/ies.benjaminrua.mostoles\/index.php\/wp-json\/wp\/v2\/comments?post=6848"}],"version-history":[{"count":22,"href":"https:\/\/site.educa.madrid.org\/ies.benjaminrua.mostoles\/index.php\/wp-json\/wp\/v2\/pages\/6848\/revisions"}],"predecessor-version":[{"id":10763,"href":"https:\/\/site.educa.madrid.org\/ies.benjaminrua.mostoles\/index.php\/wp-json\/wp\/v2\/pages\/6848\/revisions\/10763"}],"wp:attachment":[{"href":"https:\/\/site.educa.madrid.org\/ies.benjaminrua.mostoles\/index.php\/wp-json\/wp\/v2\/media?parent=6848"}],"wp:term":[{"taxonomy":"folder","embeddable":true,"href":"https:\/\/site.educa.madrid.org\/ies.benjaminrua.mostoles\/index.php\/wp-json\/wp\/v2\/folder?post=6848"}],"curies":[{"name":"wp","href":"https:\/\/api.w.org\/{rel}","templated":true}]}}