{"id":7752,"date":"2023-08-27T18:53:52","date_gmt":"2023-08-27T16:53:52","guid":{"rendered":"https:\/\/site.educa.madrid.org\/ies.benjaminrua.mostoles\/?page_id=7752"},"modified":"2023-10-17T11:40:37","modified_gmt":"2023-10-17T09:40:37","slug":"ka121-vet-23-24","status":"publish","type":"page","link":"https:\/\/site.educa.madrid.org\/ies.benjaminrua.mostoles\/index.php\/ka121-vet-23-24\/","title":{"rendered":"KA121-VET 23-24"},"content":{"rendered":"\n<div class=\"wp-block-group alignfull has-background\" style=\"background-color:#f5eac1;padding-top:6vw;padding-right:6vw;padding-bottom:6vw;padding-left:6vw\"><div class=\"wp-block-group__inner-container is-layout-flow wp-block-group-is-layout-flow\">\n<div class=\"wp-block-group is-vertical is-nowrap is-layout-flex wp-container-core-group-is-layout-287ef9cb wp-block-group-is-layout-flex\" style=\"padding-right:0;padding-left:0\">\n<h6 class=\"wp-block-heading has-text-color\" id=\"ecosystem\" style=\"color:#000000;font-size:16px\">ERASMUS+ CICLOS FORMATIVOS DE GRADO MEDIO<\/h6>\n\n\n\n<p class=\"has-text-align-center has-text-color\" style=\"color:#000000;font-size:64px;font-style:normal;font-weight:700;letter-spacing:0px;line-height:0.9;text-decoration:none;text-transform:none\">Proyecto KA121 2023-2024<\/p>\n\n\n\n<hr class=\"wp-block-separator has-alpha-channel-opacity is-style-wide wp-container-content-9cfa9a5a\"\/>\n<\/div>\n\n\n\n<div style=\"height:20px\" aria-hidden=\"true\" class=\"wp-block-spacer\"><\/div>\n\n\n\n<hr class=\"wp-block-separator has-text-color has-black-color has-alpha-channel-opacity has-black-background-color has-background is-style-default\"\/>\n\n\n<div class=\"wp-block-image\">\n<figure class=\"aligncenter size-full is-resized\"><a href=\"https:\/\/site.educa.madrid.org\/ies.benjaminrua.mostoles\/\/wp-content\/uploads\/ies.benjaminrua.mostoles\/2023\/10\/Alumnos-seleccionados-GM-23-24-DNI-ofuscado.pdf\"><img loading=\"lazy\" decoding=\"async\" src=\"https:\/\/site.educa.madrid.org\/ies.benjaminrua.mostoles\/\/wp-content\/uploads\/ies.benjaminrua.mostoles\/2023\/10\/Imagen-seleccionados-GM_23-24.jpg\" alt=\"\" class=\"wp-image-8190\" width=\"524\" height=\"295\" srcset=\"https:\/\/site.educa.madrid.org\/ies.benjaminrua.mostoles\/\/wp-content\/uploads\/ies.benjaminrua.mostoles\/2023\/10\/Imagen-seleccionados-GM_23-24.jpg 720w, https:\/\/site.educa.madrid.org\/ies.benjaminrua.mostoles\/\/wp-content\/uploads\/ies.benjaminrua.mostoles\/2023\/10\/Imagen-seleccionados-GM_23-24-300x169.jpg 300w\" sizes=\"auto, (max-width: 524px) 100vw, 524px\" \/><\/a><\/figure>\n<\/div>\n\n\n<div style=\"height:20px\" aria-hidden=\"true\" class=\"wp-block-spacer\"><\/div>\n\n\n\n<div class=\"wp-block-group alignwide is-vertical is-nowrap is-layout-flex wp-container-core-group-is-layout-8171334d wp-block-group-is-layout-flex\" style=\"padding-top:0;padding-right:0;padding-bottom:0;padding-left:0\">\n<div class=\"wp-block-columns alignwide is-layout-flex wp-container-core-columns-is-layout-2656d967 wp-block-columns-is-layout-flex\">\n<div class=\"wp-block-column is-layout-flow wp-block-column-is-layout-flow\" style=\"flex-basis:40%\">\n<p style=\"font-size:22px\">Este curso queremos presentar el Programa Erasmus+ a nuestros estudiantes de <strong>primer curso<\/strong> de ciclos formativos de <strong>Grado Medio<\/strong>. El objetivo es que todos tengan la informaci\u00f3n con tiempo suficiente para decidir y organizar sus futuras movilidades.<\/p>\n<\/div>\n\n\n\n<div class=\"wp-block-column is-layout-flow wp-block-column-is-layout-flow\" style=\"flex-basis:40%\">\n<div style=\"height:2vw\" aria-hidden=\"true\" class=\"wp-block-spacer\"><\/div>\n\n\n\n<figure class=\"wp-block-image size-large is-resized\"><img loading=\"lazy\" decoding=\"async\" src=\"https:\/\/site.educa.madrid.org\/ies.benjaminrua.mostoles\/\/wp-content\/uploads\/ies.benjaminrua.mostoles\/2023\/07\/dc72017a-c70c-4249-93e6-0aab9dbe3d67-768x1024.jpg\" alt=\"\" class=\"wp-image-7536\" width=\"262\" height=\"350\" srcset=\"https:\/\/site.educa.madrid.org\/ies.benjaminrua.mostoles\/\/wp-content\/uploads\/ies.benjaminrua.mostoles\/2023\/07\/dc72017a-c70c-4249-93e6-0aab9dbe3d67-768x1024.jpg 768w, https:\/\/site.educa.madrid.org\/ies.benjaminrua.mostoles\/\/wp-content\/uploads\/ies.benjaminrua.mostoles\/2023\/07\/dc72017a-c70c-4249-93e6-0aab9dbe3d67-225x300.jpg 225w, https:\/\/site.educa.madrid.org\/ies.benjaminrua.mostoles\/\/wp-content\/uploads\/ies.benjaminrua.mostoles\/2023\/07\/dc72017a-c70c-4249-93e6-0aab9dbe3d67-300x400.jpg 300w, https:\/\/site.educa.madrid.org\/ies.benjaminrua.mostoles\/\/wp-content\/uploads\/ies.benjaminrua.mostoles\/2023\/07\/dc72017a-c70c-4249-93e6-0aab9dbe3d67-1152x1536.jpg 1152w, https:\/\/site.educa.madrid.org\/ies.benjaminrua.mostoles\/\/wp-content\/uploads\/ies.benjaminrua.mostoles\/2023\/07\/dc72017a-c70c-4249-93e6-0aab9dbe3d67.jpg 1200w\" sizes=\"auto, (max-width: 262px) 100vw, 262px\" \/><\/figure>\n<\/div>\n\n\n\n<div class=\"wp-block-column is-layout-flow wp-block-column-is-layout-flow\" style=\"flex-basis:40%\">\n<figure class=\"wp-block-image size-large is-resized\"><img loading=\"lazy\" decoding=\"async\" src=\"https:\/\/site.educa.madrid.org\/ies.benjaminrua.mostoles\/\/wp-content\/uploads\/ies.benjaminrua.mostoles\/2023\/07\/a1280c39-9945-4e9d-bacb-ca1206855d2c-1024x768.jpg\" alt=\"\" class=\"wp-image-7526\" width=\"380\" height=\"285\" srcset=\"https:\/\/site.educa.madrid.org\/ies.benjaminrua.mostoles\/\/wp-content\/uploads\/ies.benjaminrua.mostoles\/2023\/07\/a1280c39-9945-4e9d-bacb-ca1206855d2c-1024x768.jpg 1024w, https:\/\/site.educa.madrid.org\/ies.benjaminrua.mostoles\/\/wp-content\/uploads\/ies.benjaminrua.mostoles\/2023\/07\/a1280c39-9945-4e9d-bacb-ca1206855d2c-300x225.jpg 300w, https:\/\/site.educa.madrid.org\/ies.benjaminrua.mostoles\/\/wp-content\/uploads\/ies.benjaminrua.mostoles\/2023\/07\/a1280c39-9945-4e9d-bacb-ca1206855d2c-768x576.jpg 768w, https:\/\/site.educa.madrid.org\/ies.benjaminrua.mostoles\/\/wp-content\/uploads\/ies.benjaminrua.mostoles\/2023\/07\/a1280c39-9945-4e9d-bacb-ca1206855d2c-1536x1152.jpg 1536w, https:\/\/site.educa.madrid.org\/ies.benjaminrua.mostoles\/\/wp-content\/uploads\/ies.benjaminrua.mostoles\/2023\/07\/a1280c39-9945-4e9d-bacb-ca1206855d2c.jpg 1600w\" sizes=\"auto, (max-width: 380px) 100vw, 380px\" \/><\/figure>\n\n\n\n<div style=\"height:10px\" aria-hidden=\"true\" class=\"wp-block-spacer\"><\/div>\n\n\n\n<figure class=\"wp-block-image size-large is-resized\"><img loading=\"lazy\" decoding=\"async\" src=\"https:\/\/site.educa.madrid.org\/ies.benjaminrua.mostoles\/\/wp-content\/uploads\/ies.benjaminrua.mostoles\/2023\/07\/323b6b09-c85a-4466-810d-403e50ead582-1024x768.jpg\" alt=\"\" class=\"wp-image-7487\" width=\"345\" height=\"258\" srcset=\"https:\/\/site.educa.madrid.org\/ies.benjaminrua.mostoles\/\/wp-content\/uploads\/ies.benjaminrua.mostoles\/2023\/07\/323b6b09-c85a-4466-810d-403e50ead582-1024x768.jpg 1024w, https:\/\/site.educa.madrid.org\/ies.benjaminrua.mostoles\/\/wp-content\/uploads\/ies.benjaminrua.mostoles\/2023\/07\/323b6b09-c85a-4466-810d-403e50ead582-300x225.jpg 300w, https:\/\/site.educa.madrid.org\/ies.benjaminrua.mostoles\/\/wp-content\/uploads\/ies.benjaminrua.mostoles\/2023\/07\/323b6b09-c85a-4466-810d-403e50ead582-768x576.jpg 768w, https:\/\/site.educa.madrid.org\/ies.benjaminrua.mostoles\/\/wp-content\/uploads\/ies.benjaminrua.mostoles\/2023\/07\/323b6b09-c85a-4466-810d-403e50ead582-1536x1152.jpg 1536w, https:\/\/site.educa.madrid.org\/ies.benjaminrua.mostoles\/\/wp-content\/uploads\/ies.benjaminrua.mostoles\/2023\/07\/323b6b09-c85a-4466-810d-403e50ead582.jpg 1600w\" sizes=\"auto, (max-width: 345px) 100vw, 345px\" \/><\/figure>\n<\/div>\n<\/div>\n\n\n\n<div class=\"wp-block-columns alignwide is-layout-flex wp-container-core-columns-is-layout-724a882f wp-block-columns-is-layout-flex\">\n<div class=\"wp-block-column is-vertically-aligned-center is-layout-flow wp-block-column-is-layout-flow\" style=\"flex-basis:50%\">\n<div style=\"height:20px\" aria-hidden=\"true\" class=\"wp-block-spacer\"><\/div>\n\n\n\n<h3 class=\"wp-block-heading has-text-color\" style=\"color:#636567;font-size:30px\"><strong>JORNADA DE DIFUSI\u00d3N DEL PROYECTO EN EL CENTRO<\/strong><\/h3>\n\n\n\n<ul class=\"wp-block-list\" style=\"font-size:5px;font-style:normal;font-weight:400\">\n<li style=\"font-size:17px\"><strong>D\u00eda<\/strong>: 5 de mayo de 2023<\/li>\n\n\n\n<li style=\"font-size:18px\"><strong>Hora<\/strong>:\n<ul class=\"wp-block-list\">\n<li>10:20 horas\n<ul class=\"wp-block-list\">\n<li>Farmacia y Parafarmacia &#8211; Diurno<\/li>\n\n\n\n<li>Instalaciones de Telecomunicaciones<\/li>\n<\/ul>\n<\/li>\n\n\n\n<li>11:45 horas\n<ul class=\"wp-block-list\">\n<li>Cuidados Auxiliares de Enfermer\u00eda &#8211; Diurno<\/li>\n<\/ul>\n<\/li>\n\n\n\n<li>12:40 horas\n<ul class=\"wp-block-list\">\n<li>Emergencias Sanitarias<\/li>\n<\/ul>\n<\/li>\n<\/ul>\n<\/li>\n<\/ul>\n\n\n\n<ul class=\"wp-block-list\" style=\"font-size:18px;font-style:normal;font-weight:400\">\n<li style=\"font-size:18px\"><strong>D\u00eda<\/strong>: 8 de mayo de 2023<\/li>\n\n\n\n<li style=\"font-size:18px\"><strong>Hora<\/strong>:\n<ul class=\"wp-block-list\">\n<li>16:30 horas\n<ul class=\"wp-block-list\">\n<li>Farmacia y Parafarmacia &#8211; Vespertino<\/li>\n<\/ul>\n<\/li>\n\n\n\n<li>18:00 horas\n<ul class=\"wp-block-list\">\n<li>Cuidados Auxiliares de Enfermer\u00eda &#8211; Vespertino<\/li>\n<\/ul>\n<\/li>\n<\/ul>\n<\/li>\n<\/ul>\n<\/div>\n\n\n\n<div class=\"wp-block-column is-layout-flow wp-block-column-is-layout-flow\" style=\"flex-basis:60%\">\n<figure class=\"wp-block-image size-large is-resized\"><img loading=\"lazy\" decoding=\"async\" src=\"https:\/\/site.educa.madrid.org\/ies.benjaminrua.mostoles\/\/wp-content\/uploads\/ies.benjaminrua.mostoles\/2023\/08\/IMG_1495-2-914x1024.jpg\" alt=\"\" class=\"wp-image-7761\" width=\"431\" height=\"482\" srcset=\"https:\/\/site.educa.madrid.org\/ies.benjaminrua.mostoles\/\/wp-content\/uploads\/ies.benjaminrua.mostoles\/2023\/08\/IMG_1495-2-914x1024.jpg 914w, https:\/\/site.educa.madrid.org\/ies.benjaminrua.mostoles\/\/wp-content\/uploads\/ies.benjaminrua.mostoles\/2023\/08\/IMG_1495-2-268x300.jpg 268w, https:\/\/site.educa.madrid.org\/ies.benjaminrua.mostoles\/\/wp-content\/uploads\/ies.benjaminrua.mostoles\/2023\/08\/IMG_1495-2-768x861.jpg 768w, https:\/\/site.educa.madrid.org\/ies.benjaminrua.mostoles\/\/wp-content\/uploads\/ies.benjaminrua.mostoles\/2023\/08\/IMG_1495-2-1371x1536.jpg 1371w, https:\/\/site.educa.madrid.org\/ies.benjaminrua.mostoles\/\/wp-content\/uploads\/ies.benjaminrua.mostoles\/2023\/08\/IMG_1495-2.jpg 1428w\" sizes=\"auto, (max-width: 431px) 100vw, 431px\" \/><\/figure>\n\n\n\n<div style=\"height:30px\" aria-hidden=\"true\" class=\"wp-block-spacer\"><\/div>\n\n\n\n<figure class=\"wp-block-image size-large is-resized\"><img loading=\"lazy\" decoding=\"async\" src=\"https:\/\/site.educa.madrid.org\/ies.benjaminrua.mostoles\/\/wp-content\/uploads\/ies.benjaminrua.mostoles\/2023\/07\/CB514C58-025F-4148-9E2B-FB79FE7B09B4-819x1024.jpg\" alt=\"\" class=\"wp-image-7513\" width=\"330\" height=\"411\" srcset=\"https:\/\/site.educa.madrid.org\/ies.benjaminrua.mostoles\/\/wp-content\/uploads\/ies.benjaminrua.mostoles\/2023\/07\/CB514C58-025F-4148-9E2B-FB79FE7B09B4-240x300.jpg 240w, https:\/\/site.educa.madrid.org\/ies.benjaminrua.mostoles\/\/wp-content\/uploads\/ies.benjaminrua.mostoles\/2023\/07\/CB514C58-025F-4148-9E2B-FB79FE7B09B4-1229x1536.jpg 1229w\" sizes=\"auto, (max-width: 330px) 100vw, 330px\" \/><\/figure>\n<\/div>\n<\/div>\n<\/div>\n\n\n\n<div class=\"wp-block-columns is-layout-flex wp-container-core-columns-is-layout-9d6595d7 wp-block-columns-is-layout-flex\">\n<div class=\"wp-block-column is-layout-flow wp-block-column-is-layout-flow\" style=\"flex-basis:100%\">\n<p class=\"has-text-color has-large-font-size\" style=\"color:#2b3f7e\"><strong>PARTICIPA<\/strong><\/p>\n\n\n\n<p class=\"has-text-color\" style=\"color:#272985;font-size:24px\"><span style=\"color: #000080;\">\u221a <a href=\"https:\/\/site.educa.madrid.org\/ies.benjaminrua.mostoles\/\/wp-content\/uploads\/ies.benjaminrua.mostoles\/2025\/05\/Erasmus-hibrido-25-26.pdf\"><mark style=\"background-color:rgba(0, 0, 0, 0);color:#272985\" class=\"has-inline-color\">\u00bfEn qu\u00e9 consiste el Proyecto Eurom\u00f3vilR\u00fa@?<\/mark><\/a><\/span><\/p>\n\n\n\n<p style=\"font-size:24px\"><span style=\"color: #000080;\">\u221a<\/span> <a href=\"https:\/\/www.youtube.com\/watch?v=xRV0AlB4aHM\"><mark style=\"background-color:rgba(0, 0, 0, 0);color:#110b71\" class=\"has-inline-color\">Video de la Jornada Erasmus celebrada en mayo de 2025<\/mark><\/a><\/p>\n\n\n\n<p class=\"has-text-color has-link-color wp-elements-a42089f1097985d9a4907ab017b4b5df\" style=\"color:#151778;font-size:24px\"><span style=\"color: #000080;\">\u221a <mark style=\"background-color:rgba(0, 0, 0, 0);color:#0f0c6f\" class=\"has-inline-color\"><a href=\"https:\/\/formularios.educa.madrid.org\/index.php\/666617?lang=es\">Solicitud de participaci\u00f3n<\/a><\/mark><\/span><\/p>\n\n\n\n<p class=\"has-text-color\" style=\"color:#272985;font-size:24px\"><span style=\"color: #000080;\">\u221a <a href=\"https:\/\/europa.eu\/europass\/es\/create-europass-cv\"><mark style=\"background-color:rgba(0, 0, 0, 0);color:#1d0c76\" class=\"has-inline-color\">CV Europass y carta de presentaci\u00f3n<\/mark><\/a><\/span><\/p>\n\n\n\n<p style=\"font-size:24px\"><span style=\"color: #000080;\">\u221a <a href=\"https:\/\/site.educa.madrid.org\/ies.benjaminrua.mostoles\/\/wp-content\/uploads\/ies.benjaminrua.mostoles\/2025\/05\/PDP_KA121_2025.pdf\"><mark style=\"background-color:rgba(0, 0, 0, 0);color:#272985\" class=\"has-inline-color\">Documento de Protecci\u00f3n de Datos Personales<\/mark><\/a><\/span><\/p>\n\n\n\n<p class=\"has-text-color\" style=\"color:#272985;font-size:24px\"><span style=\"color: #000080;\">\u221a <a href=\"https:\/\/site.educa.madrid.org\/ies.benjaminrua.mostoles\/\/wp-content\/uploads\/ies.benjaminrua.mostoles\/2025\/05\/Baremo_KA121_25-26-1.pdf\"><mark style=\"background-color:rgba(0, 0, 0, 0);color:#1d0c76\" class=\"has-inline-color\">Criterios de baremaci\u00f3n<\/mark><\/a><\/span><\/p>\n\n\n\n<p style=\"font-size:24px\"><span style=\"color: #000080;\">\u221a <a href=\"https:\/\/site.educa.madrid.org\/ies.benjaminrua.mostoles\/\/wp-content\/uploads\/ies.benjaminrua.mostoles\/2025\/10\/Calendario-entrevistas_KA121_25-26.pdf\"><mark style=\"background-color:rgba(0, 0, 0, 0);color:#1c0c6e\" class=\"has-inline-color\">Calendario de actuaciones para participantes<\/mark><\/a><\/span><\/p>\n<\/div>\n<\/div>\n\n\n\n<p class=\"has-text-align-center has-text-color\" style=\"color:#1b1d8a;font-size:33px\"><strong>El plazo de presentaci\u00f3n de solicitudes ser\u00e1 del 22 al 29 de septiembre de 2025<\/strong><\/p>\n<\/div><\/div>\n\n\n\n<p><\/p>\n","protected":false},"excerpt":{"rendered":"<p>ERASMUS+ CICLOS FORMATIVOS DE GRADO MEDIO Proyecto KA121 2023-2024 Este curso queremos presentar el Programa Erasmus+ a nuestros estudiantes de primer curso de ciclos formativos de Grado Medio. El objetivo &#8230;<\/p>\n","protected":false},"author":7,"featured_media":0,"parent":0,"menu_order":0,"comment_status":"closed","ping_status":"closed","template":"","meta":{"footnotes":""},"folder":[],"class_list":["post-7752","page","type-page","status-publish","hentry"],"rttpg_featured_image_url":null,"rttpg_author":{"display_name":"Miriam Reyes Padron","author_link":"https:\/\/site.educa.madrid.org\/ies.benjaminrua.mostoles\/index.php\/author\/miriam_reyes-padrn\/"},"rttpg_comment":0,"rttpg_category":false,"rttpg_excerpt":"ERASMUS+ CICLOS FORMATIVOS DE GRADO MEDIO Proyecto KA121 2023-2024 Este curso queremos presentar el Programa Erasmus+ a nuestros estudiantes de primer curso de ciclos formativos de Grado Medio. El objetivo ...","post_mailing_queue_ids":[],"_links":{"self":[{"href":"https:\/\/site.educa.madrid.org\/ies.benjaminrua.mostoles\/index.php\/wp-json\/wp\/v2\/pages\/7752","targetHints":{"allow":["GET"]}}],"collection":[{"href":"https:\/\/site.educa.madrid.org\/ies.benjaminrua.mostoles\/index.php\/wp-json\/wp\/v2\/pages"}],"about":[{"href":"https:\/\/site.educa.madrid.org\/ies.benjaminrua.mostoles\/index.php\/wp-json\/wp\/v2\/types\/page"}],"author":[{"embeddable":true,"href":"https:\/\/site.educa.madrid.org\/ies.benjaminrua.mostoles\/index.php\/wp-json\/wp\/v2\/users\/7"}],"replies":[{"embeddable":true,"href":"https:\/\/site.educa.madrid.org\/ies.benjaminrua.mostoles\/index.php\/wp-json\/wp\/v2\/comments?post=7752"}],"version-history":[{"count":26,"href":"https:\/\/site.educa.madrid.org\/ies.benjaminrua.mostoles\/index.php\/wp-json\/wp\/v2\/pages\/7752\/revisions"}],"predecessor-version":[{"id":8192,"href":"https:\/\/site.educa.madrid.org\/ies.benjaminrua.mostoles\/index.php\/wp-json\/wp\/v2\/pages\/7752\/revisions\/8192"}],"wp:attachment":[{"href":"https:\/\/site.educa.madrid.org\/ies.benjaminrua.mostoles\/index.php\/wp-json\/wp\/v2\/media?parent=7752"}],"wp:term":[{"taxonomy":"folder","embeddable":true,"href":"https:\/\/site.educa.madrid.org\/ies.benjaminrua.mostoles\/index.php\/wp-json\/wp\/v2\/folder?post=7752"}],"curies":[{"name":"wp","href":"https:\/\/api.w.org\/{rel}","templated":true}]}}