{"id":8307,"date":"2023-11-23T19:49:35","date_gmt":"2023-11-23T18:49:35","guid":{"rendered":"https:\/\/site.educa.madrid.org\/ies.benjaminrua.mostoles\/?page_id=8307"},"modified":"2025-12-13T12:20:15","modified_gmt":"2025-12-13T11:20:15","slug":"horarios-de-los-grupos","status":"publish","type":"page","link":"https:\/\/site.educa.madrid.org\/ies.benjaminrua.mostoles\/index.php\/horarios-de-los-grupos\/","title":{"rendered":"Horarios de los grupos"},"content":{"rendered":"<h5>\u00a0<\/h5>\n<h3><strong>Horarios del curso acad\u00e9mico 2025 -2026<\/strong><\/h3>\n<h5 style=\"padding-left: 40px;\"><span style=\"color: #3366ff;\"><a style=\"color: #3366ff;\" href=\"https:\/\/site.educa.madrid.org\/ies.benjaminrua.mostoles\/\/wp-content\/uploads\/ies.benjaminrua.mostoles\/2025\/09\/Horario-APCV-25-26.pdf\" target=\"_blank\" rel=\"noopener\">(APCV) ANATOMI\u00cdA PATOL\u00d3GICA Y CITODIAGN\u00d3STICO<\/a><\/span><\/h5>\n<h5 style=\"padding-left: 40px;\"><span style=\"color: #3366ff;\"><a style=\"color: #3366ff;\" href=\"https:\/\/site.educa.madrid.org\/ies.benjaminrua.mostoles\/\/wp-content\/uploads\/ies.benjaminrua.mostoles\/2025\/09\/Horario-AUPV-25-26.pdf\" target=\"_blank\" rel=\"noopener\">(AUPV) AUDIOLOG\u00cdA PROT\u00c9SICA<\/a><\/span>\u00a0<\/h5>\n<h5 style=\"padding-left: 40px;\">(LCBv) LABORATORIO CL\u00cdNICO Y BIOM\u00c9DICO<\/h5>\n<ul>\n<li style=\"list-style-type: none;\">\n<ul>\n<li><span style=\"color: #3366ff;\"><strong><a style=\"color: #3366ff;\" href=\"https:\/\/site.educa.madrid.org\/ies.benjaminrua.mostoles\/\/wp-content\/uploads\/ies.benjaminrua.mostoles\/2025\/09\/Horario-LCBVA-25-26.pdf\" target=\"_blank\" rel=\"noopener\">Grupo A (Apellidos de la A a la L)<\/a><\/strong><\/span><\/li>\n<li><span style=\"color: #3366ff;\"><strong><a style=\"color: #3366ff;\" href=\"https:\/\/site.educa.madrid.org\/ies.benjaminrua.mostoles\/\/wp-content\/uploads\/ies.benjaminrua.mostoles\/2025\/09\/Horario-LCBVB-25-26.pdf\" target=\"_blank\" rel=\"noopener\">Grupo B (Apellidos de la M a la Z)<\/a><\/strong><\/span><\/li>\n<\/ul>\n<\/li>\n<\/ul>\n<h5 style=\"padding-left: 40px;\"><span style=\"color: #3366ff;\"><a style=\"color: #3366ff;\" href=\"https:\/\/site.educa.madrid.org\/ies.benjaminrua.mostoles\/\/wp-content\/uploads\/ies.benjaminrua.mostoles\/2025\/09\/Horario-PRPD-25-26.pdf\" target=\"_blank\" rel=\"noopener\">(PRPD) PREVENCI\u00d3N DE RIESGOS PROFESIONALES (LOGSE)<\/a><\/span><\/h5>\n<h5 style=\"padding-left: 40px;\"><span style=\"color: #3366ff;\"><a style=\"color: #3366ff;\" href=\"https:\/\/site.educa.madrid.org\/ies.benjaminrua.mostoles\/\/wp-content\/uploads\/ies.benjaminrua.mostoles\/2025\/09\/Horario-PRPV-25-26.pdf\" target=\"_blank\" rel=\"noopener\">(<strong>PRPV) PREVENCI\u00d3N DE RIESGOS PROFESIONALES (LOOIFP)<\/strong><\/a><\/span><\/h5>\n\n\n<p><\/p>\n","protected":false},"excerpt":{"rendered":"<p>\u00a0 Horarios del curso acad\u00e9mico 2025 -2026 (APCV) ANATOMI\u00cdA PATOL\u00d3GICA Y CITODIAGN\u00d3STICO (AUPV) AUDIOLOG\u00cdA PROT\u00c9SICA\u00a0 (LCBv) LABORATORIO CL\u00cdNICO Y BIOM\u00c9DICO Grupo A (Apellidos de la A a la L) Grupo &#8230;<\/p>\n","protected":false},"author":15,"featured_media":8300,"parent":0,"menu_order":0,"comment_status":"closed","ping_status":"closed","template":"","meta":{"footnotes":""},"folder":[],"class_list":["post-8307","page","type-page","status-publish","has-post-thumbnail","hentry"],"rttpg_featured_image_url":{"full":["https:\/\/site.educa.madrid.org\/ies.benjaminrua.mostoles\/\/wp-content\/uploads\/ies.benjaminrua.mostoles\/2022\/06\/g3f890a4057bc53fb8e1b9bb41aa68a38d5792db33c7b741b1e58ae1cd65b06077c49ec817d254750687fbbf7e85b4cfa_1920-e1700765200345.jpg",1538,585,false],"landscape":["https:\/\/site.educa.madrid.org\/ies.benjaminrua.mostoles\/\/wp-content\/uploads\/ies.benjaminrua.mostoles\/2022\/06\/g3f890a4057bc53fb8e1b9bb41aa68a38d5792db33c7b741b1e58ae1cd65b06077c49ec817d254750687fbbf7e85b4cfa_1920-e1700765200345.jpg",1538,585,false],"portraits":["https:\/\/site.educa.madrid.org\/ies.benjaminrua.mostoles\/\/wp-content\/uploads\/ies.benjaminrua.mostoles\/2022\/06\/g3f890a4057bc53fb8e1b9bb41aa68a38d5792db33c7b741b1e58ae1cd65b06077c49ec817d254750687fbbf7e85b4cfa_1920-e1700765200345.jpg",1538,585,false],"thumbnail":["https:\/\/site.educa.madrid.org\/ies.benjaminrua.mostoles\/\/wp-content\/uploads\/ies.benjaminrua.mostoles\/2022\/06\/g3f890a4057bc53fb8e1b9bb41aa68a38d5792db33c7b741b1e58ae1cd65b06077c49ec817d254750687fbbf7e85b4cfa_1920-e1700765200345-150x150.jpg",150,150,true],"medium":["https:\/\/site.educa.madrid.org\/ies.benjaminrua.mostoles\/\/wp-content\/uploads\/ies.benjaminrua.mostoles\/2022\/06\/g3f890a4057bc53fb8e1b9bb41aa68a38d5792db33c7b741b1e58ae1cd65b06077c49ec817d254750687fbbf7e85b4cfa_1920-e1700765200345-300x114.jpg",300,114,true],"large":["https:\/\/site.educa.madrid.org\/ies.benjaminrua.mostoles\/\/wp-content\/uploads\/ies.benjaminrua.mostoles\/2022\/06\/g3f890a4057bc53fb8e1b9bb41aa68a38d5792db33c7b741b1e58ae1cd65b06077c49ec817d254750687fbbf7e85b4cfa_1920-e1700765200345-1024x389.jpg",800,304,true],"thumblist":["https:\/\/site.educa.madrid.org\/ies.benjaminrua.mostoles\/\/wp-content\/uploads\/ies.benjaminrua.mostoles\/2022\/06\/g3f890a4057bc53fb8e1b9bb41aa68a38d5792db33c7b741b1e58ae1cd65b06077c49ec817d254750687fbbf7e85b4cfa_1920-e1700765200345-300x300.jpg",300,300,true],"thumbrelated":["https:\/\/site.educa.madrid.org\/ies.benjaminrua.mostoles\/\/wp-content\/uploads\/ies.benjaminrua.mostoles\/2022\/06\/g3f890a4057bc53fb8e1b9bb41aa68a38d5792db33c7b741b1e58ae1cd65b06077c49ec817d254750687fbbf7e85b4cfa_1920-e1700765200345.jpg",500,190,false],"meccarouselthumb":["https:\/\/site.educa.madrid.org\/ies.benjaminrua.mostoles\/\/wp-content\/uploads\/ies.benjaminrua.mostoles\/2022\/06\/g3f890a4057bc53fb8e1b9bb41aa68a38d5792db33c7b741b1e58ae1cd65b06077c49ec817d254750687fbbf7e85b4cfa_1920-e1700765200345-474x324.jpg",474,324,true],"gridsquare":["https:\/\/site.educa.madrid.org\/ies.benjaminrua.mostoles\/\/wp-content\/uploads\/ies.benjaminrua.mostoles\/2022\/06\/g3f890a4057bc53fb8e1b9bb41aa68a38d5792db33c7b741b1e58ae1cd65b06077c49ec817d254750687fbbf7e85b4cfa_1920-e1700765200345-391x260.jpg",391,260,true],"tileview":["https:\/\/site.educa.madrid.org\/ies.benjaminrua.mostoles\/\/wp-content\/uploads\/ies.benjaminrua.mostoles\/2022\/06\/g3f890a4057bc53fb8e1b9bb41aa68a38d5792db33c7b741b1e58ae1cd65b06077c49ec817d254750687fbbf7e85b4cfa_1920-e1700765200345-300x400.jpg",300,400,true],"1536x1536":["https:\/\/site.educa.madrid.org\/ies.benjaminrua.mostoles\/\/wp-content\/uploads\/ies.benjaminrua.mostoles\/2022\/06\/g3f890a4057bc53fb8e1b9bb41aa68a38d5792db33c7b741b1e58ae1cd65b06077c49ec817d254750687fbbf7e85b4cfa_1920-e1700765200345-1536x584.jpg",1536,584,true],"2048x2048":["https:\/\/site.educa.madrid.org\/ies.benjaminrua.mostoles\/\/wp-content\/uploads\/ies.benjaminrua.mostoles\/2022\/06\/g3f890a4057bc53fb8e1b9bb41aa68a38d5792db33c7b741b1e58ae1cd65b06077c49ec817d254750687fbbf7e85b4cfa_1920-e1700765200345.jpg",1538,585,false],"onepress-blog-small":["https:\/\/site.educa.madrid.org\/ies.benjaminrua.mostoles\/\/wp-content\/uploads\/ies.benjaminrua.mostoles\/2022\/06\/g3f890a4057bc53fb8e1b9bb41aa68a38d5792db33c7b741b1e58ae1cd65b06077c49ec817d254750687fbbf7e85b4cfa_1920-e1700765200345-300x150.jpg",300,150,true],"onepress-small":["https:\/\/site.educa.madrid.org\/ies.benjaminrua.mostoles\/\/wp-content\/uploads\/ies.benjaminrua.mostoles\/2022\/06\/g3f890a4057bc53fb8e1b9bb41aa68a38d5792db33c7b741b1e58ae1cd65b06077c49ec817d254750687fbbf7e85b4cfa_1920-e1700765200345-480x300.jpg",480,300,true],"onepress-medium":["https:\/\/site.educa.madrid.org\/ies.benjaminrua.mostoles\/\/wp-content\/uploads\/ies.benjaminrua.mostoles\/2022\/06\/g3f890a4057bc53fb8e1b9bb41aa68a38d5792db33c7b741b1e58ae1cd65b06077c49ec817d254750687fbbf7e85b4cfa_1920-e1700765200345-640x400.jpg",640,400,true],"sow-carousel-default":["https:\/\/site.educa.madrid.org\/ies.benjaminrua.mostoles\/\/wp-content\/uploads\/ies.benjaminrua.mostoles\/2022\/06\/g3f890a4057bc53fb8e1b9bb41aa68a38d5792db33c7b741b1e58ae1cd65b06077c49ec817d254750687fbbf7e85b4cfa_1920-e1700765200345-272x182.jpg",272,182,true],"sow-post-carousel-overlay-theme":["https:\/\/site.educa.madrid.org\/ies.benjaminrua.mostoles\/\/wp-content\/uploads\/ies.benjaminrua.mostoles\/2022\/06\/g3f890a4057bc53fb8e1b9bb41aa68a38d5792db33c7b741b1e58ae1cd65b06077c49ec817d254750687fbbf7e85b4cfa_1920-e1700765200345.jpg",360,137,false],"sow-post-carousel-cards-theme":["https:\/\/site.educa.madrid.org\/ies.benjaminrua.mostoles\/\/wp-content\/uploads\/ies.benjaminrua.mostoles\/2022\/06\/g3f890a4057bc53fb8e1b9bb41aa68a38d5792db33c7b741b1e58ae1cd65b06077c49ec817d254750687fbbf7e85b4cfa_1920-e1700765200345.jpg",360,137,false],"rt_custom":["https:\/\/site.educa.madrid.org\/ies.benjaminrua.mostoles\/\/wp-content\/uploads\/ies.benjaminrua.mostoles\/2022\/06\/g3f890a4057bc53fb8e1b9bb41aa68a38d5792db33c7b741b1e58ae1cd65b06077c49ec817d254750687fbbf7e85b4cfa_1920-e1700765200345.jpg",1538,585,false]},"rttpg_author":{"display_name":"Cuenta Jestudios ies benjaminrua mostoles","author_link":"https:\/\/site.educa.madrid.org\/ies.benjaminrua.mostoles\/index.php\/author\/cuenta_jestudios-ies-benjaminrua-mostoles\/"},"rttpg_comment":0,"rttpg_category":false,"rttpg_excerpt":"\u00a0 Horarios del curso acad\u00e9mico 2025 -2026 (APCV) ANATOMI\u00cdA PATOL\u00d3GICA Y CITODIAGN\u00d3STICO (AUPV) AUDIOLOG\u00cdA PROT\u00c9SICA\u00a0 (LCBv) LABORATORIO CL\u00cdNICO Y BIOM\u00c9DICO Grupo A (Apellidos de la A a la L) Grupo ...","post_mailing_queue_ids":[],"_links":{"self":[{"href":"https:\/\/site.educa.madrid.org\/ies.benjaminrua.mostoles\/index.php\/wp-json\/wp\/v2\/pages\/8307","targetHints":{"allow":["GET"]}}],"collection":[{"href":"https:\/\/site.educa.madrid.org\/ies.benjaminrua.mostoles\/index.php\/wp-json\/wp\/v2\/pages"}],"about":[{"href":"https:\/\/site.educa.madrid.org\/ies.benjaminrua.mostoles\/index.php\/wp-json\/wp\/v2\/types\/page"}],"author":[{"embeddable":true,"href":"https:\/\/site.educa.madrid.org\/ies.benjaminrua.mostoles\/index.php\/wp-json\/wp\/v2\/users\/15"}],"replies":[{"embeddable":true,"href":"https:\/\/site.educa.madrid.org\/ies.benjaminrua.mostoles\/index.php\/wp-json\/wp\/v2\/comments?post=8307"}],"version-history":[{"count":11,"href":"https:\/\/site.educa.madrid.org\/ies.benjaminrua.mostoles\/index.php\/wp-json\/wp\/v2\/pages\/8307\/revisions"}],"predecessor-version":[{"id":12359,"href":"https:\/\/site.educa.madrid.org\/ies.benjaminrua.mostoles\/index.php\/wp-json\/wp\/v2\/pages\/8307\/revisions\/12359"}],"wp:featuredmedia":[{"embeddable":true,"href":"https:\/\/site.educa.madrid.org\/ies.benjaminrua.mostoles\/index.php\/wp-json\/wp\/v2\/media\/8300"}],"wp:attachment":[{"href":"https:\/\/site.educa.madrid.org\/ies.benjaminrua.mostoles\/index.php\/wp-json\/wp\/v2\/media?parent=8307"}],"wp:term":[{"taxonomy":"folder","embeddable":true,"href":"https:\/\/site.educa.madrid.org\/ies.benjaminrua.mostoles\/index.php\/wp-json\/wp\/v2\/folder?post=8307"}],"curies":[{"name":"wp","href":"https:\/\/api.w.org\/{rel}","templated":true}]}}