{"id":8320,"date":"2023-11-24T17:21:23","date_gmt":"2023-11-24T16:21:23","guid":{"rendered":"https:\/\/site.educa.madrid.org\/ies.benjaminrua.mostoles\/?page_id=8320"},"modified":"2025-09-23T09:49:52","modified_gmt":"2025-09-23T07:49:52","slug":"contacta-con-nosotros","status":"publish","type":"page","link":"https:\/\/site.educa.madrid.org\/ies.benjaminrua.mostoles\/index.php\/contacta-con-nosotros\/","title":{"rendered":"Contacta con nosotros"},"content":{"rendered":"<p>Si necesitas es informaci\u00f3n concreta sobre un CF en particular, aqu\u00ed tienes los nombres y correos electr\u00f3nicos de las\/los Coordinadoras\/es de los CF impartidos en nuestro Centro en modalidad virtual:<\/p>\n<h5>ANATOM\u00cdA PATOL\u00d3GICA Y CITODIAGN\u00d3STICO<\/h5>\n<ul>\n<li style=\"list-style-type: none;\">\n<ul>\n<li>Coordinadora: A\u00edda Jord\u00e1 L\u00f3pez<\/li>\n<li>email: aida.jorda@educa.madrid.org<\/li>\n<\/ul>\n<\/li>\n<\/ul>\n<hr \/>\n<h5>AUDIOLOG\u00cdA PROT\u00c9SICA<\/h5>\n<ul>\n<li style=\"list-style-type: none;\">\n<ul>\n<li>Coordinador: Eloy G\u00f3mez Tortuero<\/li>\n<li>email: eloy.gomez5@educa.madrid.org<\/li>\n<\/ul>\n<\/li>\n<\/ul>\n<hr \/>\n<h5>LABORATORIO CL\u00cdNICO Y BIOM\u00c9DICO<\/h5>\n<ul>\n<li style=\"list-style-type: none;\">\n<ul>\n<li>Coordinadora: Esther Parada P\u00e9rez<\/li>\n<li>email: esther.parada@educa.madrid.org<\/li>\n<\/ul>\n<\/li>\n<\/ul>\n<hr \/>\n<h5>PREVENCI\u00d3N DE RIESGOS PROFESIONALES<\/h5>\n<ul>\n<li style=\"list-style-type: none;\">\n<ul>\n<li>Coordinadora: Aroa del Pino Ruiz<\/li>\n<li>emall: adelpinoruiz@educa.madrid.org<\/li>\n<\/ul>\n<\/li>\n<\/ul>\n<hr \/>\n<p>Si tu consulta es relativa a aspectos acad\u00e9micos u organizativos generales, puedes dirigirte a<\/p>\n<h5>JEFATURA DE ESTUDIOS<\/h5>\n<ul>\n<li>General: jestudios.ies.benjaminrua.mostoles@educa.madrid.org<\/li>\n<li>Distancia: elena.borrego@educa.madrid.org<\/li>\n<\/ul>\n<hr \/>\n<h5>BUZ\u00d3N DE QUEJAS, RECLAMACIONES, SUGERENCIAS Y FELICITACIONES<\/h5>\n<p>email: ies.benjaminrua.mostoles@educa.madrid.org<\/p>\n<hr \/>\n<h5>TEL\u00c9FONO: 91 6645070<\/h5>\n<hr \/>\n<h5>HORARIO DE SECRETAR\u00cdA<\/h5>\n<p>(Para consultas sobre tr\u00e1mites administrativos)<\/p>\n<p>De lunes a viernes de 10:00 a 13:00 horas y mi\u00e9rcoles\u00a0 de 17:00 a 18:00 horas (solo en periodo lectivo)<\/p>\n\n\n<p><\/p>\n","protected":false},"excerpt":{"rendered":"<p>Si necesitas es informaci\u00f3n concreta sobre un CF en particular, aqu\u00ed tienes los nombres y correos electr\u00f3nicos de las\/los Coordinadoras\/es de los CF impartidos en nuestro Centro en modalidad virtual: &#8230;<\/p>\n","protected":false},"author":15,"featured_media":8303,"parent":0,"menu_order":0,"comment_status":"closed","ping_status":"closed","template":"","meta":{"footnotes":""},"folder":[],"class_list":["post-8320","page","type-page","status-publish","has-post-thumbnail","hentry"],"rttpg_featured_image_url":{"full":["https:\/\/site.educa.madrid.org\/ies.benjaminrua.mostoles\/\/wp-content\/uploads\/ies.benjaminrua.mostoles\/2022\/06\/g9343412c468ff80476325b9b5dbc5028f76e560cd1cc575673f59c2fd542d7b713547c9e8cb137a7c12f936371e67dbf_1920.png",1920,673,false],"landscape":["https:\/\/site.educa.madrid.org\/ies.benjaminrua.mostoles\/\/wp-content\/uploads\/ies.benjaminrua.mostoles\/2022\/06\/g9343412c468ff80476325b9b5dbc5028f76e560cd1cc575673f59c2fd542d7b713547c9e8cb137a7c12f936371e67dbf_1920.png",1920,673,false],"portraits":["https:\/\/site.educa.madrid.org\/ies.benjaminrua.mostoles\/\/wp-content\/uploads\/ies.benjaminrua.mostoles\/2022\/06\/g9343412c468ff80476325b9b5dbc5028f76e560cd1cc575673f59c2fd542d7b713547c9e8cb137a7c12f936371e67dbf_1920.png",1920,673,false],"thumbnail":["https:\/\/site.educa.madrid.org\/ies.benjaminrua.mostoles\/\/wp-content\/uploads\/ies.benjaminrua.mostoles\/2022\/06\/g9343412c468ff80476325b9b5dbc5028f76e560cd1cc575673f59c2fd542d7b713547c9e8cb137a7c12f936371e67dbf_1920-150x150.png",150,150,true],"medium":["https:\/\/site.educa.madrid.org\/ies.benjaminrua.mostoles\/\/wp-content\/uploads\/ies.benjaminrua.mostoles\/2022\/06\/g9343412c468ff80476325b9b5dbc5028f76e560cd1cc575673f59c2fd542d7b713547c9e8cb137a7c12f936371e67dbf_1920-300x105.png",300,105,true],"large":["https:\/\/site.educa.madrid.org\/ies.benjaminrua.mostoles\/\/wp-content\/uploads\/ies.benjaminrua.mostoles\/2022\/06\/g9343412c468ff80476325b9b5dbc5028f76e560cd1cc575673f59c2fd542d7b713547c9e8cb137a7c12f936371e67dbf_1920-1024x359.png",800,280,true],"thumblist":["https:\/\/site.educa.madrid.org\/ies.benjaminrua.mostoles\/\/wp-content\/uploads\/ies.benjaminrua.mostoles\/2022\/06\/g9343412c468ff80476325b9b5dbc5028f76e560cd1cc575673f59c2fd542d7b713547c9e8cb137a7c12f936371e67dbf_1920-300x300.png",300,300,true],"thumbrelated":["https:\/\/site.educa.madrid.org\/ies.benjaminrua.mostoles\/\/wp-content\/uploads\/ies.benjaminrua.mostoles\/2022\/06\/g9343412c468ff80476325b9b5dbc5028f76e560cd1cc575673f59c2fd542d7b713547c9e8cb137a7c12f936371e67dbf_1920.png",500,175,false],"meccarouselthumb":["https:\/\/site.educa.madrid.org\/ies.benjaminrua.mostoles\/\/wp-content\/uploads\/ies.benjaminrua.mostoles\/2022\/06\/g9343412c468ff80476325b9b5dbc5028f76e560cd1cc575673f59c2fd542d7b713547c9e8cb137a7c12f936371e67dbf_1920-474x324.png",474,324,true],"gridsquare":["https:\/\/site.educa.madrid.org\/ies.benjaminrua.mostoles\/\/wp-content\/uploads\/ies.benjaminrua.mostoles\/2022\/06\/g9343412c468ff80476325b9b5dbc5028f76e560cd1cc575673f59c2fd542d7b713547c9e8cb137a7c12f936371e67dbf_1920-391x260.png",391,260,true],"tileview":["https:\/\/site.educa.madrid.org\/ies.benjaminrua.mostoles\/\/wp-content\/uploads\/ies.benjaminrua.mostoles\/2022\/06\/g9343412c468ff80476325b9b5dbc5028f76e560cd1cc575673f59c2fd542d7b713547c9e8cb137a7c12f936371e67dbf_1920-300x400.png",300,400,true],"1536x1536":["https:\/\/site.educa.madrid.org\/ies.benjaminrua.mostoles\/\/wp-content\/uploads\/ies.benjaminrua.mostoles\/2022\/06\/g9343412c468ff80476325b9b5dbc5028f76e560cd1cc575673f59c2fd542d7b713547c9e8cb137a7c12f936371e67dbf_1920-1536x538.png",1536,538,true],"2048x2048":["https:\/\/site.educa.madrid.org\/ies.benjaminrua.mostoles\/\/wp-content\/uploads\/ies.benjaminrua.mostoles\/2022\/06\/g9343412c468ff80476325b9b5dbc5028f76e560cd1cc575673f59c2fd542d7b713547c9e8cb137a7c12f936371e67dbf_1920.png",1920,673,false],"onepress-blog-small":["https:\/\/site.educa.madrid.org\/ies.benjaminrua.mostoles\/\/wp-content\/uploads\/ies.benjaminrua.mostoles\/2022\/06\/g9343412c468ff80476325b9b5dbc5028f76e560cd1cc575673f59c2fd542d7b713547c9e8cb137a7c12f936371e67dbf_1920-300x150.png",300,150,true],"onepress-small":["https:\/\/site.educa.madrid.org\/ies.benjaminrua.mostoles\/\/wp-content\/uploads\/ies.benjaminrua.mostoles\/2022\/06\/g9343412c468ff80476325b9b5dbc5028f76e560cd1cc575673f59c2fd542d7b713547c9e8cb137a7c12f936371e67dbf_1920-480x300.png",480,300,true],"onepress-medium":["https:\/\/site.educa.madrid.org\/ies.benjaminrua.mostoles\/\/wp-content\/uploads\/ies.benjaminrua.mostoles\/2022\/06\/g9343412c468ff80476325b9b5dbc5028f76e560cd1cc575673f59c2fd542d7b713547c9e8cb137a7c12f936371e67dbf_1920-640x400.png",640,400,true],"sow-carousel-default":["https:\/\/site.educa.madrid.org\/ies.benjaminrua.mostoles\/\/wp-content\/uploads\/ies.benjaminrua.mostoles\/2022\/06\/g9343412c468ff80476325b9b5dbc5028f76e560cd1cc575673f59c2fd542d7b713547c9e8cb137a7c12f936371e67dbf_1920-272x182.png",272,182,true],"sow-post-carousel-overlay-theme":["https:\/\/site.educa.madrid.org\/ies.benjaminrua.mostoles\/\/wp-content\/uploads\/ies.benjaminrua.mostoles\/2022\/06\/g9343412c468ff80476325b9b5dbc5028f76e560cd1cc575673f59c2fd542d7b713547c9e8cb137a7c12f936371e67dbf_1920.png",360,126,false],"sow-post-carousel-cards-theme":["https:\/\/site.educa.madrid.org\/ies.benjaminrua.mostoles\/\/wp-content\/uploads\/ies.benjaminrua.mostoles\/2022\/06\/g9343412c468ff80476325b9b5dbc5028f76e560cd1cc575673f59c2fd542d7b713547c9e8cb137a7c12f936371e67dbf_1920.png",360,126,false],"rt_custom":["https:\/\/site.educa.madrid.org\/ies.benjaminrua.mostoles\/\/wp-content\/uploads\/ies.benjaminrua.mostoles\/2022\/06\/g9343412c468ff80476325b9b5dbc5028f76e560cd1cc575673f59c2fd542d7b713547c9e8cb137a7c12f936371e67dbf_1920.png",1920,673,false]},"rttpg_author":{"display_name":"Cuenta Jestudios ies benjaminrua mostoles","author_link":"https:\/\/site.educa.madrid.org\/ies.benjaminrua.mostoles\/index.php\/author\/cuenta_jestudios-ies-benjaminrua-mostoles\/"},"rttpg_comment":0,"rttpg_category":false,"rttpg_excerpt":"Si necesitas es informaci\u00f3n concreta sobre un CF en particular, aqu\u00ed tienes los nombres y correos electr\u00f3nicos de las\/los Coordinadoras\/es de los CF impartidos en nuestro Centro en modalidad virtual: ...","post_mailing_queue_ids":[],"_links":{"self":[{"href":"https:\/\/site.educa.madrid.org\/ies.benjaminrua.mostoles\/index.php\/wp-json\/wp\/v2\/pages\/8320","targetHints":{"allow":["GET"]}}],"collection":[{"href":"https:\/\/site.educa.madrid.org\/ies.benjaminrua.mostoles\/index.php\/wp-json\/wp\/v2\/pages"}],"about":[{"href":"https:\/\/site.educa.madrid.org\/ies.benjaminrua.mostoles\/index.php\/wp-json\/wp\/v2\/types\/page"}],"author":[{"embeddable":true,"href":"https:\/\/site.educa.madrid.org\/ies.benjaminrua.mostoles\/index.php\/wp-json\/wp\/v2\/users\/15"}],"replies":[{"embeddable":true,"href":"https:\/\/site.educa.madrid.org\/ies.benjaminrua.mostoles\/index.php\/wp-json\/wp\/v2\/comments?post=8320"}],"version-history":[{"count":7,"href":"https:\/\/site.educa.madrid.org\/ies.benjaminrua.mostoles\/index.php\/wp-json\/wp\/v2\/pages\/8320\/revisions"}],"predecessor-version":[{"id":12026,"href":"https:\/\/site.educa.madrid.org\/ies.benjaminrua.mostoles\/index.php\/wp-json\/wp\/v2\/pages\/8320\/revisions\/12026"}],"wp:featuredmedia":[{"embeddable":true,"href":"https:\/\/site.educa.madrid.org\/ies.benjaminrua.mostoles\/index.php\/wp-json\/wp\/v2\/media\/8303"}],"wp:attachment":[{"href":"https:\/\/site.educa.madrid.org\/ies.benjaminrua.mostoles\/index.php\/wp-json\/wp\/v2\/media?parent=8320"}],"wp:term":[{"taxonomy":"folder","embeddable":true,"href":"https:\/\/site.educa.madrid.org\/ies.benjaminrua.mostoles\/index.php\/wp-json\/wp\/v2\/folder?post=8320"}],"curies":[{"name":"wp","href":"https:\/\/api.w.org\/{rel}","templated":true}]}}