{"id":8326,"date":"2023-11-24T20:24:36","date_gmt":"2023-11-24T19:24:36","guid":{"rendered":"https:\/\/site.educa.madrid.org\/ies.benjaminrua.mostoles\/?page_id=8326"},"modified":"2025-12-15T12:23:42","modified_gmt":"2025-12-15T11:23:42","slug":"preguntas-frecuentes","status":"publish","type":"page","link":"https:\/\/site.educa.madrid.org\/ies.benjaminrua.mostoles\/index.php\/preguntas-frecuentes\/","title":{"rendered":"Recomendaciones"},"content":{"rendered":"<div id=\"pl-gb8326-6a03946b5baf6\"  class=\"panel-layout panel-layout\" ><div id=\"pg-gb8326-6a03946b5baf6-0\"  class=\"panel-grid panel-no-style\" ><div id=\"pgc-gb8326-6a03946b5baf6-0-0\"  class=\"panel-grid-cell\"  data-weight=\"1\" ><div id=\"panel-gb8326-6a03946b5baf6-0-0-0\" class=\"so-panel widget widget_block panel-first-child panel-last-child\" data-index=\"0\" data-style=\"{&quot;background_image_attachment&quot;:false,&quot;background_display&quot;:&quot;tile&quot;,&quot;background_image_size&quot;:&quot;full&quot;,&quot;background_image_opacity&quot;:&quot;100&quot;,&quot;border_thickness&quot;:&quot;1px&quot;,&quot;link_overlay_new_window&quot;:&quot;&quot;}\" ><\/div><\/div><\/div><\/div>\n\n\n<hr class=\"wp-block-separator has-alpha-channel-opacity\"\/>\n\n\n<div id=\"pl-gb8326-6a03946b5be63\"  class=\"panel-layout panel-layout\" ><div id=\"pg-gb8326-6a03946b5be63-0\"  class=\"panel-grid panel-no-style\" ><div id=\"pgc-gb8326-6a03946b5be63-0-0\"  class=\"panel-grid-cell\"  data-weight=\"1\" ><div id=\"panel-gb8326-6a03946b5be63-0-0-0\" class=\"so-panel widget widget_sow-accordion panel-first-child panel-last-child\" data-index=\"0\" data-style=\"{&quot;background_image_attachment&quot;:false,&quot;background_display&quot;:&quot;tile&quot;,&quot;background_image_size&quot;:&quot;full&quot;,&quot;background_image_opacity&quot;:&quot;100&quot;,&quot;border_thickness&quot;:&quot;1px&quot;,&quot;link_overlay_new_window&quot;:&quot;&quot;}\" ><div\n\t\t\t\n\t\t\tclass=\"so-widget-sow-accordion so-widget-sow-accordion-default-33bbc0061f76\"\n\t\t\t data-max-open-panels=\"0\" data-initial-scroll-panel=\"0\"\n\t\t><h3 class=\"widget-title\">Recomendaciones para el estudio en la modalidad Virtual<\/h3><div>\n\t<div class=\"sow-accordion\">\n\t\t\t<div class=\"sow-accordion-panel\"\n\t\t\t data-anchor=\"1-empezamos-la-aventura\">\n\t\t\t\t<div class=\"sow-accordion-panel-header-container\" role=\"heading\" aria-level=\"2\">\n\t\t\t\t\t<div class=\"sow-accordion-panel-header\" tabindex=\"0\" role=\"button\" id=\"accordion-label-1-empezamos-la-aventura\" aria-controls=\"accordion-content-1-empezamos-la-aventura\" aria-expanded=\"false\">\n\t\t\t\t\t\t<div class=\"sow-accordion-title sow-accordion-title-icon-left\">\n\t\t\t\t\t\t\t\t\t\t\t\t\t\t1. Empezamos la aventura\t\t\t\t\t\t\t\t\t\t\t\t\t<\/div>\n\t\t\t\t\t\t<div class=\"sow-accordion-open-close-button\">\n\t\t\t\t\t\t\t<div class=\"sow-accordion-open-button\">\n\t\t\t\t\t\t\t\t<span class=\"sow-icon-fontawesome sow-fas\" data-sow-icon=\"&#x2b;\"\n\t\t \n\t\taria-hidden=\"true\"><\/span>\t\t\t\t\t\t\t<\/div>\n\t\t\t\t\t\t\t<div class=\"sow-accordion-close-button\">\n\t\t\t\t\t\t\t\t<span class=\"sow-icon-fontawesome sow-fas\" data-sow-icon=\"&#xf068;\"\n\t\t \n\t\taria-hidden=\"true\"><\/span>\t\t\t\t\t\t\t<\/div>\n\t\t\t\t\t\t<\/div>\n\t\t\t\t\t<\/div>\n\t\t\t\t<\/div>\n\n\t\t\t<div\n\t\t\t\tclass=\"sow-accordion-panel-content\"\n\t\t\t\trole=\"region\"\n\t\t\t\taria-labelledby=\"accordion-label-1-empezamos-la-aventura\"\n\t\t\t\tid=\"accordion-content-1-empezamos-la-aventura\"\n\t\t\t\tstyle=\"display: none;\"\t\t\t>\n\t\t\t\t<div class=\"sow-accordion-panel-border\">\n\t\t\t\t\t<p><img loading=\"lazy\" decoding=\"async\" class=\"alignright  wp-image-12376\" src=\"https:\/\/site.educa.madrid.org\/ies.benjaminrua.mostoles\/\/wp-content\/uploads\/ies.benjaminrua.mostoles\/2025\/12\/Designer-300x200.png\" alt=\"\" width=\"228\" height=\"152\" srcset=\"https:\/\/site.educa.madrid.org\/ies.benjaminrua.mostoles\/\/wp-content\/uploads\/ies.benjaminrua.mostoles\/2025\/12\/Designer-300x200.png 300w, https:\/\/site.educa.madrid.org\/ies.benjaminrua.mostoles\/\/wp-content\/uploads\/ies.benjaminrua.mostoles\/2025\/12\/Designer-1024x683.png 1024w, https:\/\/site.educa.madrid.org\/ies.benjaminrua.mostoles\/\/wp-content\/uploads\/ies.benjaminrua.mostoles\/2025\/12\/Designer-768x512.png 768w, https:\/\/site.educa.madrid.org\/ies.benjaminrua.mostoles\/\/wp-content\/uploads\/ies.benjaminrua.mostoles\/2025\/12\/Designer-391x260.png 391w, https:\/\/site.educa.madrid.org\/ies.benjaminrua.mostoles\/\/wp-content\/uploads\/ies.benjaminrua.mostoles\/2025\/12\/Designer-272x182.png 272w, https:\/\/site.educa.madrid.org\/ies.benjaminrua.mostoles\/\/wp-content\/uploads\/ies.benjaminrua.mostoles\/2025\/12\/Designer-360x240.png 360w, https:\/\/site.educa.madrid.org\/ies.benjaminrua.mostoles\/\/wp-content\/uploads\/ies.benjaminrua.mostoles\/2025\/12\/Designer.png 1536w\" sizes=\"auto, (max-width: 228px) 100vw, 228px\" \/>Estudiar a distancia requiere disponer de los <strong>equipos inform\u00e1ticos\u00a0adecuados<\/strong>.<br \/>\nAunque puedas mirar los contenidos a trav\u00e9s del m\u00f3vil, esa no es una buena opci\u00f3n, es importante tener al menos un ordenador.<br \/>\nAseg\u00farate de que tu <strong>conexi\u00f3n de Internet<\/strong> funcione bien, ya que si se corta durante alguna videoclase o durante la realizaci\u00f3n de alg\u00fan ejercicio on-line, resulta molesto y puede obligarte a repetir el trabajo.<\/p>\n<hr \/>\n<h4><strong>Familiar\u00edzate con la Plataforma Virtual.<\/strong><\/h4>\n<p>Accede a la plataforma y familiar\u00edzate con ella. Trastea todo lo que quieras (no se va a estropear, nada, no te preocupes).<br \/>\nEntra en todos los m\u00f3dulos formativos que vayas a cursar. Puede que no est\u00e9n organizados de la misma manera y es importante que te manejes en ellos con fluidez, para no perder el tiempo<\/p>\n\t\t\t\t<\/div>\n\t\t\t<\/div>\n\t\t<\/div>\n\t\t\t<div class=\"sow-accordion-panel\"\n\t\t\t data-anchor=\"2-planif%c3%adcate\">\n\t\t\t\t<div class=\"sow-accordion-panel-header-container\" role=\"heading\" aria-level=\"2\">\n\t\t\t\t\t<div class=\"sow-accordion-panel-header\" tabindex=\"0\" role=\"button\" id=\"accordion-label-2-planif%c3%adcate\" aria-controls=\"accordion-content-2-planif%c3%adcate\" aria-expanded=\"false\">\n\t\t\t\t\t\t<div class=\"sow-accordion-title sow-accordion-title-icon-left\">\n\t\t\t\t\t\t\t\t\t\t\t\t\t\t2. Planif\u00edcate\t\t\t\t\t\t\t\t\t\t\t\t\t<\/div>\n\t\t\t\t\t\t<div class=\"sow-accordion-open-close-button\">\n\t\t\t\t\t\t\t<div class=\"sow-accordion-open-button\">\n\t\t\t\t\t\t\t\t<span class=\"sow-icon-fontawesome sow-fas\" data-sow-icon=\"&#x2b;\"\n\t\t \n\t\taria-hidden=\"true\"><\/span>\t\t\t\t\t\t\t<\/div>\n\t\t\t\t\t\t\t<div class=\"sow-accordion-close-button\">\n\t\t\t\t\t\t\t\t<span class=\"sow-icon-fontawesome sow-fas\" data-sow-icon=\"&#xf068;\"\n\t\t \n\t\taria-hidden=\"true\"><\/span>\t\t\t\t\t\t\t<\/div>\n\t\t\t\t\t\t<\/div>\n\t\t\t\t\t<\/div>\n\t\t\t\t<\/div>\n\n\t\t\t<div\n\t\t\t\tclass=\"sow-accordion-panel-content\"\n\t\t\t\trole=\"region\"\n\t\t\t\taria-labelledby=\"accordion-label-2-planif%c3%adcate\"\n\t\t\t\tid=\"accordion-content-2-planif%c3%adcate\"\n\t\t\t\tstyle=\"display: none;\"\t\t\t>\n\t\t\t\t<div class=\"sow-accordion-panel-border\">\n\t\t\t\t\t<p>La planificaci\u00f3n en la formaci\u00f3n a distancia es la clave: Te ayuda a optimizar el tiempo y a mantener la agradable sensaci\u00f3n de que tienes el control.<br \/>\nCuando tenemos eso en mente, hacemos el proceso m\u00e1s fluido y lidiamos mejor con posibles imprevistos. Pero... \u00bfcomo \"me planifico\"?<\/p>\n<hr \/>\n<h4><img loading=\"lazy\" decoding=\"async\" class=\"alignleft wp-image-12378\" src=\"https:\/\/site.educa.madrid.org\/ies.benjaminrua.mostoles\/\/wp-content\/uploads\/ies.benjaminrua.mostoles\/2025\/12\/planificar-300x200.jpg\" alt=\"\" width=\"260\" height=\"173\" srcset=\"https:\/\/site.educa.madrid.org\/ies.benjaminrua.mostoles\/\/wp-content\/uploads\/ies.benjaminrua.mostoles\/2025\/12\/planificar-300x200.jpg 300w, https:\/\/site.educa.madrid.org\/ies.benjaminrua.mostoles\/\/wp-content\/uploads\/ies.benjaminrua.mostoles\/2025\/12\/planificar-391x260.jpg 391w, https:\/\/site.educa.madrid.org\/ies.benjaminrua.mostoles\/\/wp-content\/uploads\/ies.benjaminrua.mostoles\/2025\/12\/planificar-272x182.jpg 272w, https:\/\/site.educa.madrid.org\/ies.benjaminrua.mostoles\/\/wp-content\/uploads\/ies.benjaminrua.mostoles\/2025\/12\/planificar-360x240.jpg 360w, https:\/\/site.educa.madrid.org\/ies.benjaminrua.mostoles\/\/wp-content\/uploads\/ies.benjaminrua.mostoles\/2025\/12\/planificar.jpg 640w\" sizes=\"auto, (max-width: 260px) 100vw, 260px\" \/>Ten una idea global de todo lo que vas a estudiar<\/h4>\n<p>Conocer la organizaci\u00f3n de cada m\u00f3dulo y los contenidos que lo componen es la clave. Es imprescindible que leas (entera) la <strong>Guia Did\u00e1ctica<\/strong> de cada m\u00f3dulo.<\/p>\n<p>Inf\u00f3rmate bien sobre lo que debes hacer en cada uno de ellos, en lo que se refiere a la realizaci\u00f3n y presentaci\u00f3n de actividades.<\/p>\n<p>Cada tutor tiene su estilo de ense\u00f1anza, por lo que debes ser consciente de lo que se te va a pedir en cada caso. Descarga el horario de tutor\u00edas. Identifica en \u00e9l tus m\u00f3dulos formativos y los momentos de contacto directo con tus profesores que mejor se ajustan a tu disponibilidad.<\/p>\n<hr \/>\n<h4>Organiza tu tiempo de estudio.<\/h4>\n<p>En la mayor\u00eda de los casos, los estudios a distancia deben compatibilizarse con alguna actividad laboral, por lo que esa escasez de tiempo hace particularmente importante una buena organizaci\u00f3n.<\/p>\n<p>Posiblemente, tendr\u00e1s que modificar tus rutinas diarias o renunciar a algunas cosas para poner en pr\u00e1ctica tu plan de estudio.<br \/>\nA pesar de la flexibilidad que proporciona la formaci\u00f3n a distancia, si no hay una definici\u00f3n de horario para realizar los quehaceres, te puedes perder en el caos. Las tareas van acumul\u00e1ndose, y cuando quieras<br \/>\nponerte con ello la bola de nieve se habr\u00e1 hecho enorme.<\/p>\n<p>Una buena opci\u00f3n es dise\u00f1ar tu propio horario de estudio con las horas de las que dispones cada d\u00eda para estudiar (se realista) y organizar en ese horario el tiempo que vas a dedicarle a cada m\u00f3dulo.<\/p>\n<p>Y, por supuesto, es imprescindible cumplirlo. La constancia es clave para no perder el control<\/p>\n<hr \/>\n<h4><img loading=\"lazy\" decoding=\"async\" class=\"alignright  wp-image-12383\" src=\"https:\/\/site.educa.madrid.org\/ies.benjaminrua.mostoles\/\/wp-content\/uploads\/ies.benjaminrua.mostoles\/2025\/12\/ambiente-ordenado-300x200.jpg\" alt=\"\" width=\"360\" height=\"240\" srcset=\"https:\/\/site.educa.madrid.org\/ies.benjaminrua.mostoles\/\/wp-content\/uploads\/ies.benjaminrua.mostoles\/2025\/12\/ambiente-ordenado-300x200.jpg 300w, https:\/\/site.educa.madrid.org\/ies.benjaminrua.mostoles\/\/wp-content\/uploads\/ies.benjaminrua.mostoles\/2025\/12\/ambiente-ordenado-391x260.jpg 391w, https:\/\/site.educa.madrid.org\/ies.benjaminrua.mostoles\/\/wp-content\/uploads\/ies.benjaminrua.mostoles\/2025\/12\/ambiente-ordenado-272x182.jpg 272w, https:\/\/site.educa.madrid.org\/ies.benjaminrua.mostoles\/\/wp-content\/uploads\/ies.benjaminrua.mostoles\/2025\/12\/ambiente-ordenado-360x240.jpg 360w, https:\/\/site.educa.madrid.org\/ies.benjaminrua.mostoles\/\/wp-content\/uploads\/ies.benjaminrua.mostoles\/2025\/12\/ambiente-ordenado.jpg 640w\" sizes=\"auto, (max-width: 360px) 100vw, 360px\" \/>Organiza tu espacio de estudio<\/h4>\n<p>Lo ideal es que dispongas de un espacio tranquilo y c\u00f3modo en el que puedas rodearte de todo lo necesario para estudiar y en el que puedas concentrarte (estudiar en la cama o en el autob\u00fas no suele dar buenos resultados). La mejor manera de aprovechar el tiempo, una vez que lo tienes organizado en torno a un horario de estudio, es tenerlo todo a mano y evitar las distracciones.<\/p>\n<p>Aqu\u00ed tienes algunos consejos al respecto:<\/p>\n<ul>\n<li>Cuando est\u00e9s en Internet, cierra las pesta\u00f1as del navegador, los programas y las aplicaciones que no tengan nada que ver con lo que est\u00e1s estudiando. No intentes llevar adelante varias actividades de forma simult\u00e1nea. Cada cosa en su momento y un omento para cada cosa<\/li>\n<li>Pon el m\u00f3vil en silencio, en modo nocturno o al\u00e9jalo de ti<\/li>\n<li>Estudia en un ambiente libre de ruidos y lejos de otras personas<\/li>\n<li>Haz pausas de 5 minutos cada 30 o 40 minutos de trabajo, bebe agua y come algo.<\/li>\n<\/ul>\n\t\t\t\t<\/div>\n\t\t\t<\/div>\n\t\t<\/div>\n\t\t\t<div class=\"sow-accordion-panel\"\n\t\t\t data-anchor=\"3-%c3%banete-o-crea-grupos-de-estudio\">\n\t\t\t\t<div class=\"sow-accordion-panel-header-container\" role=\"heading\" aria-level=\"2\">\n\t\t\t\t\t<div class=\"sow-accordion-panel-header\" tabindex=\"0\" role=\"button\" id=\"accordion-label-3-%c3%banete-o-crea-grupos-de-estudio\" aria-controls=\"accordion-content-3-%c3%banete-o-crea-grupos-de-estudio\" aria-expanded=\"false\">\n\t\t\t\t\t\t<div class=\"sow-accordion-title sow-accordion-title-icon-left\">\n\t\t\t\t\t\t\t\t\t\t\t\t\t\t3. \u00danete o crea grupos de estudio\t\t\t\t\t\t\t\t\t\t\t\t\t<\/div>\n\t\t\t\t\t\t<div class=\"sow-accordion-open-close-button\">\n\t\t\t\t\t\t\t<div class=\"sow-accordion-open-button\">\n\t\t\t\t\t\t\t\t<span class=\"sow-icon-fontawesome sow-fas\" data-sow-icon=\"&#x2b;\"\n\t\t \n\t\taria-hidden=\"true\"><\/span>\t\t\t\t\t\t\t<\/div>\n\t\t\t\t\t\t\t<div class=\"sow-accordion-close-button\">\n\t\t\t\t\t\t\t\t<span class=\"sow-icon-fontawesome sow-fas\" data-sow-icon=\"&#xf068;\"\n\t\t \n\t\taria-hidden=\"true\"><\/span>\t\t\t\t\t\t\t<\/div>\n\t\t\t\t\t\t<\/div>\n\t\t\t\t\t<\/div>\n\t\t\t\t<\/div>\n\n\t\t\t<div\n\t\t\t\tclass=\"sow-accordion-panel-content\"\n\t\t\t\trole=\"region\"\n\t\t\t\taria-labelledby=\"accordion-label-3-%c3%banete-o-crea-grupos-de-estudio\"\n\t\t\t\tid=\"accordion-content-3-%c3%banete-o-crea-grupos-de-estudio\"\n\t\t\t\tstyle=\"display: none;\"\t\t\t>\n\t\t\t\t<div class=\"sow-accordion-panel-border\">\n\t\t\t\t\t<p><img loading=\"lazy\" decoding=\"async\" class=\"alignleft wp-image-12374\" src=\"https:\/\/site.educa.madrid.org\/ies.benjaminrua.mostoles\/\/wp-content\/uploads\/ies.benjaminrua.mostoles\/2025\/12\/equipo-300x214.jpg\" alt=\"\" width=\"182\" height=\"130\" srcset=\"https:\/\/site.educa.madrid.org\/ies.benjaminrua.mostoles\/\/wp-content\/uploads\/ies.benjaminrua.mostoles\/2025\/12\/equipo-300x214.jpg 300w, https:\/\/site.educa.madrid.org\/ies.benjaminrua.mostoles\/\/wp-content\/uploads\/ies.benjaminrua.mostoles\/2025\/12\/equipo.jpg 640w\" sizes=\"auto, (max-width: 182px) 100vw, 182px\" \/>La uni\u00f3n hace la fuerza, especialmente en los estudios.<br \/>\nCompartir tu experiencia, dificultades y \u00e9xitos con tus compa\u00f1eros te ayudar\u00e1 a mantenerte conectado al curso y a solventar dificultades.<br \/>\nYa existen grupos en diversas plataformas de mensajer\u00eda, que son muy \u00fatiles por su agilidad, pero no olvides que en las Aulas Virtuales de cada m\u00f3dulo dispones de foros en los que plantear tus dudas o resolver las de otros compa\u00f1eros, que son revisados por el tutor. \u00a1Aprovecha todo lo que puedas estas posibilidades de comunicaci\u00f3n!<br \/>\n<strong>\u00a1NUNCA TE QUEDES CON DUDAS!<\/strong><\/p>\n\t\t\t\t<\/div>\n\t\t\t<\/div>\n\t\t<\/div>\n\t\t\t<div class=\"sow-accordion-panel\"\n\t\t\t data-anchor=\"4-a-estudiar\">\n\t\t\t\t<div class=\"sow-accordion-panel-header-container\" role=\"heading\" aria-level=\"2\">\n\t\t\t\t\t<div class=\"sow-accordion-panel-header\" tabindex=\"0\" role=\"button\" id=\"accordion-label-4-a-estudiar\" aria-controls=\"accordion-content-4-a-estudiar\" aria-expanded=\"false\">\n\t\t\t\t\t\t<div class=\"sow-accordion-title sow-accordion-title-icon-left\">\n\t\t\t\t\t\t\t\t\t\t\t\t\t\t4. A estudiar\t\t\t\t\t\t\t\t\t\t\t\t\t<\/div>\n\t\t\t\t\t\t<div class=\"sow-accordion-open-close-button\">\n\t\t\t\t\t\t\t<div class=\"sow-accordion-open-button\">\n\t\t\t\t\t\t\t\t<span class=\"sow-icon-fontawesome sow-fas\" data-sow-icon=\"&#x2b;\"\n\t\t \n\t\taria-hidden=\"true\"><\/span>\t\t\t\t\t\t\t<\/div>\n\t\t\t\t\t\t\t<div class=\"sow-accordion-close-button\">\n\t\t\t\t\t\t\t\t<span class=\"sow-icon-fontawesome sow-fas\" data-sow-icon=\"&#xf068;\"\n\t\t \n\t\taria-hidden=\"true\"><\/span>\t\t\t\t\t\t\t<\/div>\n\t\t\t\t\t\t<\/div>\n\t\t\t\t\t<\/div>\n\t\t\t\t<\/div>\n\n\t\t\t<div\n\t\t\t\tclass=\"sow-accordion-panel-content\"\n\t\t\t\trole=\"region\"\n\t\t\t\taria-labelledby=\"accordion-label-4-a-estudiar\"\n\t\t\t\tid=\"accordion-content-4-a-estudiar\"\n\t\t\t\tstyle=\"display: none;\"\t\t\t>\n\t\t\t\t<div class=\"sow-accordion-panel-border\">\n\t\t\t\t\t<p>De acuerdo con lo establecido en la normativa, las pruebas de evaluaci\u00f3n de los m\u00f3dulos en los que est\u00e9s matriculado (tanto en la convocatoria ordinaria como en la extraordinaria) versar\u00e1n sobre todos los contenidos de dichos m\u00f3dulos. Esos contenidos son exclusivamente los que tienes a tu disposici\u00f3n en las Aulas Virtuales.<\/p>\n<hr \/>\n<h4><strong><img loading=\"lazy\" decoding=\"async\" class=\"size-medium wp-image-12381 alignleft\" src=\"https:\/\/site.educa.madrid.org\/ies.benjaminrua.mostoles\/\/wp-content\/uploads\/ies.benjaminrua.mostoles\/2025\/12\/apuntes-300x180.png\" alt=\"\" width=\"300\" height=\"180\" srcset=\"https:\/\/site.educa.madrid.org\/ies.benjaminrua.mostoles\/\/wp-content\/uploads\/ies.benjaminrua.mostoles\/2025\/12\/apuntes-300x180.png 300w, https:\/\/site.educa.madrid.org\/ies.benjaminrua.mostoles\/\/wp-content\/uploads\/ies.benjaminrua.mostoles\/2025\/12\/apuntes.png 640w\" sizes=\"auto, (max-width: 300px) 100vw, 300px\" \/>Descarga los contenidos<\/strong><\/h4>\n<p>Las Aulas Virtuales te ofrecen la posibilidad de <strong>descargar los contenidos en formato pdf.<\/strong><\/p>\n<p>No obstante, a pesar de haber descargado dichos contenidos, debes <strong>entrar con frecuencia en la plataforma<\/strong> y ver los enlaces, v\u00eddeos y dem\u00e1s contenidos multimedia propuestos por el profesor del m\u00f3dulo, ya que\u00a0 te ayudar\u00e1n a afianzar sus conocimientos.<\/p>\n<p>Tambi\u00e9n es conveniente que accedas\u00a0 a los foros de dudas y revisar las dudas ya planteadas y resueltas en los foros cuando te pongas a estudiar.<\/p>\n<p>Recuerda que las notificaciones sobre todo lo que sucede en el curso llegar\u00e1n a tu cuenta de correo de Educamadrid.<\/p>\n<hr \/>\n<h4><strong><img loading=\"lazy\" decoding=\"async\" class=\"alignright  wp-image-12382\" src=\"https:\/\/site.educa.madrid.org\/ies.benjaminrua.mostoles\/\/wp-content\/uploads\/ies.benjaminrua.mostoles\/2025\/12\/actividades-251x300.png\" alt=\"\" width=\"153\" height=\"183\" srcset=\"https:\/\/site.educa.madrid.org\/ies.benjaminrua.mostoles\/\/wp-content\/uploads\/ies.benjaminrua.mostoles\/2025\/12\/actividades-251x300.png 251w, https:\/\/site.educa.madrid.org\/ies.benjaminrua.mostoles\/\/wp-content\/uploads\/ies.benjaminrua.mostoles\/2025\/12\/actividades.png 536w\" sizes=\"auto, (max-width: 153px) 100vw, 153px\" \/>Realiza las actividades propuestas<\/strong><\/h4>\n<p>Es importante que recuerdes que la realizaci\u00f3n y presentaci\u00f3n de las actividades propuestas en cada m\u00f3dulo formativo tiene car\u00e1cter voluntario<\/p>\n<p>Esto quiere decir que para aprobar cada m\u00f3dulo profesional es preciso aprobar el examen final y que el hecho de no realizarde actividades no puede afectar de forma negativa a esa calificaci\u00f3n.<br \/>\nSin embargo, es muy recomendable realizarlas, ya que te proporcionan informaci\u00f3n sobre como de bien (o de mal) va tu aprendizaje y, en ocasiones, pueden servir para mejorar la nota final del m\u00f3dulo profesional. Informat\u00e9 en cada m\u00f3dulo de la forma en la que el tutor las considera dentro de la calificaci\u00f3n final del m\u00f3dulo formativo.<\/p>\n<p>&nbsp;<\/p>\n\t\t\t\t<\/div>\n\t\t\t<\/div>\n\t\t<\/div>\n\t\t<\/div>\n<\/div>\n<\/div><\/div><\/div><\/div><\/div>","protected":false},"excerpt":{"rendered":"","protected":false},"author":15,"featured_media":10539,"parent":0,"menu_order":0,"comment_status":"closed","ping_status":"closed","template":"","meta":{"footnotes":""},"folder":[],"class_list":["post-8326","page","type-page","status-publish","has-post-thumbnail","hentry"],"rttpg_featured_image_url":{"full":["https:\/\/site.educa.madrid.org\/ies.benjaminrua.mostoles\/\/wp-content\/uploads\/ies.benjaminrua.mostoles\/2025\/05\/Novedades-scaled.jpg",2560,1707,false],"landscape":["https:\/\/site.educa.madrid.org\/ies.benjaminrua.mostoles\/\/wp-content\/uploads\/ies.benjaminrua.mostoles\/2025\/05\/Novedades-scaled.jpg",2560,1707,false],"portraits":["https:\/\/site.educa.madrid.org\/ies.benjaminrua.mostoles\/\/wp-content\/uploads\/ies.benjaminrua.mostoles\/2025\/05\/Novedades-scaled.jpg",2560,1707,false],"thumbnail":["https:\/\/site.educa.madrid.org\/ies.benjaminrua.mostoles\/\/wp-content\/uploads\/ies.benjaminrua.mostoles\/2025\/05\/Novedades-150x150.jpg",150,150,true],"medium":["https:\/\/site.educa.madrid.org\/ies.benjaminrua.mostoles\/\/wp-content\/uploads\/ies.benjaminrua.mostoles\/2025\/05\/Novedades-300x200.jpg",300,200,true],"large":["https:\/\/site.educa.madrid.org\/ies.benjaminrua.mostoles\/\/wp-content\/uploads\/ies.benjaminrua.mostoles\/2025\/05\/Novedades-1024x683.jpg",800,534,true],"thumblist":["https:\/\/site.educa.madrid.org\/ies.benjaminrua.mostoles\/\/wp-content\/uploads\/ies.benjaminrua.mostoles\/2025\/05\/Novedades-300x300.jpg",300,300,true],"thumbrelated":["https:\/\/site.educa.madrid.org\/ies.benjaminrua.mostoles\/\/wp-content\/uploads\/ies.benjaminrua.mostoles\/2025\/05\/Novedades-500x500.jpg",500,500,true],"meccarouselthumb":["https:\/\/site.educa.madrid.org\/ies.benjaminrua.mostoles\/\/wp-content\/uploads\/ies.benjaminrua.mostoles\/2025\/05\/Novedades-474x324.jpg",474,324,true],"gridsquare":["https:\/\/site.educa.madrid.org\/ies.benjaminrua.mostoles\/\/wp-content\/uploads\/ies.benjaminrua.mostoles\/2025\/05\/Novedades-391x260.jpg",391,260,true],"tileview":["https:\/\/site.educa.madrid.org\/ies.benjaminrua.mostoles\/\/wp-content\/uploads\/ies.benjaminrua.mostoles\/2025\/05\/Novedades-300x400.jpg",300,400,true],"1536x1536":["https:\/\/site.educa.madrid.org\/ies.benjaminrua.mostoles\/\/wp-content\/uploads\/ies.benjaminrua.mostoles\/2025\/05\/Novedades-1536x1024.jpg",1536,1024,true],"2048x2048":["https:\/\/site.educa.madrid.org\/ies.benjaminrua.mostoles\/\/wp-content\/uploads\/ies.benjaminrua.mostoles\/2025\/05\/Novedades-2048x1365.jpg",2048,1365,true],"onepress-blog-small":["https:\/\/site.educa.madrid.org\/ies.benjaminrua.mostoles\/\/wp-content\/uploads\/ies.benjaminrua.mostoles\/2025\/05\/Novedades-300x150.jpg",300,150,true],"onepress-small":["https:\/\/site.educa.madrid.org\/ies.benjaminrua.mostoles\/\/wp-content\/uploads\/ies.benjaminrua.mostoles\/2025\/05\/Novedades-480x300.jpg",480,300,true],"onepress-medium":["https:\/\/site.educa.madrid.org\/ies.benjaminrua.mostoles\/\/wp-content\/uploads\/ies.benjaminrua.mostoles\/2025\/05\/Novedades-640x400.jpg",640,400,true],"sow-carousel-default":["https:\/\/site.educa.madrid.org\/ies.benjaminrua.mostoles\/\/wp-content\/uploads\/ies.benjaminrua.mostoles\/2025\/05\/Novedades-272x182.jpg",272,182,true],"sow-post-carousel-overlay-theme":["https:\/\/site.educa.madrid.org\/ies.benjaminrua.mostoles\/\/wp-content\/uploads\/ies.benjaminrua.mostoles\/2025\/05\/Novedades-scaled.jpg",360,240,false],"sow-post-carousel-cards-theme":["https:\/\/site.educa.madrid.org\/ies.benjaminrua.mostoles\/\/wp-content\/uploads\/ies.benjaminrua.mostoles\/2025\/05\/Novedades-scaled.jpg",360,240,false],"rt_custom":["https:\/\/site.educa.madrid.org\/ies.benjaminrua.mostoles\/\/wp-content\/uploads\/ies.benjaminrua.mostoles\/2025\/05\/Novedades-scaled.jpg",2560,1707,false]},"rttpg_author":{"display_name":"Cuenta Jestudios ies benjaminrua mostoles","author_link":"https:\/\/site.educa.madrid.org\/ies.benjaminrua.mostoles\/index.php\/author\/cuenta_jestudios-ies-benjaminrua-mostoles\/"},"rttpg_comment":0,"rttpg_category":false,"rttpg_excerpt":null,"post_mailing_queue_ids":[],"_links":{"self":[{"href":"https:\/\/site.educa.madrid.org\/ies.benjaminrua.mostoles\/index.php\/wp-json\/wp\/v2\/pages\/8326","targetHints":{"allow":["GET"]}}],"collection":[{"href":"https:\/\/site.educa.madrid.org\/ies.benjaminrua.mostoles\/index.php\/wp-json\/wp\/v2\/pages"}],"about":[{"href":"https:\/\/site.educa.madrid.org\/ies.benjaminrua.mostoles\/index.php\/wp-json\/wp\/v2\/types\/page"}],"author":[{"embeddable":true,"href":"https:\/\/site.educa.madrid.org\/ies.benjaminrua.mostoles\/index.php\/wp-json\/wp\/v2\/users\/15"}],"replies":[{"embeddable":true,"href":"https:\/\/site.educa.madrid.org\/ies.benjaminrua.mostoles\/index.php\/wp-json\/wp\/v2\/comments?post=8326"}],"version-history":[{"count":49,"href":"https:\/\/site.educa.madrid.org\/ies.benjaminrua.mostoles\/index.php\/wp-json\/wp\/v2\/pages\/8326\/revisions"}],"predecessor-version":[{"id":12384,"href":"https:\/\/site.educa.madrid.org\/ies.benjaminrua.mostoles\/index.php\/wp-json\/wp\/v2\/pages\/8326\/revisions\/12384"}],"wp:featuredmedia":[{"embeddable":true,"href":"https:\/\/site.educa.madrid.org\/ies.benjaminrua.mostoles\/index.php\/wp-json\/wp\/v2\/media\/10539"}],"wp:attachment":[{"href":"https:\/\/site.educa.madrid.org\/ies.benjaminrua.mostoles\/index.php\/wp-json\/wp\/v2\/media?parent=8326"}],"wp:term":[{"taxonomy":"folder","embeddable":true,"href":"https:\/\/site.educa.madrid.org\/ies.benjaminrua.mostoles\/index.php\/wp-json\/wp\/v2\/folder?post=8326"}],"curies":[{"name":"wp","href":"https:\/\/api.w.org\/{rel}","templated":true}]}}