{"id":8733,"date":"2024-05-21T13:50:16","date_gmt":"2024-05-21T11:50:16","guid":{"rendered":"https:\/\/site.educa.madrid.org\/ies.benjaminrua.mostoles\/?page_id=8733"},"modified":"2024-11-07T11:42:50","modified_gmt":"2024-11-07T10:42:50","slug":"ka121-vet-23-24-2","status":"publish","type":"page","link":"https:\/\/site.educa.madrid.org\/ies.benjaminrua.mostoles\/index.php\/ka121-vet-23-24-2\/","title":{"rendered":"KA121-VET 24-25"},"content":{"rendered":"\n<div class=\"wp-block-cover alignfull is-light\"><span aria-hidden=\"true\" class=\"wp-block-cover__background has-background-dim\" style=\"background-color:#f5eac1\"><\/span><div class=\"wp-block-cover__inner-container is-layout-flow wp-block-cover-is-layout-flow\">\n<div class=\"wp-block-group alignfull\" style=\"padding-top:6vw;padding-right:6vw;padding-bottom:6vw;padding-left:6vw\"><div class=\"wp-block-group__inner-container is-layout-flow wp-block-group-is-layout-flow\">\n<div class=\"wp-block-group is-vertical is-nowrap is-layout-flex wp-container-core-group-is-layout-287ef9cb wp-block-group-is-layout-flex\" style=\"padding-right:0;padding-left:0\">\n<h6 class=\"wp-block-heading has-text-color\" id=\"ecosystem\" style=\"color:#000000;font-size:16px\">ERASMUS+ CICLOS FORMATIVOS DE GRADO MEDIO<\/h6>\n\n\n\n<p class=\"has-text-align-center has-text-color\" style=\"color:#000000;font-size:64px;font-style:normal;font-weight:700;letter-spacing:0px;line-height:0.9;text-decoration:none;text-transform:none\">Proyecto KA121 2024-2025<\/p>\n\n\n\n<hr class=\"wp-block-separator has-alpha-channel-opacity is-style-wide wp-container-content-9cfa9a5a\"\/>\n<\/div>\n\n\n\n<div style=\"height:20px\" aria-hidden=\"true\" class=\"wp-block-spacer\"><\/div>\n\n\n\n<hr class=\"wp-block-separator has-text-color has-black-color has-alpha-channel-opacity has-black-background-color has-background is-style-default\"\/>\n\n\n<div class=\"wp-block-image\">\n<figure class=\"aligncenter size-large is-resized\"><a href=\"https:\/\/site.educa.madrid.org\/ies.benjaminrua.mostoles\/\/wp-content\/uploads\/ies.benjaminrua.mostoles\/2024\/11\/Seleccionados-GM-24-25_DNI.pdf\"><img loading=\"lazy\" decoding=\"async\" width=\"1024\" height=\"576\" src=\"https:\/\/site.educa.madrid.org\/ies.benjaminrua.mostoles\/\/wp-content\/uploads\/ies.benjaminrua.mostoles\/2024\/11\/Seleccionados-GM-1024x576.jpg\" alt=\"\" class=\"wp-image-10156\" style=\"width:407px;height:auto\" srcset=\"https:\/\/site.educa.madrid.org\/ies.benjaminrua.mostoles\/\/wp-content\/uploads\/ies.benjaminrua.mostoles\/2024\/11\/Seleccionados-GM-1024x576.jpg 1024w, https:\/\/site.educa.madrid.org\/ies.benjaminrua.mostoles\/\/wp-content\/uploads\/ies.benjaminrua.mostoles\/2024\/11\/Seleccionados-GM-300x169.jpg 300w, https:\/\/site.educa.madrid.org\/ies.benjaminrua.mostoles\/\/wp-content\/uploads\/ies.benjaminrua.mostoles\/2024\/11\/Seleccionados-GM-768x432.jpg 768w, https:\/\/site.educa.madrid.org\/ies.benjaminrua.mostoles\/\/wp-content\/uploads\/ies.benjaminrua.mostoles\/2024\/11\/Seleccionados-GM.jpg 1280w\" sizes=\"auto, (max-width: 1024px) 100vw, 1024px\" \/><\/a><\/figure>\n<\/div>\n\n\n<div style=\"height:43px\" aria-hidden=\"true\" class=\"wp-block-spacer\"><\/div>\n\n\n\n<div class=\"wp-block-group alignwide is-vertical is-nowrap is-layout-flex wp-container-core-group-is-layout-8171334d wp-block-group-is-layout-flex\" style=\"padding-top:0;padding-right:0;padding-bottom:0;padding-left:0\">\n<div class=\"wp-block-columns alignwide is-layout-flex wp-container-core-columns-is-layout-2656d967 wp-block-columns-is-layout-flex\">\n<div class=\"wp-block-column is-layout-flow wp-block-column-is-layout-flow\">\n<p style=\"font-size:22px\">Te animas a ser uno de los pr\u00f3ximos participantes en el Programa Erasmus+? Podr\u00e1s hacer tus pr\u00e1cticas en una empresa de un pa\u00eds de la UE y vivir una experiencia incre\u00edble!!!!! No lo dudes, presenta tu solicitud!!!!!!!!<\/p>\n\n\n\n<div style=\"height:38px\" aria-hidden=\"true\" class=\"wp-block-spacer\"><\/div>\n\n\n<div class=\"wp-block-image\">\n<figure class=\"alignleft size-large\"><img loading=\"lazy\" decoding=\"async\" width=\"1024\" height=\"791\" src=\"https:\/\/site.educa.madrid.org\/ies.benjaminrua.mostoles\/\/wp-content\/uploads\/ies.benjaminrua.mostoles\/2024\/05\/WhatsApp-Image-2024-04-30-at-20.28.53-1-1024x791.jpeg\" alt=\"\" class=\"wp-image-8790\" srcset=\"https:\/\/site.educa.madrid.org\/ies.benjaminrua.mostoles\/\/wp-content\/uploads\/ies.benjaminrua.mostoles\/2024\/05\/WhatsApp-Image-2024-04-30-at-20.28.53-1-1024x791.jpeg 1024w, https:\/\/site.educa.madrid.org\/ies.benjaminrua.mostoles\/\/wp-content\/uploads\/ies.benjaminrua.mostoles\/2024\/05\/WhatsApp-Image-2024-04-30-at-20.28.53-1-300x232.jpeg 300w, https:\/\/site.educa.madrid.org\/ies.benjaminrua.mostoles\/\/wp-content\/uploads\/ies.benjaminrua.mostoles\/2024\/05\/WhatsApp-Image-2024-04-30-at-20.28.53-1-768x593.jpeg 768w, https:\/\/site.educa.madrid.org\/ies.benjaminrua.mostoles\/\/wp-content\/uploads\/ies.benjaminrua.mostoles\/2024\/05\/WhatsApp-Image-2024-04-30-at-20.28.53-1-1536x1187.jpeg 1536w, https:\/\/site.educa.madrid.org\/ies.benjaminrua.mostoles\/\/wp-content\/uploads\/ies.benjaminrua.mostoles\/2024\/05\/WhatsApp-Image-2024-04-30-at-20.28.53-1.jpeg 2048w\" sizes=\"auto, (max-width: 1024px) 100vw, 1024px\" \/><\/figure>\n<\/div><\/div>\n\n\n\n<div class=\"wp-block-column is-layout-flow wp-block-column-is-layout-flow\">\n<div style=\"height:2vw\" aria-hidden=\"true\" class=\"wp-block-spacer\"><\/div>\n\n\n\n<figure class=\"wp-block-image size-large is-resized\"><img loading=\"lazy\" decoding=\"async\" width=\"576\" height=\"1024\" src=\"https:\/\/site.educa.madrid.org\/ies.benjaminrua.mostoles\/\/wp-content\/uploads\/ies.benjaminrua.mostoles\/2024\/05\/16fe7ce8-aea9-49dd-b2ae-19c28344ca4c-576x1024.jpg\" alt=\"\" class=\"wp-image-8741\" style=\"width:283px;height:503px\" srcset=\"https:\/\/site.educa.madrid.org\/ies.benjaminrua.mostoles\/\/wp-content\/uploads\/ies.benjaminrua.mostoles\/2024\/05\/16fe7ce8-aea9-49dd-b2ae-19c28344ca4c-576x1024.jpg 576w, https:\/\/site.educa.madrid.org\/ies.benjaminrua.mostoles\/\/wp-content\/uploads\/ies.benjaminrua.mostoles\/2024\/05\/16fe7ce8-aea9-49dd-b2ae-19c28344ca4c-169x300.jpg 169w, https:\/\/site.educa.madrid.org\/ies.benjaminrua.mostoles\/\/wp-content\/uploads\/ies.benjaminrua.mostoles\/2024\/05\/16fe7ce8-aea9-49dd-b2ae-19c28344ca4c-768x1367.jpg 768w, https:\/\/site.educa.madrid.org\/ies.benjaminrua.mostoles\/\/wp-content\/uploads\/ies.benjaminrua.mostoles\/2024\/05\/16fe7ce8-aea9-49dd-b2ae-19c28344ca4c-863x1536.jpg 863w, https:\/\/site.educa.madrid.org\/ies.benjaminrua.mostoles\/\/wp-content\/uploads\/ies.benjaminrua.mostoles\/2024\/05\/16fe7ce8-aea9-49dd-b2ae-19c28344ca4c.jpg 1151w\" sizes=\"auto, (max-width: 576px) 100vw, 576px\" \/><\/figure>\n\n\n\n<div style=\"height:58px\" aria-hidden=\"true\" class=\"wp-block-spacer\"><\/div>\n\n\n\n<hr class=\"wp-block-separator has-alpha-channel-opacity is-style-default\"\/>\n<\/div>\n\n\n\n<div class=\"wp-block-column is-layout-flow wp-block-column-is-layout-flow\">\n<figure class=\"wp-block-image size-large is-resized\"><img loading=\"lazy\" decoding=\"async\" width=\"1024\" height=\"768\" src=\"https:\/\/site.educa.madrid.org\/ies.benjaminrua.mostoles\/\/wp-content\/uploads\/ies.benjaminrua.mostoles\/2024\/05\/f1c6d1d7-d9fe-433e-aaff-80278f7b671d-1024x768.jpg\" alt=\"\" class=\"wp-image-8743\" style=\"width:324px;height:242px\" srcset=\"https:\/\/site.educa.madrid.org\/ies.benjaminrua.mostoles\/\/wp-content\/uploads\/ies.benjaminrua.mostoles\/2024\/05\/f1c6d1d7-d9fe-433e-aaff-80278f7b671d-1024x768.jpg 1024w, https:\/\/site.educa.madrid.org\/ies.benjaminrua.mostoles\/\/wp-content\/uploads\/ies.benjaminrua.mostoles\/2024\/05\/f1c6d1d7-d9fe-433e-aaff-80278f7b671d-300x225.jpg 300w, https:\/\/site.educa.madrid.org\/ies.benjaminrua.mostoles\/\/wp-content\/uploads\/ies.benjaminrua.mostoles\/2024\/05\/f1c6d1d7-d9fe-433e-aaff-80278f7b671d-768x576.jpg 768w, https:\/\/site.educa.madrid.org\/ies.benjaminrua.mostoles\/\/wp-content\/uploads\/ies.benjaminrua.mostoles\/2024\/05\/f1c6d1d7-d9fe-433e-aaff-80278f7b671d-1536x1152.jpg 1536w, https:\/\/site.educa.madrid.org\/ies.benjaminrua.mostoles\/\/wp-content\/uploads\/ies.benjaminrua.mostoles\/2024\/05\/f1c6d1d7-d9fe-433e-aaff-80278f7b671d.jpg 2000w\" sizes=\"auto, (max-width: 1024px) 100vw, 1024px\" \/><\/figure>\n\n\n\n<div style=\"height:10px\" aria-hidden=\"true\" class=\"wp-block-spacer\"><\/div>\n\n\n<div class=\"wp-block-image\">\n<figure class=\"alignright size-large\"><img loading=\"lazy\" decoding=\"async\" width=\"768\" height=\"1024\" src=\"https:\/\/site.educa.madrid.org\/ies.benjaminrua.mostoles\/\/wp-content\/uploads\/ies.benjaminrua.mostoles\/2024\/05\/c547982d-5dec-4941-a2b6-69bf61236284-768x1024.jpg\" alt=\"\" class=\"wp-image-8742\" srcset=\"https:\/\/site.educa.madrid.org\/ies.benjaminrua.mostoles\/\/wp-content\/uploads\/ies.benjaminrua.mostoles\/2024\/05\/c547982d-5dec-4941-a2b6-69bf61236284-768x1024.jpg 768w, https:\/\/site.educa.madrid.org\/ies.benjaminrua.mostoles\/\/wp-content\/uploads\/ies.benjaminrua.mostoles\/2024\/05\/c547982d-5dec-4941-a2b6-69bf61236284-225x300.jpg 225w, https:\/\/site.educa.madrid.org\/ies.benjaminrua.mostoles\/\/wp-content\/uploads\/ies.benjaminrua.mostoles\/2024\/05\/c547982d-5dec-4941-a2b6-69bf61236284-300x400.jpg 300w, https:\/\/site.educa.madrid.org\/ies.benjaminrua.mostoles\/\/wp-content\/uploads\/ies.benjaminrua.mostoles\/2024\/05\/c547982d-5dec-4941-a2b6-69bf61236284-1152x1536.jpg 1152w, https:\/\/site.educa.madrid.org\/ies.benjaminrua.mostoles\/\/wp-content\/uploads\/ies.benjaminrua.mostoles\/2024\/05\/c547982d-5dec-4941-a2b6-69bf61236284.jpg 1536w\" sizes=\"auto, (max-width: 768px) 100vw, 768px\" \/><\/figure>\n<\/div>\n\n\n<div style=\"height:25px\" aria-hidden=\"true\" class=\"wp-block-spacer\"><\/div>\n\n\n\n<div style=\"height:22px\" aria-hidden=\"true\" class=\"wp-block-spacer\"><\/div>\n\n\n\n<div style=\"height:0px\" aria-hidden=\"true\" class=\"wp-block-spacer\"><\/div>\n<\/div>\n<\/div>\n\n\n\n<div class=\"wp-block-columns alignwide is-layout-flex wp-container-core-columns-is-layout-724a882f wp-block-columns-is-layout-flex\">\n<div class=\"wp-block-column is-vertically-aligned-center is-layout-flow wp-block-column-is-layout-flow\" style=\"flex-basis:50%\">\n<div style=\"height:20px\" aria-hidden=\"true\" class=\"wp-block-spacer\"><\/div>\n\n\n\n<h2 class=\"wp-block-heading has-text-color\" style=\"color:#636567;font-size:30px\"><strong>AQU\u00cd TIENES TODA LA INFORMACI\u00d3N QUE NECESITAS<\/strong><\/h2>\n\n\n\n<p class=\"has-medium-font-size\" style=\"letter-spacing:1px\"><mark style=\"background-color:rgba(0, 0, 0, 0);color:#494c4e\" class=\"has-inline-color\">Si tienes dudas, env\u00eda un correo electr\u00f3nico al grupo Eurom\u00f3vilR\u00fa@. Aclararemos todas tus dudas y te ayudaremos con tu solicitu<\/mark>d.<\/p>\n\n\n\n<p class=\"has-text-align-center has-text-color\" style=\"color:#0711e3;font-size:22px\">euromovilrua@gmail.com<\/p>\n<\/div>\n\n\n\n<div class=\"wp-block-column is-layout-flow wp-block-column-is-layout-flow\" style=\"flex-basis:60%\">\n<div style=\"height:0px\" aria-hidden=\"true\" class=\"wp-block-spacer\"><\/div>\n\n\n\n<figure class=\"wp-block-image size-large is-resized\"><img loading=\"lazy\" decoding=\"async\" width=\"1024\" height=\"699\" src=\"https:\/\/site.educa.madrid.org\/ies.benjaminrua.mostoles\/\/wp-content\/uploads\/ies.benjaminrua.mostoles\/2024\/05\/WhatsApp-Image-2024-04-30-at-20.28.53-1024x699.jpeg\" alt=\"\" class=\"wp-image-8739\" style=\"width:517px;height:352px\" srcset=\"https:\/\/site.educa.madrid.org\/ies.benjaminrua.mostoles\/\/wp-content\/uploads\/ies.benjaminrua.mostoles\/2024\/05\/WhatsApp-Image-2024-04-30-at-20.28.53-1024x699.jpeg 1024w, https:\/\/site.educa.madrid.org\/ies.benjaminrua.mostoles\/\/wp-content\/uploads\/ies.benjaminrua.mostoles\/2024\/05\/WhatsApp-Image-2024-04-30-at-20.28.53-300x205.jpeg 300w, https:\/\/site.educa.madrid.org\/ies.benjaminrua.mostoles\/\/wp-content\/uploads\/ies.benjaminrua.mostoles\/2024\/05\/WhatsApp-Image-2024-04-30-at-20.28.53-768x524.jpeg 768w, https:\/\/site.educa.madrid.org\/ies.benjaminrua.mostoles\/\/wp-content\/uploads\/ies.benjaminrua.mostoles\/2024\/05\/WhatsApp-Image-2024-04-30-at-20.28.53-474x324.jpeg 474w, https:\/\/site.educa.madrid.org\/ies.benjaminrua.mostoles\/\/wp-content\/uploads\/ies.benjaminrua.mostoles\/2024\/05\/WhatsApp-Image-2024-04-30-at-20.28.53-1536x1049.jpeg 1536w, https:\/\/site.educa.madrid.org\/ies.benjaminrua.mostoles\/\/wp-content\/uploads\/ies.benjaminrua.mostoles\/2024\/05\/WhatsApp-Image-2024-04-30-at-20.28.53.jpeg 2048w\" sizes=\"auto, (max-width: 1024px) 100vw, 1024px\" \/><\/figure>\n<\/div>\n<\/div>\n<\/div>\n\n\n\n<div class=\"wp-block-columns is-layout-flex wp-container-core-columns-is-layout-9d6595d7 wp-block-columns-is-layout-flex\">\n<div class=\"wp-block-column is-layout-flow wp-block-column-is-layout-flow\" style=\"flex-basis:100%\">\n<p class=\"has-text-color has-large-font-size\" style=\"color:#2b3f7e\"><strong>PARTICIPA<\/strong><\/p>\n\n\n\n<p class=\"has-text-color\" style=\"color:#272985;font-size:24px\"><span style=\"color: #000080;\">\u221a <a href=\"https:\/\/site.educa.madrid.org\/ies.benjaminrua.mostoles\/\/wp-content\/uploads\/ies.benjaminrua.mostoles\/2025\/05\/Erasmus-hibrido-25-26.pdf\"><mark style=\"background-color:rgba(0, 0, 0, 0);color:#272985\" class=\"has-inline-color\">\u00bfEn qu\u00e9 consiste el Proyecto Eurom\u00f3vilR\u00fa@?<\/mark><\/a><\/span><\/p>\n\n\n\n<p style=\"font-size:24px\"><span style=\"color: #000080;\">\u221a<\/span> <a href=\"https:\/\/www.youtube.com\/watch?v=xRV0AlB4aHM\"><mark style=\"background-color:rgba(0, 0, 0, 0);color:#110b71\" class=\"has-inline-color\">Video de la Jornada Erasmus celebrada en mayo de 2025<\/mark><\/a><\/p>\n\n\n\n<p class=\"has-text-color has-link-color wp-elements-a42089f1097985d9a4907ab017b4b5df\" style=\"color:#151778;font-size:24px\"><span style=\"color: #000080;\">\u221a <mark style=\"background-color:rgba(0, 0, 0, 0);color:#0f0c6f\" class=\"has-inline-color\"><a href=\"https:\/\/formularios.educa.madrid.org\/index.php\/666617?lang=es\">Solicitud de participaci\u00f3n<\/a><\/mark><\/span><\/p>\n\n\n\n<p class=\"has-text-color\" style=\"color:#272985;font-size:24px\"><span style=\"color: #000080;\">\u221a <a href=\"https:\/\/europa.eu\/europass\/es\/create-europass-cv\"><mark style=\"background-color:rgba(0, 0, 0, 0);color:#1d0c76\" class=\"has-inline-color\">CV Europass y carta de presentaci\u00f3n<\/mark><\/a><\/span><\/p>\n\n\n\n<p style=\"font-size:24px\"><span style=\"color: #000080;\">\u221a <a href=\"https:\/\/site.educa.madrid.org\/ies.benjaminrua.mostoles\/\/wp-content\/uploads\/ies.benjaminrua.mostoles\/2025\/05\/PDP_KA121_2025.pdf\"><mark style=\"background-color:rgba(0, 0, 0, 0);color:#272985\" class=\"has-inline-color\">Documento de Protecci\u00f3n de Datos Personales<\/mark><\/a><\/span><\/p>\n\n\n\n<p class=\"has-text-color\" style=\"color:#272985;font-size:24px\"><span style=\"color: #000080;\">\u221a <a href=\"https:\/\/site.educa.madrid.org\/ies.benjaminrua.mostoles\/\/wp-content\/uploads\/ies.benjaminrua.mostoles\/2025\/05\/Baremo_KA121_25-26-1.pdf\"><mark style=\"background-color:rgba(0, 0, 0, 0);color:#1d0c76\" class=\"has-inline-color\">Criterios de baremaci\u00f3n<\/mark><\/a><\/span><\/p>\n\n\n\n<p style=\"font-size:24px\"><span style=\"color: #000080;\">\u221a <a href=\"https:\/\/site.educa.madrid.org\/ies.benjaminrua.mostoles\/\/wp-content\/uploads\/ies.benjaminrua.mostoles\/2025\/10\/Calendario-entrevistas_KA121_25-26.pdf\"><mark style=\"background-color:rgba(0, 0, 0, 0);color:#1c0c6e\" class=\"has-inline-color\">Calendario de actuaciones para participantes<\/mark><\/a><\/span><\/p>\n<\/div>\n<\/div>\n\n\n\n<p class=\"has-text-align-center has-text-color\" style=\"color:#1b1d8a;font-size:33px\"><strong>El plazo de presentaci\u00f3n de solicitudes ser\u00e1 del 22 al 29 de septiembre de 2025<\/strong><\/p>\n<\/div><\/div>\n<\/div><\/div>\n\n\n\n<p><\/p>\n","protected":false},"excerpt":{"rendered":"","protected":false},"author":7,"featured_media":0,"parent":0,"menu_order":0,"comment_status":"closed","ping_status":"closed","template":"","meta":{"footnotes":""},"folder":[],"class_list":["post-8733","page","type-page","status-publish","hentry"],"rttpg_featured_image_url":null,"rttpg_author":{"display_name":"Miriam Reyes Padron","author_link":"https:\/\/site.educa.madrid.org\/ies.benjaminrua.mostoles\/index.php\/author\/miriam_reyes-padrn\/"},"rttpg_comment":0,"rttpg_category":false,"rttpg_excerpt":null,"post_mailing_queue_ids":[],"_links":{"self":[{"href":"https:\/\/site.educa.madrid.org\/ies.benjaminrua.mostoles\/index.php\/wp-json\/wp\/v2\/pages\/8733","targetHints":{"allow":["GET"]}}],"collection":[{"href":"https:\/\/site.educa.madrid.org\/ies.benjaminrua.mostoles\/index.php\/wp-json\/wp\/v2\/pages"}],"about":[{"href":"https:\/\/site.educa.madrid.org\/ies.benjaminrua.mostoles\/index.php\/wp-json\/wp\/v2\/types\/page"}],"author":[{"embeddable":true,"href":"https:\/\/site.educa.madrid.org\/ies.benjaminrua.mostoles\/index.php\/wp-json\/wp\/v2\/users\/7"}],"replies":[{"embeddable":true,"href":"https:\/\/site.educa.madrid.org\/ies.benjaminrua.mostoles\/index.php\/wp-json\/wp\/v2\/comments?post=8733"}],"version-history":[{"count":39,"href":"https:\/\/site.educa.madrid.org\/ies.benjaminrua.mostoles\/index.php\/wp-json\/wp\/v2\/pages\/8733\/revisions"}],"predecessor-version":[{"id":10160,"href":"https:\/\/site.educa.madrid.org\/ies.benjaminrua.mostoles\/index.php\/wp-json\/wp\/v2\/pages\/8733\/revisions\/10160"}],"wp:attachment":[{"href":"https:\/\/site.educa.madrid.org\/ies.benjaminrua.mostoles\/index.php\/wp-json\/wp\/v2\/media?parent=8733"}],"wp:term":[{"taxonomy":"folder","embeddable":true,"href":"https:\/\/site.educa.madrid.org\/ies.benjaminrua.mostoles\/index.php\/wp-json\/wp\/v2\/folder?post=8733"}],"curies":[{"name":"wp","href":"https:\/\/api.w.org\/{rel}","templated":true}]}}