{"id":8836,"date":"2024-05-22T14:36:50","date_gmt":"2024-05-22T12:36:50","guid":{"rendered":"https:\/\/site.educa.madrid.org\/ies.benjaminrua.mostoles\/?page_id=8836"},"modified":"2024-05-22T14:36:51","modified_gmt":"2024-05-22T12:36:51","slug":"ka131_23-24","status":"publish","type":"page","link":"https:\/\/site.educa.madrid.org\/ies.benjaminrua.mostoles\/index.php\/ka131_23-24\/","title":{"rendered":"KA131-HED 23-24"},"content":{"rendered":"\n<div class=\"wp-block-group alignwide has-background has-medium-font-size\" style=\"background-color:#00affc3b;padding-top:6vw;padding-right:6vw;padding-bottom:6vw;padding-left:6vw\"><div class=\"wp-block-group__inner-container is-layout-constrained wp-container-core-group-is-layout-14d0c9c3 wp-block-group-is-layout-constrained\">\n<div class=\"wp-block-group is-vertical is-nowrap is-layout-flex wp-container-core-group-is-layout-287ef9cb wp-block-group-is-layout-flex\" style=\"padding-right:0;padding-left:0\">\n<p class=\"has-text-align-center has-text-color wp-container-content-9cfa9a5a\" style=\"color:#000000;font-size:77px;font-style:normal;font-weight:700;letter-spacing:0px;line-height:0.9;text-decoration:none;text-transform:none\">Proyecto KA-131 2023<\/p>\n<\/div>\n\n\n\n<div style=\"height:43px\" aria-hidden=\"true\" class=\"wp-block-spacer\"><\/div>\n\n\n<div class=\"wp-block-image\">\n<figure class=\"aligncenter size-full is-resized\"><a href=\"https:\/\/site.educa.madrid.org\/ies.benjaminrua.mostoles\/\/wp-content\/uploads\/ies.benjaminrua.mostoles\/2023\/10\/Alumnos-seleccionados-GS-23-24.pdf\"><img loading=\"lazy\" decoding=\"async\" src=\"https:\/\/site.educa.madrid.org\/ies.benjaminrua.mostoles\/\/wp-content\/uploads\/ies.benjaminrua.mostoles\/2023\/10\/Imagen-seleccionados-GS-edited.jpg\" alt=\"\" class=\"wp-image-8195\" width=\"438\" height=\"246\" srcset=\"https:\/\/site.educa.madrid.org\/ies.benjaminrua.mostoles\/\/wp-content\/uploads\/ies.benjaminrua.mostoles\/2023\/10\/Imagen-seleccionados-GS-edited.jpg 637w, https:\/\/site.educa.madrid.org\/ies.benjaminrua.mostoles\/\/wp-content\/uploads\/ies.benjaminrua.mostoles\/2023\/10\/Imagen-seleccionados-GS-edited-300x169.jpg 300w\" sizes=\"auto, (max-width: 438px) 100vw, 438px\" \/><\/a><\/figure>\n<\/div>\n\n\n<div style=\"height:16px\" aria-hidden=\"true\" class=\"wp-block-spacer\"><\/div>\n\n\n\n<div class=\"wp-block-columns alignwide is-layout-flex wp-container-core-columns-is-layout-2656d967 wp-block-columns-is-layout-flex\">\n<div class=\"wp-block-column is-layout-flow wp-block-column-is-layout-flow\" style=\"flex-basis:33.38%\">\n<p>Este curso queremos presentar el <span style=\"color: #0000ff;\"><strong>Programa Erasmus+<\/strong><\/span> a los alumnos de primer curso con la idea de que tengan tiempo suficiente para decidir y organizar sus \u00ab<span style=\"color: #0000ff;\">futuras movilidades\u00bb<\/span>.<\/p>\n<\/div>\n\n\n\n<div class=\"wp-block-column is-layout-flow wp-block-column-is-layout-flow\" style=\"flex-basis:33%\">\n<div style=\"height:75px\" aria-hidden=\"true\" class=\"wp-block-spacer\"><\/div>\n\n\n\n<figure class=\"wp-block-image size-full is-resized\"><img loading=\"lazy\" decoding=\"async\" src=\"https:\/\/site.educa.madrid.org\/ies.benjaminrua.mostoles\/\/wp-content\/uploads\/ies.benjaminrua.mostoles\/2023\/06\/08e2f8fc-b5cb-4bc3-a36b-9fe17e2d8efd-400x225-1.jpg\" alt=\"\" class=\"wp-image-6733\" width=\"324\" height=\"182\" srcset=\"https:\/\/site.educa.madrid.org\/ies.benjaminrua.mostoles\/\/wp-content\/uploads\/ies.benjaminrua.mostoles\/2023\/06\/08e2f8fc-b5cb-4bc3-a36b-9fe17e2d8efd-400x225-1.jpg 400w, https:\/\/site.educa.madrid.org\/ies.benjaminrua.mostoles\/\/wp-content\/uploads\/ies.benjaminrua.mostoles\/2023\/06\/08e2f8fc-b5cb-4bc3-a36b-9fe17e2d8efd-400x225-1-300x169.jpg 300w\" sizes=\"auto, (max-width: 324px) 100vw, 324px\" \/><\/figure>\n<\/div>\n\n\n\n<div class=\"wp-block-column is-vertically-aligned-top is-layout-flow wp-block-column-is-layout-flow\" style=\"flex-basis:33.62%\">\n<figure class=\"wp-block-image size-full is-resized\"><img loading=\"lazy\" decoding=\"async\" src=\"https:\/\/site.educa.madrid.org\/ies.benjaminrua.mostoles\/\/wp-content\/uploads\/ies.benjaminrua.mostoles\/2022\/06\/Erasmus.png\" alt=\"\" class=\"wp-image-556\" width=\"426\" height=\"104\" srcset=\"https:\/\/site.educa.madrid.org\/ies.benjaminrua.mostoles\/\/wp-content\/uploads\/ies.benjaminrua.mostoles\/2022\/06\/Erasmus.png 434w, https:\/\/site.educa.madrid.org\/ies.benjaminrua.mostoles\/\/wp-content\/uploads\/ies.benjaminrua.mostoles\/2022\/06\/Erasmus-300x73.png 300w\" sizes=\"auto, (max-width: 426px) 100vw, 426px\" \/><\/figure>\n<\/div>\n<\/div>\n\n\n\n<div class=\"wp-block-group alignwide\"><div class=\"wp-block-group__inner-container is-layout-constrained wp-block-group-is-layout-constrained\">\n<div class=\"wp-block-columns alignwide is-layout-flex wp-container-core-columns-is-layout-724a882f wp-block-columns-is-layout-flex\">\n<div class=\"wp-block-column has-medium-font-size is-layout-flow wp-block-column-is-layout-flow\" style=\"flex-basis:40%\">\n<figure class=\"wp-block-image size-full is-resized\"><img loading=\"lazy\" decoding=\"async\" src=\"https:\/\/site.educa.madrid.org\/ies.benjaminrua.mostoles\/\/wp-content\/uploads\/ies.benjaminrua.mostoles\/2023\/06\/13D01AE2-96A8-44EB-A1D9-E623D1F9CDB7_1_105_c-400x533-1.jpeg\" alt=\"\" class=\"wp-image-6735\" width=\"361\" height=\"481\" srcset=\"https:\/\/site.educa.madrid.org\/ies.benjaminrua.mostoles\/\/wp-content\/uploads\/ies.benjaminrua.mostoles\/2023\/06\/13D01AE2-96A8-44EB-A1D9-E623D1F9CDB7_1_105_c-400x533-1.jpeg 400w, https:\/\/site.educa.madrid.org\/ies.benjaminrua.mostoles\/\/wp-content\/uploads\/ies.benjaminrua.mostoles\/2023\/06\/13D01AE2-96A8-44EB-A1D9-E623D1F9CDB7_1_105_c-400x533-1-225x300.jpeg 225w, https:\/\/site.educa.madrid.org\/ies.benjaminrua.mostoles\/\/wp-content\/uploads\/ies.benjaminrua.mostoles\/2023\/06\/13D01AE2-96A8-44EB-A1D9-E623D1F9CDB7_1_105_c-400x533-1-300x400.jpeg 300w\" sizes=\"auto, (max-width: 361px) 100vw, 361px\" \/><\/figure>\n\n\n\n<hr class=\"wp-block-separator has-alpha-channel-opacity\"\/>\n\n\n<div class=\"wp-block-image\">\n<figure class=\"aligncenter size-full is-resized\"><img loading=\"lazy\" decoding=\"async\" src=\"https:\/\/site.educa.madrid.org\/ies.benjaminrua.mostoles\/\/wp-content\/uploads\/ies.benjaminrua.mostoles\/2023\/07\/0D494A04-0833-4763-A515-094B79FE8F16.jpeg\" alt=\"\" class=\"wp-image-7183\" width=\"287\" height=\"215\" srcset=\"https:\/\/site.educa.madrid.org\/ies.benjaminrua.mostoles\/\/wp-content\/uploads\/ies.benjaminrua.mostoles\/2023\/07\/0D494A04-0833-4763-A515-094B79FE8F16.jpeg 1024w, https:\/\/site.educa.madrid.org\/ies.benjaminrua.mostoles\/\/wp-content\/uploads\/ies.benjaminrua.mostoles\/2023\/07\/0D494A04-0833-4763-A515-094B79FE8F16-300x225.jpeg 300w, https:\/\/site.educa.madrid.org\/ies.benjaminrua.mostoles\/\/wp-content\/uploads\/ies.benjaminrua.mostoles\/2023\/07\/0D494A04-0833-4763-A515-094B79FE8F16-768x576.jpeg 768w\" sizes=\"auto, (max-width: 287px) 100vw, 287px\" \/><\/figure>\n<\/div><\/div>\n\n\n\n<div class=\"wp-block-column is-layout-flow wp-block-column-is-layout-flow\"><\/div>\n\n\n\n<div class=\"wp-block-column is-layout-flow wp-block-column-is-layout-flow\"><\/div>\n\n\n\n<div class=\"wp-block-column is-layout-flow wp-block-column-is-layout-flow\" style=\"font-style:normal;font-weight:400;flex-basis:70%\">\n<h2 style=\"text-align: center;\"><span style=\"color: #000080;\"><strong>JORNADAS DE MOVILIDAD<\/strong><\/span><\/h2>\n<h2 style=\"text-align: center;\"><span style=\"color: #000080;\"><strong>\u00abMU\u00c9VETE POR EUROPA CON LA FP\u00bb<\/strong><\/span><\/h2>\n\n\n\n<div class=\"wp-block-group alignfull\"><div class=\"wp-block-group__inner-container is-layout-constrained wp-block-group-is-layout-constrained\">\n<p class=\"has-text-color has-medium-font-size\" style=\"color:#1c238c\">Dirigidas a <strong>alumnos de primer curso<\/strong> de Ciclos Formativos de <strong>Grado Superior<\/strong><\/p>\n\n\n\n<ul class=\"wp-block-list\" style=\"font-size:40px\">\n<li style=\"font-size:14px\"><strong>Lugar<\/strong>: Sal\u00f3n de Actos del IES Benjam\u00edn R\u00faa<\/li>\n\n\n\n<li style=\"font-size:14px\"><strong>D\u00eda<\/strong>: 4 de mayo de 2023\n<ol class=\"wp-block-list\">\n<li><strong>Hora<\/strong>:\n<ul class=\"wp-block-list\">\n<li>10:20 horas\n<ul class=\"wp-block-list\">\n<li>Mantenimiento Electr\u00f3nico<\/li>\n\n\n\n<li>Prevenci\u00f3n de Riesgos Profesionales<\/li>\n\n\n\n<li>Sistemas de Telecomunicaciones e Inform\u00e1ticos<\/li>\n<\/ul>\n<\/li>\n\n\n\n<li>11:45 horas\n<ul class=\"wp-block-list\">\n<li>Audiolog\u00eda Prot\u00e9sica<\/li>\n\n\n\n<li>Laboratorio Cl\u00ednico y Biom\u00e9dico &#8211; Diurno<\/li>\n\n\n\n<li>Qu\u00edmica y Salud Ambiental<\/li>\n<\/ul>\n<\/li>\n<\/ul>\n<\/li>\n<\/ol>\n<\/li>\n\n\n\n<li style=\"font-size:14px\"><strong>D\u00eda<\/strong>: 8 de mayo de 2023\n<ul class=\"wp-block-list\">\n<li><strong>Hora<\/strong>:\n<ul class=\"wp-block-list\">\n<li>15:30 horas\n<ul class=\"wp-block-list\">\n<li>Laboratorio Cl\u00ednico y Biom\u00e9dico &#8211; Vespertino<\/li>\n<\/ul>\n<\/li>\n<\/ul>\n<\/li>\n<\/ul>\n<\/li>\n<\/ul>\n<\/div><\/div>\n<\/div>\n<\/div>\n<\/div><\/div>\n\n\n\n<div class=\"wp-block-columns is-layout-flex wp-container-core-columns-is-layout-9d6595d7 wp-block-columns-is-layout-flex\">\n<div class=\"wp-block-column is-layout-flow wp-block-column-is-layout-flow\" style=\"flex-basis:66.66%\">\n<p class=\"has-text-color has-large-font-size\" style=\"color:#2b3f7e\"><strong>PARTICIPA<\/strong><\/p>\n\n\n\n<p class=\"has-text-color\" style=\"color:#080959\"><span style=\"color: #000080;\">\u221a &nbsp;<a href=\"https:\/\/site.educa.madrid.org\/ies.benjaminrua.mostoles\/\/wp-content\/uploads\/ies.benjaminrua.mostoles\/2023\/09\/Erasmus-GS-23-24_Septiembre.pdf\"><mark style=\"background-color:rgba(0, 0, 0, 0);color:#01036a\" class=\"has-inline-color\">\u00bfEn qu\u00e9 consiste el Proyecto Eurom\u00f3vilR\u00fa@?<\/mark><\/a><\/span><\/p>\n\n\n\n<p><span style=\"color: #000080;\">\u221a&nbsp;<a href=\"https:\/\/formularios.educa.madrid.org\/index.php\/139955?lang=es\"><mark style=\"background-color:rgba(0, 0, 0, 0);color:#010381\" class=\"has-inline-color\"> Solicitud de participaci\u00f3n<\/mark><\/a><\/span><\/p>\n\n\n\n<p class=\"has-text-color\" style=\"color:#08095c\"><span style=\"color: #000080;\">\u221a&nbsp; <a href=\"https:\/\/europa.eu\/europass\/es\/create-europass-cv\"><mark style=\"background-color:rgba(0, 0, 0, 0);color:#01028a\" class=\"has-inline-color\">CV Europass y carta de presentaci\u00f3n<\/mark><\/a><\/span><\/p>\n\n\n\n<p><span style=\"color: #000080;\">\u221a&nbsp; <\/span><a href=\"https:\/\/site.educa.madrid.org\/ies.benjaminrua.mostoles\/\/wp-content\/uploads\/ies.benjaminrua.mostoles\/2023\/09\/PDP_KA131_2023.pdf\"><mark style=\"background-color:rgba(0, 0, 0, 0);color:#130383\" class=\"has-inline-color\">Documento de Protecci\u00f3n de datos personales<\/mark><\/a><\/p>\n\n\n\n<p class=\"has-text-color\" style=\"color:#08095c\"><span style=\"color: #000080;\">\u221a &nbsp;<a href=\"https:\/\/site.educa.madrid.org\/ies.benjaminrua.mostoles\/\/wp-content\/uploads\/ies.benjaminrua.mostoles\/2023\/09\/Baremo_GS_23-24.pdf\"><mark style=\"background-color:rgba(0, 0, 0, 0);color:#011678\" class=\"has-inline-color\">Criterios de baremaci\u00f3n<\/mark><\/a><\/span><\/p>\n\n\n\n<p class=\"has-text-color\" style=\"color:#08095c\"><span style=\"color: #000080;\">\u221a&nbsp; <a href=\"https:\/\/site.educa.madrid.org\/ies.benjaminrua.mostoles\/\/wp-content\/uploads\/ies.benjaminrua.mostoles\/2023\/10\/Calendario-actuaciones_KA131_23-24.pdf\"><mark style=\"background-color:rgba(0, 0, 0, 0);color:#11046f\" class=\"has-inline-color\">Calendario de actuaciones para participantes<\/mark><\/a><\/span><\/p>\n<\/div>\n\n\n\n<div class=\"wp-block-column is-layout-flow wp-block-column-is-layout-flow\" style=\"flex-basis:33.33%\">\n<figure class=\"wp-block-image size-large\"><img loading=\"lazy\" decoding=\"async\" width=\"768\" height=\"1024\" src=\"https:\/\/site.educa.madrid.org\/ies.benjaminrua.mostoles\/\/wp-content\/uploads\/ies.benjaminrua.mostoles\/2023\/07\/5D87E263-B023-46B9-81E2-9672923274F2-768x1024.jpeg\" alt=\"\" class=\"wp-image-7182\" srcset=\"https:\/\/site.educa.madrid.org\/ies.benjaminrua.mostoles\/\/wp-content\/uploads\/ies.benjaminrua.mostoles\/2023\/07\/5D87E263-B023-46B9-81E2-9672923274F2-768x1024.jpeg 768w, https:\/\/site.educa.madrid.org\/ies.benjaminrua.mostoles\/\/wp-content\/uploads\/ies.benjaminrua.mostoles\/2023\/07\/5D87E263-B023-46B9-81E2-9672923274F2-225x300.jpeg 225w, https:\/\/site.educa.madrid.org\/ies.benjaminrua.mostoles\/\/wp-content\/uploads\/ies.benjaminrua.mostoles\/2023\/07\/5D87E263-B023-46B9-81E2-9672923274F2-300x400.jpeg 300w, https:\/\/site.educa.madrid.org\/ies.benjaminrua.mostoles\/\/wp-content\/uploads\/ies.benjaminrua.mostoles\/2023\/07\/5D87E263-B023-46B9-81E2-9672923274F2-1152x1536.jpeg 1152w, https:\/\/site.educa.madrid.org\/ies.benjaminrua.mostoles\/\/wp-content\/uploads\/ies.benjaminrua.mostoles\/2023\/07\/5D87E263-B023-46B9-81E2-9672923274F2.jpeg 1200w\" sizes=\"auto, (max-width: 768px) 100vw, 768px\" \/><\/figure>\n<\/div>\n<\/div>\n\n\n\n<p class=\"has-text-align-center has-text-color\" style=\"color:#1b1d8a;font-size:25px\"><strong>Abierto el plazo de presentaci\u00f3n de solicitudes<\/strong>!!!!!!!!!!!<\/p>\n\n\n\n<p class=\"has-text-align-center has-text-color\" style=\"color:#1b1d8a;font-size:38px\"><strong>Del 18 al 24 de septiembre de 2023<\/strong><\/p>\n<\/div><\/div>\n\n\n\n<hr class=\"wp-block-separator has-alpha-channel-opacity\"\/>\n","protected":false},"excerpt":{"rendered":"<p>Proyecto KA-131 2023 Este curso queremos presentar el Programa Erasmus+ a los alumnos de primer curso con la idea de que tengan tiempo suficiente para decidir y organizar sus \u00abfuturas &#8230;<\/p>\n","protected":false},"author":7,"featured_media":0,"parent":0,"menu_order":0,"comment_status":"closed","ping_status":"closed","template":"","meta":{"footnotes":""},"folder":[],"class_list":["post-8836","page","type-page","status-publish","hentry"],"rttpg_featured_image_url":null,"rttpg_author":{"display_name":"Miriam Reyes Padron","author_link":"https:\/\/site.educa.madrid.org\/ies.benjaminrua.mostoles\/index.php\/author\/miriam_reyes-padrn\/"},"rttpg_comment":0,"rttpg_category":false,"rttpg_excerpt":"Proyecto KA-131 2023 Este curso queremos presentar el Programa Erasmus+ a los alumnos de primer curso con la idea de que tengan tiempo suficiente para decidir y organizar sus \u00abfuturas ...","post_mailing_queue_ids":[],"_links":{"self":[{"href":"https:\/\/site.educa.madrid.org\/ies.benjaminrua.mostoles\/index.php\/wp-json\/wp\/v2\/pages\/8836","targetHints":{"allow":["GET"]}}],"collection":[{"href":"https:\/\/site.educa.madrid.org\/ies.benjaminrua.mostoles\/index.php\/wp-json\/wp\/v2\/pages"}],"about":[{"href":"https:\/\/site.educa.madrid.org\/ies.benjaminrua.mostoles\/index.php\/wp-json\/wp\/v2\/types\/page"}],"author":[{"embeddable":true,"href":"https:\/\/site.educa.madrid.org\/ies.benjaminrua.mostoles\/index.php\/wp-json\/wp\/v2\/users\/7"}],"replies":[{"embeddable":true,"href":"https:\/\/site.educa.madrid.org\/ies.benjaminrua.mostoles\/index.php\/wp-json\/wp\/v2\/comments?post=8836"}],"version-history":[{"count":1,"href":"https:\/\/site.educa.madrid.org\/ies.benjaminrua.mostoles\/index.php\/wp-json\/wp\/v2\/pages\/8836\/revisions"}],"predecessor-version":[{"id":8865,"href":"https:\/\/site.educa.madrid.org\/ies.benjaminrua.mostoles\/index.php\/wp-json\/wp\/v2\/pages\/8836\/revisions\/8865"}],"wp:attachment":[{"href":"https:\/\/site.educa.madrid.org\/ies.benjaminrua.mostoles\/index.php\/wp-json\/wp\/v2\/media?parent=8836"}],"wp:term":[{"taxonomy":"folder","embeddable":true,"href":"https:\/\/site.educa.madrid.org\/ies.benjaminrua.mostoles\/index.php\/wp-json\/wp\/v2\/folder?post=8836"}],"curies":[{"name":"wp","href":"https:\/\/api.w.org\/{rel}","templated":true}]}}