{"id":1943,"date":"2022-02-01T13:42:28","date_gmt":"2022-02-01T12:42:28","guid":{"rendered":"https:\/\/site.educa.madrid.org\/ies.calderondelabar.madrid\/?page_id=1943"},"modified":"2024-01-15T16:04:47","modified_gmt":"2024-01-15T15:04:47","slug":"programa-refuerza-2","status":"publish","type":"page","link":"https:\/\/site.educa.madrid.org\/ies.calderondelabar.madrid\/index.php\/ensenanzas\/actividades-de-tarde\/programa-refuerza-2\/","title":{"rendered":"Programa REFUERZA"},"content":{"rendered":"<div class=\"wp-block-image is-style-rounded\">\n<figure class=\"aligncenter size-large\"><img loading=\"lazy\" decoding=\"async\" width=\"800\" height=\"533\" src=\"https:\/\/site.educa.madrid.org\/ies.calderondelabar.madrid\/\/wp-content\/uploads\/ies.calderondelabar.madrid\/2022\/01\/40927229283_2a7c36d01d_c.jpg\" alt=\"\" class=\"wp-image-1930\" srcset=\"https:\/\/site.educa.madrid.org\/ies.calderondelabar.madrid\/\/wp-content\/uploads\/ies.calderondelabar.madrid\/2022\/01\/40927229283_2a7c36d01d_c.jpg 800w, https:\/\/site.educa.madrid.org\/ies.calderondelabar.madrid\/\/wp-content\/uploads\/ies.calderondelabar.madrid\/2022\/01\/40927229283_2a7c36d01d_c-300x200.jpg 300w, https:\/\/site.educa.madrid.org\/ies.calderondelabar.madrid\/\/wp-content\/uploads\/ies.calderondelabar.madrid\/2022\/01\/40927229283_2a7c36d01d_c-768x512.jpg 768w, https:\/\/site.educa.madrid.org\/ies.calderondelabar.madrid\/\/wp-content\/uploads\/ies.calderondelabar.madrid\/2022\/01\/40927229283_2a7c36d01d_c-391x260.jpg 391w, https:\/\/site.educa.madrid.org\/ies.calderondelabar.madrid\/\/wp-content\/uploads\/ies.calderondelabar.madrid\/2022\/01\/40927229283_2a7c36d01d_c-272x182.jpg 272w\" sizes=\"auto, (max-width: 800px) 100vw, 800px\" \/><\/figure>\n<\/div>\n\n\n<h3 class=\"wp-block-heading\"><strong><span class=\"has-inline-color has-vivid-red-color\">\u00bfQu\u00e9 es el programa REFUERZA?<\/span><\/strong><\/h3>\n\n\n\n<p>El programa se desarrolla a trav\u00e9s de sesiones fuera del horario lectivo (en las asignaturas de Matem\u00e1ticas y Lengua Castellana y Literatura de 1\u00ba a 4\u00ba de ESO), gratuitas, en grupos de entre 6 y 12 alumno\/as, y con las siguientes actividades:<\/p>\n\n\n\n<p>a. El aprendizaje de contenidos b\u00e1sicos de las materias instrumentales.<br>b. Lectura guiada.<br>c. Trabajo de las actividades propuestas en clase.<br>d. Resoluci\u00f3n de dudas.<br>e. Adquisici\u00f3n de h\u00e1bitos y t\u00e9cnicas de estudio eficaces.<br>f. Recuperaci\u00f3n de desfases respecto al grupo de referencia<\/p>\n\n\n\n<p>En estas sesiones el alumno ser\u00e1 atendido por personal ajeno al centro bajo la supervisi\u00f3n de la direcci\u00f3n del mismo a trav\u00e9s del profesor responsable del programa.<\/p>\n\n\n\n<h3 class=\"wp-block-heading\"><strong><span class=\"has-inline-color has-vivid-red-color\">Destinatarios<\/span><\/strong><\/h3>\n\n\n\n<p>Alumnos de Educaci\u00f3n Secundaria Obligatoria, preferentemente de los cursos primero, segundo y tercero.<br>No son destinatarios de este programa los alumnos con necesidades educativas especiales, los cuales deber\u00e1n ser atendidos a trav\u00e9s de los recursos espec\u00edficos destinados a los mismos con que cuente el centro.<\/p>\n\n\n\n<h3 class=\"wp-block-heading\"><strong><span class=\"has-inline-color has-vivid-red-color\">Finalidades del programa<\/span><\/strong><\/h3>\n\n\n\n<ul class=\"wp-block-list\">\n<li>Propiciar el \u00e9xito escolar de todos los alumnos.<\/li>\n\n\n\n<li>Mejorar los resultados acad\u00e9micos.<\/li>\n\n\n\n<li>Alcanzar un buen clima de convivencia en los centros escolares.<\/li>\n\n\n\n<li>Fomentar el sentido de responsabilidad, el trabajo en equipo y el af\u00e1n de superaci\u00f3n.<\/li>\n\n\n\n<li>Facilitar la conciliaci\u00f3n de la vida laboral y familiar.<\/li>\n<\/ul>\n\n\n\n<h3 class=\"wp-block-heading\"><strong><mark style=\"background-color:rgba(0, 0, 0, 0)\" class=\"has-inline-color has-vivid-red-color\">Responsable del programa<\/mark><\/strong><\/h3>\n\n\n\n<p>La coordinadora del programa es una profesora del claustro de profesores y profesoras, que desarrollar\u00e1 las siguientes funciones:<\/p>\n\n\n\n<ul class=\"wp-block-list\">\n<li>Elaborar la programaci\u00f3n y la memoria de final de curso, que deber\u00e1n contar con el visto bueno del Director del centro.<\/li>\n<\/ul>\n\n\n\n<ul class=\"wp-block-list\">\n<li>Organizar las actividades y aplicar los criterios de selecci\u00f3n de los alumnos participantes. Para ello contar\u00e1 con la colaboraci\u00f3n de los Departamentos Did\u00e1cticos, de los tutores de grupos y del Departamento de Orientaci\u00f3n.<\/li>\n<\/ul>\n\n\n\n<ul class=\"wp-block-list\">\n<li>Realizar el seguimiento de las actividades durante el curso, controlando la asistencia de los alumnos, monitores y, en su caso, profesores.<\/li>\n<\/ul>\n\n\n\n<ul class=\"wp-block-list\">\n<li>Facilitar a las familias informaci\u00f3n sobre la participaci\u00f3n del alumnado en las actividades.<\/li>\n<\/ul>\n\n\n\n<ul class=\"wp-block-list\">\n<li>Participar en las actividades de formaci\u00f3n que desde la Administraci\u00f3n educativa se propongan.<\/li>\n<\/ul>\n\n\n\n<h3 class=\"wp-block-heading\"><strong><span class=\"has-inline-color has-vivid-red-color\">\u00bfC\u00f3mo puedes participar?<\/span><\/strong><\/h3>\n\n\n\n<p>Existen plazas limitadas. El alumnado ser\u00e1 seleccionados por el profesorado de cada uno de los grupos, a propuesta del\/a tutor\/a.<\/p>\n\n\n\n<p>En caso de existir m\u00e1s solicitudes que plazas, se habilita una lista de espera.<\/p>\n\n\n\n<figure class=\"wp-block-table aligncenter is-style-stripes\"><table><tbody><tr><td><strong><span class=\"has-inline-color has-vivid-red-color\">D\u00cdAS<\/span><\/strong><\/td><td>LUNES Y MI\u00c9RCOLES<\/td><\/tr><tr><td><strong><span class=\"has-inline-color has-vivid-red-color\">HORARIO<\/span><\/strong><\/td><td>16:25-18:15 horas<\/td><\/tr><tr><td><strong><span class=\"has-inline-color has-vivid-red-color\">ALUMNADO<\/span><\/strong><\/td><td>ESO<\/td><\/tr><\/tbody><\/table><\/figure>\n","protected":false},"excerpt":{"rendered":"<p>\u00bfQu\u00e9 es el programa REFUERZA? El programa se desarrolla a trav\u00e9s de sesiones fuera del horario lectivo (en las asignaturas de Matem\u00e1ticas y Lengua Castellana y Literatura de 1\u00ba a &#8230;<\/p>\n","protected":false},"author":4,"featured_media":5252,"parent":1921,"menu_order":0,"comment_status":"closed","ping_status":"closed","template":"","meta":{"footnotes":""},"folder":[96],"class_list":["post-1943","page","type-page","status-publish","has-post-thumbnail","hentry"],"rttpg_featured_image_url":{"full":["https:\/\/site.educa.madrid.org\/ies.calderondelabar.madrid\/\/wp-content\/uploads\/ies.calderondelabar.madrid\/2024\/01\/REFUERZA.png",200,181,false],"landscape":["https:\/\/site.educa.madrid.org\/ies.calderondelabar.madrid\/\/wp-content\/uploads\/ies.calderondelabar.madrid\/2024\/01\/REFUERZA.png",200,181,false],"portraits":["https:\/\/site.educa.madrid.org\/ies.calderondelabar.madrid\/\/wp-content\/uploads\/ies.calderondelabar.madrid\/2024\/01\/REFUERZA.png",200,181,false],"thumbnail":["https:\/\/site.educa.madrid.org\/ies.calderondelabar.madrid\/\/wp-content\/uploads\/ies.calderondelabar.madrid\/2024\/01\/REFUERZA-150x150.png",150,150,true],"medium":["https:\/\/site.educa.madrid.org\/ies.calderondelabar.madrid\/\/wp-content\/uploads\/ies.calderondelabar.madrid\/2024\/01\/REFUERZA.png",200,181,false],"large":["https:\/\/site.educa.madrid.org\/ies.calderondelabar.madrid\/\/wp-content\/uploads\/ies.calderondelabar.madrid\/2024\/01\/REFUERZA.png",200,181,false],"thumblist":["https:\/\/site.educa.madrid.org\/ies.calderondelabar.madrid\/\/wp-content\/uploads\/ies.calderondelabar.madrid\/2024\/01\/REFUERZA.png",200,181,false],"thumbrelated":["https:\/\/site.educa.madrid.org\/ies.calderondelabar.madrid\/\/wp-content\/uploads\/ies.calderondelabar.madrid\/2024\/01\/REFUERZA.png",200,181,false],"meccarouselthumb":["https:\/\/site.educa.madrid.org\/ies.calderondelabar.madrid\/\/wp-content\/uploads\/ies.calderondelabar.madrid\/2024\/01\/REFUERZA.png",200,181,false],"gridsquare":["https:\/\/site.educa.madrid.org\/ies.calderondelabar.madrid\/\/wp-content\/uploads\/ies.calderondelabar.madrid\/2024\/01\/REFUERZA.png",200,181,false],"tileview":["https:\/\/site.educa.madrid.org\/ies.calderondelabar.madrid\/\/wp-content\/uploads\/ies.calderondelabar.madrid\/2024\/01\/REFUERZA.png",200,181,false],"1536x1536":["https:\/\/site.educa.madrid.org\/ies.calderondelabar.madrid\/\/wp-content\/uploads\/ies.calderondelabar.madrid\/2024\/01\/REFUERZA.png",200,181,false],"2048x2048":["https:\/\/site.educa.madrid.org\/ies.calderondelabar.madrid\/\/wp-content\/uploads\/ies.calderondelabar.madrid\/2024\/01\/REFUERZA.png",200,181,false],"onepress-blog-small":["https:\/\/site.educa.madrid.org\/ies.calderondelabar.madrid\/\/wp-content\/uploads\/ies.calderondelabar.madrid\/2024\/01\/REFUERZA-200x150.png",200,150,true],"onepress-small":["https:\/\/site.educa.madrid.org\/ies.calderondelabar.madrid\/\/wp-content\/uploads\/ies.calderondelabar.madrid\/2024\/01\/REFUERZA.png",200,181,false],"onepress-medium":["https:\/\/site.educa.madrid.org\/ies.calderondelabar.madrid\/\/wp-content\/uploads\/ies.calderondelabar.madrid\/2024\/01\/REFUERZA.png",200,181,false],"sow-carousel-default":["https:\/\/site.educa.madrid.org\/ies.calderondelabar.madrid\/\/wp-content\/uploads\/ies.calderondelabar.madrid\/2024\/01\/REFUERZA.png",200,181,false],"sow-post-carousel-overlay-theme":["https:\/\/site.educa.madrid.org\/ies.calderondelabar.madrid\/\/wp-content\/uploads\/ies.calderondelabar.madrid\/2024\/01\/REFUERZA.png",200,181,false],"sow-post-carousel-cards-theme":["https:\/\/site.educa.madrid.org\/ies.calderondelabar.madrid\/\/wp-content\/uploads\/ies.calderondelabar.madrid\/2024\/01\/REFUERZA.png",200,181,false],"rt_custom":["https:\/\/site.educa.madrid.org\/ies.calderondelabar.madrid\/\/wp-content\/uploads\/ies.calderondelabar.madrid\/2024\/01\/REFUERZA.png",200,181,false]},"rttpg_author":{"display_name":"ENRIQUE NIETO CARRAMI\u00d1ANA","author_link":"https:\/\/site.educa.madrid.org\/ies.calderondelabar.madrid\/index.php\/author\/enrique_nieto-carramiana\/"},"rttpg_comment":0,"rttpg_category":" <a href=\"https:\/\/site.educa.madrid.org\/ies.calderondelabar.madrid\/?taxonomy=folder&#038;term=actividades-de-tarde\" rel=\"tag\">ACTIVIDADES DE TARDE<\/a>","rttpg_excerpt":"\u00bfQu\u00e9 es el programa REFUERZA? El programa se desarrolla a trav\u00e9s de sesiones fuera del horario lectivo (en las asignaturas de Matem\u00e1ticas y Lengua Castellana y Literatura de 1\u00ba a ...","post_mailing_queue_ids":[],"_links":{"self":[{"href":"https:\/\/site.educa.madrid.org\/ies.calderondelabar.madrid\/index.php\/wp-json\/wp\/v2\/pages\/1943","targetHints":{"allow":["GET"]}}],"collection":[{"href":"https:\/\/site.educa.madrid.org\/ies.calderondelabar.madrid\/index.php\/wp-json\/wp\/v2\/pages"}],"about":[{"href":"https:\/\/site.educa.madrid.org\/ies.calderondelabar.madrid\/index.php\/wp-json\/wp\/v2\/types\/page"}],"author":[{"embeddable":true,"href":"https:\/\/site.educa.madrid.org\/ies.calderondelabar.madrid\/index.php\/wp-json\/wp\/v2\/users\/4"}],"replies":[{"embeddable":true,"href":"https:\/\/site.educa.madrid.org\/ies.calderondelabar.madrid\/index.php\/wp-json\/wp\/v2\/comments?post=1943"}],"version-history":[{"count":5,"href":"https:\/\/site.educa.madrid.org\/ies.calderondelabar.madrid\/index.php\/wp-json\/wp\/v2\/pages\/1943\/revisions"}],"predecessor-version":[{"id":5268,"href":"https:\/\/site.educa.madrid.org\/ies.calderondelabar.madrid\/index.php\/wp-json\/wp\/v2\/pages\/1943\/revisions\/5268"}],"up":[{"embeddable":true,"href":"https:\/\/site.educa.madrid.org\/ies.calderondelabar.madrid\/index.php\/wp-json\/wp\/v2\/pages\/1921"}],"wp:featuredmedia":[{"embeddable":true,"href":"https:\/\/site.educa.madrid.org\/ies.calderondelabar.madrid\/index.php\/wp-json\/wp\/v2\/media\/5252"}],"wp:attachment":[{"href":"https:\/\/site.educa.madrid.org\/ies.calderondelabar.madrid\/index.php\/wp-json\/wp\/v2\/media?parent=1943"}],"wp:term":[{"taxonomy":"folder","embeddable":true,"href":"https:\/\/site.educa.madrid.org\/ies.calderondelabar.madrid\/index.php\/wp-json\/wp\/v2\/folder?post=1943"}],"curies":[{"name":"wp","href":"https:\/\/api.w.org\/{rel}","templated":true}]}}