{"id":1962,"date":"2022-02-01T14:48:33","date_gmt":"2022-02-01T13:48:33","guid":{"rendered":"https:\/\/site.educa.madrid.org\/ies.calderondelabar.madrid\/?page_id=1962"},"modified":"2024-01-12T20:07:47","modified_gmt":"2024-01-12T19:07:47","slug":"actividades-de-conciliacion-familiar-y-socializacion","status":"publish","type":"page","link":"https:\/\/site.educa.madrid.org\/ies.calderondelabar.madrid\/index.php\/ensenanzas\/actividades-de-tarde\/actividades-de-conciliacion-familiar-y-socializacion\/","title":{"rendered":"Actividades de conciliaci\u00f3n familiar, deporte y socializaci\u00f3n"},"content":{"rendered":"<p style=\"text-align: center;\"><img loading=\"lazy\" decoding=\"async\" class=\"alignnone size-medium wp-image-1963\" src=\"https:\/\/site.educa.madrid.org\/ies.calderondelabar.madrid\/\/wp-content\/uploads\/ies.calderondelabar.madrid\/2022\/02\/243441707_2005144936313909_742245156585364786_n-300x225.jpg\" alt=\"\" width=\"300\" height=\"225\" srcset=\"https:\/\/site.educa.madrid.org\/ies.calderondelabar.madrid\/\/wp-content\/uploads\/ies.calderondelabar.madrid\/2022\/02\/243441707_2005144936313909_742245156585364786_n-300x225.jpg 300w, https:\/\/site.educa.madrid.org\/ies.calderondelabar.madrid\/\/wp-content\/uploads\/ies.calderondelabar.madrid\/2022\/02\/243441707_2005144936313909_742245156585364786_n-768x576.jpg 768w, https:\/\/site.educa.madrid.org\/ies.calderondelabar.madrid\/\/wp-content\/uploads\/ies.calderondelabar.madrid\/2022\/02\/243441707_2005144936313909_742245156585364786_n.jpg 1024w\" sizes=\"auto, (max-width: 300px) 100vw, 300px\" \/><\/p>\n<h2><span style=\"color: #ff0000;\"><strong>TALLER DE BALONCESTO Y DE BAILE<\/strong><\/span><\/h2>\n<p>A trav\u00e9s del Plan de conciliaci\u00f3n de la Junta Municipal de Carabanchel, podemos proporcionar 4 horas de actividades que, en nuestro caso, son las siguientes:<\/p>\n\n\n<figure class=\"wp-block-table aligncenter is-style-stripes\"><table><tbody><tr><td><strong><span class=\"has-inline-color has-vivid-red-color\">D\u00cdAS<\/span><\/strong><\/td><td>MARTES Y JUEVES<\/td><\/tr><tr><td><strong><span class=\"has-inline-color has-vivid-red-color\">HORARIO<\/span><\/strong><\/td><td>BAILE: 16:30-17:30 horas<br>BALONCESTO: 17:15-18:15 horas<\/td><\/tr><tr><td><strong><span class=\"has-inline-color has-vivid-red-color\">ALUMNADO<\/span><\/strong><\/td><td>ESO y Bachillerato<\/td><\/tr><\/tbody><\/table><\/figure>\n\n\n\n<p style=\"font-size:31px\"><strong><span style=\"color:#00d179\" class=\"has-inline-color\">CENTRO ABIERTO<\/span><\/strong><\/p>\n\n\n\n<p>Desarrollado por el Centro de Servicios Sociales de Carabanchel, este programa lleva cuatro cursos con nosotros. Se lleva a cabo durante todo el curso, de lunes a viernes y de 16:00 a 19:30h. En el recurso participan veinte alumnos, no s\u00f3lo de nuestro instituto.<\/p>\n\n\n\n<p>Este programa va dirigido a alumnado en situaci\u00f3n de desventaja socio-familiar, la mayor\u00eda con intervenci\u00f3n desde el propio Centro de Servicios Sociales de Carabanchel. Nuestra trabajadora social se encarga de coordinar este programa, es decir, todo lo referente a: derivaci\u00f3n de alumnos, autorizaciones, coordinaci\u00f3n con monitores, coordinaci\u00f3n con la responsable de servicios sociales.<\/p>\n\n\n\n<figure class=\"wp-block-table aligncenter is-style-stripes\"><table><tbody><tr><td><strong><span class=\"has-inline-color has-vivid-red-color\">D\u00cdAS<\/span><\/strong><\/td><td>DE LUNES A VIERNES<\/td><\/tr><tr><td><strong><span class=\"has-inline-color has-vivid-red-color\">HORARIO<\/span><\/strong><\/td><td>16:00-19:30 horas<\/td><\/tr><tr><td><strong><span class=\"has-inline-color has-vivid-red-color\">ALUMNADO<\/span><\/strong><\/td><td>ESO<\/td><\/tr><\/tbody><\/table><\/figure>\n\n\n\n<p><\/p>\n","protected":false},"excerpt":{"rendered":"<p>TALLER DE BALONCESTO Y DE BAILE A trav\u00e9s del Plan de conciliaci\u00f3n de la Junta Municipal de Carabanchel, podemos proporcionar 4 horas de actividades que, en nuestro caso, son las &#8230;<\/p>\n","protected":false},"author":4,"featured_media":0,"parent":1921,"menu_order":0,"comment_status":"closed","ping_status":"closed","template":"","meta":{"footnotes":""},"folder":[],"class_list":["post-1962","page","type-page","status-publish","hentry"],"rttpg_featured_image_url":null,"rttpg_author":{"display_name":"ENRIQUE NIETO CARRAMI\u00d1ANA","author_link":"https:\/\/site.educa.madrid.org\/ies.calderondelabar.madrid\/index.php\/author\/enrique_nieto-carramiana\/"},"rttpg_comment":0,"rttpg_category":false,"rttpg_excerpt":"TALLER DE BALONCESTO Y DE BAILE A trav\u00e9s del Plan de conciliaci\u00f3n de la Junta Municipal de Carabanchel, podemos proporcionar 4 horas de actividades que, en nuestro caso, son las ...","post_mailing_queue_ids":[],"_links":{"self":[{"href":"https:\/\/site.educa.madrid.org\/ies.calderondelabar.madrid\/index.php\/wp-json\/wp\/v2\/pages\/1962","targetHints":{"allow":["GET"]}}],"collection":[{"href":"https:\/\/site.educa.madrid.org\/ies.calderondelabar.madrid\/index.php\/wp-json\/wp\/v2\/pages"}],"about":[{"href":"https:\/\/site.educa.madrid.org\/ies.calderondelabar.madrid\/index.php\/wp-json\/wp\/v2\/types\/page"}],"author":[{"embeddable":true,"href":"https:\/\/site.educa.madrid.org\/ies.calderondelabar.madrid\/index.php\/wp-json\/wp\/v2\/users\/4"}],"replies":[{"embeddable":true,"href":"https:\/\/site.educa.madrid.org\/ies.calderondelabar.madrid\/index.php\/wp-json\/wp\/v2\/comments?post=1962"}],"version-history":[{"count":6,"href":"https:\/\/site.educa.madrid.org\/ies.calderondelabar.madrid\/index.php\/wp-json\/wp\/v2\/pages\/1962\/revisions"}],"predecessor-version":[{"id":5249,"href":"https:\/\/site.educa.madrid.org\/ies.calderondelabar.madrid\/index.php\/wp-json\/wp\/v2\/pages\/1962\/revisions\/5249"}],"up":[{"embeddable":true,"href":"https:\/\/site.educa.madrid.org\/ies.calderondelabar.madrid\/index.php\/wp-json\/wp\/v2\/pages\/1921"}],"wp:attachment":[{"href":"https:\/\/site.educa.madrid.org\/ies.calderondelabar.madrid\/index.php\/wp-json\/wp\/v2\/media?parent=1962"}],"wp:term":[{"taxonomy":"folder","embeddable":true,"href":"https:\/\/site.educa.madrid.org\/ies.calderondelabar.madrid\/index.php\/wp-json\/wp\/v2\/folder?post=1962"}],"curies":[{"name":"wp","href":"https:\/\/api.w.org\/{rel}","templated":true}]}}