{"id":2704,"date":"2022-04-29T11:06:47","date_gmt":"2022-04-29T09:06:47","guid":{"rendered":"https:\/\/site.educa.madrid.org\/ies.calderondelabar.madrid\/?page_id=2704"},"modified":"2024-01-30T20:40:59","modified_gmt":"2024-01-30T19:40:59","slug":"proyecto-stem","status":"publish","type":"page","link":"https:\/\/site.educa.madrid.org\/ies.calderondelabar.madrid\/index.php\/proyecto-stem\/","title":{"rendered":"XV SEMANA DE LA CIENCIA"},"content":{"rendered":"\n<figure class=\"wp-block-pullquote has-vivid-cyan-blue-color has-text-color has-large-font-size\"><blockquote><p><strong>XV SEMANA DE LA CIENCIA<\/strong><\/p><cite><strong>PROYECTO STEM 2022-2023<\/strong><br><img loading=\"lazy\" decoding=\"async\" width=\"300\" height=\"424\" class=\"wp-image-5674\" style=\"width: 300px;\" src=\"https:\/\/site.educa.madrid.org\/ies.calderondelabar.madrid\/\/wp-content\/uploads\/ies.calderondelabar.madrid\/2024\/01\/XV-SEMANA-DE-LA-CIENCIA-cartel-2023_page-0001-scaled.jpg\" alt=\"\" srcset=\"https:\/\/site.educa.madrid.org\/ies.calderondelabar.madrid\/\/wp-content\/uploads\/ies.calderondelabar.madrid\/2024\/01\/XV-SEMANA-DE-LA-CIENCIA-cartel-2023_page-0001-scaled.jpg 1810w, https:\/\/site.educa.madrid.org\/ies.calderondelabar.madrid\/\/wp-content\/uploads\/ies.calderondelabar.madrid\/2024\/01\/XV-SEMANA-DE-LA-CIENCIA-cartel-2023_page-0001-212x300.jpg 212w, https:\/\/site.educa.madrid.org\/ies.calderondelabar.madrid\/\/wp-content\/uploads\/ies.calderondelabar.madrid\/2024\/01\/XV-SEMANA-DE-LA-CIENCIA-cartel-2023_page-0001-724x1024.jpg 724w, https:\/\/site.educa.madrid.org\/ies.calderondelabar.madrid\/\/wp-content\/uploads\/ies.calderondelabar.madrid\/2024\/01\/XV-SEMANA-DE-LA-CIENCIA-cartel-2023_page-0001-768x1086.jpg 768w, https:\/\/site.educa.madrid.org\/ies.calderondelabar.madrid\/\/wp-content\/uploads\/ies.calderondelabar.madrid\/2024\/01\/XV-SEMANA-DE-LA-CIENCIA-cartel-2023_page-0001-1086x1536.jpg 1086w, https:\/\/site.educa.madrid.org\/ies.calderondelabar.madrid\/\/wp-content\/uploads\/ies.calderondelabar.madrid\/2024\/01\/XV-SEMANA-DE-LA-CIENCIA-cartel-2023_page-0001-1448x2048.jpg 1448w\" sizes=\"auto, (max-width: 300px) 100vw, 300px\" \/><\/cite><\/blockquote><\/figure>\n\n\n\n<p class=\"has-drop-cap has-vivid-cyan-blue-color has-text-color\">Hemos inaugurado nuestra tradicional Semana de la Ciencia, que llega a su edici\u00f3n n\u00famero quince, quince a\u00f1os aprendiendo Ciencia y Tecnolog\u00eda de forma m\u00e1s amena y divertida.<\/p>\n\n\n\n<p><\/p>\n\n\n\n<div class=\"wp-block-media-text alignwide is-stacked-on-mobile is-image-fill\" style=\"grid-template-columns:39% auto\"><figure class=\"wp-block-media-text__media\" style=\"background-image:url(https:\/\/site.educa.madrid.org\/ies.calderondelabar.madrid\/\/wp-content\/uploads\/ies.calderondelabar.madrid\/2023\/03\/PHOTO-2023-03-24-13-37-16.jpg);background-position:41% 53%\"><img loading=\"lazy\" decoding=\"async\" width=\"1024\" height=\"768\" src=\"https:\/\/site.educa.madrid.org\/ies.calderondelabar.madrid\/\/wp-content\/uploads\/ies.calderondelabar.madrid\/2023\/03\/PHOTO-2023-03-24-13-37-16.jpg\" alt=\"\" class=\"wp-image-4415 size-full\" srcset=\"https:\/\/site.educa.madrid.org\/ies.calderondelabar.madrid\/\/wp-content\/uploads\/ies.calderondelabar.madrid\/2023\/03\/PHOTO-2023-03-24-13-37-16.jpg 1024w, https:\/\/site.educa.madrid.org\/ies.calderondelabar.madrid\/\/wp-content\/uploads\/ies.calderondelabar.madrid\/2023\/03\/PHOTO-2023-03-24-13-37-16-300x225.jpg 300w, https:\/\/site.educa.madrid.org\/ies.calderondelabar.madrid\/\/wp-content\/uploads\/ies.calderondelabar.madrid\/2023\/03\/PHOTO-2023-03-24-13-37-16-768x576.jpg 768w\" sizes=\"auto, (max-width: 1024px) 100vw, 1024px\" \/><\/figure><div class=\"wp-block-media-text__content\">\n<p>En nuestra segunda jornada de la XV SEMANA DE LA CIENCIA Y LA TECNOLOG\u00cdA hemos tenido un estupendo taller:&nbsp;<em>Taller dise\u00f1o de nuevos alimentos e impresi\u00f3n 3D<\/em>&nbsp;con la profesora M\u00aa Carmen Gonz\u00e1lez Chamorro de la Escuela T\u00e9cnica de Ingenier\u00eda Agron\u00f3mica de la Universidad Polit\u00e9cnica de Madrid.<\/p>\n\n\n\n<p>Adem\u00e1s hemos podido disfrutar de la ponencia \u00bfPor qu\u00e9 vamos a la Ant\u00e1rtida? impartida por D. Javier Cacho, f\u00edsico, escritor y ex jefe de la Base Espa\u00f1ola Ant\u00e1rtida. Ha sido una ponencia muy interesante.<\/p>\n<\/div><\/div>\n\n\n\n<p><\/p>\n\n\n\n<div class=\"wp-block-columns is-layout-flex wp-container-core-columns-is-layout-9d6595d7 wp-block-columns-is-layout-flex\">\n<div class=\"wp-block-column is-layout-flow wp-block-column-is-layout-flow\">\n<div class=\"wp-block-cover has-custom-content-position is-position-top-center\"><span aria-hidden=\"true\" class=\"wp-block-cover__background has-background-dim\"><\/span><img loading=\"lazy\" decoding=\"async\" width=\"768\" height=\"1024\" class=\"wp-block-cover__image-background wp-image-4411\" alt=\"\" src=\"https:\/\/site.educa.madrid.org\/ies.calderondelabar.madrid\/\/wp-content\/uploads\/ies.calderondelabar.madrid\/2023\/03\/PHOTO-2023-03-22-17-45-37.jpg\" data-object-fit=\"cover\" srcset=\"https:\/\/site.educa.madrid.org\/ies.calderondelabar.madrid\/\/wp-content\/uploads\/ies.calderondelabar.madrid\/2023\/03\/PHOTO-2023-03-22-17-45-37.jpg 768w, https:\/\/site.educa.madrid.org\/ies.calderondelabar.madrid\/\/wp-content\/uploads\/ies.calderondelabar.madrid\/2023\/03\/PHOTO-2023-03-22-17-45-37-225x300.jpg 225w, https:\/\/site.educa.madrid.org\/ies.calderondelabar.madrid\/\/wp-content\/uploads\/ies.calderondelabar.madrid\/2023\/03\/PHOTO-2023-03-22-17-45-37-300x400.jpg 300w\" sizes=\"auto, (max-width: 768px) 100vw, 768px\" \/><div class=\"wp-block-cover__inner-container is-layout-flow wp-block-cover-is-layout-flow\">\n<p class=\"has-text-align-center has-large-font-size\">TERCERA JORNADA<\/p>\n<\/div><\/div>\n\n\n\n<p class=\"has-text-align-center\"><strong><mark style=\"background-color:rgba(0, 0, 0, 0)\" class=\"has-inline-color has-vivid-cyan-blue-color\">PONENCIAS<\/mark><\/strong><\/p>\n\n\n\n<p class=\"has-text-align-center has-black-color has-text-color has-small-font-size\">Ponencias<em>Estad\u00edsticas del INE al servicio de todos<\/em>, impartaida por D. Adolfo G\u00e1lvez, Subdirector General Difusi\u00f3n y Comunicaci\u00f3n del INE.  Hemos aprendido c\u00f3mo el INE estudia y valora aspectos de nuestra vida cotidiana. <\/p>\n\n\n\n<p class=\"has-text-align-center has-black-color has-text-color has-small-font-size\"><em>Las profesiones del futuro..qui\u00e9n sabe, <\/em>impartida por D. David Calle, Ingeniero de Telecomunicaci\u00f3n, fundador UNICOOS CANAL YOUTUBE, y finalista GLOBAL TEACHER PRIZE 2017.<\/p>\n<\/div>\n\n\n\n<div class=\"wp-block-column is-layout-flow wp-block-column-is-layout-flow\">\n<div class=\"wp-block-cover is-light has-custom-content-position is-position-top-center\"><span aria-hidden=\"true\" class=\"wp-block-cover__background has-background-dim\"><\/span><img loading=\"lazy\" decoding=\"async\" width=\"1024\" height=\"768\" class=\"wp-block-cover__image-background wp-image-4414\" alt=\"\" src=\"https:\/\/site.educa.madrid.org\/ies.calderondelabar.madrid\/\/wp-content\/uploads\/ies.calderondelabar.madrid\/2023\/03\/PHOTO-2023-03-23-20-25-52.jpg\" data-object-fit=\"cover\" srcset=\"https:\/\/site.educa.madrid.org\/ies.calderondelabar.madrid\/\/wp-content\/uploads\/ies.calderondelabar.madrid\/2023\/03\/PHOTO-2023-03-23-20-25-52.jpg 1024w, https:\/\/site.educa.madrid.org\/ies.calderondelabar.madrid\/\/wp-content\/uploads\/ies.calderondelabar.madrid\/2023\/03\/PHOTO-2023-03-23-20-25-52-300x225.jpg 300w, https:\/\/site.educa.madrid.org\/ies.calderondelabar.madrid\/\/wp-content\/uploads\/ies.calderondelabar.madrid\/2023\/03\/PHOTO-2023-03-23-20-25-52-768x576.jpg 768w\" sizes=\"auto, (max-width: 1024px) 100vw, 1024px\" \/><div class=\"wp-block-cover__inner-container is-layout-flow wp-block-cover-is-layout-flow\">\n<p class=\"has-text-align-center has-large-font-size\"><mark style=\"background-color:rgba(0, 0, 0, 0)\" class=\"has-inline-color has-white-color\">CUARTA JORNADA<\/mark><\/p>\n<\/div><\/div>\n\n\n\n<p class=\"has-text-align-center\"><strong><mark style=\"background-color:rgba(0, 0, 0, 0)\" class=\"has-inline-color has-vivid-cyan-blue-color\">XV EDICI\u00d3N MOVIES 2023<\/mark><\/strong><\/p>\n\n\n\n<p class=\"has-text-align-center has-black-color has-text-color\">Muestra de v\u00eddeos escolares de la Comunidad de Madrid. Nuestros cortos de 1\u00baR Bachillerato y 4\u00baB de ESO han resultado seleccionados para el Certamen Muvies.<\/p>\n\n\n\n<p class=\"has-text-align-center has-black-color has-text-color\">Mesa redonda con antiguos alumnos del IES CALDER\u00d3N DE LA BARCA. Hemos podido escucha los testimonios de antiguos alumnos que nos han contado c\u00f3mo son sus carreras y sus profesiones relacionadas con la Ciencia y la Ingenier\u00eda.<\/p>\n<\/div>\n\n\n\n<div class=\"wp-block-column is-layout-flow wp-block-column-is-layout-flow\">\n<div class=\"wp-block-cover has-custom-content-position is-position-top-center\"><span aria-hidden=\"true\" class=\"wp-block-cover__background has-background-dim\"><\/span><img loading=\"lazy\" decoding=\"async\" width=\"1024\" height=\"768\" class=\"wp-block-cover__image-background wp-image-4415\" alt=\"\" src=\"https:\/\/site.educa.madrid.org\/ies.calderondelabar.madrid\/\/wp-content\/uploads\/ies.calderondelabar.madrid\/2023\/03\/PHOTO-2023-03-24-13-37-16.jpg\" data-object-fit=\"cover\" srcset=\"https:\/\/site.educa.madrid.org\/ies.calderondelabar.madrid\/\/wp-content\/uploads\/ies.calderondelabar.madrid\/2023\/03\/PHOTO-2023-03-24-13-37-16.jpg 1024w, https:\/\/site.educa.madrid.org\/ies.calderondelabar.madrid\/\/wp-content\/uploads\/ies.calderondelabar.madrid\/2023\/03\/PHOTO-2023-03-24-13-37-16-300x225.jpg 300w, https:\/\/site.educa.madrid.org\/ies.calderondelabar.madrid\/\/wp-content\/uploads\/ies.calderondelabar.madrid\/2023\/03\/PHOTO-2023-03-24-13-37-16-768x576.jpg 768w\" sizes=\"auto, (max-width: 1024px) 100vw, 1024px\" \/><div class=\"wp-block-cover__inner-container is-layout-flow wp-block-cover-is-layout-flow\">\n<p class=\"has-text-align-center has-large-font-size\">QUINTA JORNADA<\/p>\n<\/div><\/div>\n\n\n\n<p class=\"has-text-align-center\"><strong><mark style=\"background-color:rgba(0, 0, 0, 0)\" class=\"has-inline-color has-vivid-cyan-blue-color\">CLAUSURA<\/mark><\/strong><\/p>\n\n\n\n<p class=\"has-text-align-center has-black-color has-text-color\">Hemos realizado una clausura muy especial con ponentes de la talla de Do\u00f1a Sara G\u00f3mez, Directora de Proyecto Mujer e Ingenier\u00eda, Do\u00f1a Gregoria Casares Andr\u00e9s, Jefa de Unidad T\u00e9cnica de Sistemas de informaci\u00f3n de la Subdirecci\u00f3n General de Programas de Innovaci\u00f3n y Formaci\u00f3n del Profesorado, y D. Jes\u00fas Mat\u00ednez Fr\u00edas, Investigador Cient\u00edfico IGEO (CSIC-UCM), experto en meteoritos, geolog\u00eda planetaria y astrobiolog\u00eda. <\/p>\n<\/div>\n<\/div>\n\n\n\n<div data-wp-interactive=\"core\/file\" class=\"wp-block-file\"><object data-wp-bind--hidden=\"!state.hasPdfPreview\" hidden class=\"wp-block-file__embed\" data=\"https:\/\/site.educa.madrid.org\/ies.calderondelabar.madrid\/\/wp-content\/uploads\/ies.calderondelabar.madrid\/2024\/01\/HORARIO-PLANIFICACION-GENERAL-SEMANA-CIENCIA-TECNOLOGIA-2023-B-1.pdf\" type=\"application\/pdf\" style=\"width:100%;height:600px\" aria-label=\"Incrustado de HORARIO-PLANIFICACION-GENERAL-SEMANA-CIENCIA-TECNOLOGIA-2023-B-1.\"><\/object><a id=\"wp-block-file--media-d3a62c60-8457-4028-91b7-1607b80ead70\" href=\"https:\/\/site.educa.madrid.org\/ies.calderondelabar.madrid\/\/wp-content\/uploads\/ies.calderondelabar.madrid\/2024\/01\/HORARIO-PLANIFICACION-GENERAL-SEMANA-CIENCIA-TECNOLOGIA-2023-B-1.pdf\">HORARIO-PLANIFICACION-GENERAL-SEMANA-CIENCIA-TECNOLOGIA-2023-B-1<\/a><a href=\"https:\/\/site.educa.madrid.org\/ies.calderondelabar.madrid\/\/wp-content\/uploads\/ies.calderondelabar.madrid\/2024\/01\/HORARIO-PLANIFICACION-GENERAL-SEMANA-CIENCIA-TECNOLOGIA-2023-B-1.pdf\" class=\"wp-block-file__button wp-element-button\" download aria-describedby=\"wp-block-file--media-d3a62c60-8457-4028-91b7-1607b80ead70\">Descarga<\/a><\/div>\n","protected":false},"excerpt":{"rendered":"<p>XV SEMANA DE LA CIENCIA PROYECTO STEM 2022-2023 Hemos inaugurado nuestra tradicional Semana de la Ciencia, que llega a su edici\u00f3n n\u00famero quince, quince a\u00f1os aprendiendo Ciencia y Tecnolog\u00eda de &#8230;<\/p>\n","protected":false},"author":2,"featured_media":0,"parent":0,"menu_order":0,"comment_status":"closed","ping_status":"closed","template":"","meta":{"footnotes":""},"folder":[],"class_list":["post-2704","page","type-page","status-publish","hentry"],"rttpg_featured_image_url":null,"rttpg_author":{"display_name":"tic.ies.calderondelabar.madrid","author_link":"https:\/\/site.educa.madrid.org\/ies.calderondelabar.madrid\/index.php\/author\/cuenta_tic-ies-calderondelabar-madrid\/"},"rttpg_comment":0,"rttpg_category":false,"rttpg_excerpt":"XV SEMANA DE LA CIENCIA PROYECTO STEM 2022-2023 Hemos inaugurado nuestra tradicional Semana de la Ciencia, que llega a su edici\u00f3n n\u00famero quince, quince a\u00f1os aprendiendo Ciencia y Tecnolog\u00eda de ...","post_mailing_queue_ids":[],"_links":{"self":[{"href":"https:\/\/site.educa.madrid.org\/ies.calderondelabar.madrid\/index.php\/wp-json\/wp\/v2\/pages\/2704","targetHints":{"allow":["GET"]}}],"collection":[{"href":"https:\/\/site.educa.madrid.org\/ies.calderondelabar.madrid\/index.php\/wp-json\/wp\/v2\/pages"}],"about":[{"href":"https:\/\/site.educa.madrid.org\/ies.calderondelabar.madrid\/index.php\/wp-json\/wp\/v2\/types\/page"}],"author":[{"embeddable":true,"href":"https:\/\/site.educa.madrid.org\/ies.calderondelabar.madrid\/index.php\/wp-json\/wp\/v2\/users\/2"}],"replies":[{"embeddable":true,"href":"https:\/\/site.educa.madrid.org\/ies.calderondelabar.madrid\/index.php\/wp-json\/wp\/v2\/comments?post=2704"}],"version-history":[{"count":5,"href":"https:\/\/site.educa.madrid.org\/ies.calderondelabar.madrid\/index.php\/wp-json\/wp\/v2\/pages\/2704\/revisions"}],"predecessor-version":[{"id":5678,"href":"https:\/\/site.educa.madrid.org\/ies.calderondelabar.madrid\/index.php\/wp-json\/wp\/v2\/pages\/2704\/revisions\/5678"}],"wp:attachment":[{"href":"https:\/\/site.educa.madrid.org\/ies.calderondelabar.madrid\/index.php\/wp-json\/wp\/v2\/media?parent=2704"}],"wp:term":[{"taxonomy":"folder","embeddable":true,"href":"https:\/\/site.educa.madrid.org\/ies.calderondelabar.madrid\/index.php\/wp-json\/wp\/v2\/folder?post=2704"}],"curies":[{"name":"wp","href":"https:\/\/api.w.org\/{rel}","templated":true}]}}