{"id":379,"date":"2021-02-21T10:59:13","date_gmt":"2021-02-21T10:59:13","guid":{"rendered":"https:\/\/site.educa.madrid.org\/ies.calderondelabar.madrid\/?page_id=379"},"modified":"2024-02-01T17:06:56","modified_gmt":"2024-02-01T16:06:56","slug":"proceso-de-matriculacion","status":"publish","type":"page","link":"https:\/\/site.educa.madrid.org\/ies.calderondelabar.madrid\/index.php\/organos\/secretaria\/que-es-calderon-movil\/proceso-de-matriculacion\/","title":{"rendered":"Proceso de matriculaci\u00f3n"},"content":{"rendered":"\n<figure class=\"wp-block-image size-large is-resized\"><img loading=\"lazy\" decoding=\"async\" src=\"https:\/\/site.educa.madrid.org\/ies.calderondelabar.madrid\/\/wp-content\/uploads\/ies.calderondelabar.madrid\/2022\/06\/IMG-20220620-WA0008-1024x710.jpg\" alt=\"\" class=\"wp-image-3275\" width=\"642\" height=\"445\" srcset=\"https:\/\/site.educa.madrid.org\/ies.calderondelabar.madrid\/\/wp-content\/uploads\/ies.calderondelabar.madrid\/2022\/06\/IMG-20220620-WA0008-1024x710.jpg 1024w, https:\/\/site.educa.madrid.org\/ies.calderondelabar.madrid\/\/wp-content\/uploads\/ies.calderondelabar.madrid\/2022\/06\/IMG-20220620-WA0008-300x208.jpg 300w, https:\/\/site.educa.madrid.org\/ies.calderondelabar.madrid\/\/wp-content\/uploads\/ies.calderondelabar.madrid\/2022\/06\/IMG-20220620-WA0008-768x533.jpg 768w, https:\/\/site.educa.madrid.org\/ies.calderondelabar.madrid\/\/wp-content\/uploads\/ies.calderondelabar.madrid\/2022\/06\/IMG-20220620-WA0008-1536x1066.jpg 1536w, https:\/\/site.educa.madrid.org\/ies.calderondelabar.madrid\/\/wp-content\/uploads\/ies.calderondelabar.madrid\/2022\/06\/IMG-20220620-WA0008.jpg 1600w\" sizes=\"auto, (max-width: 642px) 100vw, 642px\" \/><\/figure>\n\n\n\n<p> <\/p>\n\n\n\n<p><strong>ALUMNADO DEL CENTRO<\/strong><\/p>\n\n\n\n<p class=\"has-medium-font-size\">Tenemos dos maneras de matriculaci\u00f3n:<\/p>\n\n\n\n<p class=\"has-medium-font-size\">1.- En la Secretar\u00eda del instituto, en horario de ma\u00f1ana (10-13 horas).<\/p>\n\n\n\n<p class=\"has-medium-font-size\">2.- A trav\u00e9s de correo electr\u00f3nico en la siguiente direcci\u00f3n:<\/p>\n\n\n\n<p class=\"has-text-align-center has-vivid-red-color has-text-color has-medium-font-size\">secretaria.ies.calderondelabar.madrid@educa.madrid.org<\/p>\n\n\n\n<p class=\"has-medium-font-size\">Cualquiera que sea la forma elegida, hay que entregar la siguiente documentaci\u00f3n:<\/p>\n\n\n\n<p class=\"has-medium-font-size\">1. Si no lo han entregado todav\u00eda firmado a su tutor\/a: Impreso de solicitud de matr\u00edcula (se puede descargar aqu\u00ed, est\u00e1n disponibles debajo, eligiendo el curso).<\/p>\n\n\n\n<p class=\"has-medium-font-size\">2. Resguardo de pago de seguro escolar (solo a partir de 3\u00ba ESO. 1,12 euros)<\/p>\n\n\n\n<p class=\"has-medium-font-size\">3. Resguardo de pago de agenda escolar. (3,5 euros, todo el alumnado)<\/p>\n\n\n\n<p class=\"has-text-align-center has-medium-font-size\"><strong>En la p\u00e1gina web de nuestro centro se publicar\u00e1 con suficiente antelaci\u00f3n el plazo para realizar la matr\u00edcula en cualquiera de las ense\u00f1anzas que ofrece nuestro centro.<\/strong><\/p>\n\n\n\n<p><strong>ALUMNADO NUEVO<\/strong><\/p>\n\n\n\n<p>PAGOS Y DOCUMENTACI\u00d3N A ENTREGAR:<\/p>\n\n\n\n<ul class=\"wp-block-list\">\n<li>Solicitud cumplimentada y firmada por ambos padres (en  caso de faltar alguna firma, entregar preferentemente documentaci\u00f3n que lo justifique, o bien, la Declaraci\u00f3n Responsable (cumplimentada y firmada) que deber\u00e1 solicitar en Secretar\u00eda o en la Conserjer\u00eda del centro.<\/li>\n\n\n\n<li>Certificado de traslado e informe final de traslado (1\u00ba ESO) y certificado de notas (para el resto de cursos.<\/li>\n\n\n\n<li>Justificante del pago de la Agenda Escolar (3,5 euros). Deber\u00e1 realizar el pago en al cuenta del Banco Santander: ES74 0049 3547 56 1010021960<\/li>\n\n\n\n<li>1 fotograf\u00eda.<\/li>\n\n\n\n<li>DNI\/NIE\/Pasaporte del alumno\/a y de los padres.<\/li>\n<\/ul>\n\n\n\n<p>IMPRESOS DE SOLICITUD DE MATR\u00cdCULA (ELEGIR EL CURSO DEL PR\u00d3XIMO A\u00d1O 24-25)<\/p>\n\n\n\n<p class=\"has-text-align-center has-vivid-red-color has-text-color\"><strong>Los impresos estar\u00e1n disponibles a partir del mes de mayo.<\/strong><\/p>\n\n\n\n<p class=\"has-text-align-center has-medium-font-size\">1\u00ba ESO<\/p>\n\n\n\n<p class=\"has-text-align-center has-medium-font-size\">1\u00ba PMAR<\/p>\n\n\n\n<p class=\"has-text-align-center has-medium-font-size\">2\u00ba ESO<\/p>\n\n\n\n<p class=\"has-text-align-center has-medium-font-size\">1\u00ba Programa de Diversificaci\u00f3n Curricular<\/p>\n\n\n\n<p class=\"has-text-align-center has-medium-font-size\">2\u00ba Programa de Diversificaci\u00f3n Curricular<\/p>\n\n\n\n<p class=\"has-text-align-center has-medium-font-size\">3\u00ba ESO<\/p>\n\n\n\n<p class=\"has-text-align-center has-medium-font-size\">4\u00ba ESO<\/p>\n\n\n\n<p class=\"has-text-align-center has-medium-font-size\">1\u00ba Bachillerato<\/p>\n\n\n\n<p class=\"has-text-align-center has-medium-font-size\">1\u00ba Bachillerato (Bachillerato a distancia)<\/p>\n\n\n\n<p class=\"has-text-align-center has-medium-font-size\">2\u00ba Bachillerato<\/p>\n\n\n\n<p class=\"has-text-align-center has-medium-font-size\">2\u00ba Bachillerato (Bachillerato a distancia)<\/p>\n\n\n\n<p><\/p>\n","protected":false},"excerpt":{"rendered":"<p>ALUMNADO DEL CENTRO Tenemos dos maneras de matriculaci\u00f3n: 1.- En la Secretar\u00eda del instituto, en horario de ma\u00f1ana (10-13 horas). 2.- A trav\u00e9s de correo electr\u00f3nico en la siguiente direcci\u00f3n: &#8230;<\/p>\n","protected":false},"author":3,"featured_media":0,"parent":393,"menu_order":0,"comment_status":"closed","ping_status":"closed","template":"","meta":{"footnotes":""},"folder":[],"class_list":["post-379","page","type-page","status-publish","hentry"],"rttpg_featured_image_url":null,"rttpg_author":{"display_name":"ies.calderondelabar.madrid","author_link":"https:\/\/site.educa.madrid.org\/ies.calderondelabar.madrid\/index.php\/author\/cuenta_ies-calderondelabar-madrid\/"},"rttpg_comment":0,"rttpg_category":false,"rttpg_excerpt":"ALUMNADO DEL CENTRO Tenemos dos maneras de matriculaci\u00f3n: 1.- En la Secretar\u00eda del instituto, en horario de ma\u00f1ana (10-13 horas). 2.- A trav\u00e9s de correo electr\u00f3nico en la siguiente direcci\u00f3n: ...","post_mailing_queue_ids":[],"_links":{"self":[{"href":"https:\/\/site.educa.madrid.org\/ies.calderondelabar.madrid\/index.php\/wp-json\/wp\/v2\/pages\/379","targetHints":{"allow":["GET"]}}],"collection":[{"href":"https:\/\/site.educa.madrid.org\/ies.calderondelabar.madrid\/index.php\/wp-json\/wp\/v2\/pages"}],"about":[{"href":"https:\/\/site.educa.madrid.org\/ies.calderondelabar.madrid\/index.php\/wp-json\/wp\/v2\/types\/page"}],"author":[{"embeddable":true,"href":"https:\/\/site.educa.madrid.org\/ies.calderondelabar.madrid\/index.php\/wp-json\/wp\/v2\/users\/3"}],"replies":[{"embeddable":true,"href":"https:\/\/site.educa.madrid.org\/ies.calderondelabar.madrid\/index.php\/wp-json\/wp\/v2\/comments?post=379"}],"version-history":[{"count":15,"href":"https:\/\/site.educa.madrid.org\/ies.calderondelabar.madrid\/index.php\/wp-json\/wp\/v2\/pages\/379\/revisions"}],"predecessor-version":[{"id":5753,"href":"https:\/\/site.educa.madrid.org\/ies.calderondelabar.madrid\/index.php\/wp-json\/wp\/v2\/pages\/379\/revisions\/5753"}],"up":[{"embeddable":true,"href":"https:\/\/site.educa.madrid.org\/ies.calderondelabar.madrid\/index.php\/wp-json\/wp\/v2\/pages\/393"}],"wp:attachment":[{"href":"https:\/\/site.educa.madrid.org\/ies.calderondelabar.madrid\/index.php\/wp-json\/wp\/v2\/media?parent=379"}],"wp:term":[{"taxonomy":"folder","embeddable":true,"href":"https:\/\/site.educa.madrid.org\/ies.calderondelabar.madrid\/index.php\/wp-json\/wp\/v2\/folder?post=379"}],"curies":[{"name":"wp","href":"https:\/\/api.w.org\/{rel}","templated":true}]}}