{"id":4642,"date":"2023-05-23T13:13:23","date_gmt":"2023-05-23T11:13:23","guid":{"rendered":"https:\/\/site.educa.madrid.org\/ies.calderondelabar.madrid\/?page_id=4642"},"modified":"2023-05-23T13:19:12","modified_gmt":"2023-05-23T11:19:12","slug":"apertura-licitacion-cafeteria-ies-calderon-de-la-barca","status":"publish","type":"page","link":"https:\/\/site.educa.madrid.org\/ies.calderondelabar.madrid\/index.php\/apertura-licitacion-cafeteria-ies-calderon-de-la-barca\/","title":{"rendered":"APERTURA LICITACI\u00d3N CAFETER\u00cdA IES CALDER\u00d3N DE LA BARCA"},"content":{"rendered":"\n<h3 class=\"wp-block-heading\"><mark style=\"background-color:rgba(0, 0, 0, 0)\" class=\"has-inline-color has-vivid-red-color\">ENLACE A LAS BASES Y DOCUMENTOS DE LA CONVOCATORIA<\/mark><\/h3>\n\n\n\n<figure class=\"wp-block-image size-large is-resized\"><img loading=\"lazy\" decoding=\"async\" src=\"https:\/\/site.educa.madrid.org\/ies.calderondelabar.madrid\/\/wp-content\/uploads\/ies.calderondelabar.madrid\/2023\/05\/bocadillo-y-cafe-con-1024x512.jpg\" alt=\"\" class=\"wp-image-4657\" width=\"840\" height=\"420\" srcset=\"https:\/\/site.educa.madrid.org\/ies.calderondelabar.madrid\/\/wp-content\/uploads\/ies.calderondelabar.madrid\/2023\/05\/bocadillo-y-cafe-con-1024x512.jpg 1024w, https:\/\/site.educa.madrid.org\/ies.calderondelabar.madrid\/\/wp-content\/uploads\/ies.calderondelabar.madrid\/2023\/05\/bocadillo-y-cafe-con-300x150.jpg 300w, https:\/\/site.educa.madrid.org\/ies.calderondelabar.madrid\/\/wp-content\/uploads\/ies.calderondelabar.madrid\/2023\/05\/bocadillo-y-cafe-con-768x384.jpg 768w, https:\/\/site.educa.madrid.org\/ies.calderondelabar.madrid\/\/wp-content\/uploads\/ies.calderondelabar.madrid\/2023\/05\/bocadillo-y-cafe-con.jpg 1280w\" sizes=\"auto, (max-width: 840px) 100vw, 840px\" \/><\/figure>\n\n\n\n<h4 class=\"wp-block-heading\"><a href=\"https:\/\/site.educa.madrid.org\/ies.calderondelabar.madrid\/\/wp-content\/uploads\/ies.calderondelabar.madrid\/2023\/05\/Bases-de-la-convocatoria-relacion-de-documentacion-completa.pdf\">Bases de la convocatoria<\/a><\/h4>\n\n\n\n<h4 class=\"wp-block-heading\"><a href=\"https:\/\/site.educa.madrid.org\/ies.calderondelabar.madrid\/\/wp-content\/uploads\/ies.calderondelabar.madrid\/2023\/05\/PL.-CLAUSULAS-ADMINISTRATIVAS-PARTICULARES.pdf\">Pliego de Cl\u00e1usulas Administrativas Particulares<\/a><\/h4>\n\n\n\n<h4 class=\"wp-block-heading\"><a href=\"https:\/\/site.educa.madrid.org\/ies.calderondelabar.madrid\/\/wp-content\/uploads\/ies.calderondelabar.madrid\/2023\/05\/ANEXO-I.pdf\">ANEXO I. PRESCRIPCIONES T\u00c9CNICAS<\/a><\/h4>\n\n\n\n<h4 class=\"wp-block-heading\"><a href=\"https:\/\/site.educa.madrid.org\/ies.calderondelabar.madrid\/\/wp-content\/uploads\/ies.calderondelabar.madrid\/2023\/05\/ANEXO-II.-PROPOSICION-ECONOMICA.pdf\">ANEXO II. PROPOSICI\u00d3N ECON\u00d3MICA<\/a><\/h4>\n\n\n\n<h4 class=\"wp-block-heading\"><a href=\"https:\/\/site.educa.madrid.org\/ies.calderondelabar.madrid\/\/wp-content\/uploads\/ies.calderondelabar.madrid\/2023\/05\/DECLARACION-JURADA.pdf\">DECLARACION JURADA I<\/a><\/h4>\n\n\n\n<h4 class=\"wp-block-heading\"><a href=\"https:\/\/site.educa.madrid.org\/ies.calderondelabar.madrid\/\/wp-content\/uploads\/ies.calderondelabar.madrid\/2023\/05\/DECLARACION-JURADA-II.pdf\">DECLARACI\u00d3N JURADA II<\/a><\/h4>\n","protected":false},"excerpt":{"rendered":"<p>ENLACE A LAS BASES Y DOCUMENTOS DE LA CONVOCATORIA Bases de la convocatoria Pliego de Cl\u00e1usulas Administrativas Particulares ANEXO I. PRESCRIPCIONES T\u00c9CNICAS ANEXO II. PROPOSICI\u00d3N ECON\u00d3MICA DECLARACION JURADA I DECLARACI\u00d3N &#8230;<\/p>\n","protected":false},"author":4,"featured_media":0,"parent":0,"menu_order":0,"comment_status":"closed","ping_status":"closed","template":"","meta":{"footnotes":""},"folder":[],"class_list":["post-4642","page","type-page","status-publish","hentry"],"rttpg_featured_image_url":null,"rttpg_author":{"display_name":"ENRIQUE NIETO CARRAMI\u00d1ANA","author_link":"https:\/\/site.educa.madrid.org\/ies.calderondelabar.madrid\/index.php\/author\/enrique_nieto-carramiana\/"},"rttpg_comment":0,"rttpg_category":false,"rttpg_excerpt":"ENLACE A LAS BASES Y DOCUMENTOS DE LA CONVOCATORIA Bases de la convocatoria Pliego de Cl\u00e1usulas Administrativas Particulares ANEXO I. PRESCRIPCIONES T\u00c9CNICAS ANEXO II. PROPOSICI\u00d3N ECON\u00d3MICA DECLARACION JURADA I DECLARACI\u00d3N ...","post_mailing_queue_ids":[],"_links":{"self":[{"href":"https:\/\/site.educa.madrid.org\/ies.calderondelabar.madrid\/index.php\/wp-json\/wp\/v2\/pages\/4642","targetHints":{"allow":["GET"]}}],"collection":[{"href":"https:\/\/site.educa.madrid.org\/ies.calderondelabar.madrid\/index.php\/wp-json\/wp\/v2\/pages"}],"about":[{"href":"https:\/\/site.educa.madrid.org\/ies.calderondelabar.madrid\/index.php\/wp-json\/wp\/v2\/types\/page"}],"author":[{"embeddable":true,"href":"https:\/\/site.educa.madrid.org\/ies.calderondelabar.madrid\/index.php\/wp-json\/wp\/v2\/users\/4"}],"replies":[{"embeddable":true,"href":"https:\/\/site.educa.madrid.org\/ies.calderondelabar.madrid\/index.php\/wp-json\/wp\/v2\/comments?post=4642"}],"version-history":[{"count":3,"href":"https:\/\/site.educa.madrid.org\/ies.calderondelabar.madrid\/index.php\/wp-json\/wp\/v2\/pages\/4642\/revisions"}],"predecessor-version":[{"id":4659,"href":"https:\/\/site.educa.madrid.org\/ies.calderondelabar.madrid\/index.php\/wp-json\/wp\/v2\/pages\/4642\/revisions\/4659"}],"wp:attachment":[{"href":"https:\/\/site.educa.madrid.org\/ies.calderondelabar.madrid\/index.php\/wp-json\/wp\/v2\/media?parent=4642"}],"wp:term":[{"taxonomy":"folder","embeddable":true,"href":"https:\/\/site.educa.madrid.org\/ies.calderondelabar.madrid\/index.php\/wp-json\/wp\/v2\/folder?post=4642"}],"curies":[{"name":"wp","href":"https:\/\/api.w.org\/{rel}","templated":true}]}}