{"id":5259,"date":"2024-01-12T20:37:50","date_gmt":"2024-01-12T19:37:50","guid":{"rendered":"https:\/\/site.educa.madrid.org\/ies.calderondelabar.madrid\/?page_id=5259"},"modified":"2024-01-15T15:45:24","modified_gmt":"2024-01-15T14:45:24","slug":"programa-refuerza-2-2","status":"publish","type":"page","link":"https:\/\/site.educa.madrid.org\/ies.calderondelabar.madrid\/index.php\/ensenanzas\/actividades-de-tarde\/programa-refuerza-2-2\/","title":{"rendered":"Programa PROA"},"content":{"rendered":"<div class=\"wp-block-image is-style-rounded\">\n<figure class=\"aligncenter size-full is-resized\"><img loading=\"lazy\" decoding=\"async\" src=\"https:\/\/site.educa.madrid.org\/ies.calderondelabar.madrid\/\/wp-content\/uploads\/ies.calderondelabar.madrid\/2024\/01\/PROA-1.jpg\" alt=\"\" class=\"wp-image-5261\" width=\"554\" height=\"194\" srcset=\"https:\/\/site.educa.madrid.org\/ies.calderondelabar.madrid\/\/wp-content\/uploads\/ies.calderondelabar.madrid\/2024\/01\/PROA-1.jpg 380w, https:\/\/site.educa.madrid.org\/ies.calderondelabar.madrid\/\/wp-content\/uploads\/ies.calderondelabar.madrid\/2024\/01\/PROA-1-300x105.jpg 300w\" sizes=\"auto, (max-width: 554px) 100vw, 554px\" \/><\/figure>\n<\/div>\n\n\n<h3 class=\"wp-block-heading\"><strong><mark style=\"background-color:rgba(0, 0, 0, 0)\" class=\"has-inline-color has-vivid-red-color\">\u00bfQu\u00e9 es el programa PROA?<\/mark><\/strong><\/h3>\n\n\n\n<p>El Plan PROA (Plan de Refuerzo, Orientaci\u00f3n y Apoyo) es un programa destinado a los centros de Educaci\u00f3n Primaria y Secundaria, concebido como un Programa de Cooperaci\u00f3n Territorial entre el Ministerio de Educaci\u00f3n y Formaci\u00f3n Profesional y las Comunidades Aut\u00f3nomas, y financiado por la Comunidad Econ\u00f3mica Europea dentro del Plan de Recuperaci\u00f3n, Transformaci\u00f3n y Resiliencia. En el marco de este programa nuestro centro ofrece las siguientes actividades:<\/p>\n\n\n\n<div class=\"wp-block-group\"><div class=\"wp-block-group__inner-container is-layout-constrained wp-block-group-is-layout-constrained\">\n<div class=\"wp-block-group alignwide\"><div class=\"wp-block-group__inner-container is-layout-constrained wp-block-group-is-layout-constrained\">\n<p>a. El aprendizaje de contenidos b\u00e1sicos de las materias instrumentales.<br>b. Lectura guiada.<br>c. Trabajo de las actividades propuestas en clase.<br>d. Resoluci\u00f3n de dudas.<br>e. Adquisici\u00f3n de h\u00e1bitos y t\u00e9cnicas de estudio eficaces.<br>f. Recuperaci\u00f3n de desfases respecto al grupo de referencia.<\/p>\n<\/div><\/div>\n<\/div><\/div>\n\n\n\n<p>En estas sesiones el alumno ser\u00e1 atendido por personal ajeno al centro bajo la supervisi\u00f3n de la direcci\u00f3n del mismo a trav\u00e9s del profesor\/a responsable del programa.<\/p>\n\n\n\n<p>En el marco de este programa tambi\u00e9n se llevan a cabo diferentes actividades en la biblioteca del centro como:<\/p>\n\n\n\n<ul class=\"wp-block-list\">\n<li>Cinef\u00f3rum.<\/li>\n\n\n\n<li>Teatro.<\/li>\n\n\n\n<li>Club de lectura.<\/li>\n\n\n\n<li>Espa\u00f1ol como segunda lengua.<\/li>\n<\/ul>\n\n\n\n<h3 class=\"wp-block-heading\"><strong><span class=\"has-inline-color has-vivid-red-color\">Destinatarios<\/span><\/strong><\/h3>\n\n\n\n<p>Alumnos de Educaci\u00f3n Secundaria Obligatoria y de 1\u00ba de Bachillerato.<br>No son destinatarios de este programa los alumnos con necesidades educativas especiales, los cuales deber\u00e1n ser atendidos a trav\u00e9s de los recursos espec\u00edficos destinados a los mismos con que cuente el centro.<\/p>\n\n\n\n<h3 class=\"wp-block-heading\"><strong><span class=\"has-inline-color has-vivid-red-color\">Finalidades del programa<\/span><\/strong><\/h3>\n\n\n\n<ul class=\"wp-block-list\">\n<li>Propiciar el \u00e9xito escolar de todos los alumnos.<\/li>\n\n\n\n<li>Mejorar los resultados acad\u00e9micos.<\/li>\n\n\n\n<li>Alcanzar un buen clima de convivencia en los centros escolares.<\/li>\n\n\n\n<li>Fomentar el sentido de responsabilidad, el trabajo en equipo y el af\u00e1n de superaci\u00f3n.<\/li>\n\n\n\n<li>Facilitar la conciliaci\u00f3n de la vida laboral y familiar.<\/li>\n<\/ul>\n\n\n\n<h3 class=\"wp-block-heading\"><strong><mark style=\"background-color:rgba(0, 0, 0, 0)\" class=\"has-inline-color has-vivid-red-color\">Responsable del programa<\/mark><\/strong><\/h3>\n\n\n\n<p>La coordinadora del programa es una profesora del claustro de profesores y profesoras, que desarrollar\u00e1 las siguientes funciones:<\/p>\n\n\n\n<ul class=\"wp-block-list\">\n<li>Elaborar la programaci\u00f3n y la memoria de final de curso, que deber\u00e1n contar con el visto bueno del Director del centro.<\/li>\n<\/ul>\n\n\n\n<ul class=\"wp-block-list\">\n<li>Organizar las actividades y aplicar los criterios de selecci\u00f3n de los alumnos participantes. Para ello contar\u00e1 con la colaboraci\u00f3n de los Departamentos Did\u00e1cticos, de los tutores de grupos y del Departamento de Orientaci\u00f3n.<\/li>\n<\/ul>\n\n\n\n<ul class=\"wp-block-list\">\n<li>Realizar el seguimiento de las actividades durante el curso, controlando la asistencia de los alumnos, monitores y, en su caso, profesores.<\/li>\n<\/ul>\n\n\n\n<ul class=\"wp-block-list\">\n<li>Facilitar a las familias informaci\u00f3n sobre la participaci\u00f3n del alumnado en las actividades.<\/li>\n<\/ul>\n\n\n\n<ul class=\"wp-block-list\">\n<li>Participar en las actividades de formaci\u00f3n que desde la Administraci\u00f3n educativa se propongan.<\/li>\n<\/ul>\n\n\n\n<h3 class=\"wp-block-heading\"><strong><span class=\"has-inline-color has-vivid-red-color\">\u00bfC\u00f3mo puedes participar?<\/span><\/strong><\/h3>\n\n\n\n<p>Existen plazas limitadas. El alumnado ser\u00e1 seleccionados por el profesorado de cada uno de los grupos, a propuesta del\/a tutor\/a.<\/p>\n\n\n\n<p>En caso de existir m\u00e1s solicitudes que plazas, se habilita una lista de espera.<\/p>\n\n\n\n<figure class=\"wp-block-table aligncenter is-style-stripes\"><table><tbody><tr><td><strong><span class=\"has-inline-color has-vivid-red-color\">D\u00cdAS<\/span><\/strong><\/td><td>MARTES Y JUEVES<\/td><\/tr><tr><td><strong><span class=\"has-inline-color has-vivid-red-color\">HORARIO<\/span><\/strong><\/td><td><a href=\"https:\/\/site.educa.madrid.org\/ies.calderondelabar.madrid\/\/wp-content\/uploads\/ies.calderondelabar.madrid\/2024\/01\/ACTIVIDADES-EN-HORARIO-DE-TARDE.pdf\" target=\"_blank\" rel=\"noreferrer noopener\">VER CUADRO-RESUMEN<\/a><\/td><\/tr><tr><td><strong><span class=\"has-inline-color has-vivid-red-color\">ALUMNADO<\/span><\/strong><\/td><td>ESO y 1\u00ba BACHILLERATO<\/td><\/tr><\/tbody><\/table><\/figure>\n","protected":false},"excerpt":{"rendered":"<p>\u00bfQu\u00e9 es el programa PROA? El Plan PROA (Plan de Refuerzo, Orientaci\u00f3n y Apoyo) es un programa destinado a los centros de Educaci\u00f3n Primaria y Secundaria, concebido como un Programa &#8230;<\/p>\n","protected":false},"author":7,"featured_media":0,"parent":1921,"menu_order":0,"comment_status":"closed","ping_status":"closed","template":"","meta":{"footnotes":""},"folder":[],"class_list":["post-5259","page","type-page","status-publish","hentry"],"rttpg_featured_image_url":null,"rttpg_author":{"display_name":"Gema","author_link":"https:\/\/site.educa.madrid.org\/ies.calderondelabar.madrid\/index.php\/author\/gema-mara_parras-serradilla\/"},"rttpg_comment":0,"rttpg_category":false,"rttpg_excerpt":"\u00bfQu\u00e9 es el programa PROA? El Plan PROA (Plan de Refuerzo, Orientaci\u00f3n y Apoyo) es un programa destinado a los centros de Educaci\u00f3n Primaria y Secundaria, concebido como un Programa ...","post_mailing_queue_ids":[],"_links":{"self":[{"href":"https:\/\/site.educa.madrid.org\/ies.calderondelabar.madrid\/index.php\/wp-json\/wp\/v2\/pages\/5259","targetHints":{"allow":["GET"]}}],"collection":[{"href":"https:\/\/site.educa.madrid.org\/ies.calderondelabar.madrid\/index.php\/wp-json\/wp\/v2\/pages"}],"about":[{"href":"https:\/\/site.educa.madrid.org\/ies.calderondelabar.madrid\/index.php\/wp-json\/wp\/v2\/types\/page"}],"author":[{"embeddable":true,"href":"https:\/\/site.educa.madrid.org\/ies.calderondelabar.madrid\/index.php\/wp-json\/wp\/v2\/users\/7"}],"replies":[{"embeddable":true,"href":"https:\/\/site.educa.madrid.org\/ies.calderondelabar.madrid\/index.php\/wp-json\/wp\/v2\/comments?post=5259"}],"version-history":[{"count":2,"href":"https:\/\/site.educa.madrid.org\/ies.calderondelabar.madrid\/index.php\/wp-json\/wp\/v2\/pages\/5259\/revisions"}],"predecessor-version":[{"id":5267,"href":"https:\/\/site.educa.madrid.org\/ies.calderondelabar.madrid\/index.php\/wp-json\/wp\/v2\/pages\/5259\/revisions\/5267"}],"up":[{"embeddable":true,"href":"https:\/\/site.educa.madrid.org\/ies.calderondelabar.madrid\/index.php\/wp-json\/wp\/v2\/pages\/1921"}],"wp:attachment":[{"href":"https:\/\/site.educa.madrid.org\/ies.calderondelabar.madrid\/index.php\/wp-json\/wp\/v2\/media?parent=5259"}],"wp:term":[{"taxonomy":"folder","embeddable":true,"href":"https:\/\/site.educa.madrid.org\/ies.calderondelabar.madrid\/index.php\/wp-json\/wp\/v2\/folder?post=5259"}],"curies":[{"name":"wp","href":"https:\/\/api.w.org\/{rel}","templated":true}]}}