{"id":5328,"date":"2024-01-18T19:14:43","date_gmt":"2024-01-18T18:14:43","guid":{"rendered":"https:\/\/site.educa.madrid.org\/ies.calderondelabar.madrid\/?page_id=5328"},"modified":"2025-02-03T19:56:52","modified_gmt":"2025-02-03T18:56:52","slug":"biblioteca-2","status":"publish","type":"page","link":"https:\/\/site.educa.madrid.org\/ies.calderondelabar.madrid\/index.php\/biblioteca-2\/","title":{"rendered":"CINEF\u00d3RUM"},"content":{"rendered":"<p>Vivimos sumergidos en una sociedad en la que la cultura audiovisual es omnipresente y muy poderosa. El cine es el origen de este universo audiovisual. Adem\u00e1s de una forma de comunicaci\u00f3n y un excelente transmisor de pensamiento. Por lo que conocerlo y entenderlo nos da armas para descifrar mejor el mundo.<\/p>\n<p>Semanalmente se realiza el visionado de una pel\u00edcula o serie que m\u00e1s tarde se comenta y analiza. Descubriendo, conociendo y disfrutando de una de las formas de expresi\u00f3n art\u00edstica m\u00e1s completa y fascinante que existen.<\/p>\n<p>Adem\u00e1s, se mostrar\u00e1 en la actividad un cine internacional, para que el alumnado vea diferentes realidades, sensibilidades y formas de narrar, por eso se ir\u00e1n proyectando pel\u00edculas de distintos pa\u00edses a lo largo del a\u00f1o.<\/p>\n<p><strong><u>D\u00eda y hora<\/u><\/strong><\/p>\n<p>Mi\u00e9rcoles, de 17:20 a 18:15 horas, en el aula 38. <\/p>\n<p>Jueves, de 18:35 a 19:30 horas, en el aula 38.<\/p>\n<p>Resumen de las pel\u00edculas vistas en el primer trimestre.<\/p>\n\n<div id=\"pl-gb5328-6a0399a5ab5b6\"  class=\"panel-layout panel-layout\" ><div id=\"pg-gb5328-6a0399a5ab5b6-0\"  class=\"panel-grid panel-no-style\" ><div id=\"pgc-gb5328-6a0399a5ab5b6-0-0\"  class=\"panel-grid-cell\"  data-weight=\"1\" ><div id=\"panel-gb5328-6a0399a5ab5b6-0-0-0\" class=\"so-panel widget widget_sow-layout-slider panel-first-child panel-last-child\" data-index=\"0\" data-style=\"{&quot;background_image_attachment&quot;:false,&quot;background_display&quot;:&quot;tile&quot;,&quot;background_image_size&quot;:&quot;full&quot;,&quot;background_image_opacity&quot;:&quot;100&quot;,&quot;border_thickness&quot;:&quot;1px&quot;,&quot;link_overlay_new_window&quot;:&quot;&quot;}\" ><div\n\t\t\t\n\t\t\tclass=\"so-widget-sow-layout-slider so-widget-sow-layout-slider-default-5eb133f450af\"\n\t\t\t\n\t\t>\t\t\t\t<div class=\"sow-slider-base\" style=\"display: none\" tabindex=\"0\">\n\t\t\t\t\t<ul\n\t\t\t\t\tclass=\"sow-slider-images\"\n\t\t\t\t\tdata-settings=\"{&quot;pagination&quot;:true,&quot;speed&quot;:200,&quot;timeout&quot;:6000,&quot;paused&quot;:false,&quot;pause_on_hover&quot;:false,&quot;swipe&quot;:true,&quot;nav_always_show_desktop&quot;:true,&quot;nav_always_show_mobile&quot;:true,&quot;breakpoint&quot;:&quot;780px&quot;,&quot;unmute&quot;:false,&quot;anchor&quot;:null}\"\n\t\t\t\t\tstyle=\"min-height: 100px\"\t\t\t\t\tdata-anchor-id=\"\"\n\t\t\t\t>\t\t<li class=\"sow-slider-image  sow-slider-image-cover\" style=\"visibility: visible;;background-color: #333333;background-image: url(https:\/\/site.educa.madrid.org\/ies.calderondelabar.madrid\/\/wp-content\/uploads\/ies.calderondelabar.madrid\/2025\/02\/CINEFORUM1.jpg)\" >\n\t\t\t\t\t<div class=\"sow-slider-image-container\">\n\t\t\t<div class=\"sow-slider-image-wrapper\">\n\t\t\t\t\t\t\t<\/div>\n\t\t<\/div>\n\t\t\t\t<\/li>\n\t\t<\/ul>\t\t\t\t<ol class=\"sow-slider-pagination\">\n\t\t\t\t\t\t\t\t\t\t\t<li><a href=\"#\" data-goto=\"0\" aria-label=\"mostrar diapositiva 1\"><\/a><\/li>\n\t\t\t\t\t\t\t\t\t<\/ol>\n\n\t\t\t\t<div class=\"sow-slide-nav sow-slide-nav-next\">\n\t\t\t\t\t<a href=\"#\" data-goto=\"next\" aria-label=\"diapositiva siguiente\" data-action=\"next\">\n\t\t\t\t\t\t<em class=\"sow-sld-icon-medium-right\"><\/em>\n\t\t\t\t\t<\/a>\n\t\t\t\t<\/div>\n\n\t\t\t\t<div class=\"sow-slide-nav sow-slide-nav-prev\">\n\t\t\t\t\t<a href=\"#\" data-goto=\"previous\" aria-label=\"diapositiva anterior\" data-action=\"prev\">\n\t\t\t\t\t\t<em class=\"sow-sld-icon-medium-left\"><\/em>\n\t\t\t\t\t<\/a>\n\t\t\t\t<\/div>\n\t\t\t\t<\/div><\/div><\/div><\/div><\/div><\/div>","protected":false},"excerpt":{"rendered":"<p>Vivimos sumergidos en una sociedad en la que la cultura audiovisual es omnipresente y muy poderosa. El cine es el origen de este universo audiovisual. Adem\u00e1s de una forma de &#8230;<\/p>\n","protected":false},"author":7,"featured_media":5319,"parent":0,"menu_order":0,"comment_status":"closed","ping_status":"closed","template":"","meta":{"footnotes":""},"folder":[98],"class_list":["post-5328","page","type-page","status-publish","has-post-thumbnail","hentry"],"rttpg_featured_image_url":{"full":["https:\/\/site.educa.madrid.org\/ies.calderondelabar.madrid\/\/wp-content\/uploads\/ies.calderondelabar.madrid\/2024\/01\/NOVEDADES.jpg",1800,1200,false],"landscape":["https:\/\/site.educa.madrid.org\/ies.calderondelabar.madrid\/\/wp-content\/uploads\/ies.calderondelabar.madrid\/2024\/01\/NOVEDADES.jpg",1800,1200,false],"portraits":["https:\/\/site.educa.madrid.org\/ies.calderondelabar.madrid\/\/wp-content\/uploads\/ies.calderondelabar.madrid\/2024\/01\/NOVEDADES.jpg",1800,1200,false],"thumbnail":["https:\/\/site.educa.madrid.org\/ies.calderondelabar.madrid\/\/wp-content\/uploads\/ies.calderondelabar.madrid\/2024\/01\/NOVEDADES-150x150.jpg",150,150,true],"medium":["https:\/\/site.educa.madrid.org\/ies.calderondelabar.madrid\/\/wp-content\/uploads\/ies.calderondelabar.madrid\/2024\/01\/NOVEDADES-300x200.jpg",300,200,true],"large":["https:\/\/site.educa.madrid.org\/ies.calderondelabar.madrid\/\/wp-content\/uploads\/ies.calderondelabar.madrid\/2024\/01\/NOVEDADES-1024x683.jpg",800,534,true],"thumblist":["https:\/\/site.educa.madrid.org\/ies.calderondelabar.madrid\/\/wp-content\/uploads\/ies.calderondelabar.madrid\/2024\/01\/NOVEDADES-300x300.jpg",300,300,true],"thumbrelated":["https:\/\/site.educa.madrid.org\/ies.calderondelabar.madrid\/\/wp-content\/uploads\/ies.calderondelabar.madrid\/2024\/01\/NOVEDADES.jpg",500,333,false],"meccarouselthumb":["https:\/\/site.educa.madrid.org\/ies.calderondelabar.madrid\/\/wp-content\/uploads\/ies.calderondelabar.madrid\/2024\/01\/NOVEDADES-474x324.jpg",474,324,true],"gridsquare":["https:\/\/site.educa.madrid.org\/ies.calderondelabar.madrid\/\/wp-content\/uploads\/ies.calderondelabar.madrid\/2024\/01\/NOVEDADES-391x260.jpg",391,260,true],"tileview":["https:\/\/site.educa.madrid.org\/ies.calderondelabar.madrid\/\/wp-content\/uploads\/ies.calderondelabar.madrid\/2024\/01\/NOVEDADES-300x400.jpg",300,400,true],"1536x1536":["https:\/\/site.educa.madrid.org\/ies.calderondelabar.madrid\/\/wp-content\/uploads\/ies.calderondelabar.madrid\/2024\/01\/NOVEDADES-1536x1024.jpg",1536,1024,true],"2048x2048":["https:\/\/site.educa.madrid.org\/ies.calderondelabar.madrid\/\/wp-content\/uploads\/ies.calderondelabar.madrid\/2024\/01\/NOVEDADES.jpg",1800,1200,false],"onepress-blog-small":["https:\/\/site.educa.madrid.org\/ies.calderondelabar.madrid\/\/wp-content\/uploads\/ies.calderondelabar.madrid\/2024\/01\/NOVEDADES-300x150.jpg",300,150,true],"onepress-small":["https:\/\/site.educa.madrid.org\/ies.calderondelabar.madrid\/\/wp-content\/uploads\/ies.calderondelabar.madrid\/2024\/01\/NOVEDADES-480x300.jpg",480,300,true],"onepress-medium":["https:\/\/site.educa.madrid.org\/ies.calderondelabar.madrid\/\/wp-content\/uploads\/ies.calderondelabar.madrid\/2024\/01\/NOVEDADES-640x400.jpg",640,400,true],"sow-carousel-default":["https:\/\/site.educa.madrid.org\/ies.calderondelabar.madrid\/\/wp-content\/uploads\/ies.calderondelabar.madrid\/2024\/01\/NOVEDADES-272x182.jpg",272,182,true],"sow-post-carousel-overlay-theme":["https:\/\/site.educa.madrid.org\/ies.calderondelabar.madrid\/\/wp-content\/uploads\/ies.calderondelabar.madrid\/2024\/01\/NOVEDADES.jpg",360,240,false],"sow-post-carousel-cards-theme":["https:\/\/site.educa.madrid.org\/ies.calderondelabar.madrid\/\/wp-content\/uploads\/ies.calderondelabar.madrid\/2024\/01\/NOVEDADES.jpg",360,240,false],"rt_custom":["https:\/\/site.educa.madrid.org\/ies.calderondelabar.madrid\/\/wp-content\/uploads\/ies.calderondelabar.madrid\/2024\/01\/NOVEDADES.jpg",1800,1200,false]},"rttpg_author":{"display_name":"Gema","author_link":"https:\/\/site.educa.madrid.org\/ies.calderondelabar.madrid\/index.php\/author\/gema-mara_parras-serradilla\/"},"rttpg_comment":0,"rttpg_category":" <a href=\"https:\/\/site.educa.madrid.org\/ies.calderondelabar.madrid\/?taxonomy=folder&#038;term=biblioteca\" rel=\"tag\">BIBLIOTECA<\/a>","rttpg_excerpt":"Vivimos sumergidos en una sociedad en la que la cultura audiovisual es omnipresente y muy poderosa. El cine es el origen de este universo audiovisual. Adem\u00e1s de una forma de ...","post_mailing_queue_ids":[],"_links":{"self":[{"href":"https:\/\/site.educa.madrid.org\/ies.calderondelabar.madrid\/index.php\/wp-json\/wp\/v2\/pages\/5328","targetHints":{"allow":["GET"]}}],"collection":[{"href":"https:\/\/site.educa.madrid.org\/ies.calderondelabar.madrid\/index.php\/wp-json\/wp\/v2\/pages"}],"about":[{"href":"https:\/\/site.educa.madrid.org\/ies.calderondelabar.madrid\/index.php\/wp-json\/wp\/v2\/types\/page"}],"author":[{"embeddable":true,"href":"https:\/\/site.educa.madrid.org\/ies.calderondelabar.madrid\/index.php\/wp-json\/wp\/v2\/users\/7"}],"replies":[{"embeddable":true,"href":"https:\/\/site.educa.madrid.org\/ies.calderondelabar.madrid\/index.php\/wp-json\/wp\/v2\/comments?post=5328"}],"version-history":[{"count":16,"href":"https:\/\/site.educa.madrid.org\/ies.calderondelabar.madrid\/index.php\/wp-json\/wp\/v2\/pages\/5328\/revisions"}],"predecessor-version":[{"id":6806,"href":"https:\/\/site.educa.madrid.org\/ies.calderondelabar.madrid\/index.php\/wp-json\/wp\/v2\/pages\/5328\/revisions\/6806"}],"wp:featuredmedia":[{"embeddable":true,"href":"https:\/\/site.educa.madrid.org\/ies.calderondelabar.madrid\/index.php\/wp-json\/wp\/v2\/media\/5319"}],"wp:attachment":[{"href":"https:\/\/site.educa.madrid.org\/ies.calderondelabar.madrid\/index.php\/wp-json\/wp\/v2\/media?parent=5328"}],"wp:term":[{"taxonomy":"folder","embeddable":true,"href":"https:\/\/site.educa.madrid.org\/ies.calderondelabar.madrid\/index.php\/wp-json\/wp\/v2\/folder?post=5328"}],"curies":[{"name":"wp","href":"https:\/\/api.w.org\/{rel}","templated":true}]}}