{"id":5334,"date":"2024-01-18T19:21:12","date_gmt":"2024-01-18T18:21:12","guid":{"rendered":"https:\/\/site.educa.madrid.org\/ies.calderondelabar.madrid\/?page_id=5334"},"modified":"2025-02-03T19:56:35","modified_gmt":"2025-02-03T18:56:35","slug":"clases-de-espanol","status":"publish","type":"page","link":"https:\/\/site.educa.madrid.org\/ies.calderondelabar.madrid\/index.php\/clases-de-espanol\/","title":{"rendered":"TALLER DE POES\u00cdA"},"content":{"rendered":"<p>Se trata de una actividad destinada a conocer poetas contempor\u00e1neos, muchos de ellos activos en la actualidad. Se pretende acercar la poes\u00eda a los adolescentes dejando de lado los prejuicios que puedan tener.<\/p>\n<p>A partir de una serie de poemas le\u00eddos se fomenta la escritura creativa y la lectura de poes\u00eda en voz alta, incidiendo en la importancia de saber elegir las palabras para elaborar un texto po\u00e9tico, as\u00ed como la relaci\u00f3n entre poes\u00eda y m\u00fasica.<\/p>\n<p><strong><u>D\u00eda y hora<\/u><\/strong><\/p>\n<p>Martes y jueves,\u00a0 de 17:20 a 18:15 horas.<\/p>\n<p>Mi\u00e9rcoles, de 16:25 a 17:20 horas.<\/p>\n<p><img loading=\"lazy\" decoding=\"async\" class=\" wp-image-6802 aligncenter\" src=\"https:\/\/site.educa.madrid.org\/ies.calderondelabar.madrid\/\/wp-content\/uploads\/ies.calderondelabar.madrid\/2025\/02\/TALLER-POESIA-300x200.jpg\" alt=\"\" width=\"385\" height=\"256\" srcset=\"https:\/\/site.educa.madrid.org\/ies.calderondelabar.madrid\/\/wp-content\/uploads\/ies.calderondelabar.madrid\/2025\/02\/TALLER-POESIA-300x200.jpg 300w, https:\/\/site.educa.madrid.org\/ies.calderondelabar.madrid\/\/wp-content\/uploads\/ies.calderondelabar.madrid\/2025\/02\/TALLER-POESIA-1024x683.jpg 1024w, https:\/\/site.educa.madrid.org\/ies.calderondelabar.madrid\/\/wp-content\/uploads\/ies.calderondelabar.madrid\/2025\/02\/TALLER-POESIA-768x512.jpg 768w, https:\/\/site.educa.madrid.org\/ies.calderondelabar.madrid\/\/wp-content\/uploads\/ies.calderondelabar.madrid\/2025\/02\/TALLER-POESIA-391x260.jpg 391w, https:\/\/site.educa.madrid.org\/ies.calderondelabar.madrid\/\/wp-content\/uploads\/ies.calderondelabar.madrid\/2025\/02\/TALLER-POESIA-1536x1024.jpg 1536w, https:\/\/site.educa.madrid.org\/ies.calderondelabar.madrid\/\/wp-content\/uploads\/ies.calderondelabar.madrid\/2025\/02\/TALLER-POESIA-272x182.jpg 272w, https:\/\/site.educa.madrid.org\/ies.calderondelabar.madrid\/\/wp-content\/uploads\/ies.calderondelabar.madrid\/2025\/02\/TALLER-POESIA.jpg 1800w\" sizes=\"auto, (max-width: 385px) 100vw, 385px\" \/><\/p>\n","protected":false},"excerpt":{"rendered":"<p>Se trata de una actividad destinada a conocer poetas contempor\u00e1neos, muchos de ellos activos en la actualidad. Se pretende acercar la poes\u00eda a los adolescentes dejando de lado los prejuicios &#8230;<\/p>\n","protected":false},"author":7,"featured_media":0,"parent":0,"menu_order":0,"comment_status":"closed","ping_status":"closed","template":"","meta":{"footnotes":""},"folder":[98],"class_list":["post-5334","page","type-page","status-publish","hentry"],"rttpg_featured_image_url":null,"rttpg_author":{"display_name":"Gema","author_link":"https:\/\/site.educa.madrid.org\/ies.calderondelabar.madrid\/index.php\/author\/gema-mara_parras-serradilla\/"},"rttpg_comment":0,"rttpg_category":" <a href=\"https:\/\/site.educa.madrid.org\/ies.calderondelabar.madrid\/?taxonomy=folder&#038;term=biblioteca\" rel=\"tag\">BIBLIOTECA<\/a>","rttpg_excerpt":"Se trata de una actividad destinada a conocer poetas contempor\u00e1neos, muchos de ellos activos en la actualidad. Se pretende acercar la poes\u00eda a los adolescentes dejando de lado los prejuicios ...","post_mailing_queue_ids":[],"_links":{"self":[{"href":"https:\/\/site.educa.madrid.org\/ies.calderondelabar.madrid\/index.php\/wp-json\/wp\/v2\/pages\/5334","targetHints":{"allow":["GET"]}}],"collection":[{"href":"https:\/\/site.educa.madrid.org\/ies.calderondelabar.madrid\/index.php\/wp-json\/wp\/v2\/pages"}],"about":[{"href":"https:\/\/site.educa.madrid.org\/ies.calderondelabar.madrid\/index.php\/wp-json\/wp\/v2\/types\/page"}],"author":[{"embeddable":true,"href":"https:\/\/site.educa.madrid.org\/ies.calderondelabar.madrid\/index.php\/wp-json\/wp\/v2\/users\/7"}],"replies":[{"embeddable":true,"href":"https:\/\/site.educa.madrid.org\/ies.calderondelabar.madrid\/index.php\/wp-json\/wp\/v2\/comments?post=5334"}],"version-history":[{"count":2,"href":"https:\/\/site.educa.madrid.org\/ies.calderondelabar.madrid\/index.php\/wp-json\/wp\/v2\/pages\/5334\/revisions"}],"predecessor-version":[{"id":6803,"href":"https:\/\/site.educa.madrid.org\/ies.calderondelabar.madrid\/index.php\/wp-json\/wp\/v2\/pages\/5334\/revisions\/6803"}],"wp:attachment":[{"href":"https:\/\/site.educa.madrid.org\/ies.calderondelabar.madrid\/index.php\/wp-json\/wp\/v2\/media?parent=5334"}],"wp:term":[{"taxonomy":"folder","embeddable":true,"href":"https:\/\/site.educa.madrid.org\/ies.calderondelabar.madrid\/index.php\/wp-json\/wp\/v2\/folder?post=5334"}],"curies":[{"name":"wp","href":"https:\/\/api.w.org\/{rel}","templated":true}]}}