{"id":5450,"date":"2024-01-23T19:47:31","date_gmt":"2024-01-23T18:47:31","guid":{"rendered":"https:\/\/site.educa.madrid.org\/ies.calderondelabar.madrid\/?page_id=5450"},"modified":"2026-03-13T10:21:36","modified_gmt":"2026-03-13T09:21:36","slug":"procesos-de-admision","status":"publish","type":"page","link":"https:\/\/site.educa.madrid.org\/ies.calderondelabar.madrid\/index.php\/procesos-de-admision\/","title":{"rendered":"PROCESOS DE ADMISI\u00d3N"},"content":{"rendered":"<div id=\"pl-5450\"  class=\"panel-layout\" ><div id=\"pg-5450-0\"  class=\"panel-grid panel-no-style\" ><div id=\"pgc-5450-0-0\"  class=\"panel-grid-cell\" ><div id=\"panel-5450-0-0-0\" class=\"so-panel widget widget_sow-accordion panel-first-child panel-last-child\" data-index=\"0\" ><div\n\t\t\t\n\t\t\tclass=\"so-widget-sow-accordion so-widget-sow-accordion-default-c426c43325be-5450\"\n\t\t\t data-max-open-panels=\"0\" data-initial-scroll-panel=\"0\"\n\t\t><h3 class=\"widget-title\">PROCESOS DE ADMISI\u00d3N 26\/27<\/h3><div>\n\t<div class=\"sow-accordion\">\n\t\t\t<div class=\"sow-accordion-panel\"\n\t\t\t data-anchor=\"eso-y-bachillerato\">\n\t\t\t\t<div class=\"sow-accordion-panel-header-container\" role=\"heading\" aria-level=\"2\">\n\t\t\t\t\t<div class=\"sow-accordion-panel-header\" tabindex=\"0\" role=\"button\" id=\"accordion-label-eso-y-bachillerato\" aria-controls=\"accordion-content-eso-y-bachillerato\" aria-expanded=\"false\">\n\t\t\t\t\t\t<div class=\"sow-accordion-title sow-accordion-title-icon-left\">\n\t\t\t\t\t\t\t\t\t\t\t\t\t\tESO Y BACHILLERATO\t\t\t\t\t\t\t\t\t\t\t\t\t<\/div>\n\t\t\t\t\t\t<div class=\"sow-accordion-open-close-button\">\n\t\t\t\t\t\t\t<div class=\"sow-accordion-open-button\">\n\t\t\t\t\t\t\t\t<span class=\"sow-icon-fontawesome sow-fas\" data-sow-icon=\"&#x2b;\"\n\t\t \n\t\taria-hidden=\"true\"><\/span>\t\t\t\t\t\t\t<\/div>\n\t\t\t\t\t\t\t<div class=\"sow-accordion-close-button\">\n\t\t\t\t\t\t\t\t<span class=\"sow-icon-fontawesome sow-fas\" data-sow-icon=\"&#xf068;\"\n\t\t \n\t\taria-hidden=\"true\"><\/span>\t\t\t\t\t\t\t<\/div>\n\t\t\t\t\t\t<\/div>\n\t\t\t\t\t<\/div>\n\t\t\t\t<\/div>\n\n\t\t\t<div\n\t\t\t\tclass=\"sow-accordion-panel-content\"\n\t\t\t\trole=\"region\"\n\t\t\t\taria-labelledby=\"accordion-label-eso-y-bachillerato\"\n\t\t\t\tid=\"accordion-content-eso-y-bachillerato\"\n\t\t\t\tstyle=\"display: none;\"\t\t\t>\n\t\t\t\t<div class=\"sow-accordion-panel-border\">\n\t\t\t\t\t<p><a href=\"https:\/\/site.educa.madrid.org\/ies.calderondelabar.madrid\/\/wp-content\/uploads\/ies.calderondelabar.madrid\/2026\/03\/RESOLUCION-PROCESO-DE-ADMISION-DEL-CURSO-26-27.pdf\"><span style=\"color: #0000ff;\"><strong>RESOLUCI\u00d3N de 26 de noviembre de 2025, de la Viceconsejer\u00eda de Pol\u00edtica y Organizaci\u00f3n Educativa<\/strong><\/span><\/a>, por la que se dictan instrucciones sobre la participaci\u00f3n en el proceso de admisi\u00f3n de alumnos en centros docentes sostenidos con fondos p\u00fablicos que imparten segundo ciclo de Educaci\u00f3n Infantil, Educaci\u00f3n Primaria, Educaci\u00f3n Secundaria Obligatoria, Bachillerato, as\u00ed como las etapas de Educaci\u00f3n Especial en la Comunidad de Madrid para el curso 2026-2027.<\/p>\n<p><span style=\"color: #0000ff;\"><strong>OFERTA DE VACANTES DEL CENTRO<\/strong><\/span><\/p>\n<p>En el siguiente <a href=\"https:\/\/site.educa.madrid.org\/ies.calderondelabar.madrid\/\/wp-content\/uploads\/ies.calderondelabar.madrid\/2026\/03\/Oferta-de-Plazas.pdf\"><span style=\"color: #00ffff;\"><strong>enlace<\/strong><\/span><\/a> se puede consultar las vacantes que ofrece nuestro centro. Se publicar\u00e1 a partir del d\u00eda 10 de marzo.<\/p>\n<p><span style=\"color: #0000ff;\"><strong>CENTROS ADSCRITOS A NUESTRO CENTRO<\/strong><\/span><\/p>\n<p><strong>De adscripci\u00f3n m\u00faltiple:<\/strong><\/p>\n<ul>\n<li><strong>CEIP Arcipreste de Hita<\/strong><\/li>\n<li><strong>Central<\/strong><\/li>\n<li><strong>CEIP. Rep\u00fablica de Venezuela<\/strong><\/li>\n<li><strong>Cervantes<\/strong><\/li>\n<li><strong>CEIP<\/strong>\u00a0<strong>Concepci\u00f3n Arenal<\/strong><\/li>\n<li><strong>CEIP Gonzalo de Berceo<\/strong><\/li>\n<li><strong>CEIP Juli\u00e1n Besteiro<\/strong><\/li>\n<li><strong>CP Per\u00fa <\/strong><\/li>\n<li><strong>CEIP<\/strong>\u00a0<strong>Rep\u00fablica de Colombia<\/strong><\/li>\n<li><strong>CEIP<\/strong> <strong>Rep\u00fablica de Ecuador<\/strong><\/li>\n<li><strong>CEIP<\/strong> <strong>San Ignacio de Loyola<\/strong><\/li>\n<li><strong>CEIP Juan Sebasti\u00e1n Elcano<\/strong><\/li>\n<li><strong>CEIP Jorge Manrique<\/strong><\/li>\n<li><strong>San Luis Felca<\/strong><\/li>\n<li><strong>CEIP Marcelo Usera<\/strong><\/li>\n<\/ul>\n<p><span style=\"color: #0000ff;\"><strong>SERVICIO DE APOYO A LA ESCOLARIZACI\u00d3N<\/strong><\/span><\/p>\n<p>Ubicaci\u00f3n de la mesa de escolarizaci\u00f3n o SAE (Servicio de Apoyo a la Escolarizaci\u00f3n):<\/p>\n<p><em><strong>Colegio Rep\u00fablica de Uruguay<\/strong><\/em><\/p>\n<p><em><strong>Avda. Nuestra Se\u00f1ora de Valvanera, 120<\/strong><\/em><\/p>\n<p><em><strong>28047 Madrid<\/strong><\/em><\/p>\n<p><em><strong>Tel\u00e9fono: 914 220 609<\/strong><\/em><\/p>\n<p><em><strong>Metro Carpetana (l\u00ednea 6) \/Bus 55<\/strong><\/em><\/p>\n<h3>INFORMACI\u00d3N PARA LAS FAMILIAS<\/h3>\n<p>La informaci\u00f3n detallada sobre el proceso de admisi\u00f3n a ESO y Bachillerato se puede consultar en la\u00a0<a href=\"https:\/\/www.comunidad.madrid\/servicios\/educacion\/solicita-tu-admision-educacion-infantil-obligatoria-bachillerato\"><strong>p\u00e1gina web de la Comunidad de Madrid<\/strong><\/a>. Se indica a continuaci\u00f3n un resumen del procedimiento.<\/p>\n<h3 style=\"text-align: center;\">Calendario del proceso ordinario<\/h3>\n<ul class=\"list theme-colored angle-double-right\">\n<li><span class=\"fw600 text-theme-colored\"><strong>Del 11 al 25 de marzo<\/strong>:<\/span> Plazo de presentaci\u00f3n de solicitudes para el proceso ordinario de admisi\u00f3n.<\/li>\n<li><span class=\"fw600 text-theme-colored\"><strong>D\u00eda 14 de abril<\/strong>:<\/span> Publicaci\u00f3n de los listados provisionales de todo el alumnado que ha solicitado el centro en primera opci\u00f3n. Se podr\u00e1 consultar a trav\u00e9s de la <a href=\"https:\/\/www.comunidad.madrid\/servicios\/educacion\/gestion-telematica-solicitud-admision-alumnos-secretaria-virtual\"><strong>Secretar\u00eda Virtual<\/strong><\/a>.<\/li>\n<li><span class=\"fw600 text-theme-colored\"><strong>D\u00edas 15, 16 y 17\u00a0 de abril<\/strong>:<\/span> Plazo\u00a0 de reclamaciones a trav\u00e9s de la <a href=\"https:\/\/www.comunidad.madrid\/servicios\/educacion\/gestion-telematica-solicitud-admision-alumnos-secretaria-virtual\"><u><strong>Secretar\u00eda Virtual<\/strong><\/u><\/a> o de forma presencial, en funci\u00f3n de la opci\u00f3n elegida para la presentaci\u00f3n de solicitudes, a los listados provisionales de alumnado solicitante.<\/li>\n<li><span class=\"fw600 text-theme-colored\"><strong>D\u00eda 23 de abril<\/strong>:<\/span> Publicaci\u00f3n, a trav\u00e9s de la Secretar\u00eda Virtual, de la informaci\u00f3n provisional con la puntuaci\u00f3n obtenida por los solicitantes que incluir\u00e1 el resultado de las reclamaciones presentadas al listado de solicitantes.<\/li>\n<li><span class=\"fw600 text-theme-colored\"><strong>D\u00eda 24, 27 y 28 de abril<\/strong>:<\/span> Plazo de reclamaciones a trav\u00e9s de la Secretar\u00eda Virtual o de forma presencial, en funci\u00f3n de la opci\u00f3n elegida para la presentaci\u00f3n de solicitudes, a la puntuaci\u00f3n provisional obtenida en cada centro incluido en las solicitudes de admisi\u00f3n.<\/li>\n<li><span class=\"fw600 text-theme-colored\"><strong>D\u00eda 7 de mayo<\/strong>:<\/span> Publicaci\u00f3n del listado definitivo de puntuaciones de solicitudes baremadas.<\/li>\n<li><strong>D\u00eda 27 de mayo<\/strong>: Se hace p\u00fablica a trav\u00e9s de la Secretar\u00eda Virtual la informaci\u00f3n sobre los alumnos admitidos en cada centro, ya sean solicitantes de primera opci\u00f3n o solicitantes en otras opciones que hayan obtenido plaza en el mismo.<\/li>\n<li><strong>Hasta el 12 de junio:<\/strong> Adjudicaci\u00f3n de plaza escolar por el Servicio de Apoyo a la Escolarizaci\u00f3n a los alumnos no admitidos.<\/li>\n<li><strong>Del 11 de junio al 3 de julio: <\/strong>Plazo general de matriculaci\u00f3n en los centros de Educaci\u00f3n Secundaria.<strong><br \/>\n<\/strong><\/li>\n<\/ul>\n<h3 style=\"text-align: center;\">Presentaci\u00f3n de solicitudes<\/h3>\n<div>Las solicitudes para participar en el proceso ordinario de admisi\u00f3n podr\u00e1n presentarse <strong>del 11 al 25 de marzo del 2026<\/strong>, ambas fechas inclusive.<\/div>\n<div dir=\"ltr\"><\/div>\n<p>Con el fin de facilitar la participaci\u00f3n y desarrollo del proceso de admisi\u00f3n existen varias opciones para la presentaci\u00f3n de las solicitudes de admisi\u00f3n de alumnos para el curso 2026-2027: presentaci\u00f3n telem\u00e1tica o entrega presencial en el centro solicitado en primera opci\u00f3n. En el primer supuesto, las familias utilizar\u00e1n la <a href=\"https:\/\/www.comunidad.madrid\/servicios\/educacion\/gestion-telematica-solicitud-admision-alumnos-secretaria-virtual\">Secretar\u00eda Virtual<\/a> o en la sede electr\u00f3nica de la Comunidad de Madrid.<\/p>\n<p>En las solicitudes de admisi\u00f3n para cursar Bachillerato en el curso 2026-2027 solo podr\u00e1 incluirse una modalidad y, en su caso, v\u00eda de Bachillerato.<\/p>\n<p>Adem\u00e1s, en la presentaci\u00f3n de solicitudes hay que tener en cuenta lo siguiente:<\/p>\n<p>\u2022 Toda solicitud de admisi\u00f3n ser\u00e1 cumplimentada y firmada por ambos progenitores o tutores legales, salvo si se acredita la imposibilidad de hacerlo o alguno de ellos no ostenta la patria potestad, en cuyo caso se deber\u00e1 presentar la oportuna declaraci\u00f3n responsable.<\/p>\n<p>\u2022 Se podr\u00e1 acceder a la Secretar\u00eda Virtual mediante las siguientes opciones:<\/p>\n<p>- Certificado digital.<\/p>\n<p>- Identificaci\u00f3n electr\u00f3nica Cl@ve.<\/p>\n<p>- Acceso sin certificado digital a trav\u00e9s del registro inform\u00e1tico @SCV, que se activar\u00e1 mediante un mensaje al tel\u00e9fono m\u00f3vil, lo que permitir\u00e1 acceder con su DNI y clave.<\/p>\n<p>- Acceso a trav\u00e9s de la validaci\u00f3n de credenciales de la aplicaci\u00f3n Roble\/Ra\u00edces. Con el fin de facilitar la utilizaci\u00f3n de esta opci\u00f3n, los centros podr\u00e1n generar las credenciales de acceso si no se dispone de las mismas y se tienen hijos matriculados en centros sostenidos con fondos p\u00fablicos durante el curso escolar 2025\/2026.<\/p>\n<p>Por \u00faltimo, se recuerda que a las solicitudes de alumnos con necesidades educativas especiales se adjuntar\u00e1 el anexo V facilitado por la red de orientaci\u00f3n especializada, a petici\u00f3n de las familias.<\/p>\n<h3 style=\"text-align: center;\">Baremaci\u00f3n<\/h3>\n<p>En el siguiente <a href=\"https:\/\/site.educa.madrid.org\/ies.calderondelabar.madrid\/\/wp-content\/uploads\/ies.calderondelabar.madrid\/2026\/03\/Baremo-ESO.pdf\"><span style=\"color: #0000ff;\"><strong>enlace<\/strong><\/span><\/a> se pueden los criterios prioritarios de baremaci\u00f3n de la ESO. Elegir nuestro centro como primera opci\u00f3n supondr\u00e1 obtener tres puntos adicionales en el baremo.<\/p>\n<p>En el siguiente <a href=\"https:\/\/site.educa.madrid.org\/ies.calderondelabar.madrid\/\/wp-content\/uploads\/ies.calderondelabar.madrid\/2026\/03\/Baremo-BTO.pdf\"><span style=\"color: #0000ff;\"><strong>e<\/strong><strong>nlace<\/strong><\/span><\/a> se pueden los criterios prioritarios de baremaci\u00f3n de BACHILLERATO. Elegir nuestro centro como primera opci\u00f3n supondr\u00e1 obtener tres puntos adicionales en el baremo<\/p>\n<h3 style=\"text-align: center;\">Listado provisional de solicitantes<\/h3>\n<div><strong>El d\u00eda 14 de abril<\/strong> se har\u00e1 p\u00fablica la informaci\u00f3n relativa al listado provisional de alumnos solicitantes de plaza escolar. Los interesados podr\u00e1n consultar, a trav\u00e9s de la Secretaria Virtual, si su instancia est\u00e1 incluida entre las del centro elegido en primera opci\u00f3n. Aquellos que no tengan acceso a la Secretar\u00eda Virtual podr\u00e1n realizar esa consulta de manera presencial, y previa identificaci\u00f3n, en el centro solicitado en primera opci\u00f3n.<\/div>\n<p>Las reclamaciones al listado de solicitantes podr\u00e1n presentarse los d\u00edas 24, 27 y 28 de abril, y se realizar\u00e1n por la misma v\u00eda por la que se present\u00f3 la solicitud: telem\u00e1tica o presencial. La resoluci\u00f3n a tales reclamaciones quedar\u00e1 reflejada en la publicaci\u00f3n de los listados provisionales de puntuaci\u00f3n.<\/p>\n<p><span style=\"color: #0000ff;\"><strong>ACCESO AL LISTADO PROVISIONAL DE ADMITIDOS<\/strong><\/span><\/p>\n<div dir=\"ltr\">\n<h3 style=\"text-align: center;\">Puntuaciones provisionales y definitivas<\/h3>\n<\/div>\n<p><strong>El 23 de abril<\/strong> se podr\u00e1n consultar las puntuaciones provisionales obtenidas tras la baremaci\u00f3n realizada para cada uno de los centros incluidos en la solicitud. Se acceder\u00e1 a esta informaci\u00f3n bien a trav\u00e9s de la Secretar\u00eda Virtual o de manera presencial en el centro solicitado en primer lugar.<\/p>\n<p>Se podr\u00e1 presentar reclamaci\u00f3n a la puntuaci\u00f3n provisional durante los d\u00edas <strong>24, 27 y 28 de abril<\/strong>. La puntuaci\u00f3n de los criterios comunes se reclamar\u00e1 ante el centro solicitado en primera opci\u00f3n y la puntuaci\u00f3n de los criterios espec\u00edficos ante los centros respectivos.<\/p>\n<p>Las puntuaciones definitivas se publicar\u00e1n y podr\u00e1n consultarse el<strong> 7 de mayo<\/strong> del mismo modo que las provisionales.<\/p>\n<div><strong>La comprobaci\u00f3n y, en su caso, reclamaci\u00f3n a las puntuaciones provisionales tiene una importancia esencial en el proceso de admisi\u00f3n<\/strong>, pues las puntuaciones definitivas que finalmente se obtengan se utilizar\u00e1n por la aplicaci\u00f3n Ra\u00edces para la adjudicaci\u00f3n de plaza escolar en cada centro.<\/div>\n<div><\/div>\n<div dir=\"ltr\"><\/div>\n<h3 style=\"text-align: center;\">Listado de admitidos<\/h3>\n<p>Los listados de admitidos en cada centro se har\u00e1n p\u00fablicos el<strong> 27 de mayo<\/strong>. En la adjudicaci\u00f3n de plaza escolar se intentar\u00e1 atender la primera opci\u00f3n se\u00f1alada en la solicitud. Si ello no fuera posible. se procurar\u00e1 adjudicar plaza escolar en alguno de los restantes centros incluidos en la solicitud. Por ello, se insiste en la importancia de valorar la decisi\u00f3n del centro solicitado en primera opci\u00f3n, as\u00ed como la conveniencia de incluir varios centros o completar la solicitud hasta el n\u00famero m\u00e1ximo de centros que admite.<\/p>\n<div dir=\"ltr\">\n<h3 style=\"text-align: center;\">Solicitud complementaria<\/h3>\n<\/div>\n<p>Exclusivamente para el alumnado que ha participado en el proceso de admisi\u00f3n y, tras la resoluci\u00f3n del mismo, carece de plaza escolar para el curso 2025\/2026, durante los d\u00edas<strong> 28 y 29 de mayo<\/strong> se podr\u00e1 presentar una solicitud complementaria ante el Servicio de Apoyo a la Escolarizaci\u00f3n (SAE) | que corresponda, que resolver\u00e1 al efecto antes del <strong>5\u00a0de junio.<\/strong><\/p>\n<div dir=\"ltr\">\n<h3 style=\"text-align: center;\">Matriculaci\u00f3n de alumnos<\/h3>\n<\/div>\n<p>Una vez adjudicada la plaza definitiva, se debe hacer efectiva la matricula en el centro asignado. El plazo de matriculaci\u00f3n en los centros de Educaci\u00f3n Secundaria ser\u00e1 del <strong>11 de junio al 3 de julio<\/strong> <strong>de 2026<\/strong>.<\/p>\n\t\t\t\t<\/div>\n\t\t\t<\/div>\n\t\t<\/div>\n\t\t\t<div class=\"sow-accordion-panel\"\n\t\t\t data-anchor=\"ciclos-formativos\">\n\t\t\t\t<div class=\"sow-accordion-panel-header-container\" role=\"heading\" aria-level=\"2\">\n\t\t\t\t\t<div class=\"sow-accordion-panel-header\" tabindex=\"0\" role=\"button\" id=\"accordion-label-ciclos-formativos\" aria-controls=\"accordion-content-ciclos-formativos\" aria-expanded=\"false\">\n\t\t\t\t\t\t<div class=\"sow-accordion-title sow-accordion-title-icon-left\">\n\t\t\t\t\t\t\t\t\t\t\t\t\t\tCICLOS FORMATIVOS\t\t\t\t\t\t\t\t\t\t\t\t\t<\/div>\n\t\t\t\t\t\t<div class=\"sow-accordion-open-close-button\">\n\t\t\t\t\t\t\t<div class=\"sow-accordion-open-button\">\n\t\t\t\t\t\t\t\t<span class=\"sow-icon-fontawesome sow-fas\" data-sow-icon=\"&#x2b;\"\n\t\t \n\t\taria-hidden=\"true\"><\/span>\t\t\t\t\t\t\t<\/div>\n\t\t\t\t\t\t\t<div class=\"sow-accordion-close-button\">\n\t\t\t\t\t\t\t\t<span class=\"sow-icon-fontawesome sow-fas\" data-sow-icon=\"&#xf068;\"\n\t\t \n\t\taria-hidden=\"true\"><\/span>\t\t\t\t\t\t\t<\/div>\n\t\t\t\t\t\t<\/div>\n\t\t\t\t\t<\/div>\n\t\t\t\t<\/div>\n\n\t\t\t<div\n\t\t\t\tclass=\"sow-accordion-panel-content\"\n\t\t\t\trole=\"region\"\n\t\t\t\taria-labelledby=\"accordion-label-ciclos-formativos\"\n\t\t\t\tid=\"accordion-content-ciclos-formativos\"\n\t\t\t\tstyle=\"display: none;\"\t\t\t>\n\t\t\t\t<div class=\"sow-accordion-panel-border\">\n\t\t\t\t\t<p>La informaci\u00f3n correspondiente al curso 25-26 se actualizar\u00e1 en cuanto se publiquen las instrucci\u00f3n de admisi\u00f3n correspondientes. Los siguientes enlaces estar\u00e1n activos a partir de dicho momento.<\/p>\n<p>A continuaci\u00f3n, indicamos los enlaces en los que se puede descargar el calendario de actuaciones:<\/p>\n<p><span style=\"color: #0000ff;\"><strong>CICLOS FORMATIVO<\/strong><\/span><a href=\"https:\/\/site.educa.madrid.org\/ies.calderondelabar.madrid\/\/wp-content\/uploads\/ies.calderondelabar.madrid\/2024\/06\/ANEXO-III.Calendario-FP-Basica-2024-25-1-1.pdf\" target=\"_blank\" rel=\"noopener\"><span style=\"color: #0000ff;\"><strong>S DE GRADO B\u00c1SICO<\/strong><\/span><\/a> \"SERVICIOS ADMINISTRATIVOS\" (Horario de ma\u00f1ana)<\/p>\n<p><strong><span style=\"color: #0000ff;\">CICLOS FORMATIVOS DE GRADO MEDIO<\/span><\/strong> \"GESTI\u00d3N ADMINISTRATIVA\" (Horario de ma\u00f1ana y tarde)<\/p>\n<p><strong><span style=\"color: #0000ff;\">CICLOS FORMATIVOS DE GRADO SUPERIOR<\/span><\/strong> \"ADMINISTRACI\u00d3N Y FINANZAS\" (Solo en horario de tarde, biling\u00fce y no biling\u00fce)<\/p>\n<p>A continuaci\u00f3n, indicamos los enlaces para descargar la solicitud de matr\u00edcula:<\/p>\n<p><strong><span style=\"color: #ff6600;\">SOLICITUD DE GRADO B\u00c1SICO<\/span><\/strong><\/p>\n<p><strong><span style=\"color: #ff6600;\">SOLICITUD DE GRADO MEDIO<\/span><\/strong><\/p>\n<p><span style=\"color: #ff6600;\"><strong>SOLICITUD DE GRADO SUPERIOR<\/strong><\/span><\/p>\n\t\t\t\t<\/div>\n\t\t\t<\/div>\n\t\t<\/div>\n\t\t\t<div class=\"sow-accordion-panel\"\n\t\t\t data-anchor=\"bachillerato-a-distancia\">\n\t\t\t\t<div class=\"sow-accordion-panel-header-container\" role=\"heading\" aria-level=\"2\">\n\t\t\t\t\t<div class=\"sow-accordion-panel-header\" tabindex=\"0\" role=\"button\" id=\"accordion-label-bachillerato-a-distancia\" aria-controls=\"accordion-content-bachillerato-a-distancia\" aria-expanded=\"false\">\n\t\t\t\t\t\t<div class=\"sow-accordion-title sow-accordion-title-icon-left\">\n\t\t\t\t\t\t\t\t\t\t\t\t\t\tBACHILLERATO A DISTANCIA\t\t\t\t\t\t\t\t\t\t\t\t\t<\/div>\n\t\t\t\t\t\t<div class=\"sow-accordion-open-close-button\">\n\t\t\t\t\t\t\t<div class=\"sow-accordion-open-button\">\n\t\t\t\t\t\t\t\t<span class=\"sow-icon-fontawesome sow-fas\" data-sow-icon=\"&#x2b;\"\n\t\t \n\t\taria-hidden=\"true\"><\/span>\t\t\t\t\t\t\t<\/div>\n\t\t\t\t\t\t\t<div class=\"sow-accordion-close-button\">\n\t\t\t\t\t\t\t\t<span class=\"sow-icon-fontawesome sow-fas\" data-sow-icon=\"&#xf068;\"\n\t\t \n\t\taria-hidden=\"true\"><\/span>\t\t\t\t\t\t\t<\/div>\n\t\t\t\t\t\t<\/div>\n\t\t\t\t\t<\/div>\n\t\t\t\t<\/div>\n\n\t\t\t<div\n\t\t\t\tclass=\"sow-accordion-panel-content\"\n\t\t\t\trole=\"region\"\n\t\t\t\taria-labelledby=\"accordion-label-bachillerato-a-distancia\"\n\t\t\t\tid=\"accordion-content-bachillerato-a-distancia\"\n\t\t\t\tstyle=\"display: none;\"\t\t\t>\n\t\t\t\t<div class=\"sow-accordion-panel-border\">\n\t\t\t\t\t<p><span style=\"color: #0000ff;\"><strong>PLAZOS DE MATR\u00cdCULA<\/strong><\/span><\/p>\n<p>El plazo de matr\u00edcula para el curso 25-26 ser\u00e1 <strong><span style=\"color: #ff6600;\">del 1 al 15 de julio<\/span><\/strong>. En <span style=\"color: #ff6600;\"><strong>septiembre<\/strong><\/span> habr\u00e1 otro plazo <strong><span style=\"color: #ff6600;\">del 1 al 15<\/span><\/strong>, que se prolongar\u00e1 con un plazo extraordinario <span style=\"color: #ff6600;\"><strong>hasta el 15 de octubre<\/strong><\/span>.<\/p>\n<p>Los siguientes enlaces se activar\u00e1n cuando actualicemos la informaci\u00f3n correspondiente al pr\u00f3ximo curso 25-26.<\/p>\n<p><span style=\"color: #0000ff;\"><strong>SOLICITUD DE MATR\u00cdCULA<\/strong><\/span><\/p>\n<p>En el siguiente<span style=\"color: #0000ff;\"><strong> enlace<\/strong><\/span> puedes descargarte la solicitud.<\/p>\n<p><strong><span style=\"color: #0000ff;\">INSTRUCCIONES PARA CUMPLIMENTAR LA SOLICITUD DE MATR\u00cdCULA<\/span><\/strong><\/p>\n<p>En el siguiente <strong><span style=\"color: #0000ff;\">enlace<\/span><\/strong> puedes descargar el documento con las instrucciones para cumplimentar la solicitud de matr\u00edcula. Lee con atenci\u00f3n el documento y comprueba, en el caso de que quieras acabar bachillerato en el curso escolar 24-25, si te has matriculado de todas las materias necesarias para completar un itinerario v\u00e1lido en la LOMLOE.<\/p>\n<p><span style=\"color: #0000ff;\"><strong>MODIFICACI\u00d3N DE LA MATR\u00cdCULA<\/strong><\/span><\/p>\n<p>Se podr\u00e1n solicitar cambios en la matr\u00edcula hasta el 15 de octubre. Pasada esta fecha no se atender\u00e1 ninguna solicitud de cambio de materias.<\/p>\n<p><strong><span style=\"color: #0000ff;\">SOLICITUD DE ALTA EN LA CUENTA DE EDUCAMADRID<\/span><\/strong><\/p>\n<p>Tener una cuenta de EducaMadrid es fundamental para poder acceder al Aula Virtual de cada materia y poder seguir el curso. El alumnado ya matriculado en el centro o en otra instituci\u00f3n p\u00fablica educativa puede seguir utilizando la misma cuenta (mismo usuario y contrase\u00f1a). Se deben solicitar nuevas claves en el caso de nuevo alumnado o de que se hayan perdido u olvidado las claves de la cuenta.\u00a0 Si el\/la alumno\/a es menor de edad, se debe rellenar la solicitud correspondiente. Descarga aqu\u00ed a solicitud:<\/p>\n<p><a href=\"https:\/\/site.educa.madrid.org\/ies.calderondelabar.madrid\/\/wp-content\/uploads\/ies.calderondelabar.madrid\/2024\/06\/ficha_solicitud_alumno_mayores_edad-2.pdf\" target=\"_blank\" rel=\"noopener\"><span style=\"color: #ff6600;\"><strong>Solicitud mayores de edad.<\/strong><\/span><\/a><\/p>\n<p><a href=\"https:\/\/site.educa.madrid.org\/ies.calderondelabar.madrid\/\/wp-content\/uploads\/ies.calderondelabar.madrid\/2024\/06\/educamadrid-ficha_solicitud_menores_edad_.pdf\" target=\"_blank\" rel=\"noopener\"><span style=\"color: #ff6600;\"><strong>Solicitud menores de edad.<\/strong><\/span><\/a><\/p>\n<p>&nbsp;<\/p>\n\t\t\t\t<\/div>\n\t\t\t<\/div>\n\t\t<\/div>\n\t\t<\/div>\n<\/div>\n<\/div><\/div><\/div><\/div><\/div>","protected":false},"excerpt":{"rendered":"<p>PROCESOS DE ADMISI\u00d3N 26\/27 ESO Y BACHILLERATO RESOLUCI\u00d3N de 26 de noviembre de 2025, de la Viceconsejer\u00eda de Pol\u00edtica y Organizaci\u00f3n Educativa, por la que se dictan instrucciones sobre la &#8230;<\/p>\n","protected":false},"author":7,"featured_media":0,"parent":0,"menu_order":0,"comment_status":"closed","ping_status":"closed","template":"","meta":{"footnotes":""},"folder":[],"class_list":["post-5450","page","type-page","status-publish","hentry"],"rttpg_featured_image_url":null,"rttpg_author":{"display_name":"Gema","author_link":"https:\/\/site.educa.madrid.org\/ies.calderondelabar.madrid\/index.php\/author\/gema-mara_parras-serradilla\/"},"rttpg_comment":0,"rttpg_category":false,"rttpg_excerpt":"PROCESOS DE ADMISI\u00d3N 26\/27 ESO Y BACHILLERATO RESOLUCI\u00d3N de 26 de noviembre de 2025, de la Viceconsejer\u00eda de Pol\u00edtica y Organizaci\u00f3n Educativa, por la que se dictan instrucciones sobre la ...","post_mailing_queue_ids":[],"_links":{"self":[{"href":"https:\/\/site.educa.madrid.org\/ies.calderondelabar.madrid\/index.php\/wp-json\/wp\/v2\/pages\/5450","targetHints":{"allow":["GET"]}}],"collection":[{"href":"https:\/\/site.educa.madrid.org\/ies.calderondelabar.madrid\/index.php\/wp-json\/wp\/v2\/pages"}],"about":[{"href":"https:\/\/site.educa.madrid.org\/ies.calderondelabar.madrid\/index.php\/wp-json\/wp\/v2\/types\/page"}],"author":[{"embeddable":true,"href":"https:\/\/site.educa.madrid.org\/ies.calderondelabar.madrid\/index.php\/wp-json\/wp\/v2\/users\/7"}],"replies":[{"embeddable":true,"href":"https:\/\/site.educa.madrid.org\/ies.calderondelabar.madrid\/index.php\/wp-json\/wp\/v2\/comments?post=5450"}],"version-history":[{"count":38,"href":"https:\/\/site.educa.madrid.org\/ies.calderondelabar.madrid\/index.php\/wp-json\/wp\/v2\/pages\/5450\/revisions"}],"predecessor-version":[{"id":7677,"href":"https:\/\/site.educa.madrid.org\/ies.calderondelabar.madrid\/index.php\/wp-json\/wp\/v2\/pages\/5450\/revisions\/7677"}],"wp:attachment":[{"href":"https:\/\/site.educa.madrid.org\/ies.calderondelabar.madrid\/index.php\/wp-json\/wp\/v2\/media?parent=5450"}],"wp:term":[{"taxonomy":"folder","embeddable":true,"href":"https:\/\/site.educa.madrid.org\/ies.calderondelabar.madrid\/index.php\/wp-json\/wp\/v2\/folder?post=5450"}],"curies":[{"name":"wp","href":"https:\/\/api.w.org\/{rel}","templated":true}]}}