{"id":5517,"date":"2024-01-26T17:27:25","date_gmt":"2024-01-26T16:27:25","guid":{"rendered":"https:\/\/site.educa.madrid.org\/ies.calderondelabar.madrid\/?page_id=5517"},"modified":"2024-01-26T17:27:38","modified_gmt":"2024-01-26T16:27:38","slug":"acceso-a-roble","status":"publish","type":"page","link":"https:\/\/site.educa.madrid.org\/ies.calderondelabar.madrid\/index.php\/acceso-a-roble\/","title":{"rendered":"ACCESO A ROBLE"},"content":{"rendered":"<blockquote>\n<p style=\"text-align: left;\"><span style=\"color: #0000ff;\"><strong>ROBLE<\/strong><\/span>, WEB QUE COMUNICA A CENTROS EDUCATIVOS, PROFESORADO, FAMILIA Y ALUMNADO.<\/p>\n<\/blockquote>\n<p class=\"mb-15\"><b class=\"text-theme-colored\">ROBLE WEB<\/b> es un portal cuya finalidad es la de proporcionar a las familias la informaci\u00f3n que de sus hijos publicar\u00e1n los centros educativos y profesores a lo largo del curso. Sirve, adem\u00e1s, de plataforma de interacci\u00f3n entre el centro y las familias.<\/p>\n<p>Constituye una herramienta adecuada para realizar el seguimiento educativo del alumno, obtener informaci\u00f3n del centro y establecer un canal de comunicaci\u00f3n con \u00e9ste.<\/p>\n<div class=\"row\">\n<div class=\"col-md-6\"><a href=\"https:\/\/raices.madrid.org\/raiz_app\/jsp\/portal\/portalraices.html\"> <img loading=\"lazy\" decoding=\"async\" class=\"alignleft\" src=\"https:\/\/iesdionisioaguado.org\/2019-20\/img\/roble-acceso.jpg\" width=\"389\" height=\"281\"> <\/a><\/div>\n<div class=\"col-md-6\">\n<p><b class=\"text-theme-colored\">ROBLE WEB<\/b> est\u00e1 plenamente integrado en RA\u00cdCES, el Sistema de Gesti\u00f3n Integral Educativa de la Comunidad de Madrid. Sus funcionalidades son tambi\u00e9n accesibles desde cualquier smartphone o tablet a trav\u00e9s de la aplicaci\u00f3n de movilidad ROBLE.<\/p>\n<p>El acceso a <b class=\"text-theme-colored\">ROBLE WEB<\/b> se realiza a trav\u00e9s del enlace <a href=\"https:\/\/raices.madrid.org\/raiz_app\/jsp\/portal\/portalraices.html\"> raices.madrid.org<\/a>, introduciendo nuestro nombre de usuario y contrase\u00f1a.<\/p>\n<p>Estas credenciales de acceso han de ser proporcionadas a los padres, o representantes legales del alumno, por la Direcci\u00f3n del centro educativo.<\/p>\n<blockquote><p><span style=\"color: #0000ff;\"><strong>AYUDA<\/strong><\/span><\/p>\n<ul>\n<li><a href=\"https:\/\/site.educa.madrid.org\/ies.calderondelabar.madrid\/\/wp-content\/uploads\/ies.calderondelabar.madrid\/2024\/01\/roble-familias.pdf\" target=\"_blank\" rel=\"noopener\"><span style=\"color: #000000;\"><strong>GU\u00cdA PARA FAMILIAS<\/strong><\/span><\/a><\/li>\n<li><a href=\"https:\/\/site.educa.madrid.org\/ies.calderondelabar.madrid\/\/wp-content\/uploads\/ies.calderondelabar.madrid\/2024\/01\/roble-desbloqueo-ventanas-emergentes.pdf\" target=\"_blank\" rel=\"noopener\"><strong><span style=\"color: #000000;\">DESBLOQUEO DE VENTANAS EMERGENTES<\/span><\/strong><\/a><\/li>\n<\/ul>\n<\/blockquote>\n<\/div>\n<\/div>\n","protected":false},"excerpt":{"rendered":"<p>ROBLE, WEB QUE COMUNICA A CENTROS EDUCATIVOS, PROFESORADO, FAMILIA Y ALUMNADO. ROBLE WEB es un portal cuya finalidad es la de proporcionar a las familias la informaci\u00f3n que de sus &#8230;<\/p>\n","protected":false},"author":7,"featured_media":0,"parent":0,"menu_order":0,"comment_status":"closed","ping_status":"closed","template":"","meta":{"footnotes":""},"folder":[105],"class_list":["post-5517","page","type-page","status-publish","hentry"],"rttpg_featured_image_url":null,"rttpg_author":{"display_name":"Gema","author_link":"https:\/\/site.educa.madrid.org\/ies.calderondelabar.madrid\/index.php\/author\/gema-mara_parras-serradilla\/"},"rttpg_comment":0,"rttpg_category":" <a href=\"https:\/\/site.educa.madrid.org\/ies.calderondelabar.madrid\/?taxonomy=folder&#038;term=familias\" rel=\"tag\">FAMILIAS<\/a>","rttpg_excerpt":"ROBLE, WEB QUE COMUNICA A CENTROS EDUCATIVOS, PROFESORADO, FAMILIA Y ALUMNADO. ROBLE WEB es un portal cuya finalidad es la de proporcionar a las familias la informaci\u00f3n que de sus ...","post_mailing_queue_ids":[],"_links":{"self":[{"href":"https:\/\/site.educa.madrid.org\/ies.calderondelabar.madrid\/index.php\/wp-json\/wp\/v2\/pages\/5517","targetHints":{"allow":["GET"]}}],"collection":[{"href":"https:\/\/site.educa.madrid.org\/ies.calderondelabar.madrid\/index.php\/wp-json\/wp\/v2\/pages"}],"about":[{"href":"https:\/\/site.educa.madrid.org\/ies.calderondelabar.madrid\/index.php\/wp-json\/wp\/v2\/types\/page"}],"author":[{"embeddable":true,"href":"https:\/\/site.educa.madrid.org\/ies.calderondelabar.madrid\/index.php\/wp-json\/wp\/v2\/users\/7"}],"replies":[{"embeddable":true,"href":"https:\/\/site.educa.madrid.org\/ies.calderondelabar.madrid\/index.php\/wp-json\/wp\/v2\/comments?post=5517"}],"version-history":[{"count":2,"href":"https:\/\/site.educa.madrid.org\/ies.calderondelabar.madrid\/index.php\/wp-json\/wp\/v2\/pages\/5517\/revisions"}],"predecessor-version":[{"id":5521,"href":"https:\/\/site.educa.madrid.org\/ies.calderondelabar.madrid\/index.php\/wp-json\/wp\/v2\/pages\/5517\/revisions\/5521"}],"wp:attachment":[{"href":"https:\/\/site.educa.madrid.org\/ies.calderondelabar.madrid\/index.php\/wp-json\/wp\/v2\/media?parent=5517"}],"wp:term":[{"taxonomy":"folder","embeddable":true,"href":"https:\/\/site.educa.madrid.org\/ies.calderondelabar.madrid\/index.php\/wp-json\/wp\/v2\/folder?post=5517"}],"curies":[{"name":"wp","href":"https:\/\/api.w.org\/{rel}","templated":true}]}}