{"id":5536,"date":"2024-01-26T18:17:19","date_gmt":"2024-01-26T17:17:19","guid":{"rendered":"https:\/\/site.educa.madrid.org\/ies.calderondelabar.madrid\/?page_id=5536"},"modified":"2024-01-26T18:17:19","modified_gmt":"2024-01-26T17:17:19","slug":"actividades-extraescolares-y-complementarias","status":"publish","type":"page","link":"https:\/\/site.educa.madrid.org\/ies.calderondelabar.madrid\/index.php\/actividades-extraescolares-y-complementarias\/","title":{"rendered":"ACTIVIDADES EXTRAESCOLARES Y COMPLEMENTARIAS"},"content":{"rendered":"<p><span style=\"color: #0000ff;\"><strong><img loading=\"lazy\" decoding=\"async\" class=\"size-medium wp-image-5538 alignleft\" src=\"https:\/\/site.educa.madrid.org\/ies.calderondelabar.madrid\/\/wp-content\/uploads\/ies.calderondelabar.madrid\/2024\/01\/encabezado-ademas-300x100.png\" alt=\"\" width=\"300\" height=\"100\" srcset=\"https:\/\/site.educa.madrid.org\/ies.calderondelabar.madrid\/\/wp-content\/uploads\/ies.calderondelabar.madrid\/2024\/01\/encabezado-ademas-300x100.png 300w, https:\/\/site.educa.madrid.org\/ies.calderondelabar.madrid\/\/wp-content\/uploads\/ies.calderondelabar.madrid\/2024\/01\/encabezado-ademas.png 600w\" sizes=\"auto, (max-width: 300px) 100vw, 300px\" \/>ADEM\u00c1S<\/strong><\/span> de clases en el aula, nos encanta salir y ver para aprender. Mirar el cuadro en el museo adem\u00e1s de en el libro de texto. Mirar de frente al hueso del dinosaurio. Patinar como descosidos sobre el hielo. Pasear los pasillos encerados de los grandes sitios. Ser recibidos en los cines y en las embajadas. En grupo, como nos gusta ir a los sitios.<\/p>\n<p>Y, sobre todo, nos gusta mucho o\u00edr cuando nos vamos: \u00abQu\u00e9 bien se ha portado su grupo, lo han hecho fenomenal\u00bb. Esto es lo que nos anima a seguir aprendiendo en vivo la vida. Un pulso que no para, m\u00e1s grande que el instituto m\u00e1s grande que haya.<\/p>\n<p>Por eso hemos creado el bolet\u00edn trimestral de actividades ADEM\u00c1S, en el que pod\u00e9is ver el resumen de actividades extraescolares y complementarias que hemos realizado durante cada trimestre del curso y que enviamos a toda la comunidad educativa al finalizar cada trimestre.<\/p>\n","protected":false},"excerpt":{"rendered":"<p>ADEM\u00c1S de clases en el aula, nos encanta salir y ver para aprender. Mirar el cuadro en el museo adem\u00e1s de en el libro de texto. Mirar de frente al &#8230;<\/p>\n","protected":false},"author":7,"featured_media":0,"parent":0,"menu_order":0,"comment_status":"closed","ping_status":"closed","template":"","meta":{"footnotes":""},"folder":[90],"class_list":["post-5536","page","type-page","status-publish","hentry"],"rttpg_featured_image_url":null,"rttpg_author":{"display_name":"Gema","author_link":"https:\/\/site.educa.madrid.org\/ies.calderondelabar.madrid\/index.php\/author\/gema-mara_parras-serradilla\/"},"rttpg_comment":0,"rttpg_category":" <a href=\"https:\/\/site.educa.madrid.org\/ies.calderondelabar.madrid\/?taxonomy=folder&#038;term=actividades-extraescolares\" rel=\"tag\">ACTIVIDADES EXTRAESCOLARES<\/a>","rttpg_excerpt":"ADEM\u00c1S de clases en el aula, nos encanta salir y ver para aprender. Mirar el cuadro en el museo adem\u00e1s de en el libro de texto. Mirar de frente al ...","post_mailing_queue_ids":[],"_links":{"self":[{"href":"https:\/\/site.educa.madrid.org\/ies.calderondelabar.madrid\/index.php\/wp-json\/wp\/v2\/pages\/5536","targetHints":{"allow":["GET"]}}],"collection":[{"href":"https:\/\/site.educa.madrid.org\/ies.calderondelabar.madrid\/index.php\/wp-json\/wp\/v2\/pages"}],"about":[{"href":"https:\/\/site.educa.madrid.org\/ies.calderondelabar.madrid\/index.php\/wp-json\/wp\/v2\/types\/page"}],"author":[{"embeddable":true,"href":"https:\/\/site.educa.madrid.org\/ies.calderondelabar.madrid\/index.php\/wp-json\/wp\/v2\/users\/7"}],"replies":[{"embeddable":true,"href":"https:\/\/site.educa.madrid.org\/ies.calderondelabar.madrid\/index.php\/wp-json\/wp\/v2\/comments?post=5536"}],"version-history":[{"count":1,"href":"https:\/\/site.educa.madrid.org\/ies.calderondelabar.madrid\/index.php\/wp-json\/wp\/v2\/pages\/5536\/revisions"}],"predecessor-version":[{"id":5539,"href":"https:\/\/site.educa.madrid.org\/ies.calderondelabar.madrid\/index.php\/wp-json\/wp\/v2\/pages\/5536\/revisions\/5539"}],"wp:attachment":[{"href":"https:\/\/site.educa.madrid.org\/ies.calderondelabar.madrid\/index.php\/wp-json\/wp\/v2\/media?parent=5536"}],"wp:term":[{"taxonomy":"folder","embeddable":true,"href":"https:\/\/site.educa.madrid.org\/ies.calderondelabar.madrid\/index.php\/wp-json\/wp\/v2\/folder?post=5536"}],"curies":[{"name":"wp","href":"https:\/\/api.w.org\/{rel}","templated":true}]}}