{"id":5622,"date":"2024-01-29T20:16:24","date_gmt":"2024-01-29T19:16:24","guid":{"rendered":"https:\/\/site.educa.madrid.org\/ies.calderondelabar.madrid\/?page_id=5622"},"modified":"2024-01-30T13:50:58","modified_gmt":"2024-01-30T12:50:58","slug":"orientacion-2","status":"publish","type":"page","link":"https:\/\/site.educa.madrid.org\/ies.calderondelabar.madrid\/index.php\/orientacion-2\/","title":{"rendered":"QUI\u00c9NES SOMOS"},"content":{"rendered":"<p>El departamento de orientaci\u00f3n es, dentro de un instituto, un departamento espec\u00edfico, tanto por ser un departamento no did\u00e1ctico, como porque este colabora en diversos espacios, interrelacion\u00e1ndose de forma estrecha tanto con el conjunto del profesorado, como con el equipo directivo como, por supuesto, con el alumnado y sus familias.<\/p>\n<p>La orientaci\u00f3n educativa, tal y como recoge la LOMLOE, acompa\u00f1ar\u00e1 el proceso educativo individual y colectivo del alumnado, contribuyendo a nivel individual a la personalizaci\u00f3n de la educaci\u00f3n, y a nivel colectivo al desarrollo psicosocial del alumnado. As\u00ed, la orientaci\u00f3n contribuye a dotar a la acci\u00f3n educativa de la coherencia necesaria para que el proceso de ense\u00f1anza-aprendizaje sea integral, fin \u00faltimo de la orientaci\u00f3n educativa.<\/p>\n<p>Por tanto, el departamento de orientaci\u00f3n contribuye a la prevenci\u00f3n de problemas psico-socioeducativos y el asesoramiento a los diferentes agentes educativos (alumnado, equipos docentes\u00a0 y familias). Ello se lleva a cabo a trav\u00e9s de los siguientes \u00e1mbitos de actuaci\u00f3n:<\/p>\n<table width=\"68%\">\n<tbody>\n<tr>\n<td width=\"100%\">1. Apoyo a la acci\u00f3n tutorial<\/td>\n<\/tr>\n<tr>\n<td width=\"100%\">2. Apoyo al proceso de ense\u00f1anza-aprendizaje<\/td>\n<\/tr>\n<tr>\n<td width=\"100%\">3. Apoyo a la orientaci\u00f3n acad\u00e9mica y profesional<\/td>\n<\/tr>\n<\/tbody>\n<\/table>\n<p>El equipo est\u00e1 formado por los siguientes profesionales:<\/p>\n<p>&#8211; 2 Profesoras de Orientaci\u00f3n Educativa<\/p>\n<p>&#8211; 1 Profesora de Servicios a la Comunidad<\/p>\n<p>&#8211; 2 Maestras de Pedagog\u00eda Terap\u00e9utica<\/p>\n<p>&#8211; 1 Maestra de Audici\u00f3n y Lenguaje<\/p>\n<p>&#8211; 2 Profesoras del Programa de Compensatoria<\/p>\n<p>&#8211; 4 Profesores del Programa de Diversificaci\u00f3n Curricular<\/p>\n<p>&#8211; 4 Profesores del SAED (Servicio de Atenci\u00f3n Educativa Domiciliaria).<\/p>\n<p>A continuaci\u00f3n, se indica el horario de atenci\u00f3n de los integrantes de este departamento.<\/p>\n<table width=\"636\">\n<tbody>\n<tr>\n<td width=\"174\"><strong>PUESTO<\/strong><\/td>\n<td width=\"462\">HORARIO DE ATENCI\u00d3N A PADRES<\/td>\n<\/tr>\n<tr>\n<td width=\"174\"><strong>Jefa del Departamento Orientadora<\/strong><\/td>\n<td width=\"462\">Cati<\/p>\n<p>MI\u00c9RCOLES, de 9:25 a 10:20 horas<\/td>\n<\/tr>\n<tr>\n<td width=\"174\"><strong>Orientadora (tarde)<\/strong><\/td>\n<td width=\"462\">Roc\u00edo<\/p>\n<p>JUEVES, de 17:20 a 18:15 horas<\/td>\n<\/tr>\n<tr>\n<td width=\"174\"><strong>Profesora de Servicios a la Comunidad<\/strong><\/td>\n<td width=\"462\">Laura<\/td>\n<\/tr>\n<tr>\n<td width=\"174\"><strong>Maestra de pedagog\u00eda terape\u00fatica<\/strong><\/td>\n<td width=\"462\">Martina<\/p>\n<p>MI\u00c9RCOLES, de 13:35 a 14:30 horas<\/td>\n<\/tr>\n<tr>\n<td width=\"174\"><strong>Maestra de pedagog\u00eda terape\u00fatica<\/strong><\/td>\n<td width=\"462\">M\u00aa Jos\u00e9<\/p>\n<p>MI\u00c9RCOLES, de 13:35 a 14:30 horas<\/td>\n<\/tr>\n<tr>\n<td width=\"174\"><strong>Maestra de audici\u00f3n y lenguaje<\/strong><\/td>\n<td width=\"462\">Ana<\/p>\n<p>LUNES, de 8:30 a 9:25 horas<\/td>\n<\/tr>\n<tr>\n<td width=\"174\"><strong>Profesora del programa de compensatoria (lengua)<\/strong><\/td>\n<td width=\"462\">Silvia<\/p>\n<p>LUNES, de 11:45 a 12:40 horas<\/td>\n<\/tr>\n<tr>\n<td width=\"174\"><strong>Profesora del programa de compensatoria (matem\u00e1ticas)<\/strong><\/td>\n<td width=\"462\">Josefa<\/p>\n<p>MI\u00c9RCOLES, de 12:40 a 13:35 horas<\/td>\n<\/tr>\n<tr>\n<td width=\"174\"><strong>Profesora del Programa de Diversificaci\u00f3n curricular &#8211; 1\u00ba curso &#8211;\u00a0 \u00e1mbito cient\u00edfico-tecnol\u00f3gico<\/strong><\/td>\n<td width=\"462\">Sof\u00eda<\/p>\n<p>LUNES, de 9:25 a 10:20 horas<\/td>\n<\/tr>\n<tr>\n<td width=\"174\"><strong>Profesor del Programa de Diversificaci\u00f3n curricular &#8211; 1\u00ba curso &#8211;\u00a0 \u00e1mbito socio-ling\u00fc\u00edstico<\/strong><\/td>\n<td width=\"462\">Jos\u00e9 Ram\u00f3n<\/p>\n<p>MARTES, de 11:45 a 12:40<\/td>\n<\/tr>\n<tr>\n<td width=\"174\"><strong>Profesora del Programa de Diversificaci\u00f3n curricular &#8211; 2\u00ba curso &#8211;\u00a0 \u00e1mbito socio-ling\u00fc\u00edstico<\/strong><\/td>\n<td width=\"462\">Patricia<\/p>\n<p>VIERNES, de 10:20 a 11:15 horas<\/td>\n<\/tr>\n<tr>\n<td width=\"174\"><strong>Profesora del Programa de Diversificaci\u00f3n curricular &#8211; 2\u00ba curso &#8211;\u00a0 \u00e1mbito cient\u00edfico-tecnol\u00f3gico<\/strong><\/td>\n<td width=\"462\">Gema<\/p>\n<p>MARTES, de 10:20 a 11:15 horas<\/td>\n<\/tr>\n<tr>\n<td width=\"174\"><strong>SAED &#8211; Servicio de Apoyo Educativo Domiciliario <\/strong><\/td>\n<td width=\"462\">Jorge<\/td>\n<\/tr>\n<tr>\n<td width=\"174\"><strong>SAED &#8211; Servicio de Apoyo Educativo Domiciliario <\/strong><\/td>\n<td width=\"462\">Roc\u00edo<\/td>\n<\/tr>\n<tr>\n<td width=\"174\"><strong>SAED &#8211; Servicio de Apoyo Educativo Domiciliario <\/strong><\/td>\n<td width=\"462\">Juan<\/td>\n<\/tr>\n<tr>\n<td width=\"174\"><strong>SAED &#8211; Servicio de Apoyo Educativo Domiciliario <\/strong><\/td>\n<td width=\"462\">Susana<\/td>\n<\/tr>\n<\/tbody>\n<\/table>\n","protected":false},"excerpt":{"rendered":"<p>El departamento de orientaci\u00f3n es, dentro de un instituto, un departamento espec\u00edfico, tanto por ser un departamento no did\u00e1ctico, como porque este colabora en diversos espacios, interrelacion\u00e1ndose de forma estrecha &#8230;<\/p>\n","protected":false},"author":7,"featured_media":0,"parent":0,"menu_order":0,"comment_status":"closed","ping_status":"closed","template":"","meta":{"footnotes":""},"folder":[],"class_list":["post-5622","page","type-page","status-publish","hentry"],"rttpg_featured_image_url":null,"rttpg_author":{"display_name":"Gema","author_link":"https:\/\/site.educa.madrid.org\/ies.calderondelabar.madrid\/index.php\/author\/gema-mara_parras-serradilla\/"},"rttpg_comment":0,"rttpg_category":false,"rttpg_excerpt":"El departamento de orientaci\u00f3n es, dentro de un instituto, un departamento espec\u00edfico, tanto por ser un departamento no did\u00e1ctico, como porque este colabora en diversos espacios, interrelacion\u00e1ndose de forma estrecha ...","post_mailing_queue_ids":[],"_links":{"self":[{"href":"https:\/\/site.educa.madrid.org\/ies.calderondelabar.madrid\/index.php\/wp-json\/wp\/v2\/pages\/5622","targetHints":{"allow":["GET"]}}],"collection":[{"href":"https:\/\/site.educa.madrid.org\/ies.calderondelabar.madrid\/index.php\/wp-json\/wp\/v2\/pages"}],"about":[{"href":"https:\/\/site.educa.madrid.org\/ies.calderondelabar.madrid\/index.php\/wp-json\/wp\/v2\/types\/page"}],"author":[{"embeddable":true,"href":"https:\/\/site.educa.madrid.org\/ies.calderondelabar.madrid\/index.php\/wp-json\/wp\/v2\/users\/7"}],"replies":[{"embeddable":true,"href":"https:\/\/site.educa.madrid.org\/ies.calderondelabar.madrid\/index.php\/wp-json\/wp\/v2\/comments?post=5622"}],"version-history":[{"count":3,"href":"https:\/\/site.educa.madrid.org\/ies.calderondelabar.madrid\/index.php\/wp-json\/wp\/v2\/pages\/5622\/revisions"}],"predecessor-version":[{"id":5659,"href":"https:\/\/site.educa.madrid.org\/ies.calderondelabar.madrid\/index.php\/wp-json\/wp\/v2\/pages\/5622\/revisions\/5659"}],"wp:attachment":[{"href":"https:\/\/site.educa.madrid.org\/ies.calderondelabar.madrid\/index.php\/wp-json\/wp\/v2\/media?parent=5622"}],"wp:term":[{"taxonomy":"folder","embeddable":true,"href":"https:\/\/site.educa.madrid.org\/ies.calderondelabar.madrid\/index.php\/wp-json\/wp\/v2\/folder?post=5622"}],"curies":[{"name":"wp","href":"https:\/\/api.w.org\/{rel}","templated":true}]}}