{"id":5631,"date":"2024-01-29T20:31:20","date_gmt":"2024-01-29T19:31:20","guid":{"rendered":"https:\/\/site.educa.madrid.org\/ies.calderondelabar.madrid\/?page_id=5631"},"modified":"2024-01-29T20:31:21","modified_gmt":"2024-01-29T19:31:21","slug":"orientacion-academica-y-profesional","status":"publish","type":"page","link":"https:\/\/site.educa.madrid.org\/ies.calderondelabar.madrid\/index.php\/orientacion-academica-y-profesional\/","title":{"rendered":"ORIENTACI\u00d3N ACAD\u00c9MICA Y PROFESIONAL"},"content":{"rendered":"<p>Durante este curso disponemos de un programa en el que se puede consultar toda la informaci\u00f3n relativa a la orientaci\u00f3n acad\u00e9mica y profesional. En los siguientes enlaces puede consultar la informaci\u00f3n:<\/p>\n<ul>\n<li>Programa de <strong>orientaci\u00f3n acad\u00e9mica y profesional<\/strong> \u2013 El orienta: <a href=\"https:\/\/elorienta.com\/movil\/?yafxb=98106\">EL ORIENTA<\/a><\/li>\n<li>Autoconocimiento e intereses profesionales: \u00a0<a href=\"https:\/\/elorienta.com\/orienta\/index.php?id=cuestionarios\" target=\"_blank\" rel=\"noopener\">CUESTIONARIOS<\/a><\/li>\n<li>Orientaci\u00f3n vocacional: Test de Holland: <a href=\"https:\/\/orientacionesvocacion.com\/test-vocacional\/\" target=\"_blank\" rel=\"noopener\">TEST VOCACIONAL<\/a><\/li>\n<li><strong>Pruebas libres<\/strong> a ciclos formativos: <a href=\"https:\/\/www.comunidad.madrid\/servicios\/educacion\/pruebas-obtencion-titulos-tecnico-tecnico-superior-fp#panel-373659\" target=\"_blank\" rel=\"noopener\">PRUEBAS CICLOS FORMATIVOS<\/a><\/li>\n<li>EVAU: <a href=\"https:\/\/site.educa.madrid.org\/ies.calderondelabar.madrid\/index.php\/organos\/secretaria\/informacion-evau\/\" target=\"_blank\" rel=\"noopener\">INFORMACI\u00d3N SOBRE LA EVAU<\/a><\/li>\n<\/ul>\n","protected":false},"excerpt":{"rendered":"<p>Durante este curso disponemos de un programa en el que se puede consultar toda la informaci\u00f3n relativa a la orientaci\u00f3n acad\u00e9mica y profesional. En los siguientes enlaces puede consultar la &#8230;<\/p>\n","protected":false},"author":7,"featured_media":0,"parent":0,"menu_order":0,"comment_status":"closed","ping_status":"closed","template":"","meta":{"footnotes":""},"folder":[],"class_list":["post-5631","page","type-page","status-publish","hentry"],"rttpg_featured_image_url":null,"rttpg_author":{"display_name":"Gema","author_link":"https:\/\/site.educa.madrid.org\/ies.calderondelabar.madrid\/index.php\/author\/gema-mara_parras-serradilla\/"},"rttpg_comment":0,"rttpg_category":false,"rttpg_excerpt":"Durante este curso disponemos de un programa en el que se puede consultar toda la informaci\u00f3n relativa a la orientaci\u00f3n acad\u00e9mica y profesional. En los siguientes enlaces puede consultar la ...","post_mailing_queue_ids":[],"_links":{"self":[{"href":"https:\/\/site.educa.madrid.org\/ies.calderondelabar.madrid\/index.php\/wp-json\/wp\/v2\/pages\/5631","targetHints":{"allow":["GET"]}}],"collection":[{"href":"https:\/\/site.educa.madrid.org\/ies.calderondelabar.madrid\/index.php\/wp-json\/wp\/v2\/pages"}],"about":[{"href":"https:\/\/site.educa.madrid.org\/ies.calderondelabar.madrid\/index.php\/wp-json\/wp\/v2\/types\/page"}],"author":[{"embeddable":true,"href":"https:\/\/site.educa.madrid.org\/ies.calderondelabar.madrid\/index.php\/wp-json\/wp\/v2\/users\/7"}],"replies":[{"embeddable":true,"href":"https:\/\/site.educa.madrid.org\/ies.calderondelabar.madrid\/index.php\/wp-json\/wp\/v2\/comments?post=5631"}],"version-history":[{"count":1,"href":"https:\/\/site.educa.madrid.org\/ies.calderondelabar.madrid\/index.php\/wp-json\/wp\/v2\/pages\/5631\/revisions"}],"predecessor-version":[{"id":5633,"href":"https:\/\/site.educa.madrid.org\/ies.calderondelabar.madrid\/index.php\/wp-json\/wp\/v2\/pages\/5631\/revisions\/5633"}],"wp:attachment":[{"href":"https:\/\/site.educa.madrid.org\/ies.calderondelabar.madrid\/index.php\/wp-json\/wp\/v2\/media?parent=5631"}],"wp:term":[{"taxonomy":"folder","embeddable":true,"href":"https:\/\/site.educa.madrid.org\/ies.calderondelabar.madrid\/index.php\/wp-json\/wp\/v2\/folder?post=5631"}],"curies":[{"name":"wp","href":"https:\/\/api.w.org\/{rel}","templated":true}]}}