{"id":5636,"date":"2024-01-29T20:33:37","date_gmt":"2024-01-29T19:33:37","guid":{"rendered":"https:\/\/site.educa.madrid.org\/ies.calderondelabar.madrid\/?page_id=5636"},"modified":"2024-01-29T20:59:09","modified_gmt":"2024-01-29T19:59:09","slug":"apoyo-al-proceso-de-ensenanza-aprendizaje","status":"publish","type":"page","link":"https:\/\/site.educa.madrid.org\/ies.calderondelabar.madrid\/index.php\/apoyo-al-proceso-de-ensenanza-aprendizaje\/","title":{"rendered":"APOYO AL PROCESO DE ENSE\u00d1ANZA-APRENDIZAJE"},"content":{"rendered":"<p>En el siguiente enlace puede encontrar informaci\u00f3n sobre T\u00c9CNICAS DE ESTUDIOS:&nbsp; <a href=\"https:\/\/elorienta.com\/orienta\/index.php?id=tecnicas_estudio\" target=\"_blank\" rel=\"noopener\">T\u00c9CNICAS DE ESTUDIO<\/a><\/p>\n","protected":false},"excerpt":{"rendered":"<p>En el siguiente enlace puede encontrar informaci\u00f3n sobre T\u00c9CNICAS DE ESTUDIOS:&nbsp; T\u00c9CNICAS DE ESTUDIO<\/p>\n","protected":false},"author":7,"featured_media":0,"parent":0,"menu_order":0,"comment_status":"closed","ping_status":"closed","template":"","meta":{"footnotes":""},"folder":[107],"class_list":["post-5636","page","type-page","status-publish","hentry"],"rttpg_featured_image_url":null,"rttpg_author":{"display_name":"Gema","author_link":"https:\/\/site.educa.madrid.org\/ies.calderondelabar.madrid\/index.php\/author\/gema-mara_parras-serradilla\/"},"rttpg_comment":0,"rttpg_category":" <a href=\"https:\/\/site.educa.madrid.org\/ies.calderondelabar.madrid\/?taxonomy=folder&#038;term=orientacion\" rel=\"tag\">ORIENTACI\u00d3N<\/a>","rttpg_excerpt":"En el siguiente enlace puede encontrar informaci\u00f3n sobre T\u00c9CNICAS DE ESTUDIOS:&nbsp; T\u00c9CNICAS DE ESTUDIO","post_mailing_queue_ids":[],"_links":{"self":[{"href":"https:\/\/site.educa.madrid.org\/ies.calderondelabar.madrid\/index.php\/wp-json\/wp\/v2\/pages\/5636","targetHints":{"allow":["GET"]}}],"collection":[{"href":"https:\/\/site.educa.madrid.org\/ies.calderondelabar.madrid\/index.php\/wp-json\/wp\/v2\/pages"}],"about":[{"href":"https:\/\/site.educa.madrid.org\/ies.calderondelabar.madrid\/index.php\/wp-json\/wp\/v2\/types\/page"}],"author":[{"embeddable":true,"href":"https:\/\/site.educa.madrid.org\/ies.calderondelabar.madrid\/index.php\/wp-json\/wp\/v2\/users\/7"}],"replies":[{"embeddable":true,"href":"https:\/\/site.educa.madrid.org\/ies.calderondelabar.madrid\/index.php\/wp-json\/wp\/v2\/comments?post=5636"}],"version-history":[{"count":2,"href":"https:\/\/site.educa.madrid.org\/ies.calderondelabar.madrid\/index.php\/wp-json\/wp\/v2\/pages\/5636\/revisions"}],"predecessor-version":[{"id":5638,"href":"https:\/\/site.educa.madrid.org\/ies.calderondelabar.madrid\/index.php\/wp-json\/wp\/v2\/pages\/5636\/revisions\/5638"}],"wp:attachment":[{"href":"https:\/\/site.educa.madrid.org\/ies.calderondelabar.madrid\/index.php\/wp-json\/wp\/v2\/media?parent=5636"}],"wp:term":[{"taxonomy":"folder","embeddable":true,"href":"https:\/\/site.educa.madrid.org\/ies.calderondelabar.madrid\/index.php\/wp-json\/wp\/v2\/folder?post=5636"}],"curies":[{"name":"wp","href":"https:\/\/api.w.org\/{rel}","templated":true}]}}