{"id":5834,"date":"2024-02-08T16:17:29","date_gmt":"2024-02-08T15:17:29","guid":{"rendered":"https:\/\/site.educa.madrid.org\/ies.calderondelabar.madrid\/?page_id=5834"},"modified":"2024-02-08T16:21:19","modified_gmt":"2024-02-08T15:21:19","slug":"proyecto-educativo-del-centro","status":"publish","type":"page","link":"https:\/\/site.educa.madrid.org\/ies.calderondelabar.madrid\/index.php\/proyecto-educativo-del-centro\/","title":{"rendered":"PROYECTO EDUCATIVO DEL CENTRO"},"content":{"rendered":"<div id=\"pl-5834\"  class=\"panel-layout\" ><div id=\"pg-5834-0\"  class=\"panel-grid panel-no-style\" ><div id=\"pgc-5834-0-0\"  class=\"panel-grid-cell\" ><div id=\"panel-5834-0-0-0\" class=\"so-panel widget widget_sow-editor panel-first-child panel-last-child\" data-index=\"0\" ><div class=\"panel-widget-style panel-widget-style-for-5834-0-0-0\" ><div\n\t\t\t\n\t\t\tclass=\"so-widget-sow-editor so-widget-sow-editor-base\"\n\t\t\t\n\t\t><h3 class=\"widget-title\">PROYECTO EDUCATIVO DE CENTRO<\/h3>\n<div class=\"siteorigin-widget-tinymce textwidget\">\n\t<p>Documento en el que se muestra el an\u00e1lisis del entorno y caracter\u00edsticas del del Centro. Perfil socioecon\u00f3mico y cultural del alumnado y sus familias. Relaciones con el municipio. \u00d3rganos de gobierno y coordinaci\u00f3n. Departamento de Orientaci\u00f3n. Estilo y convivencia en el Centro. Evaluaci\u00f3n del PEC.<\/p>\n<p>Este documento se est\u00e1 actualizando en estos momentos por la nueva direcci\u00f3n del centro. Puedes consultar el documento en el siguiente enlace:<\/p>\n<p style=\"text-align: center;\"><a href=\"https:\/\/site.educa.madrid.org\/ies.calderondelabar.madrid\/\/wp-content\/uploads\/ies.calderondelabar.madrid\/2024\/01\/PROYECTO-EDUCATIVO-1.pdf\" target=\"_blank\" rel=\"noopener\">PROYECTO EDUCATIVO DEL CENTRO (PEC)<\/a><\/p>\n<\/div>\n<\/div><\/div><\/div><\/div><\/div><\/div>","protected":false},"excerpt":{"rendered":"<p>Documento en el que se muestra el an\u00e1lisis del entorno y caracter\u00edsticas del del Centro. Perfil socioecon\u00f3mico y cultural del alumnado y sus familias. Relaciones con el municipio. \u00d3rganos de &#8230;<\/p>\n","protected":false},"author":7,"featured_media":0,"parent":0,"menu_order":0,"comment_status":"closed","ping_status":"closed","template":"","meta":{"footnotes":""},"folder":[136],"class_list":["post-5834","page","type-page","status-publish","hentry"],"rttpg_featured_image_url":null,"rttpg_author":{"display_name":"Gema","author_link":"https:\/\/site.educa.madrid.org\/ies.calderondelabar.madrid\/index.php\/author\/gema-mara_parras-serradilla\/"},"rttpg_comment":0,"rttpg_category":" <a href=\"https:\/\/site.educa.madrid.org\/ies.calderondelabar.madrid\/?taxonomy=folder&#038;term=informacion-a-familias\" rel=\"tag\">INFORMACI\u00d3N A FAMILIAS<\/a>","rttpg_excerpt":"Documento en el que se muestra el an\u00e1lisis del entorno y caracter\u00edsticas del del Centro. Perfil socioecon\u00f3mico y cultural del alumnado y sus familias. Relaciones con el municipio. \u00d3rganos de ...","post_mailing_queue_ids":[],"_links":{"self":[{"href":"https:\/\/site.educa.madrid.org\/ies.calderondelabar.madrid\/index.php\/wp-json\/wp\/v2\/pages\/5834","targetHints":{"allow":["GET"]}}],"collection":[{"href":"https:\/\/site.educa.madrid.org\/ies.calderondelabar.madrid\/index.php\/wp-json\/wp\/v2\/pages"}],"about":[{"href":"https:\/\/site.educa.madrid.org\/ies.calderondelabar.madrid\/index.php\/wp-json\/wp\/v2\/types\/page"}],"author":[{"embeddable":true,"href":"https:\/\/site.educa.madrid.org\/ies.calderondelabar.madrid\/index.php\/wp-json\/wp\/v2\/users\/7"}],"replies":[{"embeddable":true,"href":"https:\/\/site.educa.madrid.org\/ies.calderondelabar.madrid\/index.php\/wp-json\/wp\/v2\/comments?post=5834"}],"version-history":[{"count":2,"href":"https:\/\/site.educa.madrid.org\/ies.calderondelabar.madrid\/index.php\/wp-json\/wp\/v2\/pages\/5834\/revisions"}],"predecessor-version":[{"id":5838,"href":"https:\/\/site.educa.madrid.org\/ies.calderondelabar.madrid\/index.php\/wp-json\/wp\/v2\/pages\/5834\/revisions\/5838"}],"wp:attachment":[{"href":"https:\/\/site.educa.madrid.org\/ies.calderondelabar.madrid\/index.php\/wp-json\/wp\/v2\/media?parent=5834"}],"wp:term":[{"taxonomy":"folder","embeddable":true,"href":"https:\/\/site.educa.madrid.org\/ies.calderondelabar.madrid\/index.php\/wp-json\/wp\/v2\/folder?post=5834"}],"curies":[{"name":"wp","href":"https:\/\/api.w.org\/{rel}","templated":true}]}}