{"id":5840,"date":"2024-02-08T16:25:42","date_gmt":"2024-02-08T15:25:42","guid":{"rendered":"https:\/\/site.educa.madrid.org\/ies.calderondelabar.madrid\/?page_id=5840"},"modified":"2024-02-08T16:29:27","modified_gmt":"2024-02-08T15:29:27","slug":"normas-y-funcionamiento-del-centro","status":"publish","type":"page","link":"https:\/\/site.educa.madrid.org\/ies.calderondelabar.madrid\/index.php\/normas-y-funcionamiento-del-centro\/","title":{"rendered":"NORMAS DE ORGANIZACI\u00d3N Y FUNCIONAMIENTO DEL CENTRO"},"content":{"rendered":"<div id=\"pl-5840\"  class=\"panel-layout\" ><div id=\"pg-5840-0\"  class=\"panel-grid panel-no-style\" ><div id=\"pgc-5840-0-0\"  class=\"panel-grid-cell\" ><div id=\"panel-5840-0-0-0\" class=\"so-panel widget widget_sow-editor panel-first-child panel-last-child\" data-index=\"0\" ><div class=\"panel-widget-style panel-widget-style-for-5840-0-0-0\" ><div\n\t\t\t\n\t\t\tclass=\"so-widget-sow-editor so-widget-sow-editor-base\"\n\t\t\t\n\t\t>\n<div class=\"siteorigin-widget-tinymce textwidget\">\n\t<p>&nbsp;<\/p>\n<p>En este documento refleja el diagn\u00f3stico del estado de la convivencia. Objetivos generales y espec\u00edficos del plan de convivencia. Derechos y deberes. Normas de convivencia. Elaboraci\u00f3n de normas de aula. Actuaciones para corregir las faltas de disciplina. Medidas correctoras. Control de retrasos y absentismo de los alumnos. Coordinador de bienestar y protecci\u00f3n del alumnado. Comisi\u00f3n de convivencia. Mecanismos para la difusi\u00f3n, seguimiento y evaluaci\u00f3n del plan de convivencia.<\/p>\n<p>Se puede consultar el documento en el siguiente enlace:<\/p>\n<p style=\"text-align: center;\"><a href=\"https:\/\/site.educa.madrid.org\/ies.calderondelabar.madrid\/\/wp-content\/uploads\/ies.calderondelabar.madrid\/2024\/02\/NORMAS-DE-ORGANIZACION-Y-FUNCIONAMIENTO.pdf\" target=\"_blank\" rel=\"noopener\">NORMAS DE ORGANIZACI\u00d3N Y FUNCIONAMIENTO DEL CENTRO<\/a><\/p>\n<\/div>\n<\/div><\/div><\/div><\/div><\/div><\/div>","protected":false},"excerpt":{"rendered":"<p>&nbsp; En este documento refleja el diagn\u00f3stico del estado de la convivencia. Objetivos generales y espec\u00edficos del plan de convivencia. Derechos y deberes. Normas de convivencia. Elaboraci\u00f3n de normas de &#8230;<\/p>\n","protected":false},"author":7,"featured_media":0,"parent":0,"menu_order":0,"comment_status":"closed","ping_status":"closed","template":"","meta":{"footnotes":""},"folder":[136],"class_list":["post-5840","page","type-page","status-publish","hentry"],"rttpg_featured_image_url":null,"rttpg_author":{"display_name":"Gema","author_link":"https:\/\/site.educa.madrid.org\/ies.calderondelabar.madrid\/index.php\/author\/gema-mara_parras-serradilla\/"},"rttpg_comment":0,"rttpg_category":" <a href=\"https:\/\/site.educa.madrid.org\/ies.calderondelabar.madrid\/?taxonomy=folder&#038;term=informacion-a-familias\" rel=\"tag\">INFORMACI\u00d3N A FAMILIAS<\/a>","rttpg_excerpt":"&nbsp; En este documento refleja el diagn\u00f3stico del estado de la convivencia. Objetivos generales y espec\u00edficos del plan de convivencia. Derechos y deberes. Normas de convivencia. Elaboraci\u00f3n de normas de ...","post_mailing_queue_ids":[],"_links":{"self":[{"href":"https:\/\/site.educa.madrid.org\/ies.calderondelabar.madrid\/index.php\/wp-json\/wp\/v2\/pages\/5840","targetHints":{"allow":["GET"]}}],"collection":[{"href":"https:\/\/site.educa.madrid.org\/ies.calderondelabar.madrid\/index.php\/wp-json\/wp\/v2\/pages"}],"about":[{"href":"https:\/\/site.educa.madrid.org\/ies.calderondelabar.madrid\/index.php\/wp-json\/wp\/v2\/types\/page"}],"author":[{"embeddable":true,"href":"https:\/\/site.educa.madrid.org\/ies.calderondelabar.madrid\/index.php\/wp-json\/wp\/v2\/users\/7"}],"replies":[{"embeddable":true,"href":"https:\/\/site.educa.madrid.org\/ies.calderondelabar.madrid\/index.php\/wp-json\/wp\/v2\/comments?post=5840"}],"version-history":[{"count":2,"href":"https:\/\/site.educa.madrid.org\/ies.calderondelabar.madrid\/index.php\/wp-json\/wp\/v2\/pages\/5840\/revisions"}],"predecessor-version":[{"id":5843,"href":"https:\/\/site.educa.madrid.org\/ies.calderondelabar.madrid\/index.php\/wp-json\/wp\/v2\/pages\/5840\/revisions\/5843"}],"wp:attachment":[{"href":"https:\/\/site.educa.madrid.org\/ies.calderondelabar.madrid\/index.php\/wp-json\/wp\/v2\/media?parent=5840"}],"wp:term":[{"taxonomy":"folder","embeddable":true,"href":"https:\/\/site.educa.madrid.org\/ies.calderondelabar.madrid\/index.php\/wp-json\/wp\/v2\/folder?post=5840"}],"curies":[{"name":"wp","href":"https:\/\/api.w.org\/{rel}","templated":true}]}}