{"id":6106,"date":"2024-03-08T21:05:19","date_gmt":"2024-03-08T20:05:19","guid":{"rendered":"https:\/\/site.educa.madrid.org\/ies.calderondelabar.madrid\/?page_id=6106"},"modified":"2026-04-27T18:51:23","modified_gmt":"2026-04-27T16:51:23","slug":"pruebas-para-la-obtencion-del-titulo-de-bachiller-destinadas-a-personas-mayores-de-veinte-anos","status":"publish","type":"page","link":"https:\/\/site.educa.madrid.org\/ies.calderondelabar.madrid\/index.php\/pruebas-para-la-obtencion-del-titulo-de-bachiller-destinadas-a-personas-mayores-de-veinte-anos\/","title":{"rendered":"PRUEBAS PARA LA OBTENCI\u00d3N DEL T\u00cdTULO DE BACHILLER DESTINADAS A PERSONAS MAYORES DE VEINTE A\u00d1OS 2026"},"content":{"rendered":"<div id=\"pl-6106\"  class=\"panel-layout\" ><div id=\"pg-6106-0\"  class=\"panel-grid panel-no-style\" ><div id=\"pgc-6106-0-0\"  class=\"panel-grid-cell\" ><div id=\"panel-6106-0-0-0\" class=\"so-panel widget widget_sow-accordion panel-first-child panel-last-child\" data-index=\"0\" ><div\n\t\t\t\n\t\t\tclass=\"so-widget-sow-accordion so-widget-sow-accordion-default-4b62319e1200-6106\"\n\t\t\t data-max-open-panels=\"0\" data-initial-scroll-panel=\"0\"\n\t\t><div>\n\t<div class=\"sow-accordion\">\n\t\t\t<div class=\"sow-accordion-panel\"\n\t\t\t data-anchor=\"instrucciones\">\n\t\t\t\t<div class=\"sow-accordion-panel-header-container\" role=\"heading\" aria-level=\"2\">\n\t\t\t\t\t<div class=\"sow-accordion-panel-header\" tabindex=\"0\" role=\"button\" id=\"accordion-label-instrucciones\" aria-controls=\"accordion-content-instrucciones\" aria-expanded=\"false\">\n\t\t\t\t\t\t<div class=\"sow-accordion-title sow-accordion-title-icon-left\">\n\t\t\t\t\t\t\t\t\t\t\t\t\t\tINSTRUCCIONES\t\t\t\t\t\t\t\t\t\t\t\t\t<\/div>\n\t\t\t\t\t\t<div class=\"sow-accordion-open-close-button\">\n\t\t\t\t\t\t\t<div class=\"sow-accordion-open-button\">\n\t\t\t\t\t\t\t\t<span class=\"sow-icon-fontawesome sow-fas\" data-sow-icon=\"&#x2b;\"\n\t\t \n\t\taria-hidden=\"true\"><\/span>\t\t\t\t\t\t\t<\/div>\n\t\t\t\t\t\t\t<div class=\"sow-accordion-close-button\">\n\t\t\t\t\t\t\t\t<span class=\"sow-icon-fontawesome sow-fas\" data-sow-icon=\"&#xf068;\"\n\t\t \n\t\taria-hidden=\"true\"><\/span>\t\t\t\t\t\t\t<\/div>\n\t\t\t\t\t\t<\/div>\n\t\t\t\t\t<\/div>\n\t\t\t\t<\/div>\n\n\t\t\t<div\n\t\t\t\tclass=\"sow-accordion-panel-content\"\n\t\t\t\trole=\"region\"\n\t\t\t\taria-labelledby=\"accordion-label-instrucciones\"\n\t\t\t\tid=\"accordion-content-instrucciones\"\n\t\t\t\tstyle=\"display: none;\"\t\t\t>\n\t\t\t\t<div class=\"sow-accordion-panel-border\">\n\t\t\t\t\t<p>Consulta <a href=\"https:\/\/site.educa.madrid.org\/ies.calderondelabar.madrid\/\/wp-content\/uploads\/ies.calderondelabar.madrid\/2026\/03\/2026-02-05_instrucc_pruebas_bachiller20_57624750.pdf\" target=\"_blank\" rel=\"noopener\"><strong><span style=\"color: #0000ff;\">aqu\u00ed<\/span><\/strong><\/a> las instrucciones.<\/p>\n\t\t\t\t<\/div>\n\t\t\t<\/div>\n\t\t<\/div>\n\t\t\t<div class=\"sow-accordion-panel\"\n\t\t\t data-anchor=\"calendario-de-actuaciones\">\n\t\t\t\t<div class=\"sow-accordion-panel-header-container\" role=\"heading\" aria-level=\"2\">\n\t\t\t\t\t<div class=\"sow-accordion-panel-header\" tabindex=\"0\" role=\"button\" id=\"accordion-label-calendario-de-actuaciones\" aria-controls=\"accordion-content-calendario-de-actuaciones\" aria-expanded=\"false\">\n\t\t\t\t\t\t<div class=\"sow-accordion-title sow-accordion-title-icon-left\">\n\t\t\t\t\t\t\t\t\t\t\t\t\t\tCALENDARIO DE ACTUACIONES\t\t\t\t\t\t\t\t\t\t\t\t\t<\/div>\n\t\t\t\t\t\t<div class=\"sow-accordion-open-close-button\">\n\t\t\t\t\t\t\t<div class=\"sow-accordion-open-button\">\n\t\t\t\t\t\t\t\t<span class=\"sow-icon-fontawesome sow-fas\" data-sow-icon=\"&#x2b;\"\n\t\t \n\t\taria-hidden=\"true\"><\/span>\t\t\t\t\t\t\t<\/div>\n\t\t\t\t\t\t\t<div class=\"sow-accordion-close-button\">\n\t\t\t\t\t\t\t\t<span class=\"sow-icon-fontawesome sow-fas\" data-sow-icon=\"&#xf068;\"\n\t\t \n\t\taria-hidden=\"true\"><\/span>\t\t\t\t\t\t\t<\/div>\n\t\t\t\t\t\t<\/div>\n\t\t\t\t\t<\/div>\n\t\t\t\t<\/div>\n\n\t\t\t<div\n\t\t\t\tclass=\"sow-accordion-panel-content\"\n\t\t\t\trole=\"region\"\n\t\t\t\taria-labelledby=\"accordion-label-calendario-de-actuaciones\"\n\t\t\t\tid=\"accordion-content-calendario-de-actuaciones\"\n\t\t\t\tstyle=\"display: none;\"\t\t\t>\n\t\t\t\t<div class=\"sow-accordion-panel-border\">\n\t\t\t\t\t<p>&nbsp;<\/p>\n<table>\n<tbody>\n<tr>\n<td colspan=\"2\" width=\"566\">\n<p style=\"text-align: center;\"><strong>CALENDARIO<\/strong><\/p>\n<\/td>\n<\/tr>\n<tr>\n<td width=\"340\"><span style=\"color: #0000ff;\"><strong>INSCRIPCI\u00d3N<\/strong><\/span><\/td>\n<td width=\"226\"><strong>Entre el d\u00eda 12 de marzo y el 26 de marzo de 2026<\/strong><\/td>\n<\/tr>\n<tr>\n<td width=\"340\"><span style=\"color: #0000ff;\"><strong>COMUNICACI\u00d3N ADMISI\u00d3N, CONVALIDACIONES O EXENCIONES<\/strong><\/span>\n<p><strong>\u00a0<\/strong><\/p>\n<\/td>\n<td width=\"226\"><strong>Antes del 21 de abril de 2026<\/strong><\/td>\n<\/tr>\n<tr>\n<td width=\"340\"><span style=\"color: #0000ff;\"><strong>COMUNICACI\u00d3N RESULTADO DE RECLAMACIONES<\/strong><\/span>\n<p><strong>\u00a0<\/strong><\/p>\n<\/td>\n<td width=\"226\"><strong>Antes del 15 de mayo de 2026<\/strong><\/td>\n<\/tr>\n<tr>\n<td width=\"340\"><span style=\"color: #0000ff;\"><strong>CELEBRACI\u00d3N DE LAS PRUEBAS<\/strong><\/span><\/td>\n<td width=\"226\"><strong>Entre el 1 y el 12 de junio de 2026 en horario de tarde (fechas y horario pendiente de publicaci\u00f3n)<\/strong><\/td>\n<\/tr>\n<tr>\n<td width=\"340\"><span style=\"color: #0000ff;\"><strong>JUNTA DE EVALUACI\u00d3N<\/strong><\/span>\n<p><strong>\u00a0<\/strong><\/p>\n<\/td>\n<td width=\"226\"><strong>Pendiente de publicaci\u00f3n<\/strong><\/td>\n<\/tr>\n<tr>\n<td width=\"340\"><span style=\"color: #0000ff;\"><strong>COMUNICACI\u00d3N DE LAS NOTAS<\/strong><\/span>\n<p><strong>\u00a0<\/strong><\/p>\n<\/td>\n<td width=\"226\"><strong>Pendiente de publicaci\u00f3n<\/strong><\/td>\n<\/tr>\n<tr>\n<td width=\"340\"><span style=\"color: #0000ff;\"><strong>RECLAMACI\u00d3N DE NOTAS<\/strong><\/span><\/td>\n<td width=\"226\"><strong>Los dos d\u00edas lectivos siguientes a la comunicaci\u00f3n de las nota<\/strong><\/td>\n<\/tr>\n<\/tbody>\n<\/table>\n\t\t\t\t<\/div>\n\t\t\t<\/div>\n\t\t<\/div>\n\t\t\t<div class=\"sow-accordion-panel\"\n\t\t\t data-anchor=\"solicitud-e-inscripci%c3%b3n\">\n\t\t\t\t<div class=\"sow-accordion-panel-header-container\" role=\"heading\" aria-level=\"2\">\n\t\t\t\t\t<div class=\"sow-accordion-panel-header\" tabindex=\"0\" role=\"button\" id=\"accordion-label-solicitud-e-inscripci%c3%b3n\" aria-controls=\"accordion-content-solicitud-e-inscripci%c3%b3n\" aria-expanded=\"false\">\n\t\t\t\t\t\t<div class=\"sow-accordion-title sow-accordion-title-icon-left\">\n\t\t\t\t\t\t\t\t\t\t\t\t\t\tSOLICITUD E INSCRIPCI\u00d3N\t\t\t\t\t\t\t\t\t\t\t\t\t<\/div>\n\t\t\t\t\t\t<div class=\"sow-accordion-open-close-button\">\n\t\t\t\t\t\t\t<div class=\"sow-accordion-open-button\">\n\t\t\t\t\t\t\t\t<span class=\"sow-icon-fontawesome sow-fas\" data-sow-icon=\"&#x2b;\"\n\t\t \n\t\taria-hidden=\"true\"><\/span>\t\t\t\t\t\t\t<\/div>\n\t\t\t\t\t\t\t<div class=\"sow-accordion-close-button\">\n\t\t\t\t\t\t\t\t<span class=\"sow-icon-fontawesome sow-fas\" data-sow-icon=\"&#xf068;\"\n\t\t \n\t\taria-hidden=\"true\"><\/span>\t\t\t\t\t\t\t<\/div>\n\t\t\t\t\t\t<\/div>\n\t\t\t\t\t<\/div>\n\t\t\t\t<\/div>\n\n\t\t\t<div\n\t\t\t\tclass=\"sow-accordion-panel-content\"\n\t\t\t\trole=\"region\"\n\t\t\t\taria-labelledby=\"accordion-label-solicitud-e-inscripci%c3%b3n\"\n\t\t\t\tid=\"accordion-content-solicitud-e-inscripci%c3%b3n\"\n\t\t\t\tstyle=\"display: none;\"\t\t\t>\n\t\t\t\t<div class=\"sow-accordion-panel-border\">\n\t\t\t\t\t<p><strong>SOLICITUD<\/strong> Informaci\u00f3n pendiente de publicar.<\/p>\n<p><span style=\"color: #0000ff;\"><strong>Aqu\u00ed <\/strong><\/span>puedes descargar la solicitud.<\/p>\n<p><strong>INSCRIPCI\u00d3N<\/strong><\/p>\n<p>El plazo de inscripci\u00f3n de los participantes se realizar\u00e1 entre el d\u00eda<strong> 12 de marzo y el 26 de abril<\/strong>, ambos inclusive. La inscripci\u00f3n se podr\u00e1 hacer de forma <strong>telem\u00e1tica<\/strong> en el siguiente enlace:<\/p>\n<p><a href=\"https:\/\/sede.comunidad.madrid\/ofertas-formacion\/pruebas-bachillerato-2026\" target=\"_blank\" rel=\"noopener\">https:\/\/sede.comunidad.madrid\/ofertas-formacion\/pruebas-bachillerato-2026<\/a><\/p>\n<p>O de manera <strong>presencial<\/strong> en la secretar\u00eda del centro, donde se informar\u00e1 del proceso de inscripci\u00f3n, as\u00ed como en jefatura de estudios en horario de tarde.<\/p>\n<p>&nbsp;<\/p>\n\t\t\t\t<\/div>\n\t\t\t<\/div>\n\t\t<\/div>\n\t\t\t<div class=\"sow-accordion-panel\"\n\t\t\t data-anchor=\"centros-examinadores\">\n\t\t\t\t<div class=\"sow-accordion-panel-header-container\" role=\"heading\" aria-level=\"2\">\n\t\t\t\t\t<div class=\"sow-accordion-panel-header\" tabindex=\"0\" role=\"button\" id=\"accordion-label-centros-examinadores\" aria-controls=\"accordion-content-centros-examinadores\" aria-expanded=\"false\">\n\t\t\t\t\t\t<div class=\"sow-accordion-title sow-accordion-title-icon-left\">\n\t\t\t\t\t\t\t\t\t\t\t\t\t\tCENTROS EXAMINADORES\t\t\t\t\t\t\t\t\t\t\t\t\t<\/div>\n\t\t\t\t\t\t<div class=\"sow-accordion-open-close-button\">\n\t\t\t\t\t\t\t<div class=\"sow-accordion-open-button\">\n\t\t\t\t\t\t\t\t<span class=\"sow-icon-fontawesome sow-fas\" data-sow-icon=\"&#x2b;\"\n\t\t \n\t\taria-hidden=\"true\"><\/span>\t\t\t\t\t\t\t<\/div>\n\t\t\t\t\t\t\t<div class=\"sow-accordion-close-button\">\n\t\t\t\t\t\t\t\t<span class=\"sow-icon-fontawesome sow-fas\" data-sow-icon=\"&#xf068;\"\n\t\t \n\t\taria-hidden=\"true\"><\/span>\t\t\t\t\t\t\t<\/div>\n\t\t\t\t\t\t<\/div>\n\t\t\t\t\t<\/div>\n\t\t\t\t<\/div>\n\n\t\t\t<div\n\t\t\t\tclass=\"sow-accordion-panel-content\"\n\t\t\t\trole=\"region\"\n\t\t\t\taria-labelledby=\"accordion-label-centros-examinadores\"\n\t\t\t\tid=\"accordion-content-centros-examinadores\"\n\t\t\t\tstyle=\"display: none;\"\t\t\t>\n\t\t\t\t<div class=\"sow-accordion-panel-border\">\n\t\t\t\t\t<p>En el siguiente <a href=\"https:\/\/site.educa.madrid.org\/ies.calderondelabar.madrid\/\/wp-content\/uploads\/ies.calderondelabar.madrid\/2026\/03\/SEDES.pdf\" target=\"_blank\" rel=\"noopener\"><span style=\"color: #0000ff;\"><strong>enlace<\/strong><\/span> <\/a>puedes consultar el documento que muestra los centros examinadores.<\/p>\n\t\t\t\t<\/div>\n\t\t\t<\/div>\n\t\t<\/div>\n\t\t\t<div class=\"sow-accordion-panel\"\n\t\t\t data-anchor=\"materias-convocadas\">\n\t\t\t\t<div class=\"sow-accordion-panel-header-container\" role=\"heading\" aria-level=\"2\">\n\t\t\t\t\t<div class=\"sow-accordion-panel-header\" tabindex=\"0\" role=\"button\" id=\"accordion-label-materias-convocadas\" aria-controls=\"accordion-content-materias-convocadas\" aria-expanded=\"false\">\n\t\t\t\t\t\t<div class=\"sow-accordion-title sow-accordion-title-icon-left\">\n\t\t\t\t\t\t\t\t\t\t\t\t\t\tMATERIAS CONVOCADAS\t\t\t\t\t\t\t\t\t\t\t\t\t<\/div>\n\t\t\t\t\t\t<div class=\"sow-accordion-open-close-button\">\n\t\t\t\t\t\t\t<div class=\"sow-accordion-open-button\">\n\t\t\t\t\t\t\t\t<span class=\"sow-icon-fontawesome sow-fas\" data-sow-icon=\"&#x2b;\"\n\t\t \n\t\taria-hidden=\"true\"><\/span>\t\t\t\t\t\t\t<\/div>\n\t\t\t\t\t\t\t<div class=\"sow-accordion-close-button\">\n\t\t\t\t\t\t\t\t<span class=\"sow-icon-fontawesome sow-fas\" data-sow-icon=\"&#xf068;\"\n\t\t \n\t\taria-hidden=\"true\"><\/span>\t\t\t\t\t\t\t<\/div>\n\t\t\t\t\t\t<\/div>\n\t\t\t\t\t<\/div>\n\t\t\t\t<\/div>\n\n\t\t\t<div\n\t\t\t\tclass=\"sow-accordion-panel-content\"\n\t\t\t\trole=\"region\"\n\t\t\t\taria-labelledby=\"accordion-label-materias-convocadas\"\n\t\t\t\tid=\"accordion-content-materias-convocadas\"\n\t\t\t\tstyle=\"display: none;\"\t\t\t>\n\t\t\t\t<div class=\"sow-accordion-panel-border\">\n\t\t\t\t\t<p>En el siguiente <a href=\"https:\/\/site.educa.madrid.org\/ies.calderondelabar.madrid\/\/wp-content\/uploads\/ies.calderondelabar.madrid\/2026\/03\/MATERIAS-PRUEBAS-LIBRES-BACH-2026.pdf\" target=\"_blank\" rel=\"noopener\"><span style=\"color: #0000ff;\"><strong>enlace<\/strong><\/span> <\/a>puedes consultar las materias de bachillerato convocadas.<\/p>\n\t\t\t\t<\/div>\n\t\t\t<\/div>\n\t\t<\/div>\n\t\t\t<div class=\"sow-accordion-panel\"\n\t\t\t data-anchor=\"legislaci%c3%b3n\">\n\t\t\t\t<div class=\"sow-accordion-panel-header-container\" role=\"heading\" aria-level=\"2\">\n\t\t\t\t\t<div class=\"sow-accordion-panel-header\" tabindex=\"0\" role=\"button\" id=\"accordion-label-legislaci%c3%b3n\" aria-controls=\"accordion-content-legislaci%c3%b3n\" aria-expanded=\"false\">\n\t\t\t\t\t\t<div class=\"sow-accordion-title sow-accordion-title-icon-left\">\n\t\t\t\t\t\t\t\t\t\t\t\t\t\tLEGISLACI\u00d3N\t\t\t\t\t\t\t\t\t\t\t\t\t<\/div>\n\t\t\t\t\t\t<div class=\"sow-accordion-open-close-button\">\n\t\t\t\t\t\t\t<div class=\"sow-accordion-open-button\">\n\t\t\t\t\t\t\t\t<span class=\"sow-icon-fontawesome sow-fas\" data-sow-icon=\"&#x2b;\"\n\t\t \n\t\taria-hidden=\"true\"><\/span>\t\t\t\t\t\t\t<\/div>\n\t\t\t\t\t\t\t<div class=\"sow-accordion-close-button\">\n\t\t\t\t\t\t\t\t<span class=\"sow-icon-fontawesome sow-fas\" data-sow-icon=\"&#xf068;\"\n\t\t \n\t\taria-hidden=\"true\"><\/span>\t\t\t\t\t\t\t<\/div>\n\t\t\t\t\t\t<\/div>\n\t\t\t\t\t<\/div>\n\t\t\t\t<\/div>\n\n\t\t\t<div\n\t\t\t\tclass=\"sow-accordion-panel-content\"\n\t\t\t\trole=\"region\"\n\t\t\t\taria-labelledby=\"accordion-label-legislaci%c3%b3n\"\n\t\t\t\tid=\"accordion-content-legislaci%c3%b3n\"\n\t\t\t\tstyle=\"display: none;\"\t\t\t>\n\t\t\t\t<div class=\"sow-accordion-panel-border\">\n\t\t\t\t\t<p>Pincha en este <a href=\"https:\/\/site.educa.madrid.org\/ies.calderondelabar.madrid\/\/wp-content\/uploads\/ies.calderondelabar.madrid\/2026\/04\/BOCM-20260203-25.pdf\" target=\"_blank\" rel=\"noopener\"><span style=\"color: #0000ff;\"><strong>enlace<\/strong><\/span> <\/a>para consultar el BOCM de la convocatoria para el a\u00f1o 2026 de las pruebas libres bachillerato mayores 20 a\u00f1os. <strong>RESOLUCI\u00d3N de 3 de febrero de 2026, de la Direcci\u00f3n General de Educaci\u00f3n Secundaria, Formaci\u00f3n Profesional y R\u00e9gimen Especial, por la que se convocan para el a\u00f1o 2026 las pruebas para la obtenci\u00f3n del t\u00edtulo de Bachiller destinadas a personas mayores de veinte a\u00f1os en la Comunidad de Madrid<\/strong>.<\/p>\n<p>Pincha en el siguiente <a href=\"https:\/\/site.educa.madrid.org\/ies.calderondelabar.madrid\/\/wp-content\/uploads\/ies.calderondelabar.madrid\/2024\/03\/Decreto-64-2022-Curriculum-de-Bachillerato.pdf\" target=\"_blank\" rel=\"noopener\"><span style=\"color: #0000ff;\"><strong>enlace<\/strong><\/span><\/a> para conocer el curriculum incluido en el Decreto 64-2022.<\/p>\n\t\t\t\t<\/div>\n\t\t\t<\/div>\n\t\t<\/div>\n\t\t\t<div class=\"sow-accordion-panel\"\n\t\t\t data-anchor=\"calendario-de-ex%c3%a1menes\">\n\t\t\t\t<div class=\"sow-accordion-panel-header-container\" role=\"heading\" aria-level=\"2\">\n\t\t\t\t\t<div class=\"sow-accordion-panel-header\" tabindex=\"0\" role=\"button\" id=\"accordion-label-calendario-de-ex%c3%a1menes\" aria-controls=\"accordion-content-calendario-de-ex%c3%a1menes\" aria-expanded=\"false\">\n\t\t\t\t\t\t<div class=\"sow-accordion-title sow-accordion-title-icon-left\">\n\t\t\t\t\t\t\t\t\t\t\t\t\t\tCALENDARIO DE EX\u00c1MENES\t\t\t\t\t\t\t\t\t\t\t\t\t<\/div>\n\t\t\t\t\t\t<div class=\"sow-accordion-open-close-button\">\n\t\t\t\t\t\t\t<div class=\"sow-accordion-open-button\">\n\t\t\t\t\t\t\t\t<span class=\"sow-icon-fontawesome sow-fas\" data-sow-icon=\"&#x2b;\"\n\t\t \n\t\taria-hidden=\"true\"><\/span>\t\t\t\t\t\t\t<\/div>\n\t\t\t\t\t\t\t<div class=\"sow-accordion-close-button\">\n\t\t\t\t\t\t\t\t<span class=\"sow-icon-fontawesome sow-fas\" data-sow-icon=\"&#xf068;\"\n\t\t \n\t\taria-hidden=\"true\"><\/span>\t\t\t\t\t\t\t<\/div>\n\t\t\t\t\t\t<\/div>\n\t\t\t\t\t<\/div>\n\t\t\t\t<\/div>\n\n\t\t\t<div\n\t\t\t\tclass=\"sow-accordion-panel-content\"\n\t\t\t\trole=\"region\"\n\t\t\t\taria-labelledby=\"accordion-label-calendario-de-ex%c3%a1menes\"\n\t\t\t\tid=\"accordion-content-calendario-de-ex%c3%a1menes\"\n\t\t\t\tstyle=\"display: none;\"\t\t\t>\n\t\t\t\t<div class=\"sow-accordion-panel-border\">\n\t\t\t\t\t<p>En el siguiente <a href=\"https:\/\/site.educa.madrid.org\/ies.calderondelabar.madrid\/\/wp-content\/uploads\/ies.calderondelabar.madrid\/2026\/04\/CALENDARIO-PRUEBAS-LIBRES-BACHILLERATO-2026-NORMAS-EXAMENES.pdf\" target=\"_blank\" rel=\"noopener\"><strong><span style=\"color: #0000ff;\">enlace<\/span><\/strong> <\/a>se puede descargar el calendario de ex\u00e1menes. No olvides leer con atenci\u00f3n las normas para la realizaci\u00f3n de los ex\u00e1menes.<\/p>\n<p>&nbsp;<\/p>\n\t\t\t\t<\/div>\n\t\t\t<\/div>\n\t\t<\/div>\n\t\t<\/div>\n<\/div>\n<\/div><\/div><\/div><\/div><\/div>","protected":false},"excerpt":{"rendered":"<p>INSTRUCCIONES Consulta aqu\u00ed las instrucciones. CALENDARIO DE ACTUACIONES &nbsp; CALENDARIO INSCRIPCI\u00d3N Entre el d\u00eda 12 de marzo y el 26 de marzo de 2026 COMUNICACI\u00d3N ADMISI\u00d3N, CONVALIDACIONES O EXENCIONES \u00a0 &#8230;<\/p>\n","protected":false},"author":7,"featured_media":6280,"parent":0,"menu_order":0,"comment_status":"closed","ping_status":"closed","template":"","meta":{"footnotes":""},"folder":[103],"class_list":["post-6106","page","type-page","status-publish","has-post-thumbnail","hentry"],"rttpg_featured_image_url":{"full":["https:\/\/site.educa.madrid.org\/ies.calderondelabar.madrid\/\/wp-content\/uploads\/ies.calderondelabar.madrid\/2024\/04\/PRUEBAS-LIBRES.jpg",444,113,false],"landscape":["https:\/\/site.educa.madrid.org\/ies.calderondelabar.madrid\/\/wp-content\/uploads\/ies.calderondelabar.madrid\/2024\/04\/PRUEBAS-LIBRES.jpg",444,113,false],"portraits":["https:\/\/site.educa.madrid.org\/ies.calderondelabar.madrid\/\/wp-content\/uploads\/ies.calderondelabar.madrid\/2024\/04\/PRUEBAS-LIBRES.jpg",444,113,false],"thumbnail":["https:\/\/site.educa.madrid.org\/ies.calderondelabar.madrid\/\/wp-content\/uploads\/ies.calderondelabar.madrid\/2024\/04\/PRUEBAS-LIBRES-150x113.jpg",150,113,true],"medium":["https:\/\/site.educa.madrid.org\/ies.calderondelabar.madrid\/\/wp-content\/uploads\/ies.calderondelabar.madrid\/2024\/04\/PRUEBAS-LIBRES-300x76.jpg",300,76,true],"large":["https:\/\/site.educa.madrid.org\/ies.calderondelabar.madrid\/\/wp-content\/uploads\/ies.calderondelabar.madrid\/2024\/04\/PRUEBAS-LIBRES.jpg",444,113,false],"thumblist":["https:\/\/site.educa.madrid.org\/ies.calderondelabar.madrid\/\/wp-content\/uploads\/ies.calderondelabar.madrid\/2024\/04\/PRUEBAS-LIBRES-300x113.jpg",300,113,true],"thumbrelated":["https:\/\/site.educa.madrid.org\/ies.calderondelabar.madrid\/\/wp-content\/uploads\/ies.calderondelabar.madrid\/2024\/04\/PRUEBAS-LIBRES.jpg",444,113,false],"meccarouselthumb":["https:\/\/site.educa.madrid.org\/ies.calderondelabar.madrid\/\/wp-content\/uploads\/ies.calderondelabar.madrid\/2024\/04\/PRUEBAS-LIBRES.jpg",444,113,false],"gridsquare":["https:\/\/site.educa.madrid.org\/ies.calderondelabar.madrid\/\/wp-content\/uploads\/ies.calderondelabar.madrid\/2024\/04\/PRUEBAS-LIBRES-391x113.jpg",391,113,true],"tileview":["https:\/\/site.educa.madrid.org\/ies.calderondelabar.madrid\/\/wp-content\/uploads\/ies.calderondelabar.madrid\/2024\/04\/PRUEBAS-LIBRES-300x113.jpg",300,113,true],"1536x1536":["https:\/\/site.educa.madrid.org\/ies.calderondelabar.madrid\/\/wp-content\/uploads\/ies.calderondelabar.madrid\/2024\/04\/PRUEBAS-LIBRES.jpg",444,113,false],"2048x2048":["https:\/\/site.educa.madrid.org\/ies.calderondelabar.madrid\/\/wp-content\/uploads\/ies.calderondelabar.madrid\/2024\/04\/PRUEBAS-LIBRES.jpg",444,113,false],"onepress-blog-small":["https:\/\/site.educa.madrid.org\/ies.calderondelabar.madrid\/\/wp-content\/uploads\/ies.calderondelabar.madrid\/2024\/04\/PRUEBAS-LIBRES-300x113.jpg",300,113,true],"onepress-small":["https:\/\/site.educa.madrid.org\/ies.calderondelabar.madrid\/\/wp-content\/uploads\/ies.calderondelabar.madrid\/2024\/04\/PRUEBAS-LIBRES.jpg",444,113,false],"onepress-medium":["https:\/\/site.educa.madrid.org\/ies.calderondelabar.madrid\/\/wp-content\/uploads\/ies.calderondelabar.madrid\/2024\/04\/PRUEBAS-LIBRES.jpg",444,113,false],"sow-carousel-default":["https:\/\/site.educa.madrid.org\/ies.calderondelabar.madrid\/\/wp-content\/uploads\/ies.calderondelabar.madrid\/2024\/04\/PRUEBAS-LIBRES-272x113.jpg",272,113,true],"sow-post-carousel-overlay-theme":["https:\/\/site.educa.madrid.org\/ies.calderondelabar.madrid\/\/wp-content\/uploads\/ies.calderondelabar.madrid\/2024\/04\/PRUEBAS-LIBRES.jpg",360,92,false],"sow-post-carousel-cards-theme":["https:\/\/site.educa.madrid.org\/ies.calderondelabar.madrid\/\/wp-content\/uploads\/ies.calderondelabar.madrid\/2024\/04\/PRUEBAS-LIBRES.jpg",360,92,false],"rt_custom":["https:\/\/site.educa.madrid.org\/ies.calderondelabar.madrid\/\/wp-content\/uploads\/ies.calderondelabar.madrid\/2024\/04\/PRUEBAS-LIBRES.jpg",444,113,false]},"rttpg_author":{"display_name":"Gema","author_link":"https:\/\/site.educa.madrid.org\/ies.calderondelabar.madrid\/index.php\/author\/gema-mara_parras-serradilla\/"},"rttpg_comment":0,"rttpg_category":" <a href=\"https:\/\/site.educa.madrid.org\/ies.calderondelabar.madrid\/?taxonomy=folder&#038;term=secretaria\" rel=\"tag\">SECRETAR\u00cdA<\/a>","rttpg_excerpt":"INSTRUCCIONES Consulta aqu\u00ed las instrucciones. CALENDARIO DE ACTUACIONES &nbsp; CALENDARIO INSCRIPCI\u00d3N Entre el d\u00eda 12 de marzo y el 26 de marzo de 2026 COMUNICACI\u00d3N ADMISI\u00d3N, CONVALIDACIONES O EXENCIONES \u00a0 ...","post_mailing_queue_ids":[],"_links":{"self":[{"href":"https:\/\/site.educa.madrid.org\/ies.calderondelabar.madrid\/index.php\/wp-json\/wp\/v2\/pages\/6106","targetHints":{"allow":["GET"]}}],"collection":[{"href":"https:\/\/site.educa.madrid.org\/ies.calderondelabar.madrid\/index.php\/wp-json\/wp\/v2\/pages"}],"about":[{"href":"https:\/\/site.educa.madrid.org\/ies.calderondelabar.madrid\/index.php\/wp-json\/wp\/v2\/types\/page"}],"author":[{"embeddable":true,"href":"https:\/\/site.educa.madrid.org\/ies.calderondelabar.madrid\/index.php\/wp-json\/wp\/v2\/users\/7"}],"replies":[{"embeddable":true,"href":"https:\/\/site.educa.madrid.org\/ies.calderondelabar.madrid\/index.php\/wp-json\/wp\/v2\/comments?post=6106"}],"version-history":[{"count":27,"href":"https:\/\/site.educa.madrid.org\/ies.calderondelabar.madrid\/index.php\/wp-json\/wp\/v2\/pages\/6106\/revisions"}],"predecessor-version":[{"id":7707,"href":"https:\/\/site.educa.madrid.org\/ies.calderondelabar.madrid\/index.php\/wp-json\/wp\/v2\/pages\/6106\/revisions\/7707"}],"wp:featuredmedia":[{"embeddable":true,"href":"https:\/\/site.educa.madrid.org\/ies.calderondelabar.madrid\/index.php\/wp-json\/wp\/v2\/media\/6280"}],"wp:attachment":[{"href":"https:\/\/site.educa.madrid.org\/ies.calderondelabar.madrid\/index.php\/wp-json\/wp\/v2\/media?parent=6106"}],"wp:term":[{"taxonomy":"folder","embeddable":true,"href":"https:\/\/site.educa.madrid.org\/ies.calderondelabar.madrid\/index.php\/wp-json\/wp\/v2\/folder?post=6106"}],"curies":[{"name":"wp","href":"https:\/\/api.w.org\/{rel}","templated":true}]}}