{"id":6582,"date":"2024-10-28T19:44:34","date_gmt":"2024-10-28T18:44:34","guid":{"rendered":"https:\/\/site.educa.madrid.org\/ies.calderondelabar.madrid\/?page_id=6582"},"modified":"2025-02-10T20:55:36","modified_gmt":"2025-02-10T19:55:36","slug":"convalidaciones-2","status":"publish","type":"page","link":"https:\/\/site.educa.madrid.org\/ies.calderondelabar.madrid\/index.php\/convalidaciones-2\/","title":{"rendered":"CONVALIDACIONES"},"content":{"rendered":"<div id=\"pl-6582\"  class=\"panel-layout\" ><div id=\"pg-6582-0\"  class=\"panel-grid panel-has-style\" ><div class=\"panel-row-style panel-row-style-for-6582-0\" ><div id=\"pgc-6582-0-0\"  class=\"panel-grid-cell panel-grid-cell-empty\" ><\/div><div id=\"pgc-6582-0-1\"  class=\"panel-grid-cell panel-grid-cell-mobile-last\" ><div id=\"panel-6582-0-1-0\" class=\"so-panel widget widget_sow-image panel-first-child\" data-index=\"0\" ><div\n\t\t\t\n\t\t\tclass=\"so-widget-sow-image so-widget-sow-image-default-3a2476c0e107-6582\"\n\t\t\t\n\t\t>\n\n<div class=\"sow-image-container\">\n\t\t<img loading=\"lazy\" decoding=\"async\" src=\"https:\/\/site.educa.madrid.org\/ies.calderondelabar.madrid\/\/wp-content\/uploads\/ies.calderondelabar.madrid\/2024\/10\/Logo-con-Iniciales-de-Nombre-Sencillo-Tipografico-Circular-Blanco-y-Negro-1.png\" width=\"150\" height=\"150\" title=\"CONVALIDACIONES 24-25\" alt=\"\" \t\tclass=\"so-widget-image\"\/>\n\t<\/div>\n\n<\/div><\/div><div id=\"panel-6582-0-1-1\" class=\"so-panel widget widget_sow-headline panel-last-child\" data-index=\"1\" ><div\n\t\t\t\n\t\t\tclass=\"so-widget-sow-headline so-widget-sow-headline-default-f971c9f72cda-6582\"\n\t\t\t\n\t\t><div class=\"sow-headline-container \">\n\t\t\t\t\t\t\t<h3 class=\"sow-headline\">\n\t\t\t\t\t\tCONVALIDACIONES 24-25\t\t\t\t\t\t<\/h3>\n\t\t\t\t\t\t<\/div>\n<\/div><\/div><\/div><div id=\"pgc-6582-0-2\"  class=\"panel-grid-cell panel-grid-cell-empty\" ><\/div><\/div><\/div><div id=\"pg-6582-1\"  class=\"panel-grid panel-no-style\" ><div id=\"pgc-6582-1-0\"  class=\"panel-grid-cell\" ><div id=\"panel-6582-1-0-0\" class=\"so-panel widget widget_sow-button panel-first-child\" data-index=\"2\" ><div\n\t\t\t\n\t\t\tclass=\"so-widget-sow-button so-widget-sow-button-wire-d0082c0c7118-6582\"\n\t\t\t\n\t\t><div class=\"ow-button-base ow-button-align-center\">\n\t<a\n\thref=\"https:\/\/site.educa.madrid.org\/ies.calderondelabar.madrid\/\/wp-content\/uploads\/ies.calderondelabar.madrid\/2025\/02\/INSTRUCCIONES-CONVALIDACIONES.pdf\"\n\t\tclass=\"ow-icon-placement-left ow-button-hover\" target=\"_blank\" rel=\"noopener noreferrer\" \t>\n\t\t<span>\n\t\t\t<span class=\"sow-icon-fontawesome sow-fas\" data-sow-icon=\"&#xf05a;\"\n\t\tstyle=\"color: #1e73be\" \n\t\taria-hidden=\"true\"><\/span>\n\t\t\tINDICACIONES PARA SOLICITAR CONVALIDACIONES\t\t<\/span>\n\t<\/a>\n<\/div>\n<\/div><\/div><div id=\"panel-6582-1-0-1\" class=\"so-panel widget widget_sow-button\" data-index=\"3\" ><div\n\t\t\t\n\t\t\tclass=\"so-widget-sow-button so-widget-sow-button-wire-d0082c0c7118-6582\"\n\t\t\t\n\t\t><div class=\"ow-button-base ow-button-align-center\">\n\t<a\n\thref=\"https:\/\/site.educa.madrid.org\/ies.calderondelabar.madrid\/\/wp-content\/uploads\/ies.calderondelabar.madrid\/2024\/11\/GUIA-DE-CONVALIDACIONES.pdf\"\n\t\tclass=\"ow-icon-placement-left ow-button-hover\" download=\"\" \t>\n\t\t<span>\n\t\t\t<span class=\"sow-icon-fontawesome sow-fas\" data-sow-icon=\"&#xf05a;\"\n\t\tstyle=\"color: #1e73be\" \n\t\taria-hidden=\"true\"><\/span>\n\t\t\tGU\u00cdA DE CONVALIDACIONES DE M\u00d3DULOS PROFESIONALES DE FP 24-25\t\t<\/span>\n\t<\/a>\n<\/div>\n<\/div><\/div><div id=\"panel-6582-1-0-2\" class=\"so-panel widget widget_sow-button\" data-index=\"4\" ><div\n\t\t\t\n\t\t\tclass=\"so-widget-sow-button so-widget-sow-button-wire-d0082c0c7118-6582\"\n\t\t\t\n\t\t><div class=\"ow-button-base ow-button-align-center\">\n\t<a\n\thref=\"https:\/\/site.educa.madrid.org\/ies.calderondelabar.madrid\/\/wp-content\/uploads\/ies.calderondelabar.madrid\/2024\/10\/Guia-convalidaciones-2023-2024.pdf\"\n\t\tclass=\"ow-icon-placement-left ow-button-hover\" download=\"\" \t>\n\t\t<span>\n\t\t\t<span class=\"sow-icon-fontawesome sow-fas\" data-sow-icon=\"&#xf2bb;\"\n\t\tstyle=\"color: #1e73be\" \n\t\taria-hidden=\"true\"><\/span>\n\t\t\tGU\u00cdA DE CONVALIDACIONES DE M\u00d3DULOS PROFESIONALES DE FP 23-24\t\t<\/span>\n\t<\/a>\n<\/div>\n<\/div><\/div><div id=\"panel-6582-1-0-3\" class=\"so-panel widget widget_sow-button\" data-index=\"5\" ><div\n\t\t\t\n\t\t\tclass=\"so-widget-sow-button so-widget-sow-button-wire-d0082c0c7118-6582\"\n\t\t\t\n\t\t><div class=\"ow-button-base ow-button-align-center\">\n\t<a\n\thref=\"https:\/\/site.educa.madrid.org\/ies.calderondelabar.madrid\/\/wp-content\/uploads\/ies.calderondelabar.madrid\/2024\/06\/SOLICITUD-PARTICIPACION-ERASMUS.pdf\"\n\t\tclass=\"ow-icon-placement-left ow-button-hover\" download=\"\" \t>\n\t\t<span>\n\t\t\t<span class=\"sow-icon-fontawesome sow-fas\" data-sow-icon=\"&#xf15c;\"\n\t\tstyle=\"color: #1e73be\" \n\t\taria-hidden=\"true\"><\/span>\n\t\t\tREAL DECRETO 1085\/2020 CONVALIDACIONES M\u00d3DULOS PROFESIONALES\t\t<\/span>\n\t<\/a>\n<\/div>\n<\/div><\/div><div id=\"panel-6582-1-0-4\" class=\"so-panel widget widget_sow-button\" data-index=\"6\" ><div\n\t\t\t\n\t\t\tclass=\"so-widget-sow-button so-widget-sow-button-wire-d0082c0c7118-6582\"\n\t\t\t\n\t\t><div class=\"ow-button-base ow-button-align-center\">\n\t<a\n\thref=\"https:\/\/site.educa.madrid.org\/ies.calderondelabar.madrid\/\/wp-content\/uploads\/ies.calderondelabar.madrid\/2024\/10\/BOCM_20220708_11.pdf\"\n\t\tclass=\"ow-icon-placement-left ow-button-hover\" download=\"\" \t>\n\t\t<span>\n\t\t\t<span class=\"sow-icon-fontawesome sow-fas\" data-sow-icon=\"&#xf66a;\"\n\t\tstyle=\"color: #1e73be\" \n\t\taria-hidden=\"true\"><\/span>\n\t\t\tRESOLUCI\u00d3N  DE 28 DE JUNIO DE 2022 CONVALIDACI\u00d3N M\u00d3DULOS PROPIOS DE LA COMUNIDAD DE MADRID\t\t<\/span>\n\t<\/a>\n<\/div>\n<\/div><\/div><div id=\"panel-6582-1-0-5\" class=\"so-panel widget widget_sow-button\" data-index=\"7\" ><div\n\t\t\t\n\t\t\tclass=\"so-widget-sow-button so-widget-sow-button-wire-d0082c0c7118-6582\"\n\t\t\t\n\t\t><div class=\"ow-button-base ow-button-align-center\">\n\t<a\n\thref=\"https:\/\/site.educa.madrid.org\/ies.calderondelabar.madrid\/\/wp-content\/uploads\/ies.calderondelabar.madrid\/2024\/10\/conv.pdf\"\n\t\tclass=\"ow-icon-placement-left ow-button-hover\" download=\"\" \t>\n\t\t<span>\n\t\t\t<span class=\"sow-icon-fontawesome sow-fas\" data-sow-icon=\"&#xf15c;\"\n\t\tstyle=\"color: #1e73be\" \n\t\taria-hidden=\"true\"><\/span>\n\t\t\tSOLICITUD DE CONVALIDACI\u00d3N \t\t<\/span>\n\t<\/a>\n<\/div>\n<\/div><\/div><div id=\"panel-6582-1-0-6\" class=\"so-panel widget widget_sow-button panel-last-child\" data-index=\"8\" ><div\n\t\t\t\n\t\t\tclass=\"so-widget-sow-button so-widget-sow-button-wire-d0082c0c7118-6582\"\n\t\t\t\n\t\t><div class=\"ow-button-base ow-button-align-center\">\n\t<a\n\thref=\"https:\/\/site.educa.madrid.org\/ies.calderondelabar.madrid\/\/wp-content\/uploads\/ies.calderondelabar.madrid\/2025\/02\/CONFORMIDAD-CONVALIDACIONES.pdf\"\n\t\tclass=\"ow-icon-placement-left ow-button-hover\" download=\"\" \t>\n\t\t<span>\n\t\t\t<span class=\"sow-icon-fontawesome sow-fas\" data-sow-icon=\"&#xf15c;\"\n\t\tstyle=\"color: #1e73be\" \n\t\taria-hidden=\"true\"><\/span>\n\t\t\tIMPRESO DE CONFORMIDAD\/NO CONFORMIDAD CON LA RESOLUCI\u00d3N DE LA CONVALIDACI\u00d3N SOLICITADA\t\t<\/span>\n\t<\/a>\n<\/div>\n<\/div><\/div><\/div><\/div><\/div>","protected":false},"excerpt":{"rendered":"<p>CONVALIDACIONES 24-25 INDICACIONES PARA SOLICITAR CONVALIDACIONES GU\u00cdA DE CONVALIDACIONES DE M\u00d3DULOS PROFESIONALES DE FP 24-25 GU\u00cdA DE CONVALIDACIONES DE M\u00d3DULOS PROFESIONALES DE FP 23-24 REAL DECRETO 1085\/2020 CONVALIDACIONES M\u00d3DULOS PROFESIONALES &#8230;<\/p>\n","protected":false},"author":7,"featured_media":6592,"parent":0,"menu_order":0,"comment_status":"closed","ping_status":"closed","template":"","meta":{"footnotes":""},"folder":[92],"class_list":["post-6582","page","type-page","status-publish","has-post-thumbnail","hentry"],"rttpg_featured_image_url":{"full":["https:\/\/site.educa.madrid.org\/ies.calderondelabar.madrid\/\/wp-content\/uploads\/ies.calderondelabar.madrid\/2024\/10\/Logo-con-Iniciales-de-Nombre-Sencillo-Tipografico-Circular-Blanco-y-Negro-4.png",500,500,false],"landscape":["https:\/\/site.educa.madrid.org\/ies.calderondelabar.madrid\/\/wp-content\/uploads\/ies.calderondelabar.madrid\/2024\/10\/Logo-con-Iniciales-de-Nombre-Sencillo-Tipografico-Circular-Blanco-y-Negro-4.png",500,500,false],"portraits":["https:\/\/site.educa.madrid.org\/ies.calderondelabar.madrid\/\/wp-content\/uploads\/ies.calderondelabar.madrid\/2024\/10\/Logo-con-Iniciales-de-Nombre-Sencillo-Tipografico-Circular-Blanco-y-Negro-4.png",500,500,false],"thumbnail":["https:\/\/site.educa.madrid.org\/ies.calderondelabar.madrid\/\/wp-content\/uploads\/ies.calderondelabar.madrid\/2024\/10\/Logo-con-Iniciales-de-Nombre-Sencillo-Tipografico-Circular-Blanco-y-Negro-4-150x150.png",150,150,true],"medium":["https:\/\/site.educa.madrid.org\/ies.calderondelabar.madrid\/\/wp-content\/uploads\/ies.calderondelabar.madrid\/2024\/10\/Logo-con-Iniciales-de-Nombre-Sencillo-Tipografico-Circular-Blanco-y-Negro-4-300x300.png",300,300,true],"large":["https:\/\/site.educa.madrid.org\/ies.calderondelabar.madrid\/\/wp-content\/uploads\/ies.calderondelabar.madrid\/2024\/10\/Logo-con-Iniciales-de-Nombre-Sencillo-Tipografico-Circular-Blanco-y-Negro-4.png",500,500,false],"thumblist":["https:\/\/site.educa.madrid.org\/ies.calderondelabar.madrid\/\/wp-content\/uploads\/ies.calderondelabar.madrid\/2024\/10\/Logo-con-Iniciales-de-Nombre-Sencillo-Tipografico-Circular-Blanco-y-Negro-4-300x300.png",300,300,true],"thumbrelated":["https:\/\/site.educa.madrid.org\/ies.calderondelabar.madrid\/\/wp-content\/uploads\/ies.calderondelabar.madrid\/2024\/10\/Logo-con-Iniciales-de-Nombre-Sencillo-Tipografico-Circular-Blanco-y-Negro-4.png",500,500,false],"meccarouselthumb":["https:\/\/site.educa.madrid.org\/ies.calderondelabar.madrid\/\/wp-content\/uploads\/ies.calderondelabar.madrid\/2024\/10\/Logo-con-Iniciales-de-Nombre-Sencillo-Tipografico-Circular-Blanco-y-Negro-4-474x324.png",474,324,true],"gridsquare":["https:\/\/site.educa.madrid.org\/ies.calderondelabar.madrid\/\/wp-content\/uploads\/ies.calderondelabar.madrid\/2024\/10\/Logo-con-Iniciales-de-Nombre-Sencillo-Tipografico-Circular-Blanco-y-Negro-4-391x260.png",391,260,true],"tileview":["https:\/\/site.educa.madrid.org\/ies.calderondelabar.madrid\/\/wp-content\/uploads\/ies.calderondelabar.madrid\/2024\/10\/Logo-con-Iniciales-de-Nombre-Sencillo-Tipografico-Circular-Blanco-y-Negro-4-300x400.png",300,400,true],"1536x1536":["https:\/\/site.educa.madrid.org\/ies.calderondelabar.madrid\/\/wp-content\/uploads\/ies.calderondelabar.madrid\/2024\/10\/Logo-con-Iniciales-de-Nombre-Sencillo-Tipografico-Circular-Blanco-y-Negro-4.png",500,500,false],"2048x2048":["https:\/\/site.educa.madrid.org\/ies.calderondelabar.madrid\/\/wp-content\/uploads\/ies.calderondelabar.madrid\/2024\/10\/Logo-con-Iniciales-de-Nombre-Sencillo-Tipografico-Circular-Blanco-y-Negro-4.png",500,500,false],"onepress-blog-small":["https:\/\/site.educa.madrid.org\/ies.calderondelabar.madrid\/\/wp-content\/uploads\/ies.calderondelabar.madrid\/2024\/10\/Logo-con-Iniciales-de-Nombre-Sencillo-Tipografico-Circular-Blanco-y-Negro-4-300x150.png",300,150,true],"onepress-small":["https:\/\/site.educa.madrid.org\/ies.calderondelabar.madrid\/\/wp-content\/uploads\/ies.calderondelabar.madrid\/2024\/10\/Logo-con-Iniciales-de-Nombre-Sencillo-Tipografico-Circular-Blanco-y-Negro-4-480x300.png",480,300,true],"onepress-medium":["https:\/\/site.educa.madrid.org\/ies.calderondelabar.madrid\/\/wp-content\/uploads\/ies.calderondelabar.madrid\/2024\/10\/Logo-con-Iniciales-de-Nombre-Sencillo-Tipografico-Circular-Blanco-y-Negro-4-500x400.png",500,400,true],"sow-carousel-default":["https:\/\/site.educa.madrid.org\/ies.calderondelabar.madrid\/\/wp-content\/uploads\/ies.calderondelabar.madrid\/2024\/10\/Logo-con-Iniciales-de-Nombre-Sencillo-Tipografico-Circular-Blanco-y-Negro-4-272x182.png",272,182,true],"sow-post-carousel-overlay-theme":["https:\/\/site.educa.madrid.org\/ies.calderondelabar.madrid\/\/wp-content\/uploads\/ies.calderondelabar.madrid\/2024\/10\/Logo-con-Iniciales-de-Nombre-Sencillo-Tipografico-Circular-Blanco-y-Negro-4.png",360,360,false],"sow-post-carousel-cards-theme":["https:\/\/site.educa.madrid.org\/ies.calderondelabar.madrid\/\/wp-content\/uploads\/ies.calderondelabar.madrid\/2024\/10\/Logo-con-Iniciales-de-Nombre-Sencillo-Tipografico-Circular-Blanco-y-Negro-4.png",240,240,false],"rt_custom":["https:\/\/site.educa.madrid.org\/ies.calderondelabar.madrid\/\/wp-content\/uploads\/ies.calderondelabar.madrid\/2024\/10\/Logo-con-Iniciales-de-Nombre-Sencillo-Tipografico-Circular-Blanco-y-Negro-4.png",500,500,false]},"rttpg_author":{"display_name":"Gema","author_link":"https:\/\/site.educa.madrid.org\/ies.calderondelabar.madrid\/index.php\/author\/gema-mara_parras-serradilla\/"},"rttpg_comment":0,"rttpg_category":" <a href=\"https:\/\/site.educa.madrid.org\/ies.calderondelabar.madrid\/?taxonomy=folder&#038;term=fp\" rel=\"tag\">FP<\/a>","rttpg_excerpt":"CONVALIDACIONES 24-25 INDICACIONES PARA SOLICITAR CONVALIDACIONES GU\u00cdA DE CONVALIDACIONES DE M\u00d3DULOS PROFESIONALES DE FP 24-25 GU\u00cdA DE CONVALIDACIONES DE M\u00d3DULOS PROFESIONALES DE FP 23-24 REAL DECRETO 1085\/2020 CONVALIDACIONES M\u00d3DULOS PROFESIONALES ...","post_mailing_queue_ids":[],"_links":{"self":[{"href":"https:\/\/site.educa.madrid.org\/ies.calderondelabar.madrid\/index.php\/wp-json\/wp\/v2\/pages\/6582","targetHints":{"allow":["GET"]}}],"collection":[{"href":"https:\/\/site.educa.madrid.org\/ies.calderondelabar.madrid\/index.php\/wp-json\/wp\/v2\/pages"}],"about":[{"href":"https:\/\/site.educa.madrid.org\/ies.calderondelabar.madrid\/index.php\/wp-json\/wp\/v2\/types\/page"}],"author":[{"embeddable":true,"href":"https:\/\/site.educa.madrid.org\/ies.calderondelabar.madrid\/index.php\/wp-json\/wp\/v2\/users\/7"}],"replies":[{"embeddable":true,"href":"https:\/\/site.educa.madrid.org\/ies.calderondelabar.madrid\/index.php\/wp-json\/wp\/v2\/comments?post=6582"}],"version-history":[{"count":7,"href":"https:\/\/site.educa.madrid.org\/ies.calderondelabar.madrid\/index.php\/wp-json\/wp\/v2\/pages\/6582\/revisions"}],"predecessor-version":[{"id":6840,"href":"https:\/\/site.educa.madrid.org\/ies.calderondelabar.madrid\/index.php\/wp-json\/wp\/v2\/pages\/6582\/revisions\/6840"}],"wp:featuredmedia":[{"embeddable":true,"href":"https:\/\/site.educa.madrid.org\/ies.calderondelabar.madrid\/index.php\/wp-json\/wp\/v2\/media\/6592"}],"wp:attachment":[{"href":"https:\/\/site.educa.madrid.org\/ies.calderondelabar.madrid\/index.php\/wp-json\/wp\/v2\/media?parent=6582"}],"wp:term":[{"taxonomy":"folder","embeddable":true,"href":"https:\/\/site.educa.madrid.org\/ies.calderondelabar.madrid\/index.php\/wp-json\/wp\/v2\/folder?post=6582"}],"curies":[{"name":"wp","href":"https:\/\/api.w.org\/{rel}","templated":true}]}}